{"id":5616,"date":"2025-02-13T17:38:36","date_gmt":"2025-02-13T17:38:36","guid":{"rendered":"https:\/\/staging.wmdcompany.eu\/?page_id=5616"},"modified":"2025-07-29T19:16:39","modified_gmt":"2025-07-29T19:16:39","slug":"miten-ostaa","status":"publish","type":"page","link":"https:\/\/westonclimate.com\/fi\/kuidas-osta\/","title":{"rendered":"Miten ostaa"},"content":{"rendered":"<div data-elementor-type=\"wp-page\" data-elementor-id=\"5616\" class=\"elementor elementor-5616\" data-elementor-post-type=\"page\">\n\t\t\t\t<div class=\"elementor-element elementor-element-63f31ea7 e-flex e-con-boxed wpr-particle-no wpr-jarallax-no wpr-parallax-no wpr-sticky-section-no wpr-equal-height-no e-con e-parent\" data-id=\"63f31ea7\" data-element_type=\"container\" data-e-type=\"container\">\n\t\t\t\t\t<div class=\"e-con-inner\">\n\t\t\t\t<div class=\"elementor-element elementor-element-5c5a7cea elementor-widget__width-initial elementor-widget elementor-widget-text-editor\" data-id=\"5c5a7cea\" data-element_type=\"widget\" data-e-type=\"widget\" data-widget_type=\"text-editor.default\">\n\t\t\t\t<div class=\"elementor-widget-container\">\n\t\t\t\t\t\t\t\t\t<h1>Miten ostaa<\/h1><p style=\"text-align: left;\">Valitse tuote ja paina \"<b>Lis\u00e4\u00e4 ostoskoriin<\/b>\" Jos tuotteessa on lis\u00e4vaihtoehtoja, my\u00f6s ne on ilmoitettava. T\u00e4m\u00e4n j\u00e4lkeen voit jatkaa ostoksia tai siirty\u00e4 ostoskoriin klikkaamalla tuotteen yl\u00e4puolella olevaa sinist\u00e4 palkkia.\" \"<strong>N\u00e4yt\u00e4 ostoskori\"<\/strong>. Lis\u00e4ksi voit aina tarkastella ostoskorisi sis\u00e4lt\u00f6\u00e4 napsauttamalla p\u00e4\u00e4valikossa olevaa ostoskori-kuvaketta.<\/p><p style=\"text-align: left;\">Ostoskorissa voit s\u00e4\u00e4t\u00e4\u00e4 ostettujen tavaroiden m\u00e4\u00e4ri\u00e4 ja valittuja tuotteita. Kun teet muutoksia, mukaan lukien tarjouskoodin sy\u00f6tt\u00e4minen, sinun on napsautettava \"<strong>P\u00e4ivit\u00e4 ostoskori\"<\/strong>jotta muutokset tulevat voimaan. Kun olet tyytyv\u00e4inen ostoskorisi sis\u00e4lt\u00f6\u00f6n, klikkaa \"<strong>Mene maksamaan<\/strong>\u201c.<\/p><p style=\"text-align: left;\">Tilausta varten sinun on t\u00e4ytett\u00e4v\u00e4 yhteydenottolomake ja valittava maksutapa. Vahvistaaksesi maksun, varmista, ett\u00e4 napsautat \" Maksun vahvistus \" -painiketta, kun maksu on suoritettu.<b>Takaisin kauppiaalle<\/b>\"Onnistuneen maksun j\u00e4lkeen verkkokauppa l\u00e4hett\u00e4\u00e4 asiakkaalle s\u00e4hk\u00f6postitse vahvistuksen ostoksesta.<\/p><p style=\"text-align: left;\">Tilausta tehdess\u00e4\u00e4n asiakas sitoutuu antamaan oikeat tiedot, jotka ovat tarpeen tilauksen t\u00e4ytt\u00e4miseksi. Myyj\u00e4 ei ole vastuussa siit\u00e4, ett\u00e4 tilausta ei voida t\u00e4ytt\u00e4\u00e4 asiakkaan antamien virheellisten tietojen vuoksi, eik\u00e4 siit\u00e4 aiheutuvista seurauksista.<\/p><p style=\"text-align: left;\">Myyj\u00e4ll\u00e4 on oikeus peruuttaa tilaus, jos on ep\u00e4ilyksi\u00e4 Myyj\u00e4lle annettujen tietojen paikkansapit\u00e4vyydest\u00e4 ja jos hyvi\u00e4 k\u00e4yt\u00e4nt\u00f6j\u00e4 ei noudateta.<\/p>\t\t\t\t\t\t\t\t<\/div>\n\t\t\t\t<\/div>\n\t\t\t\t\t<\/div>\n\t\t\t\t<\/div>\n\t\t<div class=\"elementor-element elementor-element-22890e6 e-flex e-con-boxed wpr-particle-no wpr-jarallax-no wpr-parallax-no wpr-sticky-section-no wpr-equal-height-no e-con e-parent\" data-id=\"22890e6\" data-element_type=\"container\" data-e-type=\"container\">\n\t\t\t\t\t<div class=\"e-con-inner\">\n\t\t\t\t<div class=\"elementor-element elementor-element-830158e elementor-widget elementor-widget-spacer\" data-id=\"830158e\" data-element_type=\"widget\" data-e-type=\"widget\" data-widget_type=\"spacer.default\">\n\t\t\t\t<div class=\"elementor-widget-container\">\n\t\t\t\t\t\t\t<div class=\"elementor-spacer\">\n\t\t\t<div class=\"elementor-spacer-inner\"><\/div>\n\t\t<\/div>\n\t\t\t\t\t\t<\/div>\n\t\t\t\t<\/div>\n\t\t\t\t\t<\/div>\n\t\t\t\t<\/div>\n\t\t\t\t<\/div>","protected":false},"excerpt":{"rendered":"<p>Kuidas osta Valige v\u00e4lja toode ning vajutage nuppu &#8220;Lisa korvi&#8221; Kui toote juures on lisavaliku v\u00f5imalused, tuleb ka need m\u00e4\u00e4rata. Seej\u00e4rel saate ostlemist j\u00e4tkata v\u00f5i suunuda ostukorvi klikkides toote kohale ilmunud sinisel ribal oleval nupul &#8220;Vaata ostukorvi&#8221;. Lisaks saab ostukorvi sisu vaadata ka alati lehe peamen\u00fc\u00fcs oleval ostukorvi ikoonil kl\u00f5psates. Ostukorvis saate korrigeerida ostetud kaupade koguseid ning valitud tooteid. Muudatusi tehes, s.h ka sooduskoodi sisestades tuleb vajutada nupul &#8220;Uuenda ostukorvi&#8221;, et muutused j\u00f5ustuks. Kui olete ostukorvi sisuga rahul, vajutage nupul &#8220;Mine maksma&#8220;. Tellimuse vormistamiseks tuleb t\u00e4ita kontaktivorm ning valida makseviis. Makse kinnitamiseks tuleb p\u00e4rast makse sooritamist kindlasti vajutada nupul &#8220;Tagasi kaupmehe juurde&#8221; P\u00e4rast edukat makse sooritamist saadab e-pood kliendi e-mailile ostu kinnituse. Klient kohustub tellimuse vormistamisel esitama tellimuse t\u00e4itmiseks vajalikud, t\u00f5esed andmed. M\u00fc\u00fcja ei vastuta tellimuse t\u00e4itmisel kliendi poolt esitatud ebakorrektsetest andmetest tingitud t\u00e4itmise v\u00f5imatuse v\u00f5i mistahes sellest tulenevate tagaj\u00e4rgede eest. M\u00fc\u00fcjal on \u00f5igus loobuda tellimuse t\u00e4itmisest kui tekib kahtlus M\u00fc\u00fcjale esitatud andmete \u00f5igsuses ja headele tavadele mittevastava k\u00e4itumise puhul.<\/p>","protected":false},"author":8,"featured_media":0,"parent":0,"menu_order":0,"comment_status":"closed","ping_status":"closed","template":"","meta":{"footnotes":""},"class_list":["post-5616","page","type-page","status-publish","hentry"],"_links":{"self":[{"href":"https:\/\/westonclimate.com\/fi\/wp-json\/wp\/v2\/pages\/5616","targetHints":{"allow":["GET"]}}],"collection":[{"href":"https:\/\/westonclimate.com\/fi\/wp-json\/wp\/v2\/pages"}],"about":[{"href":"https:\/\/westonclimate.com\/fi\/wp-json\/wp\/v2\/types\/page"}],"author":[{"embeddable":true,"href":"https:\/\/westonclimate.com\/fi\/wp-json\/wp\/v2\/users\/8"}],"replies":[{"embeddable":true,"href":"https:\/\/westonclimate.com\/fi\/wp-json\/wp\/v2\/comments?post=5616"}],"version-history":[{"count":41,"href":"https:\/\/westonclimate.com\/fi\/wp-json\/wp\/v2\/pages\/5616\/revisions"}],"predecessor-version":[{"id":8136,"href":"https:\/\/westonclimate.com\/fi\/wp-json\/wp\/v2\/pages\/5616\/revisions\/8136"}],"wp:attachment":[{"href":"https:\/\/westonclimate.com\/fi\/wp-json\/wp\/v2\/media?parent=5616"}],"curies":[{"name":"wp","href":"https:\/\/api.w.org\/{rel}","templated":true}]}}