{"id":10351,"date":"2025-11-11T19:00:37","date_gmt":"2025-11-11T19:00:37","guid":{"rendered":"https:\/\/westonclimate.com\/?post_type=product&#038;p=10351"},"modified":"2026-02-25T12:30:19","modified_gmt":"2026-02-25T12:30:19","slug":"hudroboks","status":"publish","type":"product","link":"https:\/\/westonclimate.com\/fi\/tooted\/hudroboks\/","title":{"rendered":"Weston Climate sis\u00e4ilman hydrobox"},"content":{"rendered":"<ul>\n<li>Virtal\u00e4hde: 220-240 V tai 380-400 V<\/li>\n<li>Katkaisija (A): 25-63<\/li>\n<li>S\u00e4hk\u00f6l\u00e4mmitin: 3 kW<\/li>\n<li>Paisuntas\u00e4ili\u00f6: 5 L<\/li>\n<li>AC-kontaktori: 18 A<\/li>\n<li>Kolmitieventtiili: DN25<\/li>\n<\/ul>","protected":false},"excerpt":{"rendered":"<p>Hydrobox on l\u00e4mp\u00f6pumpun sis\u00e4inen moduuli, joka yhdist\u00e4\u00e4 ulkoyksik\u00f6n rakennuksen l\u00e4mmitysj\u00e4rjestelm\u00e4\u00e4n ja ohjaa talon kokonaisl\u00e4mp\u00f6virtaa. Kompakti ja tehokas yksikk\u00f6 sis\u00e4lt\u00e4\u00e4 kaikki p\u00e4\u00e4komponentit - s\u00e4hk\u00f6l\u00e4mmittimen, kiertovesipumpun, paisuntas\u00e4ili\u00f6n, vy\u00f6hykeventtiilin ja p\u00e4\u00e4kytkimen - varmistaen l\u00e4mmitysj\u00e4rjestelm\u00e4n luotettavuuden ja korkean energiatehokkuuden.<\/p>\n<p>Edut:<\/p>\n<ul>\n<li>Kompakti ja tilaa s\u00e4\u00e4st\u00e4v\u00e4 ratkaisu<\/li>\n<li>Nopea ja helppo asennus<\/li>\n<li>Soveltuu lattial\u00e4mmitykseen, pattereihin ja k\u00e4ytt\u00f6vesij\u00e4rjestelmiin.<\/li>\n<li>Varmistaa vakaan l\u00e4mp\u00f6tilan ja paineen<\/li>\n<li>\u00c4lyk\u00e4s automaattinen ohjaus k\u00e4tev\u00e4\u00e4 k\u00e4ytt\u00f6\u00e4 varten<\/li>\n<li>Energiaa ja kustannuksia s\u00e4\u00e4st\u00e4v\u00e4 toiminta l\u00e4mp\u00f6pumpun tehokkuuden ansiosta<\/li>\n<\/ul>\n<p>Ihanteellinen valinta niille, jotka etsiv\u00e4t modernia, hiljaista ja luotettavaa l\u00e4mmitysratkaisua kotiinsa.<\/p>","protected":false},"featured_media":10361,"template":"","meta":[],"product_brand":[],"product_cat":[211,212],"product_tag":[],"class_list":{"0":"post-10351","1":"product","2":"type-product","3":"status-publish","4":"has-post-thumbnail","6":"product_cat-lisaseadmed","7":"product_cat-kute-ja-jahutus","9":"first","10":"instock","11":"taxable","12":"shipping-taxable","13":"purchasable","14":"product-type-variable","15":"has-default-attributes"},"_links":{"self":[{"href":"https:\/\/westonclimate.com\/fi\/wp-json\/wp\/v2\/product\/10351","targetHints":{"allow":["GET"]}}],"collection":[{"href":"https:\/\/westonclimate.com\/fi\/wp-json\/wp\/v2\/product"}],"about":[{"href":"https:\/\/westonclimate.com\/fi\/wp-json\/wp\/v2\/types\/product"}],"version-history":[{"count":7,"href":"https:\/\/westonclimate.com\/fi\/wp-json\/wp\/v2\/product\/10351\/revisions"}],"predecessor-version":[{"id":11364,"href":"https:\/\/westonclimate.com\/fi\/wp-json\/wp\/v2\/product\/10351\/revisions\/11364"}],"wp:featuredmedia":[{"embeddable":true,"href":"https:\/\/westonclimate.com\/fi\/wp-json\/wp\/v2\/media\/10361"}],"wp:attachment":[{"href":"https:\/\/westonclimate.com\/fi\/wp-json\/wp\/v2\/media?parent=10351"}],"wp:term":[{"taxonomy":"product_brand","embeddable":true,"href":"https:\/\/westonclimate.com\/fi\/wp-json\/wp\/v2\/product_brand?post=10351"},{"taxonomy":"product_cat","embeddable":true,"href":"https:\/\/westonclimate.com\/fi\/wp-json\/wp\/v2\/product_cat?post=10351"},{"taxonomy":"product_tag","embeddable":true,"href":"https:\/\/westonclimate.com\/fi\/wp-json\/wp\/v2\/product_tag?post=10351"}],"curies":[{"name":"wp","href":"https:\/\/api.w.org\/{rel}","templated":true}]}}