{"id":3610,"date":"2024-06-20T14:48:20","date_gmt":"2024-06-20T14:48:20","guid":{"rendered":"https:\/\/wmdcompany.eu\/?post_type=product&#038;p=3610"},"modified":"2025-12-23T15:05:22","modified_gmt":"2025-12-23T15:05:22","slug":"weston-climate-soojustagastusega-ventilatsiooniseade-vch-cvh-250-500m3-h","status":"publish","type":"product","link":"https:\/\/westonclimate.com\/fi\/tooted\/weston-climate-lammon-talteenotto-ilmanvaihtokone-vch-cvh-250-500m3-h\/","title":{"rendered":"Weston Climate ilmanvaihtokone l\u00e4mm\u00f6n talteenotolla VCH-CVH 250-500m3\/h"},"content":{"rendered":"<p><strong>Ominaisuudet:<\/strong><\/p>\n<ul>\n<li>Energiatehokkuus jopa 95%.<\/li>\n<li>V\u00e4h\u00e4n energiaa kuluttavat EC-tuulettimet, joissa on jatkuva ilmavirtaus, 4 nopeutta.<\/li>\n<li>Maksimaalinen tehokkuus kaikissa olosuhteissa jatkuvan virtauksen s\u00e4\u00e4d\u00f6n ansiosta.<\/li>\n<li>Tuloilman puhdistus p\u00e4\u00e4suodattimella (G4) ja keskisuodattimella (F7) on valinnainen.<\/li>\n<li>Vakio 100% ohitus.<\/li>\n<li>Ecodesign A tai A+ -merkki.<\/li>\n<li>Sis\u00e4ilman kosteuden tasapainottamiseksi talvikaudella on saatavilla entalpiavaihdin.<\/li>\n<li>Alhaisin toimintamelu on 31 dB(A).<\/li>\n<li>Kaksi asennusvaihtoehtoa.<\/li>\n<li>\u00c4lypuhelimen ohjaus: Android\/IOS.<\/li>\n<li>Ryhmien hallinta.<\/li>\n<\/ul>\n<p>&nbsp;<\/p>\n<p><strong>Runko:<\/strong><\/p>\n<ul>\n<li>Sis\u00e4rakenne on valmistettu EPP-materiaalista, joka on kevyt, l\u00e4mp\u00f6\u00e4 s\u00e4\u00e4st\u00e4v\u00e4, hiljainen, ymp\u00e4rist\u00f6yst\u00e4v\u00e4llinen, hajuton jne. Sill\u00e4 on hyv\u00e4t ilmatiiviys- ja l\u00e4mm\u00f6neristysominaisuudet.<\/li>\n<\/ul>\n<p>&nbsp;<\/p>\n<p><strong>Ilman suodatus:<\/strong><\/p>\n<ul>\n<li>L\u00e4mm\u00f6ntalteenotolla varustetussa Airwood\/Holtop-raitisilmalaitteessa on kaksi suodatinta. N\u00e4m\u00e4 suodattimet poistavat p\u00f6lyn ilmasta 95%. Lis\u00e4varusteena on saatavana tehokas hienop\u00f6lysuodatin (F7), joka on ihanteellinen runsaasti p\u00f6ly\u00e4 sis\u00e4lt\u00e4ville alueille, kuten maanteille ja lentokentille. Ilmassa olevalle p\u00f6lylle tai hienojakoiselle p\u00f6lylle allergiset ihmiset hy\u00f6tyv\u00e4t suuresti n\u00e4ist\u00e4 suodattimista.<\/li>\n<li>Ohituslaitteessa on erillinen p\u00e4\u00e4suodatin, joka varmistaa puhtaan tuloilman.<\/li>\n<\/ul>\n<div>\n<p>&nbsp;<\/p>\n<p class=\"Heading51\"><strong><span lang=\"ET\">Jatkuva ilmavirta EC-suodattimet:<\/span><\/strong><\/p>\n<ul>\n<li>Ainulaadsete pideva \u00f5huvoolu ventilaatorite kasutamine tagab eelseadistatud \u00f5huvoolukiirused ning tasakaalu toite- ja heit\u00f5hu vahel. Tasakaalustatud ventilatsioon tagab alati suure t\u00f5hususe &#8211; olenemata kanalis\u00fcsteemi takistusest v\u00f5i m\u00e4\u00e4rdunud filtritest. Samuti s\u00e4\u00e4stab see aega s\u00fcsteemi kasutuselev\u00f5tul.<\/li>\n<\/ul>\n<p>&nbsp;<\/p>\n<p class=\"Heading51\"><strong><span lang=\"ET\">Viime viikolla:<\/span><\/strong><\/p>\n<ul>\n<li>Kes\u00e4ll\u00e4 100%:n ohituskanava parantaa mukavuutta, ja sit\u00e4 ohjataan automaattisesti mitattujen ulkol\u00e4mp\u00f6tilojen perusteella.<\/li>\n<\/ul>\n<div>\n<p>&nbsp;<\/p>\n<p class=\"Heading51\"><strong><span lang=\"ET\">Joustava asennus:<\/span><\/strong><\/p>\n<ul>\n<li>\n<div><span lang=\"ET\">Vaihtoehtona on vasen tai oikea. Asennusvaihtoehto voidaan mukauttaa paikan p\u00e4\u00e4ll\u00e4 erilaisten asennusvaatimusten mukaan.<\/span><\/div>\n<\/li>\n<\/ul>\n<\/div>\n<\/div>\n<p>&nbsp;<\/p>\n<p><strong>Tekniset tiedot:<\/strong><\/p>\n<ul>\n<li><span lang=\"ET\">Laitteen j\u00e4nnite (V\/50 (60) Hz): 230<\/span><\/li>\n<li><span lang=\"ET\">Ilmavirta (m\u00b3\/h):\u00a0<em><strong>250-500<\/strong><\/em><\/span><\/li>\n<li>\n<div><span lang=\"ET\">Ulkoinen staattinen paine (Pa):\u00a0<em><strong>130-160<\/strong><\/em><\/span><\/div>\n<\/li>\n<li>\n<div>Energiatehokkuus (%): 95 %.<\/div>\n<\/li>\n<li>\n<div>Maksimiteho (W):\u00a0<em><strong>137-412<\/strong><\/em><\/div>\n<\/li>\n<li>\n<div>Kuljetuksen aikainen ilman l\u00e4mp\u00f6tila (\u00b0C): -25 - +40 \u00b0C<\/div>\n<\/li>\n<li>\n<div>Kotelon materiaali: sinkitty ter\u00e4s<\/div>\n<\/li>\n<li>\n<div>Eristys: EPP<\/div>\n<\/li>\n<li>\n<div>Liitetyn ilmakanavan halkaisija (mm):\u00a0<em><strong>144-196<\/strong><\/em><\/div>\n<\/li>\n<li>\n<div>Melu (dB(A))*:\u00a0<em><strong>35-39<\/strong><\/em><\/div>\n<\/li>\n<li>\n<div>Energiatehokkuusluokka: A+<\/div>\n<\/li>\n<li>\n<div>Paino (kg):\u00a0<em><strong>40-50<\/strong><\/em><\/div>\n<div>\n<div>\n<div><\/div>\n<\/div>\n<div>*\u00a0<i><span lang=\"ET\">Huomautus: T\u00e4m\u00e4 melutaso on mitattu 70%:n suurimmalla ilmavirralla ja staattisella paineella 50 Pa.<\/span><\/i><\/div>\n<\/div>\n<\/li>\n<\/ul>","protected":false},"excerpt":{"rendered":"<p style=\"font-weight: 400;\"><strong>Weston Climate pystysuora l\u00e4mm\u00f6n talteenotto-ilmanvaihtolaite VCH-CVH<\/strong> tuo raitista ilmaa ja luo terveellisen asuinymp\u00e4rist\u00f6n, jossa on happea, miellytt\u00e4v\u00e4 l\u00e4mp\u00f6tila ja kosteus sek\u00e4 jatkuvasti p\u00f6lyt\u00f6nt\u00e4 ilmaa. Raitisilman tulo ja poisto ovat oikeassa tasapainossa. Ilmavirrat eiv\u00e4t sekoitu vaan pysyv\u00e4t erill\u00e4\u00e4n. Poistoilmasta siirtyy l\u00e4mp\u00f6\u00e4 kylm\u00e4\u00e4n tuloilmaan. T\u00e4m\u00e4 tarkoittaa, ett\u00e4 kylm\u00e4\u00e4 ulkoilmaa l\u00e4mmitet\u00e4\u00e4n \"ilmaiseksi\", eli energiaa ei kulu hukkaan.<\/p>\n<p style=\"font-weight: 400;\"><strong>Energiatehokkuus jopa 95%.<\/strong> Tehokas l\u00e4mm\u00f6neristys pit\u00e4\u00e4 tuloilman l\u00e4mp\u00f6tilan l\u00e4hell\u00e4 sis\u00e4l\u00e4mp\u00f6tilaa, mik\u00e4 lis\u00e4\u00e4 merkitt\u00e4v\u00e4sti sis\u00e4ilman viihtyisyytt\u00e4. Se auttaa my\u00f6s pienent\u00e4m\u00e4\u00e4n tarvittavan LVI-laitteiston kokoa, koska sen ei tarvitse ty\u00f6skennell\u00e4 yht\u00e4 paljon l\u00e4mmitt\u00e4\u00e4kseen ja j\u00e4\u00e4hdytt\u00e4\u00e4kseen, kun tuloilma ilmastoidaan l\u00e4mp\u00f6tehokkaan puhaltimen avulla. T\u00e4m\u00e4 hy\u00f6dytt\u00e4\u00e4 loppuk\u00e4ytt\u00e4ji\u00e4 lis\u00e4\u00e4m\u00e4ll\u00e4 heid\u00e4n viihtyvyytt\u00e4\u00e4n ja pienent\u00e4m\u00e4ll\u00e4 heid\u00e4n energialaskujaan. Fossiilisten polttoaineiden tarpeen v\u00e4hent\u00e4minen hy\u00f6dytt\u00e4\u00e4 my\u00f6s ymp\u00e4rist\u00f6\u00e4.<\/p>\n<p><strong>Toimitusaika enint\u00e4\u00e4n 45 ty\u00f6p\u00e4iv\u00e4\u00e4.<\/strong><\/p>","protected":false},"featured_media":7682,"template":"","meta":[],"product_brand":[],"product_cat":[122,35],"product_tag":[],"class_list":{"0":"post-3610","1":"product","2":"type-product","3":"status-publish","4":"has-post-thumbnail","6":"product_cat-vertikaalsed","7":"product_cat-ventilatsiooniseadmed","9":"first","10":"instock","11":"taxable","12":"shipping-taxable","13":"purchasable","14":"product-type-variable"},"_links":{"self":[{"href":"https:\/\/westonclimate.com\/fi\/wp-json\/wp\/v2\/product\/3610","targetHints":{"allow":["GET"]}}],"collection":[{"href":"https:\/\/westonclimate.com\/fi\/wp-json\/wp\/v2\/product"}],"about":[{"href":"https:\/\/westonclimate.com\/fi\/wp-json\/wp\/v2\/types\/product"}],"version-history":[{"count":8,"href":"https:\/\/westonclimate.com\/fi\/wp-json\/wp\/v2\/product\/3610\/revisions"}],"predecessor-version":[{"id":9304,"href":"https:\/\/westonclimate.com\/fi\/wp-json\/wp\/v2\/product\/3610\/revisions\/9304"}],"wp:featuredmedia":[{"embeddable":true,"href":"https:\/\/westonclimate.com\/fi\/wp-json\/wp\/v2\/media\/7682"}],"wp:attachment":[{"href":"https:\/\/westonclimate.com\/fi\/wp-json\/wp\/v2\/media?parent=3610"}],"wp:term":[{"taxonomy":"product_brand","embeddable":true,"href":"https:\/\/westonclimate.com\/fi\/wp-json\/wp\/v2\/product_brand?post=3610"},{"taxonomy":"product_cat","embeddable":true,"href":"https:\/\/westonclimate.com\/fi\/wp-json\/wp\/v2\/product_cat?post=3610"},{"taxonomy":"product_tag","embeddable":true,"href":"https:\/\/westonclimate.com\/fi\/wp-json\/wp\/v2\/product_tag?post=3610"}],"curies":[{"name":"wp","href":"https:\/\/api.w.org\/{rel}","templated":true}]}}