{"id":3648,"date":"2024-06-20T20:10:38","date_gmt":"2024-06-20T20:10:38","guid":{"rendered":"https:\/\/wmdcompany.eu\/?post_type=product&#038;p=3648"},"modified":"2026-01-18T14:34:01","modified_gmt":"2026-01-18T14:34:01","slug":"weston-climate-wcc-premium-600-800m3-soojustagastusega-ventilatsiooniseade","status":"publish","type":"product","link":"https:\/\/westonclimate.com\/fi\/tooted\/weston-climate-wcc-premium-600-800m3-lammontalteenotto-ilmanvaihtolaitteisto\/","title":{"rendered":"Weston Climate WCC Premium 600-800m3 l\u00e4mm\u00f6n talteenotto-ilmanvaihtolaite"},"content":{"rendered":"<p><strong>Ominaisuudet:<\/strong><\/p>\n<ul>\n<li>Korkea staattinen paine, energiaa s\u00e4\u00e4st\u00e4v\u00e4 elektronisesti kommutoitu (EC) moottori.<\/li>\n<li>Energiatehokkuus jopa 98%<\/li>\n<li>Vakio kes\u00e4aikaisen ohituskaistan integrointi<\/li>\n<li>15mm-20mm sis\u00e4inen l\u00e4mp\u00f6- ja \u00e4\u00e4nieristys<\/li>\n<li>Erinomainen suorituskyky<\/li>\n<li>Pysty- ja vaaka-asennus<\/li>\n<li>Huoltopaneelit molemmin puolin<\/li>\n<li>Soveltuu sek\u00e4 vasen- ett\u00e4 oikeak\u00e4tiseen asennukseen<\/li>\n<li>Sis\u00e4tilojen l\u00e4mp\u00f6tilan\/suhteellisen kosteuden anturit<\/li>\n<li>Valinnainen s\u00e4hk\u00f6l\u00e4mmittimien integrointi<\/li>\n<li>Kompakti ja k\u00e4tev\u00e4 muotoilu<\/li>\n<li>Vaatimustenmukaisuus: EU1253\/2014 ErP2016 ErP2018 EcoDesign<\/li>\n<li>Energialuokka A+<\/li>\n<li>standardin EN12141-7 mukaisesti<\/li>\n<\/ul>\n<p><strong>Ohjaustoiminnot:<\/strong><\/p>\n<ul>\n<li>Integroitu hallintoj\u00e4rjestelm\u00e4<\/li>\n<li>HD 7-tuumainen v\u00e4rikosketusn\u00e4ytt\u00f6, jossa on reaaliaikainen sis\u00e4ilman laadun n\u00e4ytt\u00f6.<\/li>\n<li>Paikallinen kysynn\u00e4n hallinta muuttuvalla nopeudella<\/li>\n<li>Modbus RS485 \u00e4lykk\u00e4\u00e4n talon liit\u00e4nt\u00e4<\/li>\n<li>Sis\u00e4ilman laadun (IAQ) anturit CO2\/PM2.5\/vOCs\/TEMP\/RH<\/li>\n<li>Ehdotettu viikoittainen toiminta<\/li>\n<li>Valinnainen erillinen tuulettimen ohjaus<\/li>\n<li>Useiden ulkoisten CO2\/RH\/TEMP-antureiden liitt\u00e4minen<\/li>\n<li>Useiden ulkoisten boost-kytkimien kytkent\u00e4<\/li>\n<li>Sis\u00e4\u00e4ntulo\/Fusion\/IAQ-automaatio<\/li>\n<li>Saatavana kaukos\u00e4\u00e4timell\u00e4<\/li>\n<li>Ilmoitus suodattimen k\u00e4\u00e4nteisest\u00e4 lukemisesta\/vaihdosta<\/li>\n<li>Ohjauspaneelin t\u00e4ydelliset asetukset<\/li>\n<\/ul>\n<p><strong>Tekniset tiedot:<\/strong><\/p>\n<ul>\n<li>Ilmanvaihtomoottorin tyyppi: EC<\/li>\n<li>Suurin ilmavirta (m3\/h):\u00a0<em><strong>600@100Pa \/ 700@100Pa \/ 800@100Pa<\/strong><\/em><\/li>\n<li>Suurin nimellisteho:\u00a0<em><strong>230V-50Hz; 300W; 1.9A \/ 230V-50Hz; 330W; 2.4A \/ 230V-50Hz; 420W; 2.7A<\/strong><\/em><\/li>\n<li>Sy\u00f6tt\u00f6tehoalue: 200-240 V; 50\/60Hz<\/li>\n<li>Paino (kg): 120<\/li>\n<li>Suodatin: G4<\/li>\n<li>Tehosuodatin: G4, F8 (valinnainen)<\/li>\n<li>Suurin staattinen paine (Pa):\u00a0<em><strong>250 \/ 310 \/\u00a0<\/strong><strong>430<\/strong><\/em><\/li>\n<li>L\u00e4mm\u00f6nvaihtimen tyyppi: vastavirta<\/li>\n<li>L\u00e4mm\u00f6nvaihtimen materiaali: entalpia<\/li>\n<li>Energiatehokkuus (%):\u00a0<em><strong>94-98 \/ 90-98 \/\u00a0<\/strong><strong>86-98<\/strong><\/em><\/li>\n<li>Sis\u00e4inen eristemateriaali: polyeteenivaahto.<\/li>\n<li>Rungon materiaali: pinnoitettu ter\u00e4slevy<\/li>\n<li>L\u00e4p\u00e4isev\u00e4n ilman l\u00e4mp\u00f6tila (C): -25 - +50 astetta.<\/li>\n<li>Ty\u00f6ymp\u00e4rist\u00f6n l\u00e4mp\u00f6tila (C): +5 - +40 astetta.<\/li>\n<li>Ty\u00f6ymp\u00e4rist\u00f6n suhteellinen kosteus (%): alle 80 %.<\/li>\n<li>Liitetyn ilmakanavan halkaisija (mm): 250<\/li>\n<\/ul>","protected":false},"excerpt":{"rendered":"<p>L\u00e4mp\u00f6s\u00e4\u00e4d\u00f6ll\u00e4 <strong>Weston Climate<\/strong><strong> WCC Premium 600-800m3 l\u00e4mm\u00f6n talteenotto-ilmanvaihtolaite<\/strong>\u00a0Soveltuu k\u00e4ytett\u00e4v\u00e4ksi suurissa yksityiskodeissa, toimistoissa, olohuoneissa, kuntosaleissa, l\u00e4\u00e4ketieteellisiss\u00e4 tiloissa, kaupoissa, hotelleissa, oppilaitoksissa, catering-tiloissa jne. Laitteet on tilattu ja mukautettu eurooppalaisten ja skandinaavisten vaatimusten mukaisesti. W PREMIUM-sarjan rakentamisessa k\u00e4ytet\u00e4\u00e4n korkealaatuisia materiaaleja, jotta W PREMIUM-sarja on virheet\u00f6n ja eritt\u00e4in hiljainen. Melutaso ei ylit\u00e4 32 dB. Nykyaikainen tekniikka takaa luotettavuuden ja pitk\u00e4n k\u00e4ytt\u00f6i\u00e4n. W PREMIUM-sarjalla on valmistajan my\u00f6nt\u00e4m\u00e4 takuu, joka on enint\u00e4\u00e4n 7 vuotta, edellytt\u00e4en, ett\u00e4 valmistajan k\u00e4ytt\u00f6ohjeita noudatetaan. W PREMIUM -sarjan asennus on eritt\u00e4in helppoa ja jokaisen yritteli\u00e4\u00e4n perheenis\u00e4n tai -naisen ulottuvilla.<\/p>\n<table style=\"border-collapse: collapse; width: 48pt;\" border=\"0\" width=\"64\" cellspacing=\"0\" cellpadding=\"0\">\n<tbody>\n<tr style=\"height: 15.0pt;\">\n<td style=\"height: 15.0pt; width: 48pt;\" width=\"64\" height=\"20\"><a href=\"https:\/\/westonclimate.com\/wp-content\/uploads\/2024\/06\/CE-Certificate-W-SERIES.pdf\" target=\"_blank\" rel=\"noopener\"><img fetchpriority=\"high\" decoding=\"async\" class=\"alignnone size-medium wp-image-10966\" src=\"https:\/\/westonclimate.com\/wp-content\/uploads\/2024\/06\/CS-sert_optimal-standard-premium-212x300.png\" alt=\"\" width=\"212\" height=\"300\" srcset=\"https:\/\/westonclimate.com\/wp-content\/uploads\/2024\/06\/CS-sert_optimal-standard-premium-212x300.png 212w, https:\/\/westonclimate.com\/wp-content\/uploads\/2024\/06\/CS-sert_optimal-standard-premium-723x1024.png 723w, https:\/\/westonclimate.com\/wp-content\/uploads\/2024\/06\/CS-sert_optimal-standard-premium-768x1087.png 768w, https:\/\/westonclimate.com\/wp-content\/uploads\/2024\/06\/CS-sert_optimal-standard-premium-8x12.png 8w, https:\/\/westonclimate.com\/wp-content\/uploads\/2024\/06\/CS-sert_optimal-standard-premium-600x849.png 600w, https:\/\/westonclimate.com\/wp-content\/uploads\/2024\/06\/CS-sert_optimal-standard-premium.png 869w\" sizes=\"(max-width: 212px) 100vw, 212px\" \/><\/a><\/td>\n<\/tr>\n<\/tbody>\n<\/table>\n<p><strong>Toimitusaika enint\u00e4\u00e4n 45 ty\u00f6p\u00e4iv\u00e4\u00e4.<\/strong><\/p>","protected":false},"featured_media":7656,"template":"","meta":[],"product_brand":[],"product_cat":[122,35],"product_tag":[],"class_list":{"0":"post-3648","1":"product","2":"type-product","3":"status-publish","4":"has-post-thumbnail","6":"product_cat-vertikaalsed","7":"product_cat-ventilatsiooniseadmed","9":"first","10":"instock","11":"taxable","12":"shipping-taxable","13":"purchasable","14":"product-type-variable"},"_links":{"self":[{"href":"https:\/\/westonclimate.com\/fi\/wp-json\/wp\/v2\/product\/3648","targetHints":{"allow":["GET"]}}],"collection":[{"href":"https:\/\/westonclimate.com\/fi\/wp-json\/wp\/v2\/product"}],"about":[{"href":"https:\/\/westonclimate.com\/fi\/wp-json\/wp\/v2\/types\/product"}],"version-history":[{"count":9,"href":"https:\/\/westonclimate.com\/fi\/wp-json\/wp\/v2\/product\/3648\/revisions"}],"predecessor-version":[{"id":10969,"href":"https:\/\/westonclimate.com\/fi\/wp-json\/wp\/v2\/product\/3648\/revisions\/10969"}],"wp:featuredmedia":[{"embeddable":true,"href":"https:\/\/westonclimate.com\/fi\/wp-json\/wp\/v2\/media\/7656"}],"wp:attachment":[{"href":"https:\/\/westonclimate.com\/fi\/wp-json\/wp\/v2\/media?parent=3648"}],"wp:term":[{"taxonomy":"product_brand","embeddable":true,"href":"https:\/\/westonclimate.com\/fi\/wp-json\/wp\/v2\/product_brand?post=3648"},{"taxonomy":"product_cat","embeddable":true,"href":"https:\/\/westonclimate.com\/fi\/wp-json\/wp\/v2\/product_cat?post=3648"},{"taxonomy":"product_tag","embeddable":true,"href":"https:\/\/westonclimate.com\/fi\/wp-json\/wp\/v2\/product_tag?post=3648"}],"curies":[{"name":"wp","href":"https:\/\/api.w.org\/{rel}","templated":true}]}}