{"id":3677,"date":"2024-06-25T19:24:55","date_gmt":"2024-06-25T19:24:55","guid":{"rendered":"https:\/\/wmdcompany.eu\/?post_type=product&#038;p=3677"},"modified":"2026-05-08T08:04:50","modified_gmt":"2026-05-08T08:04:50","slug":"weston-climate-cmerv-cfa-150-1000m3-soojustagastusega-ventilatsiooniseade","status":"publish","type":"product","link":"https:\/\/westonclimate.com\/fi\/tooted\/weston-climate-cmerv-cfa-150-1000m3-lammontalteenotto-ilmanvaihtolaite\/","title":{"rendered":"Weston Climate CMERV-CFA 150-1000m3 l\u00e4mm\u00f6n talteenoton ilmanvaihtolaite"},"content":{"rendered":"<p><strong>Ominaisuudet:<\/strong><\/p>\n<ul>\n<li>Laaja ilmavirta-alue 150-2000 m\u00b3\/h.<\/li>\n<li>Muovikoteloitu tasavirtamoottori, 10 nopeutta.<\/li>\n<li>Tuloilman puhdistus p\u00e4\u00e4suodattimella (G3) ja keskisuodattimella (F7) on valinnainen.<\/li>\n<li>Suljettu reunatiivistystekniikka.<\/li>\n<li>Korkean hy\u00f6tysuhteen 5. sukupolven kokonaisl\u00e4mm\u00f6nvaihdin.<\/li>\n<li>Varatut sivuportit OA:lle ja EA:lle.<\/li>\n<li>Joustava asennus.<\/li>\n<li>Viime viikolla.<\/li>\n<li>Kaksi asennusvaihtoehtoa sopivaan huoneeseen.<\/li>\n<li>Android\/IOS \u00e4lyk\u00e4s ohjausj\u00e4rjestelm\u00e4.<\/li>\n<li>Wifi.<\/li>\n<li>Ryhmien hallinta.<\/li>\n<li>Energiatehokkuusluokka A+.<\/li>\n<\/ul>\n<p><strong>Runko:<\/strong><\/p>\n<ul>\n<li>Helppo asennus integroidun EPS-kotelon ansiosta.<\/li>\n<li>Parempi eristys, ilmatiiviys ja melunvaimennus.<\/li>\n<li>Keskitetysti asennetut tuulettimet, joissa on vakaa ilmavirta, takaavat paremman l\u00e4mm\u00f6nvaihdon tehokkuuden ja vakaan toiminnan.<\/li>\n<\/ul>\n<p><strong>Joustava asennus:<\/strong><\/p>\n<ul>\n<li>Rinnakkainen ilmavirtaus.<\/li>\n<li>Saatavana k\u00e4\u00e4ntyv\u00e4ll\u00e4 kiinnityksell\u00e4.<\/li>\n<li>Varattu sivusuunnassa oleville OA:lle ja EA:lle.<\/li>\n<\/ul>\n<p><strong>Suljetun reunan tekniikka:<\/strong><\/p>\n<ul>\n<li>Kolminkertainen taitetun reunan paksuus parantaa kotelon lujuutta.<\/li>\n<li>Korkeampi tuottavuus.<\/li>\n<li>Hyv\u00e4 ulkoinen ulkon\u00e4k\u00f6 ja parempi ilmatiheys.<\/li>\n<\/ul>\n<p><strong>Uudet DC-fanit:<\/strong><\/p>\n<ul>\n<li>Vanhaan metallirunkoiseen vaihtovirtamoottoriin verrattuna uusi moottori on vakaampi, hiljaisempi ja energiatehokkaampi ja s\u00e4\u00e4st\u00e4\u00e4 jopa 40%.<\/li>\n<\/ul>\n<p><strong>Sukupolven 5 kokonaisl\u00e4mm\u00f6nvaihdin:<\/strong><\/p>\n<ul>\n<li>Uusi ER-paperi, jossa l\u00e4mm\u00f6nvaihtimen hy\u00f6tysuhde on parempi.<\/li>\n<li>L\u00e4mm\u00f6nvaihtimen materiaalit ovat homeenkest\u00e4vi\u00e4 ja paloturvallisia.<\/li>\n<li>Integroitu rakenne, parempi ilmatiiviys ja ulkon\u00e4k\u00f6.<\/li>\n<\/ul>\n<p><strong>Integroitu suodatinh\u00e4kki:<\/strong><\/p>\n<ul>\n<li>Kun p\u00e4\u00e4suodatin on integroitu varattuun polkuun, keskimm\u00e4inen F7-suodatin on valinnainen.<\/li>\n<\/ul>\n<p><strong>Tekniset tiedot:<\/strong><\/p>\n<ul>\n<li>Ilmavirta (m3\/h): 150-2000<\/li>\n<li>Suurin staattinen paine (Pa): 85-175<\/li>\n<li>Enthalpiahy\u00f6tysuhde (%) j\u00e4\u00e4hdytys: 66-86 %.<\/li>\n<li>L\u00e4mmitysteho (%) l\u00e4mmitys: 69-87<\/li>\n<li>L\u00e4mp\u00f6tilahy\u00f6tysuhde (%): 77-90<\/li>\n<li>M\u00fcra dB(A): 29-37<\/li>\n<li>J\u00e4nnite (V): 220-240<\/li>\n<li>Ottoteho (W): 58-850<\/li>\n<li>Netokaal (kg): 20-54<\/li>\n<\/ul>\n<p><strong>M\u00f5\u00f5dud (pikkus\/laius\/k\u00f5rgus), kaal (kg):<\/strong><\/p>\n<ul>\n<li>150m3\/h &#8211; 886x610x289, kaal 20kg<\/li>\n<li>250m3\/h &#8211; 886x735x289, kaal 23kg<\/li>\n<li>350m3\/h &#8211; 1000x874x331, kaal 30kg<\/li>\n<li>500m3\/h &#8211; 1005x1016x331, kaal 33kg<\/li>\n<li>650m3\/h &#8211; 1030x954x404, kaal 38kg<\/li>\n<li>800m3\/h &#8211; 1268x1004x404, kaal 48kg<\/li>\n<li>1000m3\/h &#8211; 1355x1231x404, kaal 54kg<\/li>\n<\/ul>","protected":false},"excerpt":{"rendered":"<p style=\"font-weight: 400;\"><strong>Weston Climate Kattoon asennettava CMERV-CFA 150-1000 m3 l\u00e4mm\u00f6n talteenotto-ilmanvaihtolaite<\/strong>\u00a0tuo puhdasta, raikasta ilmaa sis\u00e4tiloihin ja poistaa saastuneen ulkoilman.<\/p>\n<p style=\"font-weight: 400;\">Kun ulkoilma on miellytt\u00e4v\u00e4\u00e4, se toimii ohitustilassa, raitis ilma voidaan kierr\u00e4tt\u00e4\u00e4 suoraan huoneeseen ilman l\u00e4mm\u00f6nvaihtoa ja huoneen poistoilma voidaan poistaa samanaikaisesti sis\u00e4ilman laadun parantamiseksi. Talvella tai kes\u00e4ll\u00e4 se toimii energian talteenottotilassa miellytt\u00e4v\u00e4n sis\u00e4ilman varmistamiseksi ja energiankulutuksen v\u00e4hent\u00e4miseksi. T\u00e4m\u00e4 energian talteenottoon perustuva ilmanvaihtolaite on rakennettu huoneen tehokasta ilmanvaihtoa varten. <strong>Viidennen sukupolven l\u00e4mm\u00f6nvaihdin, <\/strong>integroidulla kompaktilla ja hell\u00e4varaisella suodattimen liukus\u00e4\u00e4timell\u00e4.<\/p>\n<p style=\"font-weight: 400;\">Se on energiatehokas, mutta tarjoaa my\u00f6s muita etuja, kuten kodin sis\u00e4ilman pit\u00e4misen terveemp\u00e4n\u00e4, vanhentuneen ilman korvaamisen raikkaalla ilmalla ja erilaisten ep\u00e4puhtauksien poistamisen.<\/p>\n<p><a href=\"https:\/\/wmdcompany.eu\/kontakt\/\"><strong>HUOM! Saatavana my\u00f6s 1500 m3\/h ja 2000 m3\/h mallit - - -<\/strong> <strong>L\u00c4HET\u00c4 NYT!<\/strong><\/a><\/p>","protected":false},"featured_media":10708,"template":"","meta":[],"product_brand":[],"product_cat":[121,122,35],"product_tag":[],"class_list":{"0":"post-3677","1":"product","2":"type-product","3":"status-publish","4":"has-post-thumbnail","6":"product_cat-laeventilatsioon","7":"product_cat-vertikaalsed","8":"product_cat-ventilatsiooniseadmed","10":"first","11":"instock","12":"taxable","13":"shipping-taxable","14":"purchasable","15":"product-type-variable"},"_links":{"self":[{"href":"https:\/\/westonclimate.com\/fi\/wp-json\/wp\/v2\/product\/3677","targetHints":{"allow":["GET"]}}],"collection":[{"href":"https:\/\/westonclimate.com\/fi\/wp-json\/wp\/v2\/product"}],"about":[{"href":"https:\/\/westonclimate.com\/fi\/wp-json\/wp\/v2\/types\/product"}],"version-history":[{"count":16,"href":"https:\/\/westonclimate.com\/fi\/wp-json\/wp\/v2\/product\/3677\/revisions"}],"predecessor-version":[{"id":11636,"href":"https:\/\/westonclimate.com\/fi\/wp-json\/wp\/v2\/product\/3677\/revisions\/11636"}],"wp:featuredmedia":[{"embeddable":true,"href":"https:\/\/westonclimate.com\/fi\/wp-json\/wp\/v2\/media\/10708"}],"wp:attachment":[{"href":"https:\/\/westonclimate.com\/fi\/wp-json\/wp\/v2\/media?parent=3677"}],"wp:term":[{"taxonomy":"product_brand","embeddable":true,"href":"https:\/\/westonclimate.com\/fi\/wp-json\/wp\/v2\/product_brand?post=3677"},{"taxonomy":"product_cat","embeddable":true,"href":"https:\/\/westonclimate.com\/fi\/wp-json\/wp\/v2\/product_cat?post=3677"},{"taxonomy":"product_tag","embeddable":true,"href":"https:\/\/westonclimate.com\/fi\/wp-json\/wp\/v2\/product_tag?post=3677"}],"curies":[{"name":"wp","href":"https:\/\/api.w.org\/{rel}","templated":true}]}}