{"id":3698,"date":"2024-06-25T19:50:18","date_gmt":"2024-06-25T19:50:18","guid":{"rendered":"https:\/\/wmdcompany.eu\/?post_type=product&#038;p=3698"},"modified":"2026-02-18T20:36:55","modified_gmt":"2026-02-18T20:36:55","slug":"weston-climate-wcd-cmerv-thc-1000-2600m3-soojustagastusega-laeseade","status":"publish","type":"product","link":"https:\/\/westonclimate.com\/fi\/tooted\/weston-climate-wcd-cmerv-thc-1000-2600m3-lammontalteenottokattoyksikko\/","title":{"rendered":"Weston Climate WCD-CMERV-THC 1000-2600m3 l\u00e4mm\u00f6n talteenoton kattoyksikk\u00f6"},"content":{"rendered":"<p><strong>Ominaisuudet:<\/strong><\/p>\n<ul>\n<li>Laaja ilmavirta-alue 1000-2600 m\u00b3\/h.<\/li>\n<li>Vaihtovirtamoottori, 3 nopeutta.<\/li>\n<li>Tuloilman puhdistus p\u00e4\u00e4suodattimella ja lis\u00e4suodattimilla F7, H10 ja H13.<\/li>\n<li>Tehokas 3. sukupolven kokonaisl\u00e4mm\u00f6nvaihdin.<\/li>\n<li>Joustava asennus.<\/li>\n<li>Kaksi asennusvaihtoehtoa.<\/li>\n<li>Viime viikolla.<\/li>\n<li>Android\/IOS \u00e4lyk\u00e4s ohjausj\u00e4rjestelm\u00e4.<\/li>\n<li>Wifi.<\/li>\n<li>Ryhmien hallinta.<\/li>\n<li>Energiatehokkuusluokka A.<\/li>\n<\/ul>","protected":false},"excerpt":{"rendered":"<p style=\"font-weight: 400;\"><strong>Weston Climate kattoon asennettava WCD-CMERV-THC 1000-2600m3 l\u00e4mm\u00f6n talteenottokattoyksikk\u00f6 ilmanvaihtosovelluksiin <\/strong>tuo puhdasta, raikasta ilmaa sis\u00e4tiloihin ja poistaa saastuneen ulkoilman.<\/p>\n<p style=\"font-weight: 400;\">Kun ulkoilma on miellytt\u00e4v\u00e4\u00e4, se toimii ohitusk\u00e4yt\u00f6ss\u00e4. Raitis ilma voidaan vet\u00e4\u00e4 suoraan huoneeseen ilman l\u00e4mm\u00f6nvaihtoa, ja samalla voidaan poistaa huoneen poistoilma sis\u00e4ilman laadun parantamiseksi. Talvella tai kes\u00e4ll\u00e4 miellytt\u00e4v\u00e4n sis\u00e4ilman varmistamiseksi ja energiankulutuksen v\u00e4hent\u00e4miseksi se toimii energian talteenottotilassa. T\u00e4m\u00e4 energian talteenottoon perustuva ilmanvaihtolaite on rakennettu huoneen tehokasta ilmanvaihtoa varten.\u00a0<strong>Kolmannen sukupolven l\u00e4mm\u00f6nvaihdin,\u00a0<\/strong>integroidulla kompaktilla ja hell\u00e4varaisella suodattimen liukus\u00e4\u00e4timell\u00e4.<\/p>\n<p style=\"font-weight: 400;\">Se on energiatehokas, mutta tarjoaa my\u00f6s muita etuja, kuten kodin sis\u00e4ilman pit\u00e4misen terveemp\u00e4n\u00e4, vanhentuneen ilman korvaamisen raikkaalla ilmalla ja erilaisten ep\u00e4puhtauksien poistamisen.<\/p>\n<table style=\"border-collapse: collapse; width: 144pt;\" border=\"0\" width=\"192\" cellspacing=\"0\" cellpadding=\"0\">\n<tbody>\n<tr style=\"height: 15.0pt;\">\n<td style=\"height: 15.0pt; width: 48pt;\" width=\"64\" height=\"20\"><a href=\"https:\/\/westonclimate.com\/wp-content\/uploads\/2026\/02\/CE-1.pdf\" target=\"_blank\" rel=\"noopener\"><img fetchpriority=\"high\" decoding=\"async\" class=\"alignnone size-medium wp-image-11064\" src=\"https:\/\/westonclimate.com\/wp-content\/uploads\/2024\/06\/Cert_1-234x300.png\" alt=\"\" width=\"234\" height=\"300\" srcset=\"https:\/\/westonclimate.com\/wp-content\/uploads\/2024\/06\/Cert_1-234x300.png 234w, https:\/\/westonclimate.com\/wp-content\/uploads\/2024\/06\/Cert_1-799x1024.png 799w, https:\/\/westonclimate.com\/wp-content\/uploads\/2024\/06\/Cert_1-768x985.png 768w, https:\/\/westonclimate.com\/wp-content\/uploads\/2024\/06\/Cert_1-9x12.png 9w, https:\/\/westonclimate.com\/wp-content\/uploads\/2024\/06\/Cert_1-600x769.png 600w, https:\/\/westonclimate.com\/wp-content\/uploads\/2024\/06\/Cert_1.png 940w\" sizes=\"(max-width: 234px) 100vw, 234px\" \/><\/a><\/td>\n<td style=\"width: 48pt;\" width=\"64\"><a href=\"https:\/\/westonclimate.com\/wp-content\/uploads\/2026\/02\/CELVD.pdf\" target=\"_blank\" rel=\"noopener\"><img decoding=\"async\" class=\"alignnone size-medium wp-image-11066\" src=\"https:\/\/westonclimate.com\/wp-content\/uploads\/2024\/06\/Cert_2-211x300.png\" alt=\"\" width=\"211\" height=\"300\" srcset=\"https:\/\/westonclimate.com\/wp-content\/uploads\/2024\/06\/Cert_2-211x300.png 211w, https:\/\/westonclimate.com\/wp-content\/uploads\/2024\/06\/Cert_2-8x12.png 8w, https:\/\/westonclimate.com\/wp-content\/uploads\/2024\/06\/Cert_2-600x854.png 600w, https:\/\/westonclimate.com\/wp-content\/uploads\/2024\/06\/Cert_2.png 682w\" sizes=\"(max-width: 211px) 100vw, 211px\" \/><\/a><\/td>\n<td style=\"width: 48pt;\" width=\"64\"><a href=\"https:\/\/westonclimate.com\/wp-content\/uploads\/2026\/02\/CERohs2.0.pdf\" target=\"_blank\" rel=\"noopener\"><img decoding=\"async\" class=\"alignnone size-medium wp-image-11068\" src=\"https:\/\/westonclimate.com\/wp-content\/uploads\/2024\/06\/Cert_3-213x300.png\" alt=\"\" width=\"213\" height=\"300\" srcset=\"https:\/\/westonclimate.com\/wp-content\/uploads\/2024\/06\/Cert_3-213x300.png 213w, https:\/\/westonclimate.com\/wp-content\/uploads\/2024\/06\/Cert_3-9x12.png 9w, https:\/\/westonclimate.com\/wp-content\/uploads\/2024\/06\/Cert_3-600x847.png 600w, https:\/\/westonclimate.com\/wp-content\/uploads\/2024\/06\/Cert_3.png 688w\" sizes=\"(max-width: 213px) 100vw, 213px\" \/><\/a><\/td>\n<\/tr>\n<\/tbody>\n<\/table>\n<p>&nbsp;<\/p>\n<table style=\"border-collapse: collapse; width: 192pt;\" border=\"0\" width=\"256\" cellspacing=\"0\" cellpadding=\"0\">\n<tbody>\n<tr style=\"height: 15.0pt;\">\n<td style=\"height: 15.0pt; width: 48pt;\" width=\"64\" height=\"20\"><a href=\"https:\/\/westonclimate.com\/wp-content\/uploads\/2026\/02\/Ceiling-DC-motor-CE-EMC-1.pdf\" target=\"_blank\" rel=\"noopener\"><img loading=\"lazy\" decoding=\"async\" class=\"alignnone size-medium wp-image-11070\" src=\"https:\/\/westonclimate.com\/wp-content\/uploads\/2024\/06\/Cert_4-212x300.png\" alt=\"\" width=\"212\" height=\"300\" srcset=\"https:\/\/westonclimate.com\/wp-content\/uploads\/2024\/06\/Cert_4-212x300.png 212w, https:\/\/westonclimate.com\/wp-content\/uploads\/2024\/06\/Cert_4-8x12.png 8w, https:\/\/westonclimate.com\/wp-content\/uploads\/2024\/06\/Cert_4-600x849.png 600w, https:\/\/westonclimate.com\/wp-content\/uploads\/2024\/06\/Cert_4.png 678w\" sizes=\"(max-width: 212px) 100vw, 212px\" \/><\/a><\/td>\n<td style=\"width: 48pt;\" width=\"64\"><a href=\"https:\/\/westonclimate.com\/wp-content\/uploads\/2026\/02\/Ceiling-DC-motor-CE-LVD-1.pdf\" target=\"_blank\" rel=\"noopener\"><img loading=\"lazy\" decoding=\"async\" class=\"alignnone size-medium wp-image-11072\" src=\"https:\/\/westonclimate.com\/wp-content\/uploads\/2024\/06\/Cert_5-231x300.png\" alt=\"\" width=\"231\" height=\"300\" srcset=\"https:\/\/westonclimate.com\/wp-content\/uploads\/2024\/06\/Cert_5-231x300.png 231w, https:\/\/westonclimate.com\/wp-content\/uploads\/2024\/06\/Cert_5-789x1024.png 789w, https:\/\/westonclimate.com\/wp-content\/uploads\/2024\/06\/Cert_5-768x996.png 768w, https:\/\/westonclimate.com\/wp-content\/uploads\/2024\/06\/Cert_5-9x12.png 9w, https:\/\/westonclimate.com\/wp-content\/uploads\/2024\/06\/Cert_5-600x779.png 600w, https:\/\/westonclimate.com\/wp-content\/uploads\/2024\/06\/Cert_5.png 884w\" sizes=\"(max-width: 231px) 100vw, 231px\" \/><\/a><\/td>\n<td style=\"width: 48pt;\" width=\"64\"><a href=\"https:\/\/westonclimate.com\/wp-content\/uploads\/2026\/02\/DSS_CE-GZES2005018609HS.pdf\" target=\"_blank\" rel=\"noopener\"><img loading=\"lazy\" decoding=\"async\" class=\"alignnone size-medium wp-image-11074\" src=\"https:\/\/westonclimate.com\/wp-content\/uploads\/2024\/06\/Cert_6-232x300.png\" alt=\"\" width=\"232\" height=\"300\" srcset=\"https:\/\/westonclimate.com\/wp-content\/uploads\/2024\/06\/Cert_6-232x300.png 232w, https:\/\/westonclimate.com\/wp-content\/uploads\/2024\/06\/Cert_6-792x1024.png 792w, https:\/\/westonclimate.com\/wp-content\/uploads\/2024\/06\/Cert_6-768x992.png 768w, https:\/\/westonclimate.com\/wp-content\/uploads\/2024\/06\/Cert_6-9x12.png 9w, https:\/\/westonclimate.com\/wp-content\/uploads\/2024\/06\/Cert_6-600x775.png 600w, https:\/\/westonclimate.com\/wp-content\/uploads\/2024\/06\/Cert_6.png 893w\" sizes=\"(max-width: 232px) 100vw, 232px\" \/><\/a><\/td>\n<td style=\"width: 48pt;\" width=\"64\"><a href=\"https:\/\/westonclimate.com\/wp-content\/uploads\/2026\/02\/DSS_GZEM2005012684HSVR.pdf\" target=\"_blank\" rel=\"noopener\"><img loading=\"lazy\" decoding=\"async\" class=\"alignnone size-medium wp-image-11076\" src=\"https:\/\/westonclimate.com\/wp-content\/uploads\/2024\/06\/Cert_7-231x300.png\" alt=\"\" width=\"231\" height=\"300\" srcset=\"https:\/\/westonclimate.com\/wp-content\/uploads\/2024\/06\/Cert_7-231x300.png 231w, https:\/\/westonclimate.com\/wp-content\/uploads\/2024\/06\/Cert_7-789x1024.png 789w, https:\/\/westonclimate.com\/wp-content\/uploads\/2024\/06\/Cert_7-768x997.png 768w, https:\/\/westonclimate.com\/wp-content\/uploads\/2024\/06\/Cert_7-9x12.png 9w, https:\/\/westonclimate.com\/wp-content\/uploads\/2024\/06\/Cert_7-600x779.png 600w, https:\/\/westonclimate.com\/wp-content\/uploads\/2024\/06\/Cert_7.png 887w\" sizes=\"(max-width: 231px) 100vw, 231px\" \/><\/a><\/td>\n<\/tr>\n<\/tbody>\n<\/table>\n<p><strong>Toimitusaika enint\u00e4\u00e4n 45 ty\u00f6p\u00e4iv\u00e4\u00e4.<\/strong><\/p>\n<p>&nbsp;<\/p>","protected":false},"featured_media":3905,"template":"","meta":[],"product_brand":[],"product_cat":[121,122,35],"product_tag":[],"class_list":{"0":"post-3698","1":"product","2":"type-product","3":"status-publish","4":"has-post-thumbnail","6":"product_cat-laeventilatsioon","7":"product_cat-vertikaalsed","8":"product_cat-ventilatsiooniseadmed","10":"first","11":"instock","12":"taxable","13":"shipping-taxable","14":"purchasable","15":"product-type-variable"},"_links":{"self":[{"href":"https:\/\/westonclimate.com\/fi\/wp-json\/wp\/v2\/product\/3698","targetHints":{"allow":["GET"]}}],"collection":[{"href":"https:\/\/westonclimate.com\/fi\/wp-json\/wp\/v2\/product"}],"about":[{"href":"https:\/\/westonclimate.com\/fi\/wp-json\/wp\/v2\/types\/product"}],"version-history":[{"count":10,"href":"https:\/\/westonclimate.com\/fi\/wp-json\/wp\/v2\/product\/3698\/revisions"}],"predecessor-version":[{"id":11078,"href":"https:\/\/westonclimate.com\/fi\/wp-json\/wp\/v2\/product\/3698\/revisions\/11078"}],"wp:featuredmedia":[{"embeddable":true,"href":"https:\/\/westonclimate.com\/fi\/wp-json\/wp\/v2\/media\/3905"}],"wp:attachment":[{"href":"https:\/\/westonclimate.com\/fi\/wp-json\/wp\/v2\/media?parent=3698"}],"wp:term":[{"taxonomy":"product_brand","embeddable":true,"href":"https:\/\/westonclimate.com\/fi\/wp-json\/wp\/v2\/product_brand?post=3698"},{"taxonomy":"product_cat","embeddable":true,"href":"https:\/\/westonclimate.com\/fi\/wp-json\/wp\/v2\/product_cat?post=3698"},{"taxonomy":"product_tag","embeddable":true,"href":"https:\/\/westonclimate.com\/fi\/wp-json\/wp\/v2\/product_tag?post=3698"}],"curies":[{"name":"wp","href":"https:\/\/api.w.org\/{rel}","templated":true}]}}