{"id":3801,"date":"2024-06-26T21:29:14","date_gmt":"2024-06-26T21:29:14","guid":{"rendered":"https:\/\/wmdcompany.eu\/?post_type=product&#038;p=3801"},"modified":"2026-01-22T13:29:48","modified_gmt":"2026-01-22T13:29:48","slug":"weston-climate-monoblock-inverter-ohk-vesi-soojuspump-25kw","status":"publish","type":"product","link":"https:\/\/westonclimate.com\/fi\/tooted\/weston-ilmasto-monoblock-invertteri-ohk-vesi-lampopumppu-25kw\/","title":{"rendered":"Weston Climate monoblock invertteri ilma-vesil\u00e4mp\u00f6pumppu 25kW"},"content":{"rendered":"<ul>\n<li>Nimellinen l\u00e4mmitysteho:<strong>\u00a025 kW<\/strong><\/li>\n<li>L\u00e4mmitystehoalue:\u00a0<strong>8,54-30,32 kW<\/strong><\/li>\n<li>COP-alue:\u00a0<strong>5,12-2,56 w\/w<\/strong><\/li>\n<li><strong>P\u00f6rssin s\u00e4hk\u00f6nhintojen seurantaj\u00e4rjestelm\u00e4n valmius (SG)<\/strong><\/li>\n<li><strong>WiFi<\/strong><\/li>\n<li>Virtal\u00e4hteen j\u00e4nnite:\u00a0<strong>380-415\/50 V\/Hz<\/strong><\/li>\n<li>Kompressori:\u00a0<strong>DC-invertteri + EVI<\/strong><\/li>\n<li>Puhaltimen moottori:\u00a0<strong>DC-invertteri<\/strong><\/li>\n<li>Vesipumppu:\u00a0<strong>DC-invertteri<\/strong><\/li>\n<li>Energialuokka:\u00a0<strong>A+++<\/strong><\/li>\n<li>Ulkoilman l\u00e4mp\u00f6tila:\u00a0<strong>-35-40\u00b0C<\/strong><\/li>\n<li>L\u00e4mmitystilan l\u00e4mp\u00f6tila-alue:\u00a0<strong>30-60\u00b0C<\/strong><\/li>\n<li>Melutaso:\u00a0<strong>jopa\u00a0<\/strong><strong>62 dB(A)<\/strong><\/li>\n<li>Paino:\u00a0<strong>162 kg<\/strong><\/li>\n<li>Mitat (pituus, leveys, korkeus):\u00a0<strong>1200x430x1550 mm<\/strong><\/li>\n<\/ul>","protected":false},"excerpt":{"rendered":"<p><strong>Weston Climate MONOBLOCK invertteri ilma-vesil\u00e4mp\u00f6pumppu 25 kW. <\/strong>Toiminnot: l\u00e4mmitystila, l\u00e4mminvesitila, j\u00e4\u00e4hdytystila, l\u00e4mmitys- ja l\u00e4mminvesitila, j\u00e4\u00e4hdytys- ja l\u00e4mminvesitila.<\/p>\n<p>Suositeltu pinta-ala (hyv\u00e4n eristyksen saavuttamiseksi): enint\u00e4\u00e4n 450 m2.<\/p>\n<p>Tuotteet ovat varastossa.\u00a0<strong>Nopea toimitus, vain 5-7 ty\u00f6p\u00e4iv\u00e4\u00e4.<\/strong><\/p>\n<p><strong>Tuote on tehdasasennettu, kysy hinta!<\/strong><\/p>","protected":false},"featured_media":10980,"template":"","meta":[],"product_brand":[],"product_cat":[116,63,65],"product_tag":[],"class_list":{"0":"post-3801","1":"product","2":"type-product","3":"status-publish","4":"has-post-thumbnail","6":"product_cat-monobloc-weston-r32","7":"product_cat-soojuspumbad","8":"product_cat-soojuspump-monobloc","10":"first","11":"instock","12":"taxable","13":"shipping-taxable","14":"purchasable","15":"product-type-simple"},"_links":{"self":[{"href":"https:\/\/westonclimate.com\/fi\/wp-json\/wp\/v2\/product\/3801","targetHints":{"allow":["GET"]}}],"collection":[{"href":"https:\/\/westonclimate.com\/fi\/wp-json\/wp\/v2\/product"}],"about":[{"href":"https:\/\/westonclimate.com\/fi\/wp-json\/wp\/v2\/types\/product"}],"version-history":[{"count":7,"href":"https:\/\/westonclimate.com\/fi\/wp-json\/wp\/v2\/product\/3801\/revisions"}],"predecessor-version":[{"id":10529,"href":"https:\/\/westonclimate.com\/fi\/wp-json\/wp\/v2\/product\/3801\/revisions\/10529"}],"wp:featuredmedia":[{"embeddable":true,"href":"https:\/\/westonclimate.com\/fi\/wp-json\/wp\/v2\/media\/10980"}],"wp:attachment":[{"href":"https:\/\/westonclimate.com\/fi\/wp-json\/wp\/v2\/media?parent=3801"}],"wp:term":[{"taxonomy":"product_brand","embeddable":true,"href":"https:\/\/westonclimate.com\/fi\/wp-json\/wp\/v2\/product_brand?post=3801"},{"taxonomy":"product_cat","embeddable":true,"href":"https:\/\/westonclimate.com\/fi\/wp-json\/wp\/v2\/product_cat?post=3801"},{"taxonomy":"product_tag","embeddable":true,"href":"https:\/\/westonclimate.com\/fi\/wp-json\/wp\/v2\/product_tag?post=3801"}],"curies":[{"name":"wp","href":"https:\/\/api.w.org\/{rel}","templated":true}]}}