{"id":3814,"date":"2024-06-26T21:59:17","date_gmt":"2024-06-26T21:59:17","guid":{"rendered":"https:\/\/wmdcompany.eu\/?post_type=product&#038;p=3814"},"modified":"2025-12-22T15:46:48","modified_gmt":"2025-12-22T15:46:48","slug":"weston-climate-split-inverter-ohk-vesi-soojuspump-18kw","status":"publish","type":"product","link":"https:\/\/westonclimate.com\/fi\/tooted\/weston-ilmasto-split-invertteri-ohk-vesi-lampopumppu-18kw\/","title":{"rendered":"Weston Climate split invertteri ilma-vesil\u00e4mp\u00f6pumppu 18kW"},"content":{"rendered":"<ul>\n<li>Nimellinen l\u00e4mmitysteho:<strong>\u00a018 kW<\/strong><\/li>\n<li>L\u00e4mmitystehoalue:\u00a0<strong>5,56-20,20 kW<\/strong><\/li>\n<li>L\u00e4mmitin: mukana, laitteen sis\u00e4ll\u00e4<\/li>\n<li>COP-alue:\u00a0<strong>5,08-2,54 w\/w<\/strong><\/li>\n<li><strong>P\u00f6rssin s\u00e4hk\u00f6nhintojen seurantaj\u00e4rjestelm\u00e4n valmius (SG)<\/strong><\/li>\n<li><strong>WiFi<\/strong><\/li>\n<li>Virtal\u00e4hteen j\u00e4nnite:\u00a0<strong>380-415\/50 V\/Hz<\/strong><\/li>\n<li>Kompressori:\u00a0<strong>DC-invertteri + EVI<\/strong><\/li>\n<li>Puhaltimen moottori:\u00a0<strong>DC-invertteri<\/strong><\/li>\n<li>Vesipumppu:\u00a0<strong>DC-invertteri<\/strong><\/li>\n<li>Kylm\u00e4aine: R32<\/li>\n<li>Energialuokka:\u00a0<strong>A+++<\/strong><\/li>\n<li>Ulkoilman l\u00e4mp\u00f6tila:\u00a0<strong>-35-40\u00b0C<\/strong><\/li>\n<li>L\u00e4mmitystilan l\u00e4mp\u00f6tila-alue:\u00a0<strong>30-60\u00b0C<\/strong><\/li>\n<li>Sis\u00e4inen melutaso:\u00a0<strong>jopa\u00a0<\/strong><strong>32 dB(A)<\/strong><\/li>\n<li>Ulkolaitteiden melutaso:\u00a0<strong>jopa\u00a0<\/strong><strong>5<\/strong><strong>8 dB(A)<\/strong><\/li>\n<li>Sy\u00f6tt\u00f6laitteen paino:\u00a0<strong>52 kg<\/strong><\/li>\n<li>Ulkoyksik\u00f6n paino:\u00a0<strong>110 kg<\/strong><\/li>\n<li>Sis\u00e4yksik\u00f6n mitat (pituus, leveys, korkeus):\u00a0<strong>550x430x800 mm<\/strong><\/li>\n<li>Ulkoyksik\u00f6n mitat (pituus, leveys, korkeus):\u00a0<strong>1000x390x1380 mm<\/strong><\/li>\n<\/ul>","protected":false},"excerpt":{"rendered":"<p><strong>Weston Climate SPLIT invertteri ilma-vesil\u00e4mp\u00f6pumppu 18 kW. <\/strong>Toiminnot: l\u00e4mmitystila, l\u00e4mminvesitila, j\u00e4\u00e4hdytystila, l\u00e4mmitys- ja l\u00e4mminvesitila, j\u00e4\u00e4hdytys- ja l\u00e4mminvesitila.<\/p>\n<p>Suositeltu pinta-ala (hyv\u00e4n eristyksen saavuttamiseksi): enint\u00e4\u00e4n 325 m2.<\/p>\n<p><strong>Toimitusaika enint\u00e4\u00e4n 5 ty\u00f6p\u00e4iv\u00e4\u00e4.<\/strong><\/p>","protected":false},"featured_media":6808,"template":"","meta":[],"product_brand":[],"product_cat":[63,64],"product_tag":[],"class_list":{"0":"post-3814","1":"product","2":"type-product","3":"status-publish","4":"has-post-thumbnail","6":"product_cat-soojuspumbad","7":"product_cat-soojuspump-split","9":"first","10":"instock","11":"taxable","12":"shipping-taxable","13":"purchasable","14":"product-type-variable"},"_links":{"self":[{"href":"https:\/\/westonclimate.com\/fi\/wp-json\/wp\/v2\/product\/3814","targetHints":{"allow":["GET"]}}],"collection":[{"href":"https:\/\/westonclimate.com\/fi\/wp-json\/wp\/v2\/product"}],"about":[{"href":"https:\/\/westonclimate.com\/fi\/wp-json\/wp\/v2\/types\/product"}],"version-history":[{"count":5,"href":"https:\/\/westonclimate.com\/fi\/wp-json\/wp\/v2\/product\/3814\/revisions"}],"predecessor-version":[{"id":9409,"href":"https:\/\/westonclimate.com\/fi\/wp-json\/wp\/v2\/product\/3814\/revisions\/9409"}],"wp:featuredmedia":[{"embeddable":true,"href":"https:\/\/westonclimate.com\/fi\/wp-json\/wp\/v2\/media\/6808"}],"wp:attachment":[{"href":"https:\/\/westonclimate.com\/fi\/wp-json\/wp\/v2\/media?parent=3814"}],"wp:term":[{"taxonomy":"product_brand","embeddable":true,"href":"https:\/\/westonclimate.com\/fi\/wp-json\/wp\/v2\/product_brand?post=3814"},{"taxonomy":"product_cat","embeddable":true,"href":"https:\/\/westonclimate.com\/fi\/wp-json\/wp\/v2\/product_cat?post=3814"},{"taxonomy":"product_tag","embeddable":true,"href":"https:\/\/westonclimate.com\/fi\/wp-json\/wp\/v2\/product_tag?post=3814"}],"curies":[{"name":"wp","href":"https:\/\/api.w.org\/{rel}","templated":true}]}}