{"id":4277,"date":"2024-07-03T15:42:34","date_gmt":"2024-07-03T15:42:34","guid":{"rendered":"https:\/\/wmdcompany.eu\/?post_type=product&#038;p=4277"},"modified":"2025-12-26T15:09:18","modified_gmt":"2025-12-26T15:09:18","slug":"weston-climate-seinale-kinnitatav-soojustagastusega-ventilatsiooniseade-werv","status":"publish","type":"product","link":"https:\/\/westonclimate.com\/fi\/tooted\/weston-climate-seinaan-asennettava-lammontalteenoton-ilmanvaihtolaite-werv\/","title":{"rendered":"Weston Climate sein\u00e4\u00e4n asennettava l\u00e4mm\u00f6ntalteenoton ilmanvaihtolaite WERV"},"content":{"rendered":"<p><strong>Ominaisuudet:<\/strong><\/p>\n<ul>\n<li>Tyylik\u00e4s koristeellinen etupaneeli.<\/li>\n<li>Yksi yksikk\u00f6 palvelee jopa\u00a0<strong>50m2<\/strong>\u00a0tilaa.<\/li>\n<li>Nopea asennus ulkosein\u00e4n l\u00e4pi.<\/li>\n<li>Energiatehokkuus 82%.<\/li>\n<li>Hiljainen toiminta (22-38 dBA).<\/li>\n<li>Sis\u00e4ilman seuranta (kosteus, l\u00e4mp\u00f6tila, CO2).<\/li>\n<li>Tuloilman puhdistus esisuodattimella + keskussuodattimella + HEPA-suodattimella ja aktiivihiilisuodattimella.<\/li>\n<li>Ohut, kevyt, kompakti.<\/li>\n<li>Hallittavissa sovelluksen kautta.<\/li>\n<li>8-nopeuksinen tasavirtamoottori.<\/li>\n<\/ul>\n<p><strong>Tekniset tiedot:<\/strong><\/p>\n<ul>\n<li>J\u00e4nnite: 100V~240V AC \/50-60Hz<\/li>\n<li>Teho (W): 12,6 - 43,8<\/li>\n<li>Ampeeriluku (A): 0,16 - 0,37<\/li>\n<li>Ilmavirta: 50 - 150m3\/h<\/li>\n<li>\u00c4\u00e4nenpaineen taso (dBA): 22,6 - 37,9<\/li>\n<li>Mitat: 450x155x660mm<\/li>\n<li>Paino: 10kg<\/li>\n<\/ul>","protected":false},"excerpt":{"rendered":"<p><strong>Weston Climate<\/strong> tehokas <strong>WERV sein\u00e4\u00e4n asennettava l\u00e4mm\u00f6ntalteenoton ilmanvaihtolaite<\/strong>\u00a0varmistaa korkean ilmanlaadun valvomalla samanaikaisesti kosteutta, l\u00e4mp\u00f6tilaa ja CO2-tasoja. Matalat 22-38 dBA:n melutasot takaavat hiljaisen ja h\u00e4iri\u00f6tt\u00f6m\u00e4n huoneen mille tahansa toiminnalle. Nopea ja helppo asennus ulkosein\u00e4n l\u00e4pi on kaikkien ulottuvilla, ja useita yksik\u00f6it\u00e4 voidaan ohjata ryhm\u00e4ss\u00e4 samanaikaisesti. Yksikk\u00f6 on valmistettu mittatilausty\u00f6n\u00e4 ja mukautettu eurooppalaisiin ja skandinaavisiin vaatimuksiin.<\/p>\n<p><strong>Toimitusaika enint\u00e4\u00e4n 45 ty\u00f6p\u00e4iv\u00e4\u00e4.<\/strong><\/p>","protected":false},"featured_media":7643,"template":"","meta":[],"product_brand":[],"product_cat":[124,35],"product_tag":[],"class_list":{"0":"post-4277","1":"product","2":"type-product","3":"status-publish","4":"has-post-thumbnail","6":"product_cat-lokaalsed","7":"product_cat-ventilatsiooniseadmed","9":"first","10":"onbackorder","11":"taxable","12":"shipping-taxable","13":"purchasable","14":"product-type-variable"},"_links":{"self":[{"href":"https:\/\/westonclimate.com\/fi\/wp-json\/wp\/v2\/product\/4277","targetHints":{"allow":["GET"]}}],"collection":[{"href":"https:\/\/westonclimate.com\/fi\/wp-json\/wp\/v2\/product"}],"about":[{"href":"https:\/\/westonclimate.com\/fi\/wp-json\/wp\/v2\/types\/product"}],"version-history":[{"count":6,"href":"https:\/\/westonclimate.com\/fi\/wp-json\/wp\/v2\/product\/4277\/revisions"}],"predecessor-version":[{"id":9315,"href":"https:\/\/westonclimate.com\/fi\/wp-json\/wp\/v2\/product\/4277\/revisions\/9315"}],"wp:featuredmedia":[{"embeddable":true,"href":"https:\/\/westonclimate.com\/fi\/wp-json\/wp\/v2\/media\/7643"}],"wp:attachment":[{"href":"https:\/\/westonclimate.com\/fi\/wp-json\/wp\/v2\/media?parent=4277"}],"wp:term":[{"taxonomy":"product_brand","embeddable":true,"href":"https:\/\/westonclimate.com\/fi\/wp-json\/wp\/v2\/product_brand?post=4277"},{"taxonomy":"product_cat","embeddable":true,"href":"https:\/\/westonclimate.com\/fi\/wp-json\/wp\/v2\/product_cat?post=4277"},{"taxonomy":"product_tag","embeddable":true,"href":"https:\/\/westonclimate.com\/fi\/wp-json\/wp\/v2\/product_tag?post=4277"}],"curies":[{"name":"wp","href":"https:\/\/api.w.org\/{rel}","templated":true}]}}