{"id":4330,"date":"2024-07-05T10:24:33","date_gmt":"2024-07-05T10:24:33","guid":{"rendered":"https:\/\/wmdcompany.eu\/?post_type=product&#038;p=4330"},"modified":"2026-01-16T13:45:25","modified_gmt":"2026-01-16T13:45:25","slug":"weston-climate-evo-seeria-450-550m3-soojustagastusega-ventilatsiooniseade","status":"publish","type":"product","link":"https:\/\/westonclimate.com\/fi\/tooted\/weston-climate-evo-series-450-550m3-lammontalteenotto-ilmanvaihtolaite\/","title":{"rendered":"Weston Climate Evo-sarjan 450-550 m3 l\u00e4mm\u00f6n talteenotto-ilmanvaihtolaite"},"content":{"rendered":"<p><strong>Ominaisuudet:<\/strong><\/p>\n<ul>\n<li>Kompakti muotoilu, soveltuu kattoon\/sein\u00e4\u00e4n asennettavaksi.<\/li>\n<li>Viime viikolla l\u00e4mm\u00f6nvaihtimesta<\/li>\n<li>Korkea staattinen paine, energiatehokas elektronisesti kommutoitu EC-moottori (BLDC).<\/li>\n<li>Energiatehokkuus jopa 96%<\/li>\n<li>Vakio kes\u00e4aikaisen ohituskaistan integrointi<\/li>\n<li>Erinomainen suorituskyky<\/li>\n<li>Mugav alumine hoolduspaneel &#8211; lihtne filtrihooldus<\/li>\n<li>Sis\u00e4tilojen l\u00e4mp\u00f6tilan\/suhteellisen kosteuden anturit<\/li>\n<li>Vaatimustenmukaisuus: EU1253\/2014 ErP EcoDesign<\/li>\n<li>Madal energiatarve &#8211; A+ energiam\u00e4rgis<\/li>\n<\/ul>\n<p><strong>Ohjaustoiminnot:<\/strong><\/p>\n<ul>\n<li>Integroitu hallintoj\u00e4rjestelm\u00e4<\/li>\n<li>HD 7-tuumainen v\u00e4rikosketusn\u00e4ytt\u00f6, jossa on reaaliaikainen sis\u00e4ilman laadun n\u00e4ytt\u00f6.<\/li>\n<li>Paikallinen kysynn\u00e4n hallinta muuttuvalla nopeudella<\/li>\n<li>Modbus RS485 \u00e4lykk\u00e4\u00e4n talon liit\u00e4nt\u00e4<\/li>\n<li>Sis\u00e4ilman laadun (IAQ) anturit CO2\/PM2.5\/vOCs\/TEMP\/RH<\/li>\n<li>Ehdotettu viikoittainen toiminta<\/li>\n<li>Valinnainen erillinen tuulettimen ohjaus<\/li>\n<li>Useiden ulkoisten CO2\/RH\/TEMP-antureiden liitt\u00e4minen<\/li>\n<li>Useiden ulkoisten boost-kytkimien kytkent\u00e4<\/li>\n<li>Sis\u00e4\u00e4ntulo\/Fusion\/IAQ-automaatio<\/li>\n<li>Saatavana kaukos\u00e4\u00e4timell\u00e4<\/li>\n<li>Ilmoitus suodattimen k\u00e4\u00e4nteisest\u00e4 lukemisesta\/vaihdosta<\/li>\n<li>Ohjauspaneelin t\u00e4ydelliset asetukset<\/li>\n<\/ul>\n<p><strong>Tekniset tiedot:<\/strong><\/p>\n<ul>\n<li>Ilmanvaihtomoottorin tyyppi: EC<\/li>\n<li>Suurin ilmavirta (m3\/h):\u00a0<strong><em>450@100Pa \/ 500@100Pa \/ 550@100Pa<\/em><\/strong><\/li>\n<li>Suurin nimellisteho:\u00a0<strong><em>230V-50Hz; 235W; 1.6A \/ 230V-50Hz; 310W; 2A \/ 230V-50Hz; 370W; 2.4A<\/em><\/strong><\/li>\n<li>Sy\u00f6tt\u00f6tehoalue: 200-240 V; 50\/60Hz<\/li>\n<li>Paino (kg): 77<\/li>\n<li>Suodatin: G4<\/li>\n<li>Tehosuodatin: G4, F8 (valinnainen)<\/li>\n<li>Suurin staattinen paine (Pa):\u00a0<strong><em>570 \/ 570 \/ 570<\/em><\/strong><\/li>\n<li>L\u00e4mm\u00f6nvaihtimen tyyppi: vastavirta<\/li>\n<li>Energiatehokkuus (%):\u00a0<strong><em>87-96 \/ 84-96 \/ 80-96<\/em><\/strong><\/li>\n<li>Sis\u00e4inen eristysmateriaali: vaahtomuovipolyeteeni<\/li>\n<li>Rungon materiaali: pinnoitettu ter\u00e4slevy<\/li>\n<li>L\u00e4p\u00e4isev\u00e4n ilman l\u00e4mp\u00f6tila (C): -25 - +50 astetta.<\/li>\n<li>Ty\u00f6ymp\u00e4rist\u00f6n l\u00e4mp\u00f6tila (C): +5 - +40 astetta.<\/li>\n<li>Ty\u00f6ymp\u00e4rist\u00f6n suhteellinen kosteus (%): alle 80 %.<\/li>\n<li>Liitetyn ilmakanavan aukko (mm): 200<\/li>\n<\/ul>","protected":false},"excerpt":{"rendered":"<p><strong>Weston Climate<\/strong><strong> CS Evo-sarjan 450-550 m3 l\u00e4mm\u00f6n talteenotto-ilmanvaihtolaite <\/strong>ovat rakenteeltaan kompakteja ja suunniteltu uppoasennettaviksi tai uppoasennettaviksi. Soveltuvat k\u00e4ytett\u00e4v\u00e4ksi pieniss\u00e4 ja keskisuurissa yksityiskodeissa, toimistoissa, olohuoneissa, kuntosaleissa, l\u00e4\u00e4ketieteellisiss\u00e4 tiloissa, kaupoissa, hotelleissa, oppilaitoksissa, catering-tiloissa jne. <strong>Evo-sarjan 450-550 m3 l\u00e4mm\u00f6n talteenotto-ilmanvaihtolaite<\/strong> on otettu k\u00e4ytt\u00f6\u00f6n ja mukautettu vastaamaan eurooppalaisia ja skandinaavisia vaatimuksia. Laitteen rakentamisessa on k\u00e4ytetty korkealaatuisia materiaaleja, jotta CS-sarja on virheet\u00f6n ja eritt\u00e4in hiljainen. Nykyaikainen tekniikka takaa yksik\u00f6n luotettavuuden ja pitk\u00e4n k\u00e4ytt\u00f6i\u00e4n. CS-sarjan asennus on tehty eritt\u00e4in helpoksi, ja se on jokaisen yritteli\u00e4\u00e4n perheenis\u00e4n tai -naisen ulottuvilla.<\/p>\n<table style=\"border-collapse: collapse; width: 96pt;\" border=\"0\" width=\"128\" cellspacing=\"0\" cellpadding=\"0\">\n<tbody>\n<tr style=\"height: 15.0pt;\">\n<td style=\"height: 15.0pt; width: 48pt;\" width=\"64\" height=\"20\"><a href=\"https:\/\/westonclimate.com\/wp-content\/uploads\/2026\/01\/CE-Certificate-CS-SERIES-1.pdf\" target=\"_blank\" rel=\"noopener\"><img fetchpriority=\"high\" decoding=\"async\" class=\"alignnone size-medium wp-image-10923\" src=\"https:\/\/westonclimate.com\/wp-content\/uploads\/2024\/06\/CS-sert-213x300.png\" alt=\"\" width=\"213\" height=\"300\" srcset=\"https:\/\/westonclimate.com\/wp-content\/uploads\/2024\/06\/CS-sert-213x300.png 213w, https:\/\/westonclimate.com\/wp-content\/uploads\/2024\/06\/CS-sert-727x1024.png 727w, https:\/\/westonclimate.com\/wp-content\/uploads\/2024\/06\/CS-sert-768x1082.png 768w, https:\/\/westonclimate.com\/wp-content\/uploads\/2024\/06\/CS-sert-9x12.png 9w, https:\/\/westonclimate.com\/wp-content\/uploads\/2024\/06\/CS-sert-600x846.png 600w, https:\/\/westonclimate.com\/wp-content\/uploads\/2024\/06\/CS-sert.png 894w\" sizes=\"(max-width: 213px) 100vw, 213px\" \/><\/a><\/td>\n<td style=\"width: 48pt;\" width=\"64\"><a href=\"https:\/\/westonclimate.com\/wp-content\/uploads\/2024\/07\/CE-Certificate-CS-SERIES-2.pdf\" target=\"_blank\" rel=\"noopener\"><img decoding=\"async\" class=\"alignnone size-medium wp-image-10956\" src=\"https:\/\/westonclimate.com\/wp-content\/uploads\/2024\/07\/CS-sert_2-207x300.png\" alt=\"\" width=\"207\" height=\"300\" srcset=\"https:\/\/westonclimate.com\/wp-content\/uploads\/2024\/07\/CS-sert_2-207x300.png 207w, https:\/\/westonclimate.com\/wp-content\/uploads\/2024\/07\/CS-sert_2-707x1024.png 707w, https:\/\/westonclimate.com\/wp-content\/uploads\/2024\/07\/CS-sert_2-768x1112.png 768w, https:\/\/westonclimate.com\/wp-content\/uploads\/2024\/07\/CS-sert_2-8x12.png 8w, https:\/\/westonclimate.com\/wp-content\/uploads\/2024\/07\/CS-sert_2-600x869.png 600w, https:\/\/westonclimate.com\/wp-content\/uploads\/2024\/07\/CS-sert_2.png 862w\" sizes=\"(max-width: 207px) 100vw, 207px\" \/><\/a><\/td>\n<\/tr>\n<\/tbody>\n<\/table>\n<p><strong>Toimitusaika enint\u00e4\u00e4n 45 ty\u00f6p\u00e4iv\u00e4\u00e4.<\/strong><\/p>","protected":false},"featured_media":5163,"template":"","meta":[],"product_brand":[],"product_cat":[121,35],"product_tag":[],"class_list":{"0":"post-4330","1":"product","2":"type-product","3":"status-publish","4":"has-post-thumbnail","6":"product_cat-laeventilatsioon","7":"product_cat-ventilatsiooniseadmed","9":"first","10":"instock","11":"taxable","12":"shipping-taxable","13":"purchasable","14":"product-type-variable"},"_links":{"self":[{"href":"https:\/\/westonclimate.com\/fi\/wp-json\/wp\/v2\/product\/4330","targetHints":{"allow":["GET"]}}],"collection":[{"href":"https:\/\/westonclimate.com\/fi\/wp-json\/wp\/v2\/product"}],"about":[{"href":"https:\/\/westonclimate.com\/fi\/wp-json\/wp\/v2\/types\/product"}],"version-history":[{"count":9,"href":"https:\/\/westonclimate.com\/fi\/wp-json\/wp\/v2\/product\/4330\/revisions"}],"predecessor-version":[{"id":10958,"href":"https:\/\/westonclimate.com\/fi\/wp-json\/wp\/v2\/product\/4330\/revisions\/10958"}],"wp:featuredmedia":[{"embeddable":true,"href":"https:\/\/westonclimate.com\/fi\/wp-json\/wp\/v2\/media\/5163"}],"wp:attachment":[{"href":"https:\/\/westonclimate.com\/fi\/wp-json\/wp\/v2\/media?parent=4330"}],"wp:term":[{"taxonomy":"product_brand","embeddable":true,"href":"https:\/\/westonclimate.com\/fi\/wp-json\/wp\/v2\/product_brand?post=4330"},{"taxonomy":"product_cat","embeddable":true,"href":"https:\/\/westonclimate.com\/fi\/wp-json\/wp\/v2\/product_cat?post=4330"},{"taxonomy":"product_tag","embeddable":true,"href":"https:\/\/westonclimate.com\/fi\/wp-json\/wp\/v2\/product_tag?post=4330"}],"curies":[{"name":"wp","href":"https:\/\/api.w.org\/{rel}","templated":true}]}}