{"id":4359,"date":"2024-07-05T11:03:06","date_gmt":"2024-07-05T11:03:06","guid":{"rendered":"https:\/\/wmdcompany.eu\/?post_type=product&#038;p=4359"},"modified":"2025-12-14T14:51:59","modified_gmt":"2025-12-14T14:51:59","slug":"weston-climate-juhtpaneel-vk2-35-wifi-rakendus","status":"publish","type":"product","link":"https:\/\/westonclimate.com\/fi\/tooted\/weston-ilmastointiohjauspaneeli-vk2-35-wifi-sovellus\/","title":{"rendered":"Weston ilmastointipaneeli VK2-3.5\" (Wifi + sovellus)"},"content":{"rendered":"<ul>\n<li>3,5 tuuman n\u00e4ytt\u00f6<\/li>\n<li>Wifi + sovelluspohjainen hallinta<\/li>\n<li>Itsen\u00e4inen tuulettimen ohjaus<\/li>\n<li>Suodattimen hallinta ajastimella ja ilmoituksella<\/li>\n<li>Viikoittainen ty\u00f6 aikataulun mukaisesti<\/li>\n<li>Ilmanvaihdon tehostamistoiminto<\/li>\n<\/ul>","protected":false},"excerpt":{"rendered":"<p>Weston Climate 3,5 tolline <strong>ohjauspaneeli VK2<\/strong> (Wifi + sovellus). Eritt\u00e4in yksinkertainen, kompakti ja kevyt ohjausj\u00e4rjestelm\u00e4, joka on kaikkien helppo hallita.<span lang=\"ET\">.\u00a0<\/span><\/p>\n<p><strong>Toimitusaika enint\u00e4\u00e4n 45 ty\u00f6p\u00e4iv\u00e4\u00e4.<\/strong><\/p>","protected":false},"featured_media":4364,"template":"","meta":[],"product_brand":[],"product_cat":[35],"product_tag":[],"class_list":{"0":"post-4359","1":"product","2":"type-product","3":"status-publish","4":"has-post-thumbnail","6":"product_cat-ventilatsiooniseadmed","8":"first","9":"instock","10":"taxable","11":"shipping-taxable","12":"purchasable","13":"product-type-simple"},"_links":{"self":[{"href":"https:\/\/westonclimate.com\/fi\/wp-json\/wp\/v2\/product\/4359","targetHints":{"allow":["GET"]}}],"collection":[{"href":"https:\/\/westonclimate.com\/fi\/wp-json\/wp\/v2\/product"}],"about":[{"href":"https:\/\/westonclimate.com\/fi\/wp-json\/wp\/v2\/types\/product"}],"version-history":[{"count":6,"href":"https:\/\/westonclimate.com\/fi\/wp-json\/wp\/v2\/product\/4359\/revisions"}],"predecessor-version":[{"id":9325,"href":"https:\/\/westonclimate.com\/fi\/wp-json\/wp\/v2\/product\/4359\/revisions\/9325"}],"wp:featuredmedia":[{"embeddable":true,"href":"https:\/\/westonclimate.com\/fi\/wp-json\/wp\/v2\/media\/4364"}],"wp:attachment":[{"href":"https:\/\/westonclimate.com\/fi\/wp-json\/wp\/v2\/media?parent=4359"}],"wp:term":[{"taxonomy":"product_brand","embeddable":true,"href":"https:\/\/westonclimate.com\/fi\/wp-json\/wp\/v2\/product_brand?post=4359"},{"taxonomy":"product_cat","embeddable":true,"href":"https:\/\/westonclimate.com\/fi\/wp-json\/wp\/v2\/product_cat?post=4359"},{"taxonomy":"product_tag","embeddable":true,"href":"https:\/\/westonclimate.com\/fi\/wp-json\/wp\/v2\/product_tag?post=4359"}],"curies":[{"name":"wp","href":"https:\/\/api.w.org\/{rel}","templated":true}]}}