{"id":4368,"date":"2024-07-05T11:09:12","date_gmt":"2024-07-05T11:09:12","guid":{"rendered":"https:\/\/wmdcompany.eu\/?post_type=product&#038;p=4368"},"modified":"2025-12-13T18:17:49","modified_gmt":"2025-12-13T18:17:49","slug":"weston-climate-juhtpaneel-vk8-7-wifi-rakendus","status":"publish","type":"product","link":"https:\/\/westonclimate.com\/fi\/tooted\/weston-ilmastoinnin-ohjauspaneeli-vk8-7-wifi-sovellus\/","title":{"rendered":"Weston ilmastointipaneeli VK8-7\u2033 (Wifi + sovellus)"},"content":{"rendered":"<ul>\n<li>HD 7-tuumainen v\u00e4rillinen kosketusn\u00e4ytt\u00f6<\/li>\n<li>Reaaliaikainen sis\u00e4ilman laadun n\u00e4ytt\u00f6<\/li>\n<li>Integroitu hallintoj\u00e4rjestelm\u00e4<\/li>\n<li>Muuttuva nopeuden s\u00e4\u00e4t\u00f6 tarpeen mukaan<\/li>\n<li>Modbus RS485 Smart Home -yhteys<\/li>\n<li>Sis\u00e4ilma-anturit: Co2, PM2.5, VOC, l\u00e4mp\u00f6tila, RH<\/li>\n<li>Viikoittainen aikataulutettu ty\u00f6<\/li>\n<li>Valinnainen erillinen tuulettimen ohjaus<\/li>\n<li>Mahdollisuus liitt\u00e4\u00e4 ulkoisia antureita: Co2, RH, Temp.<\/li>\n<li>Mittausvirta, sulaminen, IAQ-automaatio<\/li>\n<li>Ohjaus Wifi + sovellus<\/li>\n<li>Ilmoitus suodattimen vaihdosta<\/li>\n<li>T\u00e4ysi valvonta ohjauspaneelin kautta<\/li>\n<\/ul>","protected":false},"excerpt":{"rendered":"<p><strong>Weston Climate<\/strong> 7-tuumainen VK8-ohjauspaneeli (Wifi + sovellus). Edistyksellisin ja monipuolisin ohjausj\u00e4rjestelm\u00e4, jolla saat kotisi ilmaston juuri sellaiseksi kuin haluat. HD 7-tuumainen n\u00e4ytt\u00f6 tekee siit\u00e4 erityisen helppok\u00e4ytt\u00f6isen ja helppok\u00e4ytt\u00f6isen kaikille. <strong>Ohjauspaneeli sis\u00e4ltyy kaikkiin Weston Climate -yksik\u00f6ihin.<\/strong><\/p>\n<p><strong>Toimitusaika enint\u00e4\u00e4n 45 ty\u00f6p\u00e4iv\u00e4\u00e4.<\/strong><\/p>","protected":false},"featured_media":5164,"template":"","meta":[],"product_brand":[],"product_cat":[35],"product_tag":[],"class_list":{"0":"post-4368","1":"product","2":"type-product","3":"status-publish","4":"has-post-thumbnail","6":"product_cat-ventilatsiooniseadmed","8":"first","9":"instock","10":"taxable","11":"shipping-taxable","12":"purchasable","13":"product-type-simple"},"_links":{"self":[{"href":"https:\/\/westonclimate.com\/fi\/wp-json\/wp\/v2\/product\/4368","targetHints":{"allow":["GET"]}}],"collection":[{"href":"https:\/\/westonclimate.com\/fi\/wp-json\/wp\/v2\/product"}],"about":[{"href":"https:\/\/westonclimate.com\/fi\/wp-json\/wp\/v2\/types\/product"}],"version-history":[{"count":9,"href":"https:\/\/westonclimate.com\/fi\/wp-json\/wp\/v2\/product\/4368\/revisions"}],"predecessor-version":[{"id":9326,"href":"https:\/\/westonclimate.com\/fi\/wp-json\/wp\/v2\/product\/4368\/revisions\/9326"}],"wp:featuredmedia":[{"embeddable":true,"href":"https:\/\/westonclimate.com\/fi\/wp-json\/wp\/v2\/media\/5164"}],"wp:attachment":[{"href":"https:\/\/westonclimate.com\/fi\/wp-json\/wp\/v2\/media?parent=4368"}],"wp:term":[{"taxonomy":"product_brand","embeddable":true,"href":"https:\/\/westonclimate.com\/fi\/wp-json\/wp\/v2\/product_brand?post=4368"},{"taxonomy":"product_cat","embeddable":true,"href":"https:\/\/westonclimate.com\/fi\/wp-json\/wp\/v2\/product_cat?post=4368"},{"taxonomy":"product_tag","embeddable":true,"href":"https:\/\/westonclimate.com\/fi\/wp-json\/wp\/v2\/product_tag?post=4368"}],"curies":[{"name":"wp","href":"https:\/\/api.w.org\/{rel}","templated":true}]}}