{"id":4977,"date":"2024-10-30T07:55:22","date_gmt":"2024-10-30T07:55:22","guid":{"rendered":"https:\/\/wmdcompany.eu\/?post_type=product&#038;p=4977"},"modified":"2026-02-17T20:22:14","modified_gmt":"2026-02-17T20:22:14","slug":"weston-climate-r290-monoblock-evi-inverter-ohk-vesi-soojuspump-230v-5kw","status":"publish","type":"product","link":"https:\/\/westonclimate.com\/fi\/tooted\/weston-climate-r290-monoblock-evi-invertteri-ohk-vesilampopumppu-230v-5kw-5kw\/","title":{"rendered":"WESTON CLIMATE R290 MONOBLOCK EVI Invertteri ilma-vesil\u00e4mp\u00f6pumppu 230V 5kW 5kW"},"content":{"rendered":"<ul>\n<li>Virtal\u00e4hteen j\u00e4nnite:\u00a0<strong>220 &#8211; 240V<\/strong><\/li>\n<li>Energialuokka:\u00a0<strong>A+++<\/strong><\/li>\n<li>Nimellinen l\u00e4mmitysteho:\u00a0<strong>5 kW<\/strong><\/li>\n<li>L\u00e4mmitystehoalue:<strong> 1,6 &#8211; 5 kW<\/strong><\/li>\n<li>L\u00e4mmitysteho:\u00a0<strong>1,06 &#8211; 1,09 kW<\/strong><\/li>\n<li>COP:<strong>\u00a0enint\u00e4\u00e4n 5,09<\/strong><strong>\u00a0W\/W<\/strong><\/li>\n<li>J\u00e4\u00e4hdytysteho:\u00a0<strong>3,45 kW<\/strong><\/li>\n<li>J\u00e4\u00e4hdytyksen sy\u00f6tt\u00f6teho:\u00a0<strong>1,23<\/strong>\u00a0<strong>kW<\/strong><\/li>\n<li>EER:<strong>\u00a0jopa 2,80 W\/W<\/strong><\/li>\n<li>J\u00e4\u00e4hdytysnesteen tyyppi:\u00a0<strong>R290<\/strong><\/li>\n<li>Ulkoilman l\u00e4mp\u00f6tila:\u00a0<strong>-35 - 43\u00b0C<\/strong><\/li>\n<li>Veden l\u00e4mp\u00f6tila yl\u00e4virtaan enint\u00e4\u00e4n:\u00a0<strong>75\u00b0C<\/strong><\/li>\n<li>Pumpun paino:\u00a0<strong>82 kg<\/strong><\/li>\n<li>Pumpun mitat (pituus, leveys, korkeus):<strong>\u00a01100 \/ 470 \/ 660 mm<\/strong><\/li>\n<li>Pakkauksen paino:\u00a0<strong>88 kg<\/strong><\/li>\n<li>Pakkauksen mitat (pituus, leveys, korkeus):\u00a0<strong>1160 \/ 555 \/ 810 mm<\/strong><\/li>\n<\/ul>","protected":false},"excerpt":{"rendered":"<p><strong>WESTON CLIMATE R290 MONOBLOCK EVI Full DC Inverter ilma-vesil\u00e4mp\u00f6pumppu.<\/strong> Ominaisuudet: l\u00e4mmitystila, j\u00e4\u00e4hdytystila, l\u00e4mminvesitila, WiFi-ohjaus, ohjaus puhelimitse, SG-valmius, aurinkopaneelituki (PV-j\u00e4rjestelm\u00e4), GMCC-kompressori, hiljainen.<\/p>\n<p>R290-j\u00e4\u00e4hdytysnesteen k\u00e4ytt\u00f6 mahdollistaa korkeal\u00e4mp\u00f6isen veden tuottamisen (jopa 75 \u00b0C), ja -8 \u00b0C:n l\u00e4mp\u00f6tilasta alkaen EVI-tekniikka aktivoituu, mik\u00e4 v\u00e4hent\u00e4\u00e4 merkitt\u00e4v\u00e4sti energiankulutusta pakkasella sek\u00e4 l\u00e4mpim\u00e4n veden tuotannossa ett\u00e4 l\u00e4mmityksess\u00e4. Laite toimii taloudellisesti my\u00f6s -35 \u00b0C:n ymp\u00e4rist\u00f6l\u00e4mp\u00f6tilassa, ja se k\u00e4ytt\u00e4\u00e4 tasas\u00e4hk\u00f6ist\u00e4 invertteritekniikkaa tasaisen ja tasaisen toiminnan varmistamiseksi.<\/p>\n<p>Suositeltu pinta-ala (hyv\u00e4n eristyksen saavuttamiseksi): enint\u00e4\u00e4n 100 m2.<\/p>\n<table style=\"border-collapse: collapse; width: 144pt;\" border=\"0\" width=\"192\" cellspacing=\"0\" cellpadding=\"0\">\n<tbody>\n<tr style=\"height: 14.4pt;\">\n<td style=\"height: 14.4pt; width: 48pt;\" width=\"64\" height=\"19\"><a href=\"https:\/\/westonclimate.com\/wp-content\/uploads\/2026\/02\/CE-EMC.pdf\" target=\"_blank\" rel=\"noopener\"><img fetchpriority=\"high\" decoding=\"async\" class=\"alignnone size-medium wp-image-11120\" src=\"https:\/\/westonclimate.com\/wp-content\/uploads\/2024\/10\/Cert_290_3-210x300.png\" alt=\"\" width=\"210\" height=\"300\" srcset=\"https:\/\/westonclimate.com\/wp-content\/uploads\/2024\/10\/Cert_290_3-210x300.png 210w, https:\/\/westonclimate.com\/wp-content\/uploads\/2024\/10\/Cert_290_3-716x1024.png 716w, https:\/\/westonclimate.com\/wp-content\/uploads\/2024\/10\/Cert_290_3-768x1098.png 768w, https:\/\/westonclimate.com\/wp-content\/uploads\/2024\/10\/Cert_290_3-8x12.png 8w, https:\/\/westonclimate.com\/wp-content\/uploads\/2024\/10\/Cert_290_3-600x858.png 600w, https:\/\/westonclimate.com\/wp-content\/uploads\/2024\/10\/Cert_290_3.png 801w\" sizes=\"(max-width: 210px) 100vw, 210px\" \/><\/a><\/td>\n<td style=\"width: 48pt;\" width=\"64\"><a href=\"https:\/\/westonclimate.com\/wp-content\/uploads\/2026\/02\/The-CE-LVD-of-single-phase-R290-side-blow-heating-coolingdhw-heat-pump-newest-57kw.pdf\" target=\"_blank\" rel=\"noopener\"><img decoding=\"async\" class=\"alignnone size-medium wp-image-11122\" src=\"https:\/\/westonclimate.com\/wp-content\/uploads\/2024\/10\/Cert_290_5-211x300.png\" alt=\"\" width=\"211\" height=\"300\" srcset=\"https:\/\/westonclimate.com\/wp-content\/uploads\/2024\/10\/Cert_290_5-211x300.png 211w, https:\/\/westonclimate.com\/wp-content\/uploads\/2024\/10\/Cert_290_5-720x1024.png 720w, https:\/\/westonclimate.com\/wp-content\/uploads\/2024\/10\/Cert_290_5-768x1093.png 768w, https:\/\/westonclimate.com\/wp-content\/uploads\/2024\/10\/Cert_290_5-8x12.png 8w, https:\/\/westonclimate.com\/wp-content\/uploads\/2024\/10\/Cert_290_5-600x854.png 600w, https:\/\/westonclimate.com\/wp-content\/uploads\/2024\/10\/Cert_290_5.png 820w\" sizes=\"(max-width: 211px) 100vw, 211px\" \/><\/a><\/td>\n<td style=\"width: 48pt;\" width=\"64\"><a href=\"https:\/\/westonclimate.com\/wp-content\/uploads\/2026\/02\/curve_R290_50.pdf\" target=\"_blank\" rel=\"noopener\"><img decoding=\"async\" class=\"alignnone size-medium wp-image-11205\" src=\"https:\/\/westonclimate.com\/wp-content\/uploads\/2026\/02\/curv_R290_50-236x300.png\" alt=\"\" width=\"236\" height=\"300\" srcset=\"https:\/\/westonclimate.com\/wp-content\/uploads\/2026\/02\/curv_R290_50-236x300.png 236w, https:\/\/westonclimate.com\/wp-content\/uploads\/2026\/02\/curv_R290_50-805x1024.png 805w, https:\/\/westonclimate.com\/wp-content\/uploads\/2026\/02\/curv_R290_50-768x977.png 768w, https:\/\/westonclimate.com\/wp-content\/uploads\/2026\/02\/curv_R290_50-9x12.png 9w, https:\/\/westonclimate.com\/wp-content\/uploads\/2026\/02\/curv_R290_50-600x763.png 600w, https:\/\/westonclimate.com\/wp-content\/uploads\/2026\/02\/curv_R290_50.png 893w\" sizes=\"(max-width: 236px) 100vw, 236px\" \/><\/a><\/td>\n<\/tr>\n<tr style=\"height: 14.4pt;\">\n<td style=\"height: 14.4pt;\" height=\"19\"><\/td>\n<td><\/td>\n<td><\/td>\n<\/tr>\n<\/tbody>\n<\/table>","protected":false},"featured_media":4966,"template":"","meta":[],"product_brand":[],"product_cat":[119,115,63,114,65],"product_tag":[],"class_list":{"0":"post-4977","1":"product","2":"type-product","3":"status-publish","4":"has-post-thumbnail","6":"product_cat-monobloc-weston-r290-230","7":"product_cat-monobloc-weston-r290","8":"product_cat-soojuspumbad","9":"product_cat-monobloc-weston-climate","10":"product_cat-soojuspump-monobloc","12":"first","13":"instock","14":"taxable","15":"shipping-taxable","16":"purchasable","17":"product-type-simple"},"_links":{"self":[{"href":"https:\/\/westonclimate.com\/fi\/wp-json\/wp\/v2\/product\/4977","targetHints":{"allow":["GET"]}}],"collection":[{"href":"https:\/\/westonclimate.com\/fi\/wp-json\/wp\/v2\/product"}],"about":[{"href":"https:\/\/westonclimate.com\/fi\/wp-json\/wp\/v2\/types\/product"}],"version-history":[{"count":7,"href":"https:\/\/westonclimate.com\/fi\/wp-json\/wp\/v2\/product\/4977\/revisions"}],"predecessor-version":[{"id":11221,"href":"https:\/\/westonclimate.com\/fi\/wp-json\/wp\/v2\/product\/4977\/revisions\/11221"}],"wp:featuredmedia":[{"embeddable":true,"href":"https:\/\/westonclimate.com\/fi\/wp-json\/wp\/v2\/media\/4966"}],"wp:attachment":[{"href":"https:\/\/westonclimate.com\/fi\/wp-json\/wp\/v2\/media?parent=4977"}],"wp:term":[{"taxonomy":"product_brand","embeddable":true,"href":"https:\/\/westonclimate.com\/fi\/wp-json\/wp\/v2\/product_brand?post=4977"},{"taxonomy":"product_cat","embeddable":true,"href":"https:\/\/westonclimate.com\/fi\/wp-json\/wp\/v2\/product_cat?post=4977"},{"taxonomy":"product_tag","embeddable":true,"href":"https:\/\/westonclimate.com\/fi\/wp-json\/wp\/v2\/product_tag?post=4977"}],"curies":[{"name":"wp","href":"https:\/\/api.w.org\/{rel}","templated":true}]}}