{"id":5206,"date":"2025-01-28T19:10:36","date_gmt":"2025-01-28T19:10:36","guid":{"rendered":"https:\/\/wmdcompany.eu\/?post_type=product&#038;p=5206"},"modified":"2026-04-29T15:52:22","modified_gmt":"2026-04-29T15:52:22","slug":"krf-jahutus-ja-kute-2-6-kw","status":"publish","type":"product","link":"https:\/\/westonclimate.com\/fi\/tooted\/krf-jaahdytys-ja-lammitys-2-6-kw\/","title":{"rendered":"KRF L\u00c4MMITYS JA J\u00c4\u00c4HDYTYS 2,6 kW"},"content":{"rendered":"<ul>\n<li>Ilmoitettu kapasiteetti:<strong>\u00a02,6 kW<\/strong><\/li>\n<li>L\u00e4mmitystehoalue:\u00a0<strong>940-3360W<\/strong><\/li>\n<li>J\u00e4\u00e4hdytystehoalue:\u00a0<strong>940-3300W<\/strong><\/li>\n<li>SCOP julistaa..:\u00a0<strong>5,0 W\/W<\/strong><\/li>\n<li>SEER laskee.:\u00a0<strong>6,6 W\/W<\/strong><\/li>\n<li>WiFi:n hallinta<strong>: Mukana<\/strong><\/li>\n<li>Virtal\u00e4hteen j\u00e4nnite:\u00a0<strong>220-240\/50 V\/Hz<\/strong><\/li>\n<li>Kompressori:\u00a0<strong>DC-invertteri<\/strong><\/li>\n<li>Puhaltimen moottori:\u00a0<strong>DC-invertteri<\/strong><\/li>\n<li>Energialuokka:\u00a0<strong>jopa A+++<\/strong><\/li>\n<li>Ulkoilman l\u00e4mp\u00f6tila\/j\u00e4\u00e4hdytys:\u00a0<strong>-15 - 53\u00b0C<\/strong><\/li>\n<li>Ulkoilman l\u00e4mp\u00f6tila\/l\u00e4mp\u00f6:\u00a0<strong>-30 - 53\u00b0C<\/strong><\/li>\n<li>Sis\u00e4ilman l\u00e4mp\u00f6tila\/j\u00e4\u00e4hdytys:\u00a0<strong>17-32\u2070C<\/strong><\/li>\n<li>Sis\u00e4ilman l\u00e4mp\u00f6tila\/l\u00e4mp\u00f6:\u00a0<strong>0-30\u2070C<\/strong><\/li>\n<li>Melutaso:\u00a0<strong>jopa 45 dB(A)<\/strong><\/li>\n<li>Sis\u00e4tilojen paino:\u00a0<strong>8,5 kg<\/strong><\/li>\n<li>Ulkoisen osan paino:\u00a0<strong>25 kg<\/strong><\/li>\n<li>Mitat\/sis\u00e4tilat (pituus, leveys, korkeus):\u00a0<strong>698x255x190 mm<\/strong><\/li>\n<li>Mitat\/ulkomitat (pituus, leveys, korkeus):\u00a0<strong>712x276x459 mm<\/strong><\/li>\n<li>Pakkauksen mitat\/sis\u00e4iset mitat (pituus, leveys, korkeus)::\u00a0<strong>764x325x257mm<\/strong><\/li>\n<li>Pakkauksen mitat\/ulkomitat (pituus, leveys, korkeus)::\u00a0<strong>765x310x481mm<\/strong><\/li>\n<\/ul>","protected":false},"excerpt":{"rendered":"<p data-start=\"0\" data-end=\"46\"><strong data-start=\"36\" data-end=\"80\">Weston Climate ilmastointilaite KRF HEATING AND COOLING 2,6 kW<\/strong> on energiatehokas (jopa A+++), WiFi-ohjattu laite, joka sek\u00e4 j\u00e4\u00e4hdytt\u00e4\u00e4 ett\u00e4 l\u00e4mmitt\u00e4\u00e4. Se toimii hiljaisesti (jopa 45 dB) laajalla l\u00e4mp\u00f6tila-alueella (-30 - +53 \u00b0C) ja takaa miellytt\u00e4v\u00e4n sis\u00e4ilmaston ymp\u00e4ri vuoden. <strong data-start=\"329\" data-end=\"371\" data-is-last-node=\"\">Sopii enint\u00e4\u00e4n 35 m\u00b2:n huoneisiin.<\/strong><\/p>","protected":false},"featured_media":7530,"template":"","meta":[],"product_brand":[],"product_cat":[126],"product_tag":[],"class_list":{"0":"post-5206","1":"product","2":"type-product","3":"status-publish","4":"has-post-thumbnail","6":"product_cat-konditsioneerid","8":"first","9":"instock","10":"taxable","11":"shipping-taxable","12":"purchasable","13":"product-type-simple"},"_links":{"self":[{"href":"https:\/\/westonclimate.com\/fi\/wp-json\/wp\/v2\/product\/5206","targetHints":{"allow":["GET"]}}],"collection":[{"href":"https:\/\/westonclimate.com\/fi\/wp-json\/wp\/v2\/product"}],"about":[{"href":"https:\/\/westonclimate.com\/fi\/wp-json\/wp\/v2\/types\/product"}],"version-history":[{"count":5,"href":"https:\/\/westonclimate.com\/fi\/wp-json\/wp\/v2\/product\/5206\/revisions"}],"predecessor-version":[{"id":9385,"href":"https:\/\/westonclimate.com\/fi\/wp-json\/wp\/v2\/product\/5206\/revisions\/9385"}],"wp:featuredmedia":[{"embeddable":true,"href":"https:\/\/westonclimate.com\/fi\/wp-json\/wp\/v2\/media\/7530"}],"wp:attachment":[{"href":"https:\/\/westonclimate.com\/fi\/wp-json\/wp\/v2\/media?parent=5206"}],"wp:term":[{"taxonomy":"product_brand","embeddable":true,"href":"https:\/\/westonclimate.com\/fi\/wp-json\/wp\/v2\/product_brand?post=5206"},{"taxonomy":"product_cat","embeddable":true,"href":"https:\/\/westonclimate.com\/fi\/wp-json\/wp\/v2\/product_cat?post=5206"},{"taxonomy":"product_tag","embeddable":true,"href":"https:\/\/westonclimate.com\/fi\/wp-json\/wp\/v2\/product_tag?post=5206"}],"curies":[{"name":"wp","href":"https:\/\/api.w.org\/{rel}","templated":true}]}}