{"id":5216,"date":"2025-01-29T17:46:51","date_gmt":"2025-01-29T17:46:51","guid":{"rendered":"https:\/\/wmdcompany.eu\/?post_type=product&#038;p=5216"},"modified":"2026-04-29T15:51:59","modified_gmt":"2026-04-29T15:51:59","slug":"krf-jahutus-ja-kute-3-4-kw","status":"publish","type":"product","link":"https:\/\/westonclimate.com\/fi\/tooted\/krf-jaahdytys-ja-lammitys-3-4-kw\/","title":{"rendered":"KRF L\u00c4MMITYS JA J\u00c4\u00c4HDYTYS 3,4 kW"},"content":{"rendered":"<ul>\n<li>Ilmoitettu kapasiteetti:<strong> 3,4 kW<\/strong><\/li>\n<li>L\u00e4mmitystehoalue: <strong>1000-3810W<\/strong><\/li>\n<li>J\u00e4\u00e4hdytystehoalue: <strong>1000-3770W<\/strong><\/li>\n<li>SCOP julistaa..: <strong>5,0 W\/W<\/strong><\/li>\n<li>SEER laskee.: <strong>6,1 W\/W<\/strong><\/li>\n<li>WiFi:n hallinta<strong>: Mukana<\/strong><\/li>\n<li>Virtal\u00e4hteen j\u00e4nnite: <strong>220-240\/50 V\/Hz<\/strong><\/li>\n<li>Kompressori: <strong>DC-invertteri<\/strong><\/li>\n<li>Puhaltimen moottori: <strong>DC-invertteri<\/strong><\/li>\n<li>Energialuokka: <strong>jopa A+++<\/strong><\/li>\n<li>Ulkoilman l\u00e4mp\u00f6tila\/j\u00e4\u00e4hdytys: <strong>-15 - 53\u00b0C<\/strong><\/li>\n<li>Ulkoilman l\u00e4mp\u00f6tila\/l\u00e4mp\u00f6: <strong>-30 - 53\u00b0C<\/strong><\/li>\n<li>Sis\u00e4ilman l\u00e4mp\u00f6tila\/j\u00e4\u00e4hdytys: <strong>17-32\u2070C<\/strong><\/li>\n<li>Sis\u00e4ilman l\u00e4mp\u00f6tila\/l\u00e4mp\u00f6: <strong>0-30\u2070C<\/strong><\/li>\n<li>Melutaso: <strong>jopa 45 dB(A)<\/strong><\/li>\n<li>Sis\u00e4tilojen paino: <strong>10kg<\/strong><\/li>\n<li>Ulkoisen osan paino: <strong>25kg<\/strong><\/li>\n<li>Mitat\/sis\u00e4tilat (pituus, leveys, korkeus): <strong>777x250x201 mm<\/strong><\/li>\n<li>Mitat\/ulkomitat (pituus, leveys, korkeus): <strong>712x276x459 mm<\/strong><\/li>\n<li>Pakkauksen mitat\/sis\u00e4iset mitat (pituus, leveys, korkeus): <strong>840x315x260mm<\/strong><\/li>\n<li>Pakkauksen mitat\/ulkomitat (pituus, leveys, korkeus): <strong>765x310x481mm<\/strong><\/li>\n<\/ul>","protected":false},"excerpt":{"rendered":"<p><strong data-start=\"0\" data-end=\"44\" data-is-only-node=\"\">Weston Climate ilmastointilaite KRF HEAT AND COOL 3,4 kW<\/strong> on energiatehokas (jopa A+++), WiFi-ohjattu laite, joka tarjoaa k\u00e4tev\u00e4\u00e4 j\u00e4\u00e4hdytyst\u00e4 ja l\u00e4mmityst\u00e4 ymp\u00e4ri vuoden. L\u00e4mmitysteho on 1000-3810 W ja j\u00e4\u00e4hdytysteho 1000-3770 W. Laitetta voidaan k\u00e4ytt\u00e4\u00e4 WiFiohjauksen ansiosta WiFi WiFi WiFi-yhteydell\u00e4. Hiljainen toiminta (jopa 45 dB) ja laaja l\u00e4mp\u00f6tila-alue (-30 - +53 \u00b0C) takaavat luotettavan sis\u00e4ilmaston ymp\u00e4ri vuoden. <strong data-start=\"329\" data-end=\"371\" data-is-last-node=\"\">Sopii enint\u00e4\u00e4n 45 m\u00b2:n huoneisiin.<\/strong><\/p>\n<p>Toimitusaika enint\u00e4\u00e4n 20 ty\u00f6p\u00e4iv\u00e4\u00e4.<\/p>","protected":false},"featured_media":7530,"template":"","meta":[],"product_brand":[],"product_cat":[126],"product_tag":[],"class_list":{"0":"post-5216","1":"product","2":"type-product","3":"status-publish","4":"has-post-thumbnail","6":"product_cat-konditsioneerid","8":"first","9":"instock","10":"taxable","11":"shipping-taxable","12":"purchasable","13":"product-type-simple"},"_links":{"self":[{"href":"https:\/\/westonclimate.com\/fi\/wp-json\/wp\/v2\/product\/5216","targetHints":{"allow":["GET"]}}],"collection":[{"href":"https:\/\/westonclimate.com\/fi\/wp-json\/wp\/v2\/product"}],"about":[{"href":"https:\/\/westonclimate.com\/fi\/wp-json\/wp\/v2\/types\/product"}],"version-history":[{"count":6,"href":"https:\/\/westonclimate.com\/fi\/wp-json\/wp\/v2\/product\/5216\/revisions"}],"predecessor-version":[{"id":9386,"href":"https:\/\/westonclimate.com\/fi\/wp-json\/wp\/v2\/product\/5216\/revisions\/9386"}],"wp:featuredmedia":[{"embeddable":true,"href":"https:\/\/westonclimate.com\/fi\/wp-json\/wp\/v2\/media\/7530"}],"wp:attachment":[{"href":"https:\/\/westonclimate.com\/fi\/wp-json\/wp\/v2\/media?parent=5216"}],"wp:term":[{"taxonomy":"product_brand","embeddable":true,"href":"https:\/\/westonclimate.com\/fi\/wp-json\/wp\/v2\/product_brand?post=5216"},{"taxonomy":"product_cat","embeddable":true,"href":"https:\/\/westonclimate.com\/fi\/wp-json\/wp\/v2\/product_cat?post=5216"},{"taxonomy":"product_tag","embeddable":true,"href":"https:\/\/westonclimate.com\/fi\/wp-json\/wp\/v2\/product_tag?post=5216"}],"curies":[{"name":"wp","href":"https:\/\/api.w.org\/{rel}","templated":true}]}}