{"id":5217,"date":"2025-01-29T17:54:01","date_gmt":"2025-01-29T17:54:01","guid":{"rendered":"https:\/\/wmdcompany.eu\/?post_type=product&#038;p=5217"},"modified":"2026-04-29T15:53:00","modified_gmt":"2026-04-29T15:53:00","slug":"krf-jahutus-ja-kute-5-1-kw","status":"publish","type":"product","link":"https:\/\/westonclimate.com\/fi\/tooted\/krf-jaahdytys-ja-lammitys-5-1-kw\/","title":{"rendered":"KRF L\u00c4MMITYS JA J\u00c4\u00c4HDYTYS 5,1 kW"},"content":{"rendered":"<ul>\n<li>Ilmoitettu kapasiteetti:<strong> 5,1 kW<\/strong><\/li>\n<li>L\u00e4mmitystehoalue: <strong>1250-6070W<\/strong><\/li>\n<li>J\u00e4\u00e4hdytystehoalue: <strong>1000-5910W<\/strong><\/li>\n<li>SCOP julistaa..: <strong>5,0 W\/W<\/strong><\/li>\n<li>SEER laskee.: <strong>6,3 W\/W<\/strong><\/li>\n<li>WiFi:n hallinta<strong>: Mukana<\/strong><\/li>\n<li>Virtal\u00e4hteen j\u00e4nnite: <strong>220-240\/50 V\/Hz<\/strong><\/li>\n<li>Kompressori: <strong>DC-invertteri<\/strong><\/li>\n<li>Puhaltimen moottori: <strong>DC-invertteri<\/strong><\/li>\n<li>Energialuokka: <strong>jopa A+++<\/strong><\/li>\n<li>Ulkoilman l\u00e4mp\u00f6tila\/j\u00e4\u00e4hdytys: <strong>-15 - 53\u00b0C<\/strong><\/li>\n<li>Ulkoilman l\u00e4mp\u00f6tila\/l\u00e4mp\u00f6: <strong>-30 - 53\u00b0C<\/strong><\/li>\n<li>Sis\u00e4ilman l\u00e4mp\u00f6tila\/j\u00e4\u00e4hdytys: <strong>17-32\u2070C<\/strong><\/li>\n<li>Sis\u00e4ilman l\u00e4mp\u00f6tila\/l\u00e4mp\u00f6: <strong>0-30\u2070C<\/strong><\/li>\n<li>Melutaso: <strong>jopa 45 dB(A)<\/strong><\/li>\n<li>Sis\u00e4tilojen paino:\u00a0<strong>13kg<\/strong><\/li>\n<li>Ulkoisen osan paino:\u00a0<strong>39kg<\/strong><\/li>\n<li>Mitat\/sis\u00e4tilat (pituus, leveys, korkeus): <strong>910x294x206 mm<\/strong><\/li>\n<li>Mitat\/ulkomitat (pituus, leveys, korkeus): <strong>853x602x349 mm<\/strong><\/li>\n<li>Pakkauksen mitat\/sis\u00e4iset mitat (pituus, leveys, korkeus): <strong>979x372x277mm<\/strong><\/li>\n<li>Pakkauksen mitat\/ulkomitat (pituus, leveys, korkeus): <strong>890x628x385mm<\/strong><\/li>\n<\/ul>","protected":false},"excerpt":{"rendered":"<p><strong data-start=\"0\" data-end=\"59\" data-is-only-node=\"\">Weston Climate ilmastointilaite KRF HEAT AND COOL 5,1 kW<\/strong> on energiatehokas (jopa A+++), WiFi-ohjattu laite, joka sek\u00e4 j\u00e4\u00e4hdytt\u00e4\u00e4 ett\u00e4 l\u00e4mmitt\u00e4\u00e4. L\u00e4mmitystehoalue on 1250-6070 W ja j\u00e4\u00e4hdytystehoalue 1000-5910 W. Toimii hiljaisesti (jopa 45 dB) ja takaa miellytt\u00e4v\u00e4n sis\u00e4ilmaston ymp\u00e4ri vuoden. <strong data-start=\"309\" data-end=\"351\" data-is-last-node=\"\">Sopii enint\u00e4\u00e4n 65 m\u00b2:n huoneisiin.<\/strong><\/p>\n<p>Toimitusaika enint\u00e4\u00e4n 7 ty\u00f6p\u00e4iv\u00e4\u00e4.<\/p>","protected":false},"featured_media":7530,"template":"","meta":[],"product_brand":[],"product_cat":[126],"product_tag":[],"class_list":{"0":"post-5217","1":"product","2":"type-product","3":"status-publish","4":"has-post-thumbnail","6":"product_cat-konditsioneerid","8":"first","9":"instock","10":"taxable","11":"shipping-taxable","12":"purchasable","13":"product-type-simple"},"_links":{"self":[{"href":"https:\/\/westonclimate.com\/fi\/wp-json\/wp\/v2\/product\/5217","targetHints":{"allow":["GET"]}}],"collection":[{"href":"https:\/\/westonclimate.com\/fi\/wp-json\/wp\/v2\/product"}],"about":[{"href":"https:\/\/westonclimate.com\/fi\/wp-json\/wp\/v2\/types\/product"}],"version-history":[{"count":4,"href":"https:\/\/westonclimate.com\/fi\/wp-json\/wp\/v2\/product\/5217\/revisions"}],"predecessor-version":[{"id":9387,"href":"https:\/\/westonclimate.com\/fi\/wp-json\/wp\/v2\/product\/5217\/revisions\/9387"}],"wp:featuredmedia":[{"embeddable":true,"href":"https:\/\/westonclimate.com\/fi\/wp-json\/wp\/v2\/media\/7530"}],"wp:attachment":[{"href":"https:\/\/westonclimate.com\/fi\/wp-json\/wp\/v2\/media?parent=5217"}],"wp:term":[{"taxonomy":"product_brand","embeddable":true,"href":"https:\/\/westonclimate.com\/fi\/wp-json\/wp\/v2\/product_brand?post=5217"},{"taxonomy":"product_cat","embeddable":true,"href":"https:\/\/westonclimate.com\/fi\/wp-json\/wp\/v2\/product_cat?post=5217"},{"taxonomy":"product_tag","embeddable":true,"href":"https:\/\/westonclimate.com\/fi\/wp-json\/wp\/v2\/product_tag?post=5217"}],"curies":[{"name":"wp","href":"https:\/\/api.w.org\/{rel}","templated":true}]}}