{"id":6826,"date":"2025-04-10T13:41:17","date_gmt":"2025-04-10T13:41:17","guid":{"rendered":"https:\/\/wmdcompany.eu\/?post_type=product&#038;p=6826"},"modified":"2026-04-06T11:43:09","modified_gmt":"2026-04-06T11:43:09","slug":"jahutusseadme-siseosa-fan-coil","status":"publish","type":"product","link":"https:\/\/westonclimate.com\/fi\/tooted\/sisainen-jaahdytyspuhallin\/","title":{"rendered":"J\u00e4\u00e4hdytysyksik\u00f6n sis\u00e4sein\u00e4n osa (puhallinkonvektori)"},"content":{"rendered":"","protected":false},"excerpt":{"rendered":"<p>Kattokasetit ja sein\u00e4moduulit ovat eritt\u00e4in tehokkaita j\u00e4\u00e4hdytys- ja l\u00e4mmityslaitteita, jotka Weston Climate on kehitt\u00e4nyt k\u00e4ytett\u00e4v\u00e4ksi monobloc-l\u00e4mp\u00f6pumppujen kanssa.<\/p>\n<p>Lis\u00e4\u00e4m\u00e4ll\u00e4 Weston Climate -sein\u00e4- tai kattokasetin l\u00e4mmitysj\u00e4rjestelm\u00e4\u00e4si p\u00e4\u00e4set eroon tarpeesta asentaa erillinen j\u00e4\u00e4hdytysyksikk\u00f6 tai ilmastointilaite huoneisiisi.<\/p>\n<ul>\n<li>Kattokasetit ja sein\u00e4\u00e4n asennettavat moduulit toimivat yhdess\u00e4 monoblokkil\u00e4mp\u00f6pumppujen kanssa sek\u00e4 j\u00e4\u00e4hdytys- ett\u00e4 l\u00e4mmitystilassa.<\/li>\n<li>L\u00e4mm\u00f6nvaihdin on l\u00e4mmitysj\u00e4rjestelm\u00e4ss\u00e4 (l\u00e4mp\u00f6pumpussa) kiert\u00e4v\u00e4 neste (vesi, pakkasneste, glykoli), eiv\u00e4tk\u00e4 n\u00e4m\u00e4 laitteet vaadi kaasuliit\u00e4nt\u00f6j\u00e4 tai kaasulla t\u00e4ytt\u00e4mist\u00e4, ja putkiliit\u00e4nn\u00e4t tehd\u00e4\u00e4n tavanomaisista materiaaleista, kuten Alupexista. Laitteiden asennuksen voivat suorittaa onnistuneesti kaikki ammattitaitoiset LVI-alan asentajat.<\/li>\n<li>Kattolaatikot on varustettu kondenssivesipumpuilla, joiden nostokorkeus on yli 10 m.<\/li>\n<li>Pienin j\u00e4\u00e4hdytysl\u00e4mp\u00f6tila on +2\u2070C ja suurin l\u00e4mmitysl\u00e4mp\u00f6tila 75\u2070C.<\/li>\n<\/ul>","protected":false},"featured_media":7554,"template":"","meta":[],"product_brand":[],"product_cat":[212,211,213],"product_tag":[],"class_list":{"0":"post-6826","1":"product","2":"type-product","3":"status-publish","4":"has-post-thumbnail","6":"product_cat-kute-ja-jahutus","7":"product_cat-lisaseadmed","8":"product_cat-seinale","10":"first","11":"instock","12":"taxable","13":"shipping-taxable","14":"purchasable","15":"product-type-variable"},"_links":{"self":[{"href":"https:\/\/westonclimate.com\/fi\/wp-json\/wp\/v2\/product\/6826","targetHints":{"allow":["GET"]}}],"collection":[{"href":"https:\/\/westonclimate.com\/fi\/wp-json\/wp\/v2\/product"}],"about":[{"href":"https:\/\/westonclimate.com\/fi\/wp-json\/wp\/v2\/types\/product"}],"version-history":[{"count":3,"href":"https:\/\/westonclimate.com\/fi\/wp-json\/wp\/v2\/product\/6826\/revisions"}],"predecessor-version":[{"id":11515,"href":"https:\/\/westonclimate.com\/fi\/wp-json\/wp\/v2\/product\/6826\/revisions\/11515"}],"wp:featuredmedia":[{"embeddable":true,"href":"https:\/\/westonclimate.com\/fi\/wp-json\/wp\/v2\/media\/7554"}],"wp:attachment":[{"href":"https:\/\/westonclimate.com\/fi\/wp-json\/wp\/v2\/media?parent=6826"}],"wp:term":[{"taxonomy":"product_brand","embeddable":true,"href":"https:\/\/westonclimate.com\/fi\/wp-json\/wp\/v2\/product_brand?post=6826"},{"taxonomy":"product_cat","embeddable":true,"href":"https:\/\/westonclimate.com\/fi\/wp-json\/wp\/v2\/product_cat?post=6826"},{"taxonomy":"product_tag","embeddable":true,"href":"https:\/\/westonclimate.com\/fi\/wp-json\/wp\/v2\/product_tag?post=6826"}],"curies":[{"name":"wp","href":"https:\/\/api.w.org\/{rel}","templated":true}]}}