{"id":6860,"date":"2025-04-11T12:57:13","date_gmt":"2025-04-11T12:57:13","guid":{"rendered":"https:\/\/wmdcompany.eu\/?post_type=product&#038;p=6860"},"modified":"2025-10-02T09:00:25","modified_gmt":"2025-10-02T09:00:25","slug":"amber-jahutus-ja-kute-5-5-kw","status":"publish","type":"product","link":"https:\/\/westonclimate.com\/fi\/tooted\/meripihkainen-jaahdytys-ja-kouru-5-5-kw\/","title":{"rendered":"AMBER L\u00c4MMITYS JA J\u00c4\u00c4HDYTYS 5,5 kW"},"content":{"rendered":"<ul>\n<li><strong>Pohjoismaisiin varusteisiin kuuluu<\/strong>\n<ul>\n<li>mikroprosessoriohjattu ulkoinen pohjanl\u00e4mmityskaapeli, jonka ansiosta sulamisvesi poistuu nopeasti my\u00f6s hyvin kylm\u00e4ll\u00e4 s\u00e4\u00e4ll\u00e4;<\/li>\n<li>kampikammion \u00f6ljynj\u00e4\u00e4hdytyskaapeli, joka est\u00e4\u00e4 kompressorin kylm\u00e4k\u00e4ynnin, pit\u00e4\u00e4 kompressorin l\u00e4mpim\u00e4n\u00e4 ja pident\u00e4\u00e4 sen k\u00e4ytt\u00f6ik\u00e4\u00e4.<\/li>\n<\/ul>\n<\/li>\n<li><strong>Amber-sarjan ilmal\u00e4mp\u00f6pumpun (ilmastointilaitteen) perusominaisuudet: <\/strong>\n<ul>\n<li>energialuokka A+++;<\/li>\n<li>Kausittainen tehokerroin (SCOP) 5.1;<\/li>\n<li>Ulkoilman l\u00e4mp\u00f6tila-alue l\u00e4mmityst\u00e4 varten -30 - +24 \u00b0C;<\/li>\n<li>ymp\u00e4rist\u00f6n l\u00e4mp\u00f6tilan vaihteluv\u00e4li j\u00e4\u00e4hdytyst\u00e4 varten -20 - +43\u00b0C;<\/li>\n<li>sis\u00e4inen osa, jossa on seitsem\u00e4n nopeutta;<\/li>\n<li>sis\u00e4inen superj\u00e4rjestelm\u00e4;<\/li>\n<li>eritt\u00e4in pitk\u00e4 puhalluset\u00e4isyys;<\/li>\n<li>\u00e4lyk\u00e4s sulatus.<\/li>\n<\/ul>\n<\/li>\n<li><strong>Perusvarusteet:<\/strong>\n<ul>\n<li>automaattinen uudelleenk\u00e4ynnistys s\u00e4hk\u00f6katkoksen sattuessa;<\/li>\n<li>pest\u00e4v\u00e4t p\u00f6lysuodattimet;<\/li>\n<li>turbotoiminto;<\/li>\n<li>\u00e4lyk\u00e4s esil\u00e4mmitys;<\/li>\n<li>halutun l\u00e4mp\u00f6tilan tarkistaminen kaukos\u00e4\u00e4timest\u00e4, eli ihmisten todellisesta sijaintipaikasta;<\/li>\n<li>ajastin;<\/li>\n<li>t\u00e4ytyy;<\/li>\n<li>pienj\u00e4nnitek\u00e4ynnistys;<\/li>\n<li>lapsilukko<\/li>\n<\/ul>\n<\/li>\n<li><strong>Hintaan sis\u00e4ltyv\u00e4t lis\u00e4varusteet:<\/strong>\n<ul>\n<li>mahdollisuus hallita \u00e4lylaitteella;<\/li>\n<li>plasmaionisaattori;<\/li>\n<li>nordicu equipment;<\/li>\n<li>+8 \u00b0C:n pitotoiminto;<\/li>\n<li>4D-ilman suuntaus kaukos\u00e4\u00e4timest\u00e4;<\/li>\n<li>energians\u00e4\u00e4st\u00f6tila;<\/li>\n<li>lepotilat;<\/li>\n<li>oven ohjaus.<\/li>\n<\/ul>\n<\/li>\n<\/ul>","protected":false},"excerpt":{"rendered":"<p><strong>Weston Climate AMBER-sarjan uuden sukupolven ilmal\u00e4mp\u00f6pumppu<\/strong> <strong>ilmastointi (HEAT AND COOL 5,5 kW) <\/strong>on suunniteltu ankariin pohjoismaisiin olosuhteisiin. Se tarjoaa suuren l\u00e4mmitystehon alhaisissa l\u00e4mp\u00f6tiloissa ja erinomaisen hy\u00f6tysuhteen. T\u00e4m\u00e4n takaavat uusin tekniikka ja ymp\u00e4rist\u00f6yst\u00e4v\u00e4llinen kylm\u00e4aine R32. Laitetta voidaan ohjata iOS- ja Android-\u00e4lylaitteilla. Yksik\u00f6ss\u00e4 on tehdasasennettu pohjoismainen talvivarustus, joka takaa luotettavuuden pohjoismaisessa ilmastossa sek\u00e4 l\u00e4mmityksess\u00e4 ett\u00e4 j\u00e4\u00e4hdytyksess\u00e4. <strong>Laite soveltuu 24-113 m\u00b2:n alueen l\u00e4mmitt\u00e4miseen ja 14-54 m\u00b2:n alueen j\u00e4\u00e4hdytt\u00e4miseen.<\/strong><\/p>","protected":false},"featured_media":7527,"template":"","meta":[],"product_brand":[],"product_cat":[126],"product_tag":[],"class_list":{"0":"post-6860","1":"product","2":"type-product","3":"status-publish","4":"has-post-thumbnail","6":"product_cat-konditsioneerid","8":"first","9":"instock","10":"taxable","11":"shipping-taxable","12":"purchasable","13":"product-type-simple"},"_links":{"self":[{"href":"https:\/\/westonclimate.com\/fi\/wp-json\/wp\/v2\/product\/6860","targetHints":{"allow":["GET"]}}],"collection":[{"href":"https:\/\/westonclimate.com\/fi\/wp-json\/wp\/v2\/product"}],"about":[{"href":"https:\/\/westonclimate.com\/fi\/wp-json\/wp\/v2\/types\/product"}],"version-history":[{"count":7,"href":"https:\/\/westonclimate.com\/fi\/wp-json\/wp\/v2\/product\/6860\/revisions"}],"predecessor-version":[{"id":9390,"href":"https:\/\/westonclimate.com\/fi\/wp-json\/wp\/v2\/product\/6860\/revisions\/9390"}],"wp:featuredmedia":[{"embeddable":true,"href":"https:\/\/westonclimate.com\/fi\/wp-json\/wp\/v2\/media\/7527"}],"wp:attachment":[{"href":"https:\/\/westonclimate.com\/fi\/wp-json\/wp\/v2\/media?parent=6860"}],"wp:term":[{"taxonomy":"product_brand","embeddable":true,"href":"https:\/\/westonclimate.com\/fi\/wp-json\/wp\/v2\/product_brand?post=6860"},{"taxonomy":"product_cat","embeddable":true,"href":"https:\/\/westonclimate.com\/fi\/wp-json\/wp\/v2\/product_cat?post=6860"},{"taxonomy":"product_tag","embeddable":true,"href":"https:\/\/westonclimate.com\/fi\/wp-json\/wp\/v2\/product_tag?post=6860"}],"curies":[{"name":"wp","href":"https:\/\/api.w.org\/{rel}","templated":true}]}}