{"id":6882,"date":"2025-04-12T08:46:17","date_gmt":"2025-04-12T08:46:17","guid":{"rendered":"https:\/\/wmdcompany.eu\/?post_type=product&#038;p=6882"},"modified":"2026-04-29T13:09:02","modified_gmt":"2026-04-29T13:09:02","slug":"fairy-jahutus-ja-kute-6-6-kw","status":"publish","type":"product","link":"https:\/\/westonclimate.com\/fi\/tooted\/reilu-jaahdytys-ja-jaahdytin-6-6-kw\/","title":{"rendered":"FAIRY COOLING AND HEATING 6,6 kW"},"content":{"rendered":"<ul>\n<li><strong>NF-SARJAN ILMAL\u00c4MP\u00d6PUMPUN P\u00c4\u00c4PIIRTEET: <\/strong>\n<ul>\n<li>energialuokka A+;<\/li>\n<li>Kausittainen suorituskerroin (SCOP) 4,0;<\/li>\n<li>tehokas kompressori;<\/li>\n<li>Ulkoilman l\u00e4mp\u00f6tila-alue l\u00e4mmityst\u00e4 varten -25 - +30 \u00b0C;<\/li>\n<li>ymp\u00e4rist\u00f6n l\u00e4mp\u00f6tilan vaihteluv\u00e4li j\u00e4\u00e4hdytyst\u00e4 varten -15 - +50 \u00b0C;<\/li>\n<li>\u00e4lyk\u00e4s sulatus.<\/li>\n<\/ul>\n<\/li>\n<li><strong>P\u00c4\u00c4LAITTEET:<\/strong>\n<ul>\n<li>seitsem\u00e4n sis\u00e4isen komponentin nopeudet;<\/li>\n<li>automaattinen uudelleenk\u00e4ynnistys s\u00e4hk\u00f6katkoksen sattuessa;<\/li>\n<li>pest\u00e4v\u00e4t p\u00f6lysuodattimet;<\/li>\n<li>turbotoiminto;<\/li>\n<li>\u00e4lyk\u00e4s kompressorin esil\u00e4mmitys;<\/li>\n<li>halutun l\u00e4mp\u00f6tilan tarkistaminen kaukos\u00e4\u00e4timest\u00e4, eli ihmisten todellisesta sijaintipaikasta;<\/li>\n<li>ajastin;<\/li>\n<li>t\u00e4ytyy;<\/li>\n<li>matalaj\u00e4nnitek\u00e4ynnistys; lapsilukko.<\/li>\n<\/ul>\n<\/li>\n<li><strong>HINTAAN SIS\u00c4LTYV\u00c4T LIS\u00c4VARUSTEET:<\/strong>\n<ul>\n<li>mahdollisuus hallita \u00e4lylaitteella;<\/li>\n<li>plasmaionisaattori,<\/li>\n<li>nordicu equipment;<\/li>\n<li>+8 \u00b0C:n pitotoiminto;<\/li>\n<li>energians\u00e4\u00e4st\u00f6tila;<\/li>\n<li>lepotila.<\/li>\n<\/ul>\n<\/li>\n<\/ul>\n<p><strong>M\u00f5\u00f5dud (laius\/s\u00fcgavus\/k\u00f5rgus)mm, kaal (kg)<\/strong><\/p>\n<ul>\n<li>siseosa: 1013xx221x307mm, kaal 14kg<\/li>\n<li>v\u00e4lisosa: 802x350x555, kaal 31kg<\/li>\n<\/ul>","protected":false},"excerpt":{"rendered":"<p><strong>Weston Climate Fairy Nordic-sarjan ilmal\u00e4mp\u00f6pumppuilmastointilaite (L\u00c4MMIT\u00c4 JA J\u00c4\u00c4HDYT\u00c4 6,6 kW)<\/strong> on suunniteltu ankariin pohjoismaisiin olosuhteisiin. Laitteessa on tehtaalla asennetut pohjoismaiset talvivarusteet, jotka takaavat luotettavuuden pohjoismaisessa ilmastossa sek\u00e4 l\u00e4mmityksess\u00e4 ett\u00e4 j\u00e4\u00e4hdytyksess\u00e4. \u00c4lylaitteen ohjausvaihtoehto. <strong>Laite soveltuu 33-140 m\u00b2:n l\u00e4mmitykseen ja 33-80 m\u00b2:n j\u00e4\u00e4hdytykseen.<\/strong><\/p>","protected":false},"featured_media":7527,"template":"","meta":[],"product_brand":[],"product_cat":[126],"product_tag":[],"class_list":{"0":"post-6882","1":"product","2":"type-product","3":"status-publish","4":"has-post-thumbnail","6":"product_cat-konditsioneerid","8":"first","9":"instock","10":"taxable","11":"shipping-taxable","12":"purchasable","13":"product-type-simple"},"_links":{"self":[{"href":"https:\/\/westonclimate.com\/fi\/wp-json\/wp\/v2\/product\/6882","targetHints":{"allow":["GET"]}}],"collection":[{"href":"https:\/\/westonclimate.com\/fi\/wp-json\/wp\/v2\/product"}],"about":[{"href":"https:\/\/westonclimate.com\/fi\/wp-json\/wp\/v2\/types\/product"}],"version-history":[{"count":8,"href":"https:\/\/westonclimate.com\/fi\/wp-json\/wp\/v2\/product\/6882\/revisions"}],"predecessor-version":[{"id":11610,"href":"https:\/\/westonclimate.com\/fi\/wp-json\/wp\/v2\/product\/6882\/revisions\/11610"}],"wp:featuredmedia":[{"embeddable":true,"href":"https:\/\/westonclimate.com\/fi\/wp-json\/wp\/v2\/media\/7527"}],"wp:attachment":[{"href":"https:\/\/westonclimate.com\/fi\/wp-json\/wp\/v2\/media?parent=6882"}],"wp:term":[{"taxonomy":"product_brand","embeddable":true,"href":"https:\/\/westonclimate.com\/fi\/wp-json\/wp\/v2\/product_brand?post=6882"},{"taxonomy":"product_cat","embeddable":true,"href":"https:\/\/westonclimate.com\/fi\/wp-json\/wp\/v2\/product_cat?post=6882"},{"taxonomy":"product_tag","embeddable":true,"href":"https:\/\/westonclimate.com\/fi\/wp-json\/wp\/v2\/product_tag?post=6882"}],"curies":[{"name":"wp","href":"https:\/\/api.w.org\/{rel}","templated":true}]}}