{"id":6921,"date":"2025-04-28T16:28:46","date_gmt":"2025-04-28T16:28:46","guid":{"rendered":"https:\/\/wmdcompany.eu\/?post_type=product&#038;p=6921"},"modified":"2025-10-07T06:41:01","modified_gmt":"2025-10-07T06:41:01","slug":"mobiilne-jahutusseade-3-5kw","status":"publish","type":"product","link":"https:\/\/westonclimate.com\/fi\/tooted\/siirrettava-jaahdytysyksikko-3-5kw\/","title":{"rendered":"SIIRRETT\u00c4V\u00c4 J\u00c4\u00c4HDYTYSYKSIKK\u00d6 - 3.5KW"},"content":{"rendered":"<ul>\n<li>Kompakti ja tyylik\u00e4s muotoilu<\/li>\n<li>Nopea j\u00e4\u00e4hdytysteho jopa 16 C<\/li>\n<li>Kaukos\u00e4\u00e4din o C<\/li>\n<li>3 in 1: j\u00e4\u00e4hdytys, kuivaus, tuuletin<\/li>\n<li>Elektroninen ohjaus<\/li>\n<li>24 tunnin ajastin<\/li>\n<li>Lepotila<\/li>\n<li>Automaattinen uudelleenk\u00e4ynnistys<\/li>\n<li>1W valmiustilan virrankulutus<\/li>\n<li>Itsediagnostiikka<\/li>\n<li>Py\u00f6r\u00e4t<\/li>\n<li>Tarvikkeet Art. NSP1912A3<\/li>\n<li>J\u00e4\u00e4hdytysteho<\/li>\n<li>Ilmavirta<\/li>\n<li>Melutaso<\/li>\n<li>Kuivauskapasiteetti<\/li>\n<li>Mitat (mm) 3,5 kw 360\/330\/300 49\/51\/53 1,8 L\/h, m\u00b3\/h, dB, 390x820x405 mm.<\/li>\n<\/ul>","protected":false},"excerpt":{"rendered":"<p>Weston Climate -mobiilij\u00e4\u00e4hdytin k\u00e4ytt\u00e4\u00e4 ymp\u00e4rist\u00f6yst\u00e4v\u00e4llist\u00e4 kylm\u00e4ainetta R290 (C3H8). R290-kaasun etuna nykyisiin ilmastointilaitteissa k\u00e4ytett\u00e4viin kylm\u00e4aineisiin verrattuna on se, ett\u00e4 sen ODP-arvo (otsonikato) on nolla ja GWP-arvo (ilmaston l\u00e4mpenemispotentiaali) on eritt\u00e4in alhainen (GWP=3). Verrattuna t\u00e4h\u00e4n menness\u00e4 k\u00e4ytettyjen kaasujen kahteen kertoimeseen R290-kaasun ymp\u00e4rist\u00f6vaikutukset ovat v\u00e4h\u00e4iset.<\/p>","protected":false},"featured_media":7613,"template":"","meta":[],"product_brand":[],"product_cat":[126],"product_tag":[],"class_list":{"0":"post-6921","1":"product","2":"type-product","3":"status-publish","4":"has-post-thumbnail","6":"product_cat-konditsioneerid","8":"first","9":"instock","10":"taxable","11":"shipping-taxable","12":"purchasable","13":"product-type-simple"},"_links":{"self":[{"href":"https:\/\/westonclimate.com\/fi\/wp-json\/wp\/v2\/product\/6921","targetHints":{"allow":["GET"]}}],"collection":[{"href":"https:\/\/westonclimate.com\/fi\/wp-json\/wp\/v2\/product"}],"about":[{"href":"https:\/\/westonclimate.com\/fi\/wp-json\/wp\/v2\/types\/product"}],"version-history":[{"count":9,"href":"https:\/\/westonclimate.com\/fi\/wp-json\/wp\/v2\/product\/6921\/revisions"}],"predecessor-version":[{"id":9433,"href":"https:\/\/westonclimate.com\/fi\/wp-json\/wp\/v2\/product\/6921\/revisions\/9433"}],"wp:featuredmedia":[{"embeddable":true,"href":"https:\/\/westonclimate.com\/fi\/wp-json\/wp\/v2\/media\/7613"}],"wp:attachment":[{"href":"https:\/\/westonclimate.com\/fi\/wp-json\/wp\/v2\/media?parent=6921"}],"wp:term":[{"taxonomy":"product_brand","embeddable":true,"href":"https:\/\/westonclimate.com\/fi\/wp-json\/wp\/v2\/product_brand?post=6921"},{"taxonomy":"product_cat","embeddable":true,"href":"https:\/\/westonclimate.com\/fi\/wp-json\/wp\/v2\/product_cat?post=6921"},{"taxonomy":"product_tag","embeddable":true,"href":"https:\/\/westonclimate.com\/fi\/wp-json\/wp\/v2\/product_tag?post=6921"}],"curies":[{"name":"wp","href":"https:\/\/api.w.org\/{rel}","templated":true}]}}