{"id":8974,"date":"2025-09-17T10:44:42","date_gmt":"2025-09-17T10:44:42","guid":{"rendered":"https:\/\/staging.westonclimate.ee\/?post_type=product&#038;p=8974"},"modified":"2026-01-30T17:10:43","modified_gmt":"2026-01-30T17:10:43","slug":"weston-climate-jbt-seeria-80l-akumulatsioonipaak","status":"publish","type":"product","link":"https:\/\/westonclimate.com\/fi\/tooted\/weston-climate-jbt-sarjan-80l-akkusailio\/","title":{"rendered":"Weston Climate JBT-sarja 80L-1000L ker\u00e4yss\u00e4ili\u00f6"},"content":{"rendered":"<ul>\n<li>Vesis\u00e4ili\u00f6n tilavuus: 80 L<\/li>\n<li>Todellinen sis\u00e4s\u00e4ili\u00f6n tilavuus (90%): \u226572 L.<\/li>\n<li>Sis\u00e4s\u00e4ili\u00f6n materiaali: SUS 304\/ruostumaton ter\u00e4s.<\/li>\n<li>Elinajanodote: 55 vuotta<\/li>\n<li>Veden l\u00e4mp\u00f6tila: enint\u00e4\u00e4n 95 \u00b0C<\/li>\n<li>Sis\u00e4halkaisija: 370 mm<\/li>\n<li>Ulkohalkaisija: 470 mm<\/li>\n<li>Nettopaino: 24 kg<\/li>\n<li>Bruttopaino (G.W): 28 kg<\/li>\n<li>Tuotteen mitat: 470 \u00d7 850 mm<\/li>\n<li>Pakkauksen mitat: 950 \u00d7 550 \u00d7 550 mm<\/li>\n<li>Ty\u00f6paine: 0,7 MPa<\/li>\n<li>Testipaine: 1,25 MPa<\/li>\n<\/ul>","protected":false},"excerpt":{"rendered":"<p><strong>Weston Climate JBT-sarja 80L-1000L ker\u00e4yss\u00e4ili\u00f6<\/strong>\u00a0on suunniteltu puskuriksi l\u00e4mp\u00f6pumpun ja l\u00e4mmitysj\u00e4rjestelm\u00e4n v\u00e4lille.<\/p>\n<p>S\u00e4ili\u00f6 on valmistettu <strong>ruostumaton ter\u00e4s<\/strong> (SUS 304).<\/p>\n<p><strong>Tuotteen k\u00e4ytt\u00f6ik\u00e4 on yli 55 vuotta.<\/strong> Tuotteelle my\u00f6nnet\u00e4\u00e4n 10 vuoden takuu.<\/p>\n<p>S\u00e4ili\u00f6 on eristetty ja p\u00e4\u00e4llystetty maalatulla ter\u00e4slevyll\u00e4. S\u00e4ili\u00f6 on sein\u00e4kiinnitteinen, ja se on suunniteltu 95 \u00b0C:n veden enimm\u00e4isl\u00e4mp\u00f6tilalle.<\/p>\n<p><strong data-start=\"653\" data-end=\"700\">80L TUOTETTA VARASTOSSA! <\/strong><strong data-start=\"653\" data-end=\"700\">HIND 351\u20ac +km.<\/strong><\/p>\n<p><strong data-start=\"653\" data-end=\"700\"> PYYD\u00c4 TARJOUS MUISTA KOOISTA!<\/strong><\/p>","protected":false},"featured_media":8976,"template":"","meta":[],"product_brand":[],"product_cat":[258,211],"product_tag":[],"class_list":{"0":"post-8974","1":"product","2":"type-product","3":"status-publish","4":"has-post-thumbnail","6":"product_cat-paagid-ja-boilerid","7":"product_cat-lisaseadmed","9":"first","10":"instock","11":"taxable","12":"shipping-taxable","13":"purchasable","14":"product-type-simple"},"_links":{"self":[{"href":"https:\/\/westonclimate.com\/fi\/wp-json\/wp\/v2\/product\/8974","targetHints":{"allow":["GET"]}}],"collection":[{"href":"https:\/\/westonclimate.com\/fi\/wp-json\/wp\/v2\/product"}],"about":[{"href":"https:\/\/westonclimate.com\/fi\/wp-json\/wp\/v2\/types\/product"}],"version-history":[{"count":6,"href":"https:\/\/westonclimate.com\/fi\/wp-json\/wp\/v2\/product\/8974\/revisions"}],"predecessor-version":[{"id":11015,"href":"https:\/\/westonclimate.com\/fi\/wp-json\/wp\/v2\/product\/8974\/revisions\/11015"}],"wp:featuredmedia":[{"embeddable":true,"href":"https:\/\/westonclimate.com\/fi\/wp-json\/wp\/v2\/media\/8976"}],"wp:attachment":[{"href":"https:\/\/westonclimate.com\/fi\/wp-json\/wp\/v2\/media?parent=8974"}],"wp:term":[{"taxonomy":"product_brand","embeddable":true,"href":"https:\/\/westonclimate.com\/fi\/wp-json\/wp\/v2\/product_brand?post=8974"},{"taxonomy":"product_cat","embeddable":true,"href":"https:\/\/westonclimate.com\/fi\/wp-json\/wp\/v2\/product_cat?post=8974"},{"taxonomy":"product_tag","embeddable":true,"href":"https:\/\/westonclimate.com\/fi\/wp-json\/wp\/v2\/product_tag?post=8974"}],"curies":[{"name":"wp","href":"https:\/\/api.w.org\/{rel}","templated":true}]}}