{"id":5564,"date":"2025-02-12T17:49:33","date_gmt":"2025-02-12T17:49:33","guid":{"rendered":"https:\/\/staging.wmdcompany.eu\/?page_id=5564"},"modified":"2025-07-29T19:29:44","modified_gmt":"2025-07-29T19:29:44","slug":"5564-2","status":"publish","type":"page","link":"https:\/\/westonclimate.com\/fr\/5564-2\/","title":{"rendered":"Retour et \u00e9change"},"content":{"rendered":"<div data-elementor-type=\"wp-page\" data-elementor-id=\"5564\" class=\"elementor elementor-5564\" data-elementor-post-type=\"page\">\n\t\t\t\t<div class=\"elementor-element elementor-element-3ab0f04d e-flex e-con-boxed wpr-particle-no wpr-jarallax-no wpr-parallax-no wpr-sticky-section-no wpr-column-slider-no wpr-equal-height-no e-con e-parent\" data-id=\"3ab0f04d\" data-element_type=\"container\" data-e-type=\"container\">\n\t\t\t\t\t<div class=\"e-con-inner\">\n\t\t\t\t<div class=\"elementor-element elementor-element-5755247d elementor-widget elementor-widget-text-editor\" data-id=\"5755247d\" data-element_type=\"widget\" data-e-type=\"widget\" data-widget_type=\"text-editor.default\">\n\t\t\t\t<div class=\"elementor-widget-container\">\n\t\t\t\t\t\t\t\t\t<h1>Retour et \u00e9change<\/h1><p><strong><br \/>WMD Company O\u00dc conditions de retour<br \/><\/strong><br \/>Le retour des marchandises aux centres de toit de WMD Company O\u00dc est soumis aux r\u00e8gles ci-dessous :<\/p><p>1) Le client doit informer au pr\u00e9alable l'agent\/vendeur qui a vendu les marchandises de son souhait de retourner les marchandises*. Le retour des marchandises est soumis \u00e0 l'accord pr\u00e9alable du vendeur.<br \/>2) Les marchandises \u00e0 retourner doivent \u00eatre accompagn\u00e9es d'un formulaire de retour d\u00fbment compl\u00e9t\u00e9.<br \/>3) Les marchandises \u00e0 retourner doivent \u00eatre exemptes de marques d'installation, intactes et dans leur emballage d'origine (\u00e9quipement, accessoires, p. ex. contr\u00f4leurs). Les marchandises endommag\u00e9es par le client ne peuvent pas \u00eatre retourn\u00e9es.<br \/>4) Les produits de taille sp\u00e9ciale*** et les produits command\u00e9s en tant que commande sp\u00e9ciale pour le client ne seront pas retourn\u00e9s.<br \/>5. Les marchandises qui ont \u00e9t\u00e9 livr\u00e9es au client 3 mois apr\u00e8s la date de livraison ne seront pas achet\u00e9es.<br \/>6. Le retour des marchandises se fait aux risques et aux frais de l'acheteur.<\/p><p><strong>Conditions de remboursement des marchandises :<\/strong><\/p><p>100% du prix d'achat des marchandises, si la raison du retour est une erreur de la part de WMD Company O\u00dc et si la non-conformit\u00e9 des marchandises avec les termes du contrat doit \u00eatre notifi\u00e9e dans les 60 jours suivant la livraison des marchandises au client ;<\/p><p>80% warehouse goods** du prix d'achat, si le remboursement n'est pas d\u00fb \u00e0 une erreur de la part de WMD Company O\u00dc et s'il est effectu\u00e9 dans les 30 jours suivant la livraison des marchandises au client ;<\/p><p>60% le prix d'achat des marchandises en stock** selon la facture d'achat, sauf si le remboursement est d\u00fb \u00e0 une erreur de la part de WMD Company O\u00dc et que le remboursement est effectu\u00e9 dans un d\u00e9lai de 31 jours - 6 mois \u00e0 compter de la livraison des marchandises au client.<\/p><p>*Marchandises - toutes les marchandises achet\u00e9es \u00e0 WMD Company O\u00dc.<br \/>**laokaup - marchandises standard achet\u00e9es \u00e0 WMD Company O\u00dc, qui ne sont pas fabriqu\u00e9es ou command\u00e9es selon les dessins et dimensions du client et qui peuvent \u00eatre utilis\u00e9es pour divers b\u00e2timents et objets.<br \/>***Biens personnalis\u00e9s - biens achet\u00e9s \u00e0 WMD Company O\u00dc qui sont clairement personnalis\u00e9s.<br \/>peuvent \u00eatre fabriqu\u00e9s ou command\u00e9s selon les dimensions et les dessins du client, et dont l'utilisation est.<br \/>pour un autre b\u00e2timent ou une autre installation n'est pas possible ou entra\u00eenera des co\u00fbts suppl\u00e9mentaires.<\/p>\t\t\t\t\t\t\t\t<\/div>\n\t\t\t\t<\/div>\n\t\t\t\t\t<\/div>\n\t\t\t\t<\/div>\n\t\t<div class=\"elementor-element elementor-element-3fa745c e-flex e-con-boxed wpr-particle-no wpr-jarallax-no wpr-parallax-no wpr-sticky-section-no wpr-column-slider-no wpr-equal-height-no e-con e-parent\" data-id=\"3fa745c\" data-element_type=\"container\" data-e-type=\"container\">\n\t\t\t\t\t<div class=\"e-con-inner\">\n\t\t\t\t<div class=\"elementor-element elementor-element-a61bf8d elementor-widget elementor-widget-shortcode\" data-id=\"a61bf8d\" data-element_type=\"widget\" data-e-type=\"widget\" data-widget_type=\"shortcode.default\">\n\t\t\t\t<div class=\"elementor-widget-container\">\n\t\t\t\t\t\t\t<div class=\"elementor-shortcode\">\n<div class=\"wpcf7 no-js\" id=\"wpcf7-f6102-o1\" lang=\"et\" dir=\"ltr\" data-wpcf7-id=\"6102\">\n<div class=\"screen-reader-response\"><p role=\"status\" aria-live=\"polite\" aria-atomic=\"true\"><\/p> <ul><\/ul><\/div>\n<form action=\"\/fr\/wp-json\/wp\/v2\/pages\/5564#wpcf7-f6102-o1\" method=\"post\" class=\"wpcf7-form init\" aria-label=\"Formulaire de contact\" novalidate=\"novalidate\" data-status=\"init\" data-trp-original-action=\"\/fr\/wp-json\/wp\/v2\/pages\/5564#wpcf7-f6102-o1\">\n<fieldset class=\"hidden-fields-container\"><input type=\"hidden\" name=\"_wpcf7\" value=\"6102\" \/><input type=\"hidden\" name=\"_wpcf7_version\" value=\"6.1.5\" \/><input type=\"hidden\" name=\"_wpcf7_locale\" value=\"et\" \/><input type=\"hidden\" name=\"_wpcf7_unit_tag\" value=\"wpcf7-f6102-o1\" \/><input type=\"hidden\" name=\"_wpcf7_container_post\" value=\"0\" \/><input type=\"hidden\" name=\"_wpcf7_posted_data_hash\" value=\"\" \/><input type=\"hidden\" name=\"_wpcf7_recaptcha_response\" value=\"\" \/>\n<\/fieldset>\n<fieldset>\n\t<legend>Informations sur le client\n\t<\/legend>\n\t<div>\n\t\t<p><label>Nom de l'entreprise<br \/>\n<span class=\"wpcf7-form-control-wrap\" data-name=\"company-name\"><input size=\"40\" maxlength=\"400\" class=\"wpcf7-form-control wpcf7-text\" aria-invalid=\"false\" value=\"\" type=\"text\" name=\"company-name\" \/><\/span> <\/label><br \/>\n<label>Nom de la personne renvoy\u00e9e<br \/>\n<span class=\"wpcf7-form-control-wrap\" data-name=\"returnee\"><input size=\"40\" maxlength=\"400\" class=\"wpcf7-form-control wpcf7-text\" aria-invalid=\"false\" value=\"\" type=\"text\" name=\"returnee\" \/><\/span><\/label><br \/>\n<label>T\u00e9l\u00e9phone<br \/>\n<span class=\"wpcf7-form-control-wrap\" data-name=\"phone\"><input size=\"40\" maxlength=\"400\" class=\"wpcf7-form-control wpcf7-tel wpcf7-text wpcf7-validates-as-tel\" aria-invalid=\"false\" value=\"\" type=\"tel\" name=\"phone\" \/><\/span><\/label>\n\t\t<\/p>\n\t<\/div>\n<\/fieldset>\n<fieldset>\n\t<legend>Donn\u00e9es du produit\n\t<\/legend>\n\t<div>\n\t\t<p><label>Nom du produit<br \/>\n<span class=\"wpcf7-form-control-wrap\" data-name=\"product-name\"><input size=\"40\" maxlength=\"400\" class=\"wpcf7-form-control wpcf7-text\" aria-invalid=\"false\" value=\"\" type=\"text\" name=\"product-name\" \/><\/span><\/label><br \/>\n<label>Quantit\u00e9<br \/>\n<span class=\"wpcf7-form-control-wrap\" data-name=\"amount\"><input class=\"wpcf7-form-control wpcf7-number wpcf7-validates-as-number\" aria-invalid=\"false\" value=\"\" type=\"number\" name=\"amount\" \/><\/span><\/label><br \/>\n<label>Commande\/facture d'achat\/bon de livraison n\u00b0.<br \/>\n<span class=\"wpcf7-form-control-wrap\" data-name=\"order-info\"><input size=\"40\" maxlength=\"400\" class=\"wpcf7-form-control wpcf7-text\" aria-invalid=\"false\" value=\"\" type=\"text\" name=\"order-info\" \/><\/span><\/label>\n\t\t<\/p>\n\t<\/div>\n<\/fieldset>\n<fieldset>\n\t<legend>Motif du retour\n\t<\/legend>\n\t<p><span class=\"wpcf7-form-control-wrap\" data-name=\"reason\"><span class=\"wpcf7-form-control wpcf7-checkbox\"><span class=\"wpcf7-list-item first\"><label><input type=\"checkbox\" name=\"reason[]\" value=\"Ekslikult tellitud toode\" \/><span class=\"wpcf7-list-item-label\">Produit command\u00e9 par erreur<\/span><\/label><\/span><span class=\"wpcf7-list-item\"><label><input type=\"checkbox\" name=\"reason[]\" value=\"Defektne kaup\" \/><span class=\"wpcf7-list-item-label\">Produits d\u00e9fectueux<\/span><\/label><\/span><span class=\"wpcf7-list-item\"><label><input type=\"checkbox\" name=\"reason[]\" value=\"Valesti saadetud\" \/><span class=\"wpcf7-list-item-label\">Envoi incorrect<\/span><\/label><\/span><span class=\"wpcf7-list-item last\"><label><input type=\"checkbox\" name=\"reason[]\" value=\"Muu\" \/><span class=\"wpcf7-list-item-label\">Autres<\/span><\/label><\/span><\/span><\/span><br \/>\n<span class=\"wpcf7-form-control-wrap\" data-name=\"reason-explain\"><textarea cols=\"40\" rows=\"10\" maxlength=\"2000\" class=\"wpcf7-form-control wpcf7-textarea\" aria-invalid=\"false\" placeholder=\"Explication\" name=\"reason-explain\"><\/textarea><\/span>\n\t<\/p>\n<\/fieldset>\n<fieldset>\n\t<legend>Demande du client\n\t<\/legend>\n\t<p><span class=\"wpcf7-form-control-wrap\" data-name=\"customerwants\"><span class=\"wpcf7-form-control wpcf7-radio\"><span class=\"wpcf7-list-item first\"><label><input type=\"radio\" name=\"customerwants\" value=\"Soovime h\u00fcvitusarvet\" \/><span class=\"wpcf7-list-item-label\">Nous souhaitons recevoir une facture d'indemnisation<\/span><\/label><\/span><span class=\"wpcf7-list-item last\"><label><input type=\"radio\" name=\"customerwants\" value=\"Soovime uut toodet\" \/><span class=\"wpcf7-list-item-label\">Nous voulons un nouveau produit<\/span><\/label><\/span><\/span><\/span>\n\t<\/p>\n<\/fieldset>\n<p><input class=\"wpcf7-form-control wpcf7-submit has-spinner\" type=\"submit\" value=\"Envoyer \u00e0\" \/>\n<\/p><div class=\"wpcf7-response-output\" aria-hidden=\"true\"><\/div>\n<input type=\"hidden\" name=\"trp-form-language\" value=\"fr\"\/><\/form>\n<\/div>\n<\/div>\n\t\t\t\t\t\t<\/div>\n\t\t\t\t<\/div>\n\t\t\t\t\t<\/div>\n\t\t\t\t<\/div>\n\t\t\t\t<\/div>","protected":false},"excerpt":{"rendered":"<p>Tagastamine ja vahetus WMD Company O\u00dc tagastustingimusedKauba tagastamine WMD Company O\u00dc katusekeskustesse toimub allolevate reeglite kohaselt: 1. Kauba* tagastamise soovist peab klient eelnevalt teavitama kauba m\u00fc\u00fcnud esindust\/m\u00fc\u00fcjat. Kauba tagastamise eelduseks on m\u00fc\u00fcja eelnev sellekohane\u00a0 n\u00f5usolek.2. Tagastatavale kaubale peab olema lisatud n\u00f5uetekohaselt t\u00e4idetud tagastusleht.3. Tagastatav kaup peab olema paigaldusj\u00e4lgedeta, terve ja\u00a0 originaalpakendis (seadmed, lisatarvikud, nt. kontrollerid). Kliendi poolt rikutud kaup tagastamisele ei kuulu.4. Erim\u00f5\u00f5dulist kaupa*** ja kliendile eritellimusena tellitud kaupa tagasi ei osteta.5. Kaupu, mille \u00fcleandmisest kliendile on m\u00f6\u00f6dunud 3 kuud tagasi ei osteta.6. Kauba tagastamine toimub ostja vastutusel ja kulul. Kauba h\u00fcvitamistingimused: 100% kauba ostuhinnast, kui\u00a0 tagastamise p\u00f5hjuseks on WMD Company O\u00dc poolne eksimus ning kauba lepingutingimustele mittevastavusest teavitatakse 60 p\u00e4eva jooksul alates kauba tarnest kliendile; 80% laokauba** ostuhinnast, kui tagastus ei tulene WMD Company O\u00dc poolsest eksimusest ning tagastus toimub 30 p\u00e4eva jooksul alates kauba tarnest kliendile; 60% laokauba** ostuhinnast vastavalt ostuarvele, kui tagastus ei tulene WMD Company O\u00dc poolsest eksimusest ning tagastus toimub 31 p\u00e4eva \u2013 6 kuu jooksul alates kauba tarnest kliendile. *kaup \u2013 mis iganes WMD Company O\u00dc -st ostetud kaup.**laokaup \u2013 WMD Company O\u00dc -st ostetud standardne kaup, mis ei ole toodetud ega tellitud kliendipoolsete\u00a0 jooniste ja m\u00f5\u00f5tude alusel ning mida on v\u00f5imalik kasutada erinevate hoonete ja objektide tarbeks.***erim\u00f5\u00f5duline kaup \u2013 WMD Company O\u00dc -st ostetud kaup,\u00a0 mis on selgelt personaliseeritudehk valmistatud v\u00f5i tellitud kliendipoolseid m\u00f5\u00f5tmeid ja jooniseid j\u00e4rgides ning mille kasutamineteise hoone v\u00f5i objekti tarbeks ei ole v\u00f5imalik v\u00f5i tekitab lisakulutusi.<\/p>","protected":false},"author":8,"featured_media":0,"parent":0,"menu_order":0,"comment_status":"closed","ping_status":"closed","template":"","meta":{"footnotes":""},"class_list":["post-5564","page","type-page","status-publish","hentry"],"_links":{"self":[{"href":"https:\/\/westonclimate.com\/fr\/wp-json\/wp\/v2\/pages\/5564","targetHints":{"allow":["GET"]}}],"collection":[{"href":"https:\/\/westonclimate.com\/fr\/wp-json\/wp\/v2\/pages"}],"about":[{"href":"https:\/\/westonclimate.com\/fr\/wp-json\/wp\/v2\/types\/page"}],"author":[{"embeddable":true,"href":"https:\/\/westonclimate.com\/fr\/wp-json\/wp\/v2\/users\/8"}],"replies":[{"embeddable":true,"href":"https:\/\/westonclimate.com\/fr\/wp-json\/wp\/v2\/comments?post=5564"}],"version-history":[{"count":33,"href":"https:\/\/westonclimate.com\/fr\/wp-json\/wp\/v2\/pages\/5564\/revisions"}],"predecessor-version":[{"id":8149,"href":"https:\/\/westonclimate.com\/fr\/wp-json\/wp\/v2\/pages\/5564\/revisions\/8149"}],"wp:attachment":[{"href":"https:\/\/westonclimate.com\/fr\/wp-json\/wp\/v2\/media?parent=5564"}],"curies":[{"name":"wp","href":"https:\/\/api.w.org\/{rel}","templated":true}]}}