{"id":5579,"date":"2025-02-13T12:11:16","date_gmt":"2025-02-13T12:11:16","guid":{"rendered":"https:\/\/staging.wmdcompany.eu\/?page_id=5579"},"modified":"2026-04-26T08:29:51","modified_gmt":"2026-04-26T08:29:51","slug":"meist-wmd-company-ou","status":"publish","type":"page","link":"https:\/\/westonclimate.com\/fr\/la-plus-grande-entreprise-darmes-a-sous-munitions-ou\/","title":{"rendered":"\u00c0 propos de nous - WMD Company O\u00dc"},"content":{"rendered":"<div data-elementor-type=\"wp-page\" data-elementor-id=\"5579\" class=\"elementor elementor-5579\" data-elementor-post-type=\"page\">\n\t\t\t\t<div class=\"elementor-element elementor-element-711df678 e-flex e-con-boxed wpr-particle-no wpr-jarallax-no wpr-parallax-no wpr-sticky-section-no wpr-column-slider-no wpr-equal-height-no e-con e-parent\" data-id=\"711df678\" data-element_type=\"container\" data-e-type=\"container\">\n\t\t\t\t\t<div class=\"e-con-inner\">\n\t\t\t\t<div class=\"elementor-element elementor-element-21778d0f elementor-widget elementor-widget-text-editor\" data-id=\"21778d0f\" data-element_type=\"widget\" data-e-type=\"widget\" data-widget_type=\"text-editor.default\">\n\t\t\t\t<div class=\"elementor-widget-container\">\n\t\t\t\t\t\t\t\t\t<h1>\u00c0 propos de nous - WMD Company O\u00dc<\/h1><p><strong>WESTON CLIMATE &#8211; WMD Company O\u00dc<\/strong> pakub kvaliteetseid kliimaseadmeid ja k\u00fctteseadmeid, kompressoreid ja mitmesuguseid lisatarvikuid. T\u00e4nu aastatepikkusele ulatuslikule koost\u00f6\u00f6le juhtivate globaalsete kaubam\u00e4rkide ja kvaliteetsete seadmete tootjatega tagab WMD Company O\u00dc, et k\u00f5ik tooted on valmistatud vastavalt ettev\u00f5tte kinnitatud tehnilistele spetsifikatsioonidele ja vastavad rangetele EL-i standarditele. Weston Climate&#8217;i seadmeid iseloomustab madal m\u00fcratase, k\u00f5rge energiat\u00f5husus, innovatsioon ja t\u00f6\u00f6kindlus.\u00a0<\/p><p><strong>Pompes \u00e0 chaleur<\/strong><\/p><p>Pour les pompes \u00e0 chaleur air\/eau, nous utilisons les r\u00e9frig\u00e9rants \u00e9cologiques et efficaces R32 et R290. Les pompes \u00e0 chaleur air\/eau sont \u00e9quip\u00e9es d'une connectivit\u00e9 SG et PV (panneau solaire et r\u00e9seau intelligent) et fonctionnent efficacement m\u00eame \u00e0 des temp\u00e9ratures ambiantes de -35\u00b0C. Toutes les unit\u00e9s sont test\u00e9es avant la livraison et subissent un cycle de test de trois jours \u00e0 basse temp\u00e9rature (-42\u2070C) en usine. La plupart des \u00e9quipements sont fabriqu\u00e9s site par site, en fonction des souhaits et des besoins du client, comme un \u201ecostume sur mesure\u201d, ce qui garantit une grande efficacit\u00e9 et un fonctionnement sans probl\u00e8me pendant toute la dur\u00e9e de vie de l'\u00e9quipement. La qualit\u00e9 et l'efficacit\u00e9 des pompes \u00e0 chaleur sont garanties par la marque reconnue WESTON CLIMATE.<\/p><p><strong>\u00c9quipement de ventilation<\/strong><\/p><p>Les unit\u00e9s de traitement de l'air sont \u00e9quip\u00e9es d'\u00e9changeurs de chaleur brevet\u00e9s \u00e0 haute efficacit\u00e9 avec une efficacit\u00e9 moyenne de r\u00e9cup\u00e9ration de chaleur de 97% et une dur\u00e9e de vie de 97%. <strong>au moins 15 ans.\u00a0<\/strong>Les unit\u00e9s de ventilation HPERV\/Westonclimate sont dot\u00e9es d'une pompe \u00e0 chaleur miniature \u00e0 air ajout\u00e9e \u00e0 l'\u00e9changeur de chaleur hautement efficace pour offrir une efficacit\u00e9 \u00e9nerg\u00e9tique encore plus \u00e9lev\u00e9e (COP 6,0) et regrouper plusieurs fonctions importantes en une seule unit\u00e9 : <strong>la ventilation, le pr\u00e9chauffage, le refroidissement et le s\u00e9chage.<\/strong><\/p><p><strong>Installation<\/strong><\/p><p>Nous proposons des syst\u00e8mes de ventilation et de climatisation avec installation. L'installation est r\u00e9alis\u00e9e conform\u00e9ment aux exigences techniques du projet et aux normes applicables, ce qui garantit le bon fonctionnement des syst\u00e8mes et leur efficacit\u00e9 \u00e9nerg\u00e9tique pour les ann\u00e9es \u00e0 venir.<\/p><p><strong>WESTON CLIMATE marque d\u00e9pos\u00e9e<\/strong><\/p><p>Les produits fournis au march\u00e9 europ\u00e9en sont regroup\u00e9s sous une seule marque - WESTON CLIMATE - afin que nos clients actuels et futurs puissent mieux s'orienter sur la qualit\u00e9 des produits. Tous les \u00e9quipements propos\u00e9s en Europe sont fabriqu\u00e9s par la soci\u00e9t\u00e9 WMD selon les sp\u00e9cifications techniques des clients les plus exigeants, qui respectent strictement les conditions naturelles et les exigences des pays nordiques, et garantissent ainsi la haute qualit\u00e9 et la long\u00e9vit\u00e9 des \u00e9quipements.<\/p><p class=\"whitespace-normal break-words\">Valdav enamus seadmetel on EPREL-i ja KEYMARK-i registreeringud.<\/p><p>WESTON CLIMATE tooted EPREL registris, kust leiate EU turule lubatud energeetika seadmete loetelu:<\/p><ul><li><a href=\"https:\/\/eprel.ec.europa.eu\/screen\/product\/spaceheaters\" target=\"_blank\" rel=\"noopener nofollow noreferrer\">Pompes \u00e0 chaleur EPREL<\/a><\/li><li><a href=\"https:\/\/eprel.ec.europa.eu\/screen\/product\/residentialventilationunits\" target=\"_blank\" rel=\"noopener nofollow noreferrer\">\u00c9quipement de ventilation EPREL<\/a><\/li><\/ul><p>\u00a0<\/p><p>La qualit\u00e9 des \u00e9quipements propos\u00e9s par WESTON CLIMATE est \u00e9galement confirm\u00e9e par les p\u00e9riodes de garantie \u00e9tendues :<\/p><ul><li>\u00c9quipements de climatisation et de ventilation : 7 ans<\/li><li>Pour les pompes de circulation : 10 ans<\/li><li>Pour les compresseurs : 2 ans<\/li><\/ul><p>\u00a0<\/p><p>Chez WESTON CLIMATE, les ing\u00e9nieurs d\u00e9veloppent constamment de nouveaux produits et am\u00e9liorent les \u00e9quipements existants.<\/p><p>La qualit\u00e9 des produits, la rapidit\u00e9 des livraisons, la satisfaction des clients et le temps de fonctionnement le plus long possible sont nos principales priorit\u00e9s. Les \u00e9quipements WESTON CLIMATE sont fabriqu\u00e9s sur commande, site par site, en fonction des besoins et des exigences sp\u00e9cifiques du client. Le d\u00e9lai de livraison moyen des commandes est compris entre 35 et 65 jours ouvrables, en fonction de la complexit\u00e9 et de la quantit\u00e9 de l'\u00e9quipement command\u00e9. Pour tous les produits en stock (produits standard), un d\u00e9lai de livraison de 3 \u00e0 10 jours ouvrables peut \u00eatre propos\u00e9.<\/p><p>Demandez toujours <a href=\"https:\/\/westonclimate.com\/fr\/a-senti-loffre\/\" target=\"_blank\" rel=\"noopener\">offre personnalis\u00e9e<\/a>, Le syst\u00e8me de gestion de l'information de l'Union europ\u00e9enne (UE) permet de r\u00e9pondre aux attentes des clients les plus exigeants.<\/p><p><strong>Rejoindre le r\u00e9seau de partenaires WESTON CLIMATE<\/strong><\/p><p>Devenez revendeur WESTON CLIMATE et d\u00e9veloppez votre activit\u00e9 - offrez \u00e0 vos clients des solutions de ventilation et de climatisation de haute qualit\u00e9 et \u00e0 faible consommation d'\u00e9nergie, renforcez votre activit\u00e9 gr\u00e2ce \u00e0 une assistance technique professionnelle et \u00e0 un partenariat solide. En savoir plus <a href=\"https:\/\/westonclimate.com\/fr\/installation-ulterieure\/\" target=\"_blank\" rel=\"noopener\">ICI<\/a>!<\/p><p><img fetchpriority=\"high\" decoding=\"async\" src=\"https:\/\/westonclimate.com\/wp-content\/uploads\/2026\/04\/WestonClimate_AA_2026-1-1024x256.jpg\" alt=\"\" width=\"800\" height=\"200\" \/><\/p>\t\t\t\t\t\t\t\t<\/div>\n\t\t\t\t<\/div>\n\t\t\t\t\t<\/div>\n\t\t\t\t<\/div>\n\t\t<div class=\"elementor-element elementor-element-a94cd76 e-flex e-con-boxed wpr-particle-no wpr-jarallax-no wpr-parallax-no wpr-sticky-section-no wpr-column-slider-no wpr-equal-height-no e-con e-parent\" data-id=\"a94cd76\" data-element_type=\"container\" data-e-type=\"container\">\n\t\t\t\t\t<div class=\"e-con-inner\">\n\t\t\t\t<div class=\"elementor-element elementor-element-0b7c330 elementor-widget elementor-widget-spacer\" data-id=\"0b7c330\" data-element_type=\"widget\" data-e-type=\"widget\" data-widget_type=\"spacer.default\">\n\t\t\t\t<div class=\"elementor-widget-container\">\n\t\t\t\t\t\t\t<div class=\"elementor-spacer\">\n\t\t\t<div class=\"elementor-spacer-inner\"><\/div>\n\t\t<\/div>\n\t\t\t\t\t\t<\/div>\n\t\t\t\t<\/div>\n\t\t\t\t\t<\/div>\n\t\t\t\t<\/div>\n\t\t\t\t<\/div>","protected":false},"excerpt":{"rendered":"<p>Meist \u2013 WMD Company O\u00dc WESTON CLIMATE &#8211; WMD Company O\u00dc pakub kvaliteetseid kliimaseadmeid ja k\u00fctteseadmeid, kompressoreid ja mitmesuguseid lisatarvikuid. T\u00e4nu aastatepikkusele ulatuslikule koost\u00f6\u00f6le juhtivate globaalsete kaubam\u00e4rkide ja kvaliteetsete seadmete tootjatega tagab WMD Company O\u00dc, et k\u00f5ik tooted on valmistatud vastavalt ettev\u00f5tte kinnitatud tehnilistele spetsifikatsioonidele ja vastavad rangetele EL-i standarditele. Weston Climate&#8217;i seadmeid iseloomustab madal m\u00fcratase, k\u00f5rge energiat\u00f5husus, innovatsioon ja t\u00f6\u00f6kindlus.\u00a0 Soojuspumbad \u00d5hk-vesi soojuspumpades kasutame looduss\u00f5bralikke ja efektiivseid k\u00fclmaaineid R32 ja R290. \u00d5hksoojuspumbad on varustatud SG ja PV (p\u00e4ikesepaneelide ja nutiv\u00f5rgu) \u00fchendusvalmidusega ning need seadmed t\u00f6\u00f6tavad efektiivselt ka -35\u00b0C v\u00e4lis\u00f5hutemperatuuril. K\u00f5ik seadmed on enne tarnet kontrollitud ja l\u00e4bivad tehases madalal temperatuuril (-42\u2070C) kolmep\u00e4evase katsets\u00fckli.\u00a0Valdavalt toodetakse seadmed objektip\u00f5hiselt, koosk\u00f5las tellija soovide ning vajadustega nagu \u201er\u00e4tsepa\u00fclikond\u201d, mis tagab seadmete suure efektiivsuse ning t\u00f5rgeteta t\u00f6\u00f6 kogu seadme kasutusaja jooksul. Soojuspumpade kvaliteedi ja efektiivsuse tagab tunnustatud kaubam\u00e4rk WESTON CLIMATE. Ventilatsiooniseadmed Ventilatsiooniseadmed on varustatud k\u00f5rge efektiivsusega patenteeritud soojusvahetitega, mille soojustagastuse kasutegur on keskmiselt 97% ja eluiga v\u00e4hemalt 15 aastat.\u00a0Ventilatsiooniseadmetel koondnimetusega HPERV\/Westonclimate on \u00fcliefektiivsele soojusvahetile lisatud miniatuurne \u00f5hksoojuspump, mis tagab veelgi k\u00f5rgema\u00a0 energiaefektiivsuse (COP 6,0) ning need ventilatsiooniseadmed omavad mitut olulist funktsiooni \u00fches seadmes: ventilatsioon, eelk\u00fcte, jahutus ja kuivatus. Paigaldus Ventilatsiooni- ja kliimaseadmeid pakume koos paigaldusega. Paigaldus toimub vastavalt projekti tehnilistele n\u00f5uetele ja kehtivatele standarditele, tagades s\u00fcsteemide korrektse toimimise ja energiat\u00f5husa t\u00f6\u00f6 aastateks. WESTON CLIMATE kaubam\u00e4rk Euroopa turule tarnitavad tooted on koondatud \u00fchtse kaubam\u00e4rgi alla \u2013 WESTON CLIMATE, et meie praegustel ja tulevastel klientidel oleks v\u00f5imalik paremini orienteeruda toodete kvaliteedis. K\u00f5ik Euroopas pakutavad seadmed on toodetud WMD Company poolt esitatud n\u00f5udlikele klientidele sobivate tehniliste n\u00f5udmiste alusel, mis j\u00e4rgivad rangelt p\u00f5hjamaade looduslikke tingimusi ning sellest tulenevaid n\u00f5udeid ning tagavad seadmetele k\u00f5rge kvaliteedi ja l\u00e4bi selle ka pikaealisuse. Valdav enamus seadmetel on EPREL-i ja KEYMARK-i registreeringud. WESTON CLIMATE tooted EPREL registris, kust leiate EU turule lubatud energeetika seadmete loetelu: EPREL soojuspumbad EPREL ventilatsiooniseadmed \u00a0 WESTON CLIMATE pakutavate seadmete kvaliteeti kinnitavad ka pikendatud garantiiajad: Kliima- ja ventilatsiooniseadmetele: 7 aastat Tsirkulatsioonipumpadele: 10 aastat Kompressoritele: 2 aastat \u00a0 WESTON CLIMATE tootmistes tegelevad insenerid pidevalt uute toodete v\u00e4ljat\u00f6\u00f6tamise ning olemasolevate seadmete t\u00e4iustamisega. Meile on esmat\u00e4htis toote kvaliteet, kiire tarne, kliendi rahulolu ja seadmete v\u00f5imalikult pikk t\u00f5rgeteta kasutusaeg. WESTON CLIMATE seadmed toodetakse tellimuste alusel, objekti p\u00f5hiselt ja v\u00f5ttes aluseks kliendi vajadused ning erisoovid. Tellimuste keskmine tarneaeg on 35 kuni 65 t\u00f6\u00f6p\u00e4eva, mis s\u00f5ltub tellitud seadmete keerukusest ja kogusest. K\u00f5ikidele laokaupale (standard tooted) on v\u00f5imalik pakkuda tarneaega 3 kuni 10 t\u00f6\u00f6p\u00e4eva. K\u00fcsi alati personaalset pakkumist, mis garanteerib ka k\u00f5ige n\u00f5udlikuma kliendi soovide t\u00e4itumise. Liitu WESTON CLIMATE partnerite v\u00f5rgustikuga Tule WESTON CLIMATE edasim\u00fc\u00fcjaks ja kasvata oma \u00e4ri \u2013 paku oma klientidele energiat\u00f5husaid ja kvaliteetseid ventilatsiooni- ja kliimalahendusi, tugevda oma \u00e4ri l\u00e4bi professionaalse tehnilise toe ja kindla partnerluse. Loe t\u00e4iendavalt SIIT!<\/p>","protected":false},"author":8,"featured_media":0,"parent":0,"menu_order":0,"comment_status":"closed","ping_status":"closed","template":"","meta":{"footnotes":""},"class_list":["post-5579","page","type-page","status-publish","hentry"],"_links":{"self":[{"href":"https:\/\/westonclimate.com\/fr\/wp-json\/wp\/v2\/pages\/5579","targetHints":{"allow":["GET"]}}],"collection":[{"href":"https:\/\/westonclimate.com\/fr\/wp-json\/wp\/v2\/pages"}],"about":[{"href":"https:\/\/westonclimate.com\/fr\/wp-json\/wp\/v2\/types\/page"}],"author":[{"embeddable":true,"href":"https:\/\/westonclimate.com\/fr\/wp-json\/wp\/v2\/users\/8"}],"replies":[{"embeddable":true,"href":"https:\/\/westonclimate.com\/fr\/wp-json\/wp\/v2\/comments?post=5579"}],"version-history":[{"count":92,"href":"https:\/\/westonclimate.com\/fr\/wp-json\/wp\/v2\/pages\/5579\/revisions"}],"predecessor-version":[{"id":11585,"href":"https:\/\/westonclimate.com\/fr\/wp-json\/wp\/v2\/pages\/5579\/revisions\/11585"}],"wp:attachment":[{"href":"https:\/\/westonclimate.com\/fr\/wp-json\/wp\/v2\/media?parent=5579"}],"curies":[{"name":"wp","href":"https:\/\/api.w.org\/{rel}","templated":true}]}}