{"id":5605,"date":"2025-02-13T17:20:54","date_gmt":"2025-02-13T17:20:54","guid":{"rendered":"https:\/\/staging.wmdcompany.eu\/?page_id=5605"},"modified":"2025-07-29T19:38:26","modified_gmt":"2025-07-29T19:38:26","slug":"makseviisid","status":"publish","type":"page","link":"https:\/\/westonclimate.com\/fr\/les-modes-de-paiement\/","title":{"rendered":"Modes de paiement"},"content":{"rendered":"<div data-elementor-type=\"wp-page\" data-elementor-id=\"5605\" class=\"elementor elementor-5605\" data-elementor-post-type=\"page\">\n\t\t\t\t<div class=\"elementor-element elementor-element-ad67b89 e-flex e-con-boxed wpr-particle-no wpr-jarallax-no wpr-parallax-no wpr-sticky-section-no wpr-column-slider-no wpr-equal-height-no e-con e-parent\" data-id=\"ad67b89\" data-element_type=\"container\" data-e-type=\"container\">\n\t\t\t\t\t<div class=\"e-con-inner\">\n\t\t\t\t<div class=\"elementor-element elementor-element-7122db7 elementor-widget elementor-widget-text-editor\" data-id=\"7122db7\" data-element_type=\"widget\" data-e-type=\"widget\" data-widget_type=\"text-editor.default\">\n\t\t\t\t<div class=\"elementor-widget-container\">\n\t\t\t\t\t\t\t\t\t<h1>Modes de paiement<\/h1><p>Les commandes peuvent \u00eatre pay\u00e9es en toute s\u00e9curit\u00e9 dans la boutique en ligne de Weston Climate en utilisant une vari\u00e9t\u00e9 de liens bancaires, ainsi qu'en utilisant des versements bancaires et ESTO.<\/p><div>Comment acheter ?<\/div><ul><li>Ajouter des produits au panier<\/li><li>S'inscrire ou se connecter<\/li><li>Choisir le mode de livraison<\/li><li>Pr\u00e9parer votre commande<\/li><li>Effectuer un paiement<\/li><\/ul><p>Le paiement est effectu\u00e9 en dehors de l'environnement de la boutique en ligne Weston Climate. Les donn\u00e9es personnelles sont trait\u00e9es par WMD Company O\u00dc, qui transmet les donn\u00e9es personnelles n\u00e9cessaires \u00e0 l'ex\u00e9cution des paiements aux sous-traitants agr\u00e9\u00e9s Inbank AS, ESTO AS et Maksekeskus AS. La boutique en ligne Weston Climate n'a pas acc\u00e8s aux donn\u00e9es bancaires et aux donn\u00e9es relatives aux cartes de cr\u00e9dit du client.<\/p><p>Apr\u00e8s avoir pay\u00e9 le produit, assurez-vous de cliquer sur le bouton \u201e<b>Retour \u00e0 l'op\u00e9rateur<\/b>\u201d.<\/p>\t\t\t\t\t\t\t\t<\/div>\n\t\t\t\t<\/div>\n\t\t\t\t<div class=\"elementor-element elementor-element-b1fdd8b elementor-widget elementor-widget-spacer\" data-id=\"b1fdd8b\" data-element_type=\"widget\" data-e-type=\"widget\" data-widget_type=\"spacer.default\">\n\t\t\t\t<div class=\"elementor-widget-container\">\n\t\t\t\t\t\t\t<div class=\"elementor-spacer\">\n\t\t\t<div class=\"elementor-spacer-inner\"><\/div>\n\t\t<\/div>\n\t\t\t\t\t\t<\/div>\n\t\t\t\t<\/div>\n\t\t\t\t\t<\/div>\n\t\t\t\t<\/div>\n\t\t\t\t<\/div>","protected":false},"excerpt":{"rendered":"<p>Makseviisid Tellimuste eest saab turvaliselt tasuda Weston Climate e-poes erinevate pangalinkide abil ning lisaks saab kasutada makseviisina Inbank ja ESTO j\u00e4relmaksu. Kuidas osta? Lisa tooted ostukorvi Registreeru v\u00f5i logi sisse Vali k\u00e4ttesaamise viis Vormista tellimus Soorita makse Makse tegemine toimub v\u00e4ljaspool Weston Climate e-poe keskkonda. Isikuandmeid t\u00f6\u00f6tleb WMD Company O\u00dc, kes edastab maksete teostamiseks vajalikud isikuandmed volitatud t\u00f6\u00f6tlejatele Inbank AS, ESTO AS ja Maksekeskus AS. Weston Climate e-poel puudub ligip\u00e4\u00e4s kliendi panga- ja krediitkaardiandmetele. P\u00e4rast toote eest tasumist vajutage palun pangas kindlasti nupule \u201eTagasi kaupmehe juurde\u201d.<\/p>","protected":false},"author":8,"featured_media":0,"parent":0,"menu_order":0,"comment_status":"closed","ping_status":"closed","template":"","meta":{"footnotes":""},"class_list":["post-5605","page","type-page","status-publish","hentry"],"_links":{"self":[{"href":"https:\/\/westonclimate.com\/fr\/wp-json\/wp\/v2\/pages\/5605","targetHints":{"allow":["GET"]}}],"collection":[{"href":"https:\/\/westonclimate.com\/fr\/wp-json\/wp\/v2\/pages"}],"about":[{"href":"https:\/\/westonclimate.com\/fr\/wp-json\/wp\/v2\/types\/page"}],"author":[{"embeddable":true,"href":"https:\/\/westonclimate.com\/fr\/wp-json\/wp\/v2\/users\/8"}],"replies":[{"embeddable":true,"href":"https:\/\/westonclimate.com\/fr\/wp-json\/wp\/v2\/comments?post=5605"}],"version-history":[{"count":26,"href":"https:\/\/westonclimate.com\/fr\/wp-json\/wp\/v2\/pages\/5605\/revisions"}],"predecessor-version":[{"id":8158,"href":"https:\/\/westonclimate.com\/fr\/wp-json\/wp\/v2\/pages\/5605\/revisions\/8158"}],"wp:attachment":[{"href":"https:\/\/westonclimate.com\/fr\/wp-json\/wp\/v2\/media?parent=5605"}],"curies":[{"name":"wp","href":"https:\/\/api.w.org\/{rel}","templated":true}]}}