{"id":5616,"date":"2025-02-13T17:38:36","date_gmt":"2025-02-13T17:38:36","guid":{"rendered":"https:\/\/staging.wmdcompany.eu\/?page_id=5616"},"modified":"2025-07-29T19:16:39","modified_gmt":"2025-07-29T19:16:39","slug":"kuidas-osta","status":"publish","type":"page","link":"https:\/\/westonclimate.com\/fr\/comment-acheter\/","title":{"rendered":"Comment acheter"},"content":{"rendered":"<div data-elementor-type=\"wp-page\" data-elementor-id=\"5616\" class=\"elementor elementor-5616\" data-elementor-post-type=\"page\">\n\t\t\t\t<div class=\"elementor-element elementor-element-63f31ea7 e-flex e-con-boxed wpr-particle-no wpr-jarallax-no wpr-parallax-no wpr-sticky-section-no wpr-column-slider-no wpr-equal-height-no e-con e-parent\" data-id=\"63f31ea7\" data-element_type=\"container\" data-e-type=\"container\">\n\t\t\t\t\t<div class=\"e-con-inner\">\n\t\t\t\t<div class=\"elementor-element elementor-element-5c5a7cea elementor-widget__width-initial elementor-widget elementor-widget-text-editor\" data-id=\"5c5a7cea\" data-element_type=\"widget\" data-e-type=\"widget\" data-widget_type=\"text-editor.default\">\n\t\t\t\t<div class=\"elementor-widget-container\">\n\t\t\t\t\t\t\t\t\t<h1>Comment acheter<\/h1><p style=\"text-align: left;\">S\u00e9lectionnez le produit et appuyez sur la touche \u201c<b>Ajouter au panier<\/b>\u201d Si le produit comporte des options suppl\u00e9mentaires, celles-ci doivent \u00e9galement \u00eatre sp\u00e9cifi\u00e9es. Vous pouvez ensuite poursuivre vos achats ou acc\u00e9der au panier en cliquant sur la barre bleue au-dessus du produit.\u201c<strong>Voir le panier\u201d<\/strong>. En outre, vous pouvez toujours consulter le contenu de votre panier en cliquant sur l'ic\u00f4ne du panier dans le menu principal.<\/p><p style=\"text-align: left;\">Dans le panier d'achat, vous pouvez modifier les quantit\u00e9s de marchandises achet\u00e9es et les produits s\u00e9lectionn\u00e9s. Lorsque vous effectuez des modifications, y compris l'introduction d'un code promotionnel, vous devez cliquer sur le bouton \u201c<strong>Mise \u00e0 jour du panier d'achat\u201d<\/strong>, pour que les changements prennent effet. Lorsque vous \u00eates satisfait du contenu de votre panier, cliquez sur le bouton \u201c<strong>Aller au paiement<\/strong>\u201c.<\/p><p style=\"text-align: left;\">Pour passer une commande, vous devez remplir le formulaire de contact et s\u00e9lectionner le mode de paiement. Pour confirmer le paiement, n'oubliez pas de cliquer sur le bouton \u201c<b>Retour \u00e0 l'op\u00e9rateur<\/b>\u201dApr\u00e8s un paiement r\u00e9ussi, le magasin en ligne enverra au client un courrier \u00e9lectronique de confirmation de l'achat.<\/p><p style=\"text-align: left;\">Lorsqu'il passe une commande, le client s'engage \u00e0 fournir les informations correctes n\u00e9cessaires \u00e0 l'ex\u00e9cution de la commande. Le vendeur n'est pas responsable de l'impossibilit\u00e9 d'ex\u00e9cuter la commande en raison d'informations incorrectes fournies par le client, ni des cons\u00e9quences qui en d\u00e9coulent.<\/p><p style=\"text-align: left;\">Le vendeur a le droit de se retirer de la commande en cas de doute sur l'exactitude des informations fournies au vendeur et en cas de non-respect des bonnes pratiques.<\/p>\t\t\t\t\t\t\t\t<\/div>\n\t\t\t\t<\/div>\n\t\t\t\t\t<\/div>\n\t\t\t\t<\/div>\n\t\t<div class=\"elementor-element elementor-element-22890e6 e-flex e-con-boxed wpr-particle-no wpr-jarallax-no wpr-parallax-no wpr-sticky-section-no wpr-column-slider-no wpr-equal-height-no e-con e-parent\" data-id=\"22890e6\" data-element_type=\"container\" data-e-type=\"container\">\n\t\t\t\t\t<div class=\"e-con-inner\">\n\t\t\t\t<div class=\"elementor-element elementor-element-830158e elementor-widget elementor-widget-spacer\" data-id=\"830158e\" data-element_type=\"widget\" data-e-type=\"widget\" data-widget_type=\"spacer.default\">\n\t\t\t\t<div class=\"elementor-widget-container\">\n\t\t\t\t\t\t\t<div class=\"elementor-spacer\">\n\t\t\t<div class=\"elementor-spacer-inner\"><\/div>\n\t\t<\/div>\n\t\t\t\t\t\t<\/div>\n\t\t\t\t<\/div>\n\t\t\t\t\t<\/div>\n\t\t\t\t<\/div>\n\t\t\t\t<\/div>","protected":false},"excerpt":{"rendered":"<p>Kuidas osta Valige v\u00e4lja toode ning vajutage nuppu &#8220;Lisa korvi&#8221; Kui toote juures on lisavaliku v\u00f5imalused, tuleb ka need m\u00e4\u00e4rata. Seej\u00e4rel saate ostlemist j\u00e4tkata v\u00f5i suunuda ostukorvi klikkides toote kohale ilmunud sinisel ribal oleval nupul &#8220;Vaata ostukorvi&#8221;. Lisaks saab ostukorvi sisu vaadata ka alati lehe peamen\u00fc\u00fcs oleval ostukorvi ikoonil kl\u00f5psates. Ostukorvis saate korrigeerida ostetud kaupade koguseid ning valitud tooteid. Muudatusi tehes, s.h ka sooduskoodi sisestades tuleb vajutada nupul &#8220;Uuenda ostukorvi&#8221;, et muutused j\u00f5ustuks. Kui olete ostukorvi sisuga rahul, vajutage nupul &#8220;Mine maksma&#8220;. Tellimuse vormistamiseks tuleb t\u00e4ita kontaktivorm ning valida makseviis. Makse kinnitamiseks tuleb p\u00e4rast makse sooritamist kindlasti vajutada nupul &#8220;Tagasi kaupmehe juurde&#8221; P\u00e4rast edukat makse sooritamist saadab e-pood kliendi e-mailile ostu kinnituse. Klient kohustub tellimuse vormistamisel esitama tellimuse t\u00e4itmiseks vajalikud, t\u00f5esed andmed. M\u00fc\u00fcja ei vastuta tellimuse t\u00e4itmisel kliendi poolt esitatud ebakorrektsetest andmetest tingitud t\u00e4itmise v\u00f5imatuse v\u00f5i mistahes sellest tulenevate tagaj\u00e4rgede eest. M\u00fc\u00fcjal on \u00f5igus loobuda tellimuse t\u00e4itmisest kui tekib kahtlus M\u00fc\u00fcjale esitatud andmete \u00f5igsuses ja headele tavadele mittevastava k\u00e4itumise puhul.<\/p>","protected":false},"author":8,"featured_media":0,"parent":0,"menu_order":0,"comment_status":"closed","ping_status":"closed","template":"","meta":{"footnotes":""},"class_list":["post-5616","page","type-page","status-publish","hentry"],"_links":{"self":[{"href":"https:\/\/westonclimate.com\/fr\/wp-json\/wp\/v2\/pages\/5616","targetHints":{"allow":["GET"]}}],"collection":[{"href":"https:\/\/westonclimate.com\/fr\/wp-json\/wp\/v2\/pages"}],"about":[{"href":"https:\/\/westonclimate.com\/fr\/wp-json\/wp\/v2\/types\/page"}],"author":[{"embeddable":true,"href":"https:\/\/westonclimate.com\/fr\/wp-json\/wp\/v2\/users\/8"}],"replies":[{"embeddable":true,"href":"https:\/\/westonclimate.com\/fr\/wp-json\/wp\/v2\/comments?post=5616"}],"version-history":[{"count":41,"href":"https:\/\/westonclimate.com\/fr\/wp-json\/wp\/v2\/pages\/5616\/revisions"}],"predecessor-version":[{"id":8136,"href":"https:\/\/westonclimate.com\/fr\/wp-json\/wp\/v2\/pages\/5616\/revisions\/8136"}],"wp:attachment":[{"href":"https:\/\/westonclimate.com\/fr\/wp-json\/wp\/v2\/media?parent=5616"}],"curies":[{"name":"wp","href":"https:\/\/api.w.org\/{rel}","templated":true}]}}