{"id":11345,"date":"2026-02-24T18:23:56","date_gmt":"2026-02-24T18:23:56","guid":{"rendered":"https:\/\/westonclimate.com\/?post_type=product&#038;p=11345"},"modified":"2026-02-24T18:49:14","modified_gmt":"2026-02-24T18:49:14","slug":"weston-climate-180mm-12m-kuuma-vee-tsirkulatsioonipump-3fix-auto-pwm-120w-g1-5-%e2%86%92-g1","status":"publish","type":"product","link":"https:\/\/westonclimate.com\/fr\/tooted\/weston-climate-180mm-12m-pompe-de-circulation-eau-chaude-3fix-auto-pwm-120w-g1-5-g1\/","title":{"rendered":"Weston Climate 180mm 12m pompe de circulation d'eau chaude 3fix\/Auto\/PWM 120W G1.5\u2019\u2019 \u2192 G1\u2019\u2019"},"content":{"rendered":"<ul>\n<li data-start=\"1028\" data-end=\"1051\">Hauteur de levage : jusqu'\u00e0 12 m<\/li>\n<li data-start=\"1054\" data-end=\"1092\">D\u00e9bit (L\/min) : jusqu'\u00e0 95 L\/min<\/li>\n<li>Modes de fonctionnement : 3 vitesses fixes + mode automatique + PWM<\/li>\n<li data-start=\"1095\" data-end=\"1109\">Puissance : 120W<\/li>\n<li data-start=\"1112\" data-end=\"1131\">Longueur d'installation : 180 mm<\/li>\n<li data-start=\"1134\" data-end=\"1166\">Voltage\/frequency: 220-250V\/50-60Hz<\/li>\n<li data-start=\"1169\" data-end=\"1212\">Classe de protection : IP44<\/li>\n<li data-start=\"1237\" data-end=\"1252\">Cale : G1.5\u2019\u2019<\/li>\n<li data-start=\"1255\" data-end=\"1280\">Transition : G1.5\u2019\u2019 \u2192 G1\u2019\u2019<\/li>\n<\/ul>","protected":false},"excerpt":{"rendered":"<p data-start=\"113\" data-end=\"391\">La pompe de circulation Weston Climate 180 mm est une solution fiable et \u00e9conome en \u00e9nergie pour le chauffage ou la circulation de l'eau chaude sanitaire. Elle convient aux maisons individuelles, aux immeubles d'habitation et \u00e0 divers syst\u00e8mes de chauffage n\u00e9cessitant un d\u00e9bit d'eau stable et une hauteur de levage allant jusqu'\u00e0 12 m\u00e8tres.<\/p>\n<p data-start=\"393\" data-end=\"803\">Climat de Weston <strong>180mm 12m pompe de circulation d'eau chaude 3fix\/Auto\/PWM 120W G1.5\u2019\u2019 \u2192 G1\u2019\u2019<\/strong> est \u00e9quip\u00e9 de trois vitesses fixes, d'un mode automatique et d'un contr\u00f4le PWM. Le mode automatique ajuste automatiquement le fonctionnement en fonction des besoins du syst\u00e8me, ce qui contribue \u00e0 r\u00e9duire la consommation d'\u00e9nergie et \u00e0 prolonger la dur\u00e9e de vie de l'unit\u00e9. La fonction PWM permet un contr\u00f4le plus pr\u00e9cis du fonctionnement de la pompe et une int\u00e9gration dans l'automatisation des syst\u00e8mes de chauffage modernes.<\/p>\n<p data-start=\"805\" data-end=\"997\">La longueur d'installation de 180 mm est une norme courante, ce qui permet \u00e0 la pompe de s'adapter aux syst\u00e8mes nouveaux et existants. La classe de protection IP44 garantit un fonctionnement s\u00fbr dans des conditions normales de chaufferie.<\/p>\n<p data-start=\"999\" data-end=\"1106\">Gr\u00e2ce \u00e0 la connexion G1,5\u2019\u2019 et \u00e0 l'adaptateur G1,5\u2019\u2019 \u2192 G1\u2019\u2019 fourni, l'installation est facile et universelle.<\/p>","protected":false},"featured_media":11346,"template":"","meta":[],"product_brand":[],"product_cat":[67,294],"product_tag":[],"class_list":{"0":"post-11345","1":"product","2":"type-product","3":"status-publish","4":"has-post-thumbnail","6":"product_cat-tsirkulatsioonipumbad","7":"product_cat-weston-climate","9":"first","10":"instock","11":"taxable","12":"shipping-taxable","13":"purchasable","14":"product-type-simple"},"_links":{"self":[{"href":"https:\/\/westonclimate.com\/fr\/wp-json\/wp\/v2\/product\/11345","targetHints":{"allow":["GET"]}}],"collection":[{"href":"https:\/\/westonclimate.com\/fr\/wp-json\/wp\/v2\/product"}],"about":[{"href":"https:\/\/westonclimate.com\/fr\/wp-json\/wp\/v2\/types\/product"}],"version-history":[{"count":2,"href":"https:\/\/westonclimate.com\/fr\/wp-json\/wp\/v2\/product\/11345\/revisions"}],"predecessor-version":[{"id":11348,"href":"https:\/\/westonclimate.com\/fr\/wp-json\/wp\/v2\/product\/11345\/revisions\/11348"}],"wp:featuredmedia":[{"embeddable":true,"href":"https:\/\/westonclimate.com\/fr\/wp-json\/wp\/v2\/media\/11346"}],"wp:attachment":[{"href":"https:\/\/westonclimate.com\/fr\/wp-json\/wp\/v2\/media?parent=11345"}],"wp:term":[{"taxonomy":"product_brand","embeddable":true,"href":"https:\/\/westonclimate.com\/fr\/wp-json\/wp\/v2\/product_brand?post=11345"},{"taxonomy":"product_cat","embeddable":true,"href":"https:\/\/westonclimate.com\/fr\/wp-json\/wp\/v2\/product_cat?post=11345"},{"taxonomy":"product_tag","embeddable":true,"href":"https:\/\/westonclimate.com\/fr\/wp-json\/wp\/v2\/product_tag?post=11345"}],"curies":[{"name":"wp","href":"https:\/\/api.w.org\/{rel}","templated":true}]}}