{"id":3147,"date":"2024-05-04T17:49:20","date_gmt":"2024-05-04T17:49:20","guid":{"rendered":"https:\/\/wmdcompany.eu\/?post_type=product&#038;p=3147"},"modified":"2025-09-29T06:51:31","modified_gmt":"2025-09-29T06:51:31","slug":"nutikas-kruvikompressor","status":"publish","type":"product","link":"https:\/\/westonclimate.com\/fr\/tooted\/compresseur-a-vis-intelligent\/","title":{"rendered":"Compresseur \u00e0 vis intelligent"},"content":{"rendered":"","protected":false},"excerpt":{"rendered":"<p style=\"font-weight: 400;\"><strong>Compresseur \u00e0 vis intelligent AIRHORSE.\u00a0<\/strong><\/p>\n<ul>\n<li>R\u00e9alisez des \u00e9conomies en adaptant l'agencement et l'aspect de votre espace int\u00e9rieur de mani\u00e8re compacte, judicieuse et \u00e9l\u00e9gante.<\/li>\n<li>Utilisation d'accessoires s\u00e9lectionn\u00e9s de haute qualit\u00e9 pr\u00e9sentant des caract\u00e9ristiques d'efficacit\u00e9, de stabilit\u00e9 et de durabilit\u00e9.<\/li>\n<li>Les mod\u00e8les les plus vendus vont de 5,5 \u00e0 45 kW.<\/li>\n<li>La s\u00e9rie AHS est le compresseur \u00e0 vis le plus rentable.<\/li>\n<\/ul>","protected":false},"featured_media":3148,"template":"","meta":[],"product_brand":[],"product_cat":[66],"product_tag":[],"class_list":{"0":"post-3147","1":"product","2":"type-product","3":"status-publish","4":"has-post-thumbnail","6":"product_cat-kompressorid","8":"first","9":"instock","10":"taxable","11":"shipping-taxable","12":"product-type-simple"},"_links":{"self":[{"href":"https:\/\/westonclimate.com\/fr\/wp-json\/wp\/v2\/product\/3147","targetHints":{"allow":["GET"]}}],"collection":[{"href":"https:\/\/westonclimate.com\/fr\/wp-json\/wp\/v2\/product"}],"about":[{"href":"https:\/\/westonclimate.com\/fr\/wp-json\/wp\/v2\/types\/product"}],"version-history":[{"count":1,"href":"https:\/\/westonclimate.com\/fr\/wp-json\/wp\/v2\/product\/3147\/revisions"}],"predecessor-version":[{"id":9300,"href":"https:\/\/westonclimate.com\/fr\/wp-json\/wp\/v2\/product\/3147\/revisions\/9300"}],"wp:featuredmedia":[{"embeddable":true,"href":"https:\/\/westonclimate.com\/fr\/wp-json\/wp\/v2\/media\/3148"}],"wp:attachment":[{"href":"https:\/\/westonclimate.com\/fr\/wp-json\/wp\/v2\/media?parent=3147"}],"wp:term":[{"taxonomy":"product_brand","embeddable":true,"href":"https:\/\/westonclimate.com\/fr\/wp-json\/wp\/v2\/product_brand?post=3147"},{"taxonomy":"product_cat","embeddable":true,"href":"https:\/\/westonclimate.com\/fr\/wp-json\/wp\/v2\/product_cat?post=3147"},{"taxonomy":"product_tag","embeddable":true,"href":"https:\/\/westonclimate.com\/fr\/wp-json\/wp\/v2\/product_tag?post=3147"}],"curies":[{"name":"wp","href":"https:\/\/api.w.org\/{rel}","templated":true}]}}