{"id":3155,"date":"2024-05-04T18:28:22","date_gmt":"2024-05-04T18:28:22","guid":{"rendered":"https:\/\/wmdcompany.eu\/?post_type=product&#038;p=3155"},"modified":"2025-09-29T06:51:11","modified_gmt":"2025-09-29T06:51:11","slug":"servo-inverter-kruvikompressor","status":"publish","type":"product","link":"https:\/\/westonclimate.com\/fr\/tooted\/compresseur-a-vis-a-servo-inverseur\/","title":{"rendered":"Compresseur \u00e0 vis \u00e0 servomoteur"},"content":{"rendered":"","protected":false},"excerpt":{"rendered":"<p style=\"font-weight: 400;\"><strong>Compresseur \u00e0 vis servo inverter AIRHORSE.\u00a0<\/strong><\/p>\n<ul>\n<li>Efficacit\u00e9 \u00e9lev\u00e9e en mati\u00e8re d'\u00e9conomie d'\u00e9nergie.<\/li>\n<li>Grande fiabilit\u00e9.<\/li>\n<li>Rentable.<\/li>\n<li>Peu d'entretien.<\/li>\n<\/ul>","protected":false},"featured_media":3157,"template":"","meta":[],"product_brand":[],"product_cat":[66],"product_tag":[],"class_list":{"0":"post-3155","1":"product","2":"type-product","3":"status-publish","4":"has-post-thumbnail","6":"product_cat-kompressorid","8":"first","9":"instock","10":"taxable","11":"shipping-taxable","12":"product-type-simple"},"_links":{"self":[{"href":"https:\/\/westonclimate.com\/fr\/wp-json\/wp\/v2\/product\/3155","targetHints":{"allow":["GET"]}}],"collection":[{"href":"https:\/\/westonclimate.com\/fr\/wp-json\/wp\/v2\/product"}],"about":[{"href":"https:\/\/westonclimate.com\/fr\/wp-json\/wp\/v2\/types\/product"}],"version-history":[{"count":1,"href":"https:\/\/westonclimate.com\/fr\/wp-json\/wp\/v2\/product\/3155\/revisions"}],"predecessor-version":[{"id":9299,"href":"https:\/\/westonclimate.com\/fr\/wp-json\/wp\/v2\/product\/3155\/revisions\/9299"}],"wp:featuredmedia":[{"embeddable":true,"href":"https:\/\/westonclimate.com\/fr\/wp-json\/wp\/v2\/media\/3157"}],"wp:attachment":[{"href":"https:\/\/westonclimate.com\/fr\/wp-json\/wp\/v2\/media?parent=3155"}],"wp:term":[{"taxonomy":"product_brand","embeddable":true,"href":"https:\/\/westonclimate.com\/fr\/wp-json\/wp\/v2\/product_brand?post=3155"},{"taxonomy":"product_cat","embeddable":true,"href":"https:\/\/westonclimate.com\/fr\/wp-json\/wp\/v2\/product_cat?post=3155"},{"taxonomy":"product_tag","embeddable":true,"href":"https:\/\/westonclimate.com\/fr\/wp-json\/wp\/v2\/product_tag?post=3155"}],"curies":[{"name":"wp","href":"https:\/\/api.w.org\/{rel}","templated":true}]}}