{"id":3161,"date":"2024-05-04T18:34:00","date_gmt":"2024-05-04T18:34:00","guid":{"rendered":"https:\/\/wmdcompany.eu\/?post_type=product&#038;p=3161"},"modified":"2025-09-29T06:50:51","modified_gmt":"2025-09-29T06:50:51","slug":"vsd-kruvikompressor","status":"publish","type":"product","link":"https:\/\/westonclimate.com\/fr\/tooted\/compresseur-a-vis-vsd\/","title":{"rendered":"Compresseur \u00e0 vis VSD"},"content":{"rendered":"","protected":false},"excerpt":{"rendered":"<p style=\"font-weight: 400;\"><strong>Compresseur \u00e0 vis AIRHORSE VSD.\u00a0<\/strong><\/p>\n<ul>\n<li>Moteur asynchrone \u00e0 haut rendement, entra\u00eenement \u00e0 vitesse variable (VSD) int\u00e9gr\u00e9 avec contr\u00f4le de la vitesse.<\/li>\n<li>Contr\u00f4le et protection de l'avance.<\/li>\n<li>Le d\u00e9marrage en douceur \u00e9limine la tension sur le variateur.<\/li>\n<li>Vous \u00e9conomisez de l'argent en r\u00e9duisant les co\u00fbts d'exploitation.<\/li>\n<li>A charge partielle, les performances sont les meilleures de sa cat\u00e9gorie.<\/li>\n<li>Le syst\u00e8me IntelliDriven \u00e0 vitesse variable \u00e9vite les cycles de charge et maintient un fonctionnement stable, r\u00e9duisant ainsi les co\u00fbts d'exploitation et de maintenance.<\/li>\n<li>Des performances de premier ordre, obtenues gr\u00e2ce \u00e0 des processus de conception et de fabrication de pointe, combin\u00e9es \u00e0 des pertes internes r\u00e9duites, se traduisent par une performance totale de l'air.<\/li>\n<\/ul>","protected":false},"featured_media":3162,"template":"","meta":[],"product_brand":[],"product_cat":[66],"product_tag":[],"class_list":{"0":"post-3161","1":"product","2":"type-product","3":"status-publish","4":"has-post-thumbnail","6":"product_cat-kompressorid","8":"first","9":"instock","10":"taxable","11":"shipping-taxable","12":"product-type-simple"},"_links":{"self":[{"href":"https:\/\/westonclimate.com\/fr\/wp-json\/wp\/v2\/product\/3161","targetHints":{"allow":["GET"]}}],"collection":[{"href":"https:\/\/westonclimate.com\/fr\/wp-json\/wp\/v2\/product"}],"about":[{"href":"https:\/\/westonclimate.com\/fr\/wp-json\/wp\/v2\/types\/product"}],"version-history":[{"count":1,"href":"https:\/\/westonclimate.com\/fr\/wp-json\/wp\/v2\/product\/3161\/revisions"}],"predecessor-version":[{"id":9298,"href":"https:\/\/westonclimate.com\/fr\/wp-json\/wp\/v2\/product\/3161\/revisions\/9298"}],"wp:featuredmedia":[{"embeddable":true,"href":"https:\/\/westonclimate.com\/fr\/wp-json\/wp\/v2\/media\/3162"}],"wp:attachment":[{"href":"https:\/\/westonclimate.com\/fr\/wp-json\/wp\/v2\/media?parent=3161"}],"wp:term":[{"taxonomy":"product_brand","embeddable":true,"href":"https:\/\/westonclimate.com\/fr\/wp-json\/wp\/v2\/product_brand?post=3161"},{"taxonomy":"product_cat","embeddable":true,"href":"https:\/\/westonclimate.com\/fr\/wp-json\/wp\/v2\/product_cat?post=3161"},{"taxonomy":"product_tag","embeddable":true,"href":"https:\/\/westonclimate.com\/fr\/wp-json\/wp\/v2\/product_tag?post=3161"}],"curies":[{"name":"wp","href":"https:\/\/api.w.org\/{rel}","templated":true}]}}