{"id":3188,"date":"2024-05-04T19:41:29","date_gmt":"2024-05-04T19:41:29","guid":{"rendered":"https:\/\/wmdcompany.eu\/?post_type=product&#038;p=3188"},"modified":"2025-09-29T06:49:09","modified_gmt":"2025-09-29T06:49:09","slug":"paagile-monteeritav-kuivatiga-kruvikompressor","status":"publish","type":"product","link":"https:\/\/westonclimate.com\/fr\/tooted\/compresseur-a-vis-sec-montable-sur-reservoir\/","title":{"rendered":"Compresseur \u00e0 vis sec montable sur r\u00e9servoir"},"content":{"rendered":"","protected":false},"excerpt":{"rendered":"<p style=\"font-weight: 400;\"><strong>AIRHORSE paa<\/strong><strong>g<\/strong><strong>i<\/strong><strong>de<\/strong><strong> un compresseur \u00e0 vis avec un s\u00e9cheur montable.\u00a0<\/strong><\/p>\n<ul>\n<li>Le compresseur d'air \u00e0 vis mont\u00e9 sur r\u00e9servoir comprend un s\u00e9cheur d'air r\u00e9frig\u00e9rant et un r\u00e9servoir d'air int\u00e9gr\u00e9s, offrant un fonctionnement silencieux et continu du compresseur d'air avec un r\u00e9servoir d'air int\u00e9gr\u00e9 pour les petites et moyennes entreprises. Les lyophilisateurs refroidissent l'air avant de le stocker dans des r\u00e9servoirs afin d'\u00e9liminer l'humidit\u00e9 de l'air et d'\u00e9viter la rouille ou la d\u00e9t\u00e9rioration des \u00e9quipements. Les r\u00e9servoirs de gaz fournissent une alimentation de secours pour les besoins importants en air, agissent comme un tampon entre le compresseur et votre \u00e9quipement, et r\u00e9duisent les cycles constants du compresseur, en gardant le r\u00e9servoir pr\u00eat \u00e0 l'emploi.<\/li>\n<\/ul>","protected":false},"featured_media":3191,"template":"","meta":[],"product_brand":[],"product_cat":[66],"product_tag":[],"class_list":{"0":"post-3188","1":"product","2":"type-product","3":"status-publish","4":"has-post-thumbnail","6":"product_cat-kompressorid","8":"first","9":"instock","10":"taxable","11":"shipping-taxable","12":"product-type-simple"},"_links":{"self":[{"href":"https:\/\/westonclimate.com\/fr\/wp-json\/wp\/v2\/product\/3188","targetHints":{"allow":["GET"]}}],"collection":[{"href":"https:\/\/westonclimate.com\/fr\/wp-json\/wp\/v2\/product"}],"about":[{"href":"https:\/\/westonclimate.com\/fr\/wp-json\/wp\/v2\/types\/product"}],"version-history":[{"count":1,"href":"https:\/\/westonclimate.com\/fr\/wp-json\/wp\/v2\/product\/3188\/revisions"}],"predecessor-version":[{"id":9293,"href":"https:\/\/westonclimate.com\/fr\/wp-json\/wp\/v2\/product\/3188\/revisions\/9293"}],"wp:featuredmedia":[{"embeddable":true,"href":"https:\/\/westonclimate.com\/fr\/wp-json\/wp\/v2\/media\/3191"}],"wp:attachment":[{"href":"https:\/\/westonclimate.com\/fr\/wp-json\/wp\/v2\/media?parent=3188"}],"wp:term":[{"taxonomy":"product_brand","embeddable":true,"href":"https:\/\/westonclimate.com\/fr\/wp-json\/wp\/v2\/product_brand?post=3188"},{"taxonomy":"product_cat","embeddable":true,"href":"https:\/\/westonclimate.com\/fr\/wp-json\/wp\/v2\/product_cat?post=3188"},{"taxonomy":"product_tag","embeddable":true,"href":"https:\/\/westonclimate.com\/fr\/wp-json\/wp\/v2\/product_tag?post=3188"}],"curies":[{"name":"wp","href":"https:\/\/api.w.org\/{rel}","templated":true}]}}