{"id":3197,"date":"2024-05-04T19:56:36","date_gmt":"2024-05-04T19:56:36","guid":{"rendered":"https:\/\/wmdcompany.eu\/?post_type=product&#038;p=3197"},"modified":"2025-09-29T06:48:15","modified_gmt":"2025-09-29T06:48:15","slug":"madala-rohuga-kruvikompressor","status":"publish","type":"product","link":"https:\/\/westonclimate.com\/fr\/tooted\/compresseur-a-vis-a-basse-pression\/","title":{"rendered":"Compresseur \u00e0 vis basse pression"},"content":{"rendered":"","protected":false},"excerpt":{"rendered":"<p style=\"font-weight: 400;\"><strong>Compresseur \u00e0 vis basse pression AIRHORSE.\u00a0<\/strong><\/p>\n<p style=\"font-weight: 400;\"><span style=\"font-weight: 400;\">Les compresseurs d'air basse pression sont un type de compresseur class\u00e9 par pression, avec des pressions de refoulement allant de 1 \u00e0 10 MPa. Il existe des mod\u00e8les de compresseurs \u00e0 piston, \u00e0 membrane, \u00e0 vis et centrifuges.<\/span><\/p>","protected":false},"featured_media":3200,"template":"","meta":[],"product_brand":[],"product_cat":[66],"product_tag":[],"class_list":{"0":"post-3197","1":"product","2":"type-product","3":"status-publish","4":"has-post-thumbnail","6":"product_cat-kompressorid","8":"first","9":"instock","10":"taxable","11":"shipping-taxable","12":"product-type-simple"},"_links":{"self":[{"href":"https:\/\/westonclimate.com\/fr\/wp-json\/wp\/v2\/product\/3197","targetHints":{"allow":["GET"]}}],"collection":[{"href":"https:\/\/westonclimate.com\/fr\/wp-json\/wp\/v2\/product"}],"about":[{"href":"https:\/\/westonclimate.com\/fr\/wp-json\/wp\/v2\/types\/product"}],"version-history":[{"count":1,"href":"https:\/\/westonclimate.com\/fr\/wp-json\/wp\/v2\/product\/3197\/revisions"}],"predecessor-version":[{"id":9291,"href":"https:\/\/westonclimate.com\/fr\/wp-json\/wp\/v2\/product\/3197\/revisions\/9291"}],"wp:featuredmedia":[{"embeddable":true,"href":"https:\/\/westonclimate.com\/fr\/wp-json\/wp\/v2\/media\/3200"}],"wp:attachment":[{"href":"https:\/\/westonclimate.com\/fr\/wp-json\/wp\/v2\/media?parent=3197"}],"wp:term":[{"taxonomy":"product_brand","embeddable":true,"href":"https:\/\/westonclimate.com\/fr\/wp-json\/wp\/v2\/product_brand?post=3197"},{"taxonomy":"product_cat","embeddable":true,"href":"https:\/\/westonclimate.com\/fr\/wp-json\/wp\/v2\/product_cat?post=3197"},{"taxonomy":"product_tag","embeddable":true,"href":"https:\/\/westonclimate.com\/fr\/wp-json\/wp\/v2\/product_tag?post=3197"}],"curies":[{"name":"wp","href":"https:\/\/api.w.org\/{rel}","templated":true}]}}