{"id":3641,"date":"2024-06-20T19:53:34","date_gmt":"2024-06-20T19:53:34","guid":{"rendered":"https:\/\/wmdcompany.eu\/?post_type=product&#038;p=3641"},"modified":"2026-01-18T14:10:53","modified_gmt":"2026-01-18T14:10:53","slug":"weston-climate-w-standard-seeria-200m3-350m3-soojustagastusega-ventilatsiooniseade","status":"publish","type":"product","link":"https:\/\/westonclimate.com\/fr\/tooted\/weston-climate-w-standard-series-200m3-350m3-heat-recovery-ventilation-unit\/","title":{"rendered":"Weston Climate W Standard series 200m3-350m3 unit\u00e9 de ventilation \u00e0 r\u00e9cup\u00e9ration de chaleur"},"content":{"rendered":"<p><strong>Caract\u00e9ristiques :<\/strong><\/p>\n<ul>\n<li>Moteur \u00e0 commutation \u00e9lectronique (EC) \u00e0 haute pression statique et \u00e0 faible consommation d'\u00e9nergie<\/li>\n<li>Efficacit\u00e9 \u00e9nerg\u00e9tique jusqu'\u00e0 95%<\/li>\n<li>Int\u00e9gration standard du by-pass d'\u00e9t\u00e9<\/li>\n<li>Isolation thermique et phonique interne de 15 \u00e0 20 mm<\/li>\n<li>Des performances exceptionnelles<\/li>\n<li>Installation verticale et horizontale<\/li>\n<li>Panneaux d'entretien de chaque c\u00f4t\u00e9<\/li>\n<li>Convient pour une installation \u00e0 gauche ou \u00e0 droite<\/li>\n<li>Capteurs de temp\u00e9rature int\u00e9rieure et d'humidit\u00e9 relative<\/li>\n<li>Int\u00e9gration optionnelle de chauffages \u00e9lectriques<\/li>\n<li>Conception compacte et pratique<\/li>\n<li>Conformit\u00e9 : EU1253\/2014 ErP2016 ErP2018 EcoDesign<\/li>\n<li>Classe \u00e9nerg\u00e9tique A+<\/li>\n<li>conform\u00e9ment \u00e0 la norme EN12131-7<\/li>\n<\/ul>\n<p><strong>Fonctions de contr\u00f4le :<\/strong><\/p>\n<ul>\n<li>Syst\u00e8me de gestion int\u00e9gr\u00e9<\/li>\n<li>\u00c9cran tactile couleur HD 7 pouces avec affichage en temps r\u00e9el de la qualit\u00e9 de l'air int\u00e9rieur<\/li>\n<li>Gestion locale de la demande avec vitesse variable<\/li>\n<li>Connexion Modbus RS485 pour maison intelligente<\/li>\n<li>Capteurs de QAI (qualit\u00e9 de l'air int\u00e9rieur) CO2\/PM2.5\/vOCs\/TEMP\/RH<\/li>\n<li>Fonctionnement hebdomadaire propos\u00e9<\/li>\n<li>Commande de ventilateur s\u00e9par\u00e9e en option<\/li>\n<li>Connexion de plusieurs capteurs externes de CO2\/RH\/TEMP<\/li>\n<li>Connexion de plusieurs boosters externes<\/li>\n<li>Automatisation de l'entr\u00e9e\/Fusion\/IAQ<\/li>\n<li>Disponible avec t\u00e9l\u00e9commande<\/li>\n<li>Avis de lecture\/remplacement de l'inversion du filtre<\/li>\n<li>Param\u00e8tres complets du panneau de contr\u00f4le<\/li>\n<\/ul>\n<p><strong>Informations techniques :<\/strong><\/p>\n<ul>\n<li>Type de moteur de ventilation : EC<\/li>\n<li>D\u00e9bit d'air maximal (m3\/h) :\u00a0<em><strong>200@100Pa<\/strong><\/em><\/li>\n<li>Puissance nominale maximale :\u00a0<em><strong>230V-50Hz ; 76W ; 0.6A<\/strong><\/em><\/li>\n<li>Plage d'alimentation : 200-240 V ; 50\/60Hz<\/li>\n<li>Poids (kg) : 55<\/li>\n<li>Filtre : G4<\/li>\n<li>Filtre de puissance : G4, F8 (en option)<\/li>\n<li>Pression statique maximale (Pa) :\u00a0<em><strong>378<\/strong><\/em><\/li>\n<li>Type d'\u00e9changeur de chaleur : Contre-courant<\/li>\n<li>Mat\u00e9riau de l'\u00e9changeur de chaleur : enthalpie<\/li>\n<li>Efficacit\u00e9 \u00e9nerg\u00e9tique (%) :\u00a0<em><strong>86-95<\/strong><\/em><\/li>\n<li>Mat\u00e9riau d'isolation interne : mousse de poly\u00e9thyl\u00e8ne.<\/li>\n<li>Mat\u00e9riau du corps : t\u00f4le d'acier rev\u00eatue<\/li>\n<li>Temp\u00e9rature de l'air transmis (C) : -25 \u00e0 +50<\/li>\n<li>Temp\u00e9rature de l'environnement de travail (C) : +5 \u00e0 +40<\/li>\n<li>Humidit\u00e9 relative de l'environnement de travail (%) : inf\u00e9rieure \u00e0 80<\/li>\n<li>Diam\u00e8tre du conduit d'air raccord\u00e9 (mm) : 150<\/li>\n<\/ul>","protected":false},"excerpt":{"rendered":"<p><strong>Climat de Weston<\/strong><strong> W S\u00e9rie standard 200m3-350m3 unit\u00e9 de ventilation \u00e0 r\u00e9cup\u00e9ration de chaleur<\/strong> Convient aux habitations priv\u00e9es de petite et moyenne taille, aux bureaux, aux salles de s\u00e9jour, aux gymnases, aux \u00e9tablissements m\u00e9dicaux, aux magasins, aux h\u00f4tels, aux \u00e9tablissements d'enseignement, aux \u00e9tablissements de restauration, etc. <strong>S\u00e9rie standard 200m3-350m3 unit\u00e9 de ventilation \u00e0 r\u00e9cup\u00e9ration de chaleur<\/strong> ont \u00e9t\u00e9 command\u00e9s et adapt\u00e9s pour r\u00e9pondre aux exigences europ\u00e9ennes et scandinaves. La s\u00e9rie W STANDARD est construite avec des mat\u00e9riaux de la plus haute qualit\u00e9 afin de garantir un fonctionnement parfait et extr\u00eamement silencieux. Le niveau sonore ne d\u00e9passe pas 32 dB. La technologie moderne garantit la fiabilit\u00e9 et la long\u00e9vit\u00e9 de l'appareil. La s\u00e9rie W STANDARD est couverte par une garantie du fabricant de 7 ans, \u00e0 condition que les instructions d'utilisation du fabricant soient respect\u00e9es. L'installation de la s\u00e9rie W STANDARD est tr\u00e8s facile et \u00e0 la port\u00e9e de tout p\u00e8re ou femme de famille entreprenant.<\/p>\n<table style=\"border-collapse: collapse; width: 48pt;\" border=\"0\" width=\"64\" cellspacing=\"0\" cellpadding=\"0\">\n<tbody>\n<tr style=\"height: 15.0pt;\">\n<td style=\"height: 15.0pt; width: 48pt;\" width=\"64\" height=\"20\"><a href=\"https:\/\/westonclimate.com\/wp-content\/uploads\/2024\/06\/CE-Certificate-W-SERIES.pdf\" target=\"_blank\" rel=\"noopener\"><img fetchpriority=\"high\" decoding=\"async\" class=\"alignnone size-medium wp-image-10966\" src=\"https:\/\/westonclimate.com\/wp-content\/uploads\/2024\/06\/CS-sert_optimal-standard-premium-212x300.png\" alt=\"\" width=\"212\" height=\"300\" srcset=\"https:\/\/westonclimate.com\/wp-content\/uploads\/2024\/06\/CS-sert_optimal-standard-premium-212x300.png 212w, https:\/\/westonclimate.com\/wp-content\/uploads\/2024\/06\/CS-sert_optimal-standard-premium-723x1024.png 723w, https:\/\/westonclimate.com\/wp-content\/uploads\/2024\/06\/CS-sert_optimal-standard-premium-768x1087.png 768w, https:\/\/westonclimate.com\/wp-content\/uploads\/2024\/06\/CS-sert_optimal-standard-premium-8x12.png 8w, https:\/\/westonclimate.com\/wp-content\/uploads\/2024\/06\/CS-sert_optimal-standard-premium-600x849.png 600w, https:\/\/westonclimate.com\/wp-content\/uploads\/2024\/06\/CS-sert_optimal-standard-premium.png 869w\" sizes=\"(max-width: 212px) 100vw, 212px\" \/><\/a><\/td>\n<\/tr>\n<\/tbody>\n<\/table>\n<div class=\"elementor-element elementor-element-6aa9c580 elementor-widget elementor-widget-woocommerce-product-short-description\" data-id=\"6aa9c580\" data-element_type=\"widget\" data-widget_type=\"woocommerce-product-short-description.default\">\n<div class=\"elementor-widget-container\">\n<div class=\"woocommerce-product-details__short-description\">\n<p>Les produits sont en stock.\u00a0<strong>Livraison rapide, dans un d\u00e9lai de 5 \u00e0 7 jours ouvrables.<\/strong><\/p>\n<\/div>\n<\/div>\n<\/div>","protected":false},"featured_media":7657,"template":"","meta":[],"product_brand":[],"product_cat":[122,35],"product_tag":[],"class_list":{"0":"post-3641","1":"product","2":"type-product","3":"status-publish","4":"has-post-thumbnail","6":"product_cat-vertikaalsed","7":"product_cat-ventilatsiooniseadmed","9":"first","10":"onbackorder","11":"taxable","12":"shipping-taxable","13":"purchasable","14":"product-type-variable"},"_links":{"self":[{"href":"https:\/\/westonclimate.com\/fr\/wp-json\/wp\/v2\/product\/3641","targetHints":{"allow":["GET"]}}],"collection":[{"href":"https:\/\/westonclimate.com\/fr\/wp-json\/wp\/v2\/product"}],"about":[{"href":"https:\/\/westonclimate.com\/fr\/wp-json\/wp\/v2\/types\/product"}],"version-history":[{"count":12,"href":"https:\/\/westonclimate.com\/fr\/wp-json\/wp\/v2\/product\/3641\/revisions"}],"predecessor-version":[{"id":10968,"href":"https:\/\/westonclimate.com\/fr\/wp-json\/wp\/v2\/product\/3641\/revisions\/10968"}],"wp:featuredmedia":[{"embeddable":true,"href":"https:\/\/westonclimate.com\/fr\/wp-json\/wp\/v2\/media\/7657"}],"wp:attachment":[{"href":"https:\/\/westonclimate.com\/fr\/wp-json\/wp\/v2\/media?parent=3641"}],"wp:term":[{"taxonomy":"product_brand","embeddable":true,"href":"https:\/\/westonclimate.com\/fr\/wp-json\/wp\/v2\/product_brand?post=3641"},{"taxonomy":"product_cat","embeddable":true,"href":"https:\/\/westonclimate.com\/fr\/wp-json\/wp\/v2\/product_cat?post=3641"},{"taxonomy":"product_tag","embeddable":true,"href":"https:\/\/westonclimate.com\/fr\/wp-json\/wp\/v2\/product_tag?post=3641"}],"curies":[{"name":"wp","href":"https:\/\/api.w.org\/{rel}","templated":true}]}}