{"id":3660,"date":"2024-06-20T20:37:25","date_gmt":"2024-06-20T20:37:25","guid":{"rendered":"https:\/\/wmdcompany.eu\/?post_type=product&#038;p=3660"},"modified":"2026-01-18T11:45:56","modified_gmt":"2026-01-18T11:45:56","slug":"weston-climate-tp-th-seeria-350-600m3-soojustagastusega-ventilatsiooniseade","status":"publish","type":"product","link":"https:\/\/westonclimate.com\/fr\/tooted\/weston-climate-tp-th-series-350-600m3-unite-de-ventilation-a-recuperation-de-chaleur\/","title":{"rendered":"Weston Climate TP TH series 350-600m3 unit\u00e9 de ventilation \u00e0 r\u00e9cup\u00e9ration de chaleur"},"content":{"rendered":"<p><strong>Caract\u00e9ristiques :<\/strong><\/p>\n<ul>\n<li>Moteur \u00e0 commutation \u00e9lectronique (EC) \u00e0 haute pression statique et \u00e0 faible consommation d'\u00e9nergie<\/li>\n<li>Efficacit\u00e9 \u00e9nerg\u00e9tique jusqu'\u00e0 97%<\/li>\n<li>Int\u00e9gration standard du by-pass d'\u00e9t\u00e9<\/li>\n<li>Protection automatique contre le froid<\/li>\n<li>Isolation thermique et acoustique interne de 30 \u00e0 45 mm<\/li>\n<li>Des performances exceptionnelles<\/li>\n<li>Installation verticale et horizontale<\/li>\n<li>Panneaux d'entretien de chaque c\u00f4t\u00e9<\/li>\n<li>Convient pour une installation \u00e0 gauche ou \u00e0 droite<\/li>\n<li>Capteurs de temp\u00e9rature int\u00e9rieure et d'humidit\u00e9 relative<\/li>\n<li>Int\u00e9gration optionnelle de chauffages \u00e9lectriques<\/li>\n<li>Conception compacte et pratique<\/li>\n<li>Conformit\u00e9 : EU1253\/2014 ErP2016 ErP2018 EcoDesign<\/li>\n<li>Label \u00e9nerg\u00e9tique A+<\/li>\n<\/ul>\n<p><strong>Fonctions de contr\u00f4le :<\/strong><\/p>\n<ul>\n<li>Syst\u00e8me de gestion int\u00e9gr\u00e9<\/li>\n<li>\u00c9cran tactile couleur HD 7 pouces avec affichage en temps r\u00e9el de la qualit\u00e9 de l'air int\u00e9rieur<\/li>\n<li>Gestion locale de la demande avec vitesse variable<\/li>\n<li>Connexion Modbus RS485 pour maison intelligente<\/li>\n<li>Capteurs de QAI (qualit\u00e9 de l'air int\u00e9rieur) CO2\/PM2.5\/vOCs\/TEMP\/RH<\/li>\n<li>Fonctionnement hebdomadaire propos\u00e9<\/li>\n<li>Commande de ventilateur s\u00e9par\u00e9e en option<\/li>\n<li>Connexion de plusieurs capteurs externes de CO2\/RH\/TEMP<\/li>\n<li>Connexion de plusieurs boosters externes<\/li>\n<li>Automatisation de l'entr\u00e9e\/Fusion\/IAQ<\/li>\n<li>Disponible avec t\u00e9l\u00e9commande<\/li>\n<li>Avis de lecture\/remplacement de l'inversion du filtre<\/li>\n<li>Param\u00e8tres complets du panneau de contr\u00f4le<\/li>\n<\/ul>\n<p><strong>Informations techniques :<\/strong><\/p>\n<ul>\n<li>Type de moteur de ventilation : EC<\/li>\n<li>D\u00e9bit d'air maximal (m3\/h) :\u00a0<em><strong>350@100Pa \/ 400@100Pa \/ 450@100Pa \/ 500@100Pa \/ 550@100Pa \/ 600@100Pa<\/strong><\/em><\/li>\n<li>Puissance nominale maximale :\u00a0<em><strong>230V-50Hz ; 115W ; 0.9A \/ 230V-50Hz ; 150W ; 1.1A \/ 230V-50Hz ; 190W ; 1.3A \/ 230V-50Hz ; 250W ; 1.7A \/ 230V-50Hz ; 320W ; 2.1A \/ 230V-50Hz ; 390W ; 2.6A.<\/strong><\/em><\/li>\n<li>Plage d'alimentation : 200-240 V ; 50\/60Hz<\/li>\n<li>Poids (kg) : 47,5<\/li>\n<li>Filtre : G4<\/li>\n<li>Filtre de puissance : G4, F8 (en option)<\/li>\n<li>Pression statique maximale (Pa) :\u00a0<em><strong>575 \/ 707 \/ 720 \/ 720 \/ 720 \/ 725<\/strong><\/em><\/li>\n<li>Type d'\u00e9changeur de chaleur : Contre-courant<\/li>\n<li>Mat\u00e9riau de l'\u00e9changeur de chaleur : enthalpie<\/li>\n<li>Efficacit\u00e9 \u00e9nerg\u00e9tique (%) :\u00a0<em><strong>89-97 \/ 87-97 \/ 84-97 \/ 81-97 \/ 78-97 \/ 75-97<\/strong><\/em><\/li>\n<li>Mat\u00e9riau d'isolation interne : EPP<\/li>\n<li>Mat\u00e9riau du corps : EPP<\/li>\n<li>Temp\u00e9rature de l'air transmis (C) : -25 \u00e0 +50<\/li>\n<li>Temp\u00e9rature de l'environnement de travail (C) : +5 \u00e0 +40<\/li>\n<li>Humidit\u00e9 relative de l'environnement de travail (%) : inf\u00e9rieure \u00e0 80<\/li>\n<li>Diam\u00e8tre du conduit d'air raccord\u00e9 (mm) : 160<\/li>\n<\/ul>","protected":false},"excerpt":{"rendered":"<p>WC-TP<strong>450<\/strong>-ERV-B-Z-EC-VK8 <a href=\"https:\/\/eprel.ec.europa.eu\/screen\/product\/residentialventilationunits\/2418267\" target=\"_blank\" rel=\"noopener\">Registre EPREL<\/a><\/p>\n<p>Avec r\u00e9glage thermique <strong>Weston Climate TP TH series 350-600m3 unit\u00e9 de ventilation \u00e0 r\u00e9cup\u00e9ration de chaleur<\/strong> Convient aux habitations priv\u00e9es de taille moyenne \u00e0 grande, aux bureaux, aux salles publiques, aux gymnases, aux \u00e9tablissements m\u00e9dicaux, aux magasins, aux h\u00f4tels, aux \u00e9tablissements d'enseignement, aux \u00e9tablissements de restauration, etc. <strong>Unit\u00e9 de ventilation \u00e0 r\u00e9cup\u00e9ration de chaleur de la s\u00e9rie TP TH 350-600m3<\/strong> ont \u00e9t\u00e9 command\u00e9s et adapt\u00e9s pour r\u00e9pondre aux exigences europ\u00e9ennes et scandinaves. Des mat\u00e9riaux de haute qualit\u00e9 sont utilis\u00e9s dans la construction de l'unit\u00e9 pour garantir que la S\u00c9RIE THERMIQUE TP fonctionnera sans probl\u00e8me et de mani\u00e8re extr\u00eamement silencieuse. La technologie moderne garantit la fiabilit\u00e9 et la long\u00e9vit\u00e9 de l'appareil. L'installation de la S\u00c9RIE THERMIQUE TP est tr\u00e8s facile et \u00e0 la port\u00e9e de n'importe quel p\u00e8re ou femme de famille enthousiaste.<\/p>\n<table style=\"border-collapse: collapse; width: 48pt;\" border=\"0\" width=\"64\" cellspacing=\"0\" cellpadding=\"0\">\n<tbody>\n<tr style=\"height: 15.0pt;\">\n<td style=\"height: 15.0pt; width: 48pt;\" width=\"64\" height=\"20\"><a href=\"https:\/\/westonclimate.com\/wp-content\/uploads\/2024\/06\/CE-Certificate-TP-SERIES.pdf\" target=\"_blank\" rel=\"noopener\"> <img fetchpriority=\"high\" decoding=\"async\" class=\"alignnone size-medium wp-image-10963\" src=\"https:\/\/westonclimate.com\/wp-content\/uploads\/2024\/06\/CS-sert_thermal-207x300.png\" alt=\"\" width=\"207\" height=\"300\" srcset=\"https:\/\/westonclimate.com\/wp-content\/uploads\/2024\/06\/CS-sert_thermal-207x300.png 207w, https:\/\/westonclimate.com\/wp-content\/uploads\/2024\/06\/CS-sert_thermal-707x1024.png 707w, https:\/\/westonclimate.com\/wp-content\/uploads\/2024\/06\/CS-sert_thermal-8x12.png 8w, https:\/\/westonclimate.com\/wp-content\/uploads\/2024\/06\/CS-sert_thermal-600x869.png 600w, https:\/\/westonclimate.com\/wp-content\/uploads\/2024\/06\/CS-sert_thermal.png 763w\" sizes=\"(max-width: 207px) 100vw, 207px\" \/><\/a><\/td>\n<\/tr>\n<\/tbody>\n<\/table>\n<p><strong>D\u00e9lai de livraison jusqu'\u00e0 65 jours ouvrables.<\/strong><\/p>","protected":false},"featured_media":7648,"template":"","meta":[],"product_brand":[],"product_cat":[122,35],"product_tag":[],"class_list":{"0":"post-3660","1":"product","2":"type-product","3":"status-publish","4":"has-post-thumbnail","6":"product_cat-vertikaalsed","7":"product_cat-ventilatsiooniseadmed","9":"first","10":"instock","11":"taxable","12":"shipping-taxable","13":"purchasable","14":"product-type-variable","15":"has-default-attributes"},"_links":{"self":[{"href":"https:\/\/westonclimate.com\/fr\/wp-json\/wp\/v2\/product\/3660","targetHints":{"allow":["GET"]}}],"collection":[{"href":"https:\/\/westonclimate.com\/fr\/wp-json\/wp\/v2\/product"}],"about":[{"href":"https:\/\/westonclimate.com\/fr\/wp-json\/wp\/v2\/types\/product"}],"version-history":[{"count":15,"href":"https:\/\/westonclimate.com\/fr\/wp-json\/wp\/v2\/product\/3660\/revisions"}],"predecessor-version":[{"id":10964,"href":"https:\/\/westonclimate.com\/fr\/wp-json\/wp\/v2\/product\/3660\/revisions\/10964"}],"wp:featuredmedia":[{"embeddable":true,"href":"https:\/\/westonclimate.com\/fr\/wp-json\/wp\/v2\/media\/7648"}],"wp:attachment":[{"href":"https:\/\/westonclimate.com\/fr\/wp-json\/wp\/v2\/media?parent=3660"}],"wp:term":[{"taxonomy":"product_brand","embeddable":true,"href":"https:\/\/westonclimate.com\/fr\/wp-json\/wp\/v2\/product_brand?post=3660"},{"taxonomy":"product_cat","embeddable":true,"href":"https:\/\/westonclimate.com\/fr\/wp-json\/wp\/v2\/product_cat?post=3660"},{"taxonomy":"product_tag","embeddable":true,"href":"https:\/\/westonclimate.com\/fr\/wp-json\/wp\/v2\/product_tag?post=3660"}],"curies":[{"name":"wp","href":"https:\/\/api.w.org\/{rel}","templated":true}]}}