{"id":3795,"date":"2024-06-26T21:13:22","date_gmt":"2024-06-26T21:13:22","guid":{"rendered":"https:\/\/wmdcompany.eu\/?post_type=product&#038;p=3795"},"modified":"2026-01-22T13:32:03","modified_gmt":"2026-01-22T13:32:03","slug":"weston-climate-monoblock-inverter-ohk-vesi-soojuspump-15kw","status":"publish","type":"product","link":"https:\/\/westonclimate.com\/fr\/tooted\/weston-climate-monoblock-inverter-ohk-water-heat-pump-15kw\/","title":{"rendered":"Pompe \u00e0 chaleur air\/eau monobloc inverter Weston Climate 15kW"},"content":{"rendered":"<ul>\n<li>Capacit\u00e9 de chauffage nominale :<strong>\u00a015 kW<\/strong><\/li>\n<li>Plage de capacit\u00e9 de chauffage :\u00a0<strong>4,82-18,94 kW<\/strong><\/li>\n<li>Gamme COP :\u00a0<strong>5,10-2,58 p\/p<\/strong><\/li>\n<li><strong>Pr\u00e9paration du syst\u00e8me de surveillance des prix de l'\u00e9lectricit\u00e9 de la bourse (SG)<\/strong><\/li>\n<li><strong>WiFi<\/strong><\/li>\n<li>Tension d'alimentation :\u00a0<strong>220-240\/50 V\/Hz<\/strong><\/li>\n<li>Compresseur :\u00a0<strong>Onduleur DC + EVI<\/strong><\/li>\n<li>Moteur du ventilateur :\u00a0<strong>Onduleur DC<\/strong><\/li>\n<li>Pompe \u00e0 eau :\u00a0<strong>Onduleur DC<\/strong><\/li>\n<li>Classe \u00e9nerg\u00e9tique :\u00a0<strong>A+++<\/strong><\/li>\n<li>Temp\u00e9rature de l'air ext\u00e9rieur :\u00a0<strong>De -35 \u00e0 40\u00b0C<\/strong><\/li>\n<li>Plage de temp\u00e9rature du mode de chauffage :\u00a0<strong>30 \u00e0 60\u00b0C<\/strong><\/li>\n<li>Niveau sonore :\u00a0<strong>jusqu'\u00e0\u00a0<\/strong><strong>5<\/strong><strong>7 dB(A)<\/strong><\/li>\n<li>Poids :\u00a0<strong>115<\/strong>\u00a0<strong>kg<\/strong><\/li>\n<li>Dimensions (longueur, largeur, hauteur) :\u00a0<strong>1000x390x1380 mm<\/strong><\/li>\n<\/ul>","protected":false},"excerpt":{"rendered":"<p><strong>Pompe \u00e0 chaleur air\/eau Weston Climate MONOBLOCK inverter 15kW. <\/strong>Fonctions : mode chauffage, mode eau chaude, mode refroidissement, modes chauffage et eau chaude, modes refroidissement et eau chaude.<\/p>\n<p>Surface recommand\u00e9e (pour une bonne isolation) : jusqu'\u00e0 270 m2<\/p>\n<p>Les produits sont en stock.\u00a0<strong>Livraison rapide, dans un d\u00e9lai de 5 \u00e0 7 jours ouvrables.<\/strong><\/p>\n<p><strong>Le produit est install\u00e9 en usine, demandez un prix !<\/strong><\/p>\n<p>&nbsp;<\/p>","protected":false},"featured_media":10982,"template":"","meta":[],"product_brand":[],"product_cat":[116,63,65],"product_tag":[],"class_list":{"0":"post-3795","1":"product","2":"type-product","3":"status-publish","4":"has-post-thumbnail","6":"product_cat-monobloc-weston-r32","7":"product_cat-soojuspumbad","8":"product_cat-soojuspump-monobloc","10":"first","11":"instock","12":"taxable","13":"shipping-taxable","14":"purchasable","15":"product-type-simple"},"_links":{"self":[{"href":"https:\/\/westonclimate.com\/fr\/wp-json\/wp\/v2\/product\/3795","targetHints":{"allow":["GET"]}}],"collection":[{"href":"https:\/\/westonclimate.com\/fr\/wp-json\/wp\/v2\/product"}],"about":[{"href":"https:\/\/westonclimate.com\/fr\/wp-json\/wp\/v2\/types\/product"}],"version-history":[{"count":8,"href":"https:\/\/westonclimate.com\/fr\/wp-json\/wp\/v2\/product\/3795\/revisions"}],"predecessor-version":[{"id":10527,"href":"https:\/\/westonclimate.com\/fr\/wp-json\/wp\/v2\/product\/3795\/revisions\/10527"}],"wp:featuredmedia":[{"embeddable":true,"href":"https:\/\/westonclimate.com\/fr\/wp-json\/wp\/v2\/media\/10982"}],"wp:attachment":[{"href":"https:\/\/westonclimate.com\/fr\/wp-json\/wp\/v2\/media?parent=3795"}],"wp:term":[{"taxonomy":"product_brand","embeddable":true,"href":"https:\/\/westonclimate.com\/fr\/wp-json\/wp\/v2\/product_brand?post=3795"},{"taxonomy":"product_cat","embeddable":true,"href":"https:\/\/westonclimate.com\/fr\/wp-json\/wp\/v2\/product_cat?post=3795"},{"taxonomy":"product_tag","embeddable":true,"href":"https:\/\/westonclimate.com\/fr\/wp-json\/wp\/v2\/product_tag?post=3795"}],"curies":[{"name":"wp","href":"https:\/\/api.w.org\/{rel}","templated":true}]}}