{"id":3798,"date":"2024-06-26T21:20:48","date_gmt":"2024-06-26T21:20:48","guid":{"rendered":"https:\/\/wmdcompany.eu\/?post_type=product&#038;p=3798"},"modified":"2026-01-22T13:30:53","modified_gmt":"2026-01-22T13:30:53","slug":"weston-climate-monoblock-inverter-ohk-vesi-soojuspump-18kw","status":"publish","type":"product","link":"https:\/\/westonclimate.com\/fr\/tooted\/weston-climate-monoblock-inverter-ohk-water-heat-pump-18kw\/","title":{"rendered":"Pompe \u00e0 chaleur air\/eau monobloc inverter Weston Climate 18kW"},"content":{"rendered":"<ul>\n<li>Capacit\u00e9 de chauffage nominale :<strong>\u00a018 kW<\/strong><\/li>\n<li>Plage de capacit\u00e9 de chauffage :\u00a0<strong>5,56-23,2 kW<\/strong><\/li>\n<li>Gamme COP :\u00a0<strong>5,08-2,54 p\/p<\/strong><\/li>\n<li><strong>Pr\u00e9paration du syst\u00e8me de surveillance des prix de l'\u00e9lectricit\u00e9 de la bourse (SG)<\/strong><\/li>\n<li><strong>WiFi<\/strong><\/li>\n<li>Tension d'alimentation :\u00a0<strong>380-415\/50 V\/Hz<\/strong><\/li>\n<li>Compresseur :\u00a0<strong>Onduleur DC + EVI<\/strong><\/li>\n<li>Moteur du ventilateur :\u00a0<strong>Onduleur DC<\/strong><\/li>\n<li>Pompe \u00e0 eau :\u00a0<strong>Onduleur DC<\/strong><\/li>\n<li>Classe \u00e9nerg\u00e9tique :\u00a0<strong>A+++<\/strong><\/li>\n<li>Temp\u00e9rature de l'air ext\u00e9rieur :\u00a0<strong>De -35 \u00e0 40\u00b0C<\/strong><\/li>\n<li>Plage de temp\u00e9rature du mode de chauffage :\u00a0<strong>30 \u00e0 60\u00b0C<\/strong><\/li>\n<li>Niveau sonore :\u00a0<strong>jusqu'\u00e0 58<\/strong><strong>\u00a0dB(A)<\/strong><\/li>\n<li>Poids :\u00a0<strong>123 kg<\/strong><\/li>\n<li>Dimensions (longueur, largeur, hauteur) :\u00a0<strong>1000x390x1380 mm<\/strong><\/li>\n<\/ul>","protected":false},"excerpt":{"rendered":"<p><strong>Pompe \u00e0 chaleur air\/eau Weston Climate MONOBLOCK inverter 18kW. <\/strong>Fonctions : mode chauffage, mode eau chaude, mode refroidissement, modes chauffage et eau chaude, modes refroidissement et eau chaude.<\/p>\n<p>Surface recommand\u00e9e (pour une bonne isolation) : jusqu'\u00e0 325 m2<\/p>\n<p>Les produits sont en stock.\u00a0<strong>Livraison rapide, dans un d\u00e9lai de 5 \u00e0 7 jours ouvrables.<\/strong><\/p>\n<p><strong>Le produit est install\u00e9 en usine, demandez un prix !<\/strong><\/p>","protected":false},"featured_media":10981,"template":"","meta":[],"product_brand":[],"product_cat":[116,63,65],"product_tag":[],"class_list":{"0":"post-3798","1":"product","2":"type-product","3":"status-publish","4":"has-post-thumbnail","6":"product_cat-monobloc-weston-r32","7":"product_cat-soojuspumbad","8":"product_cat-soojuspump-monobloc","10":"first","11":"instock","12":"taxable","13":"shipping-taxable","14":"purchasable","15":"product-type-simple"},"_links":{"self":[{"href":"https:\/\/westonclimate.com\/fr\/wp-json\/wp\/v2\/product\/3798","targetHints":{"allow":["GET"]}}],"collection":[{"href":"https:\/\/westonclimate.com\/fr\/wp-json\/wp\/v2\/product"}],"about":[{"href":"https:\/\/westonclimate.com\/fr\/wp-json\/wp\/v2\/types\/product"}],"version-history":[{"count":8,"href":"https:\/\/westonclimate.com\/fr\/wp-json\/wp\/v2\/product\/3798\/revisions"}],"predecessor-version":[{"id":10783,"href":"https:\/\/westonclimate.com\/fr\/wp-json\/wp\/v2\/product\/3798\/revisions\/10783"}],"wp:featuredmedia":[{"embeddable":true,"href":"https:\/\/westonclimate.com\/fr\/wp-json\/wp\/v2\/media\/10981"}],"wp:attachment":[{"href":"https:\/\/westonclimate.com\/fr\/wp-json\/wp\/v2\/media?parent=3798"}],"wp:term":[{"taxonomy":"product_brand","embeddable":true,"href":"https:\/\/westonclimate.com\/fr\/wp-json\/wp\/v2\/product_brand?post=3798"},{"taxonomy":"product_cat","embeddable":true,"href":"https:\/\/westonclimate.com\/fr\/wp-json\/wp\/v2\/product_cat?post=3798"},{"taxonomy":"product_tag","embeddable":true,"href":"https:\/\/westonclimate.com\/fr\/wp-json\/wp\/v2\/product_tag?post=3798"}],"curies":[{"name":"wp","href":"https:\/\/api.w.org\/{rel}","templated":true}]}}