{"id":3820,"date":"2024-06-26T22:13:57","date_gmt":"2024-06-26T22:13:57","guid":{"rendered":"https:\/\/wmdcompany.eu\/?post_type=product&#038;p=3820"},"modified":"2025-12-22T15:51:15","modified_gmt":"2025-12-22T15:51:15","slug":"weston-climate-split-inverter-ohk-vesi-soojuspump-30kw","status":"publish","type":"product","link":"https:\/\/westonclimate.com\/fr\/tooted\/weston-climate-split-inverter-ohk-water-heat-pump-30kw\/","title":{"rendered":"Pompe \u00e0 chaleur air\/eau Weston Climate split inverter 30kW"},"content":{"rendered":"<ul>\n<li>Capacit\u00e9 de chauffage nominale :<strong>\u00a030 kW<\/strong><\/li>\n<li>Plage de capacit\u00e9 de chauffage :\u00a0<strong>10,50-35,85 kW<\/strong><\/li>\n<li>Chauffage : fourni, \u00e0 l'int\u00e9rieur de l'appareil<\/li>\n<li>Gamme COP :\u00a0<strong>4,92-2,48 p\/p<\/strong><\/li>\n<li><strong>Pr\u00e9paration du syst\u00e8me de surveillance des prix de l'\u00e9lectricit\u00e9 de la bourse (SG)<\/strong><\/li>\n<li><strong>WiFi<\/strong><\/li>\n<li>Tension d'alimentation :\u00a0<strong>380-415\/50 V\/Hz<\/strong><\/li>\n<li>Compresseur :\u00a0<strong>Onduleur DC + EVI<\/strong><\/li>\n<li>Moteur du ventilateur :\u00a0<strong>Onduleur DC<\/strong><\/li>\n<li>Pompe \u00e0 eau :\u00a0<strong>Onduleur DC<\/strong><\/li>\n<li>R\u00e9frig\u00e9rant : R32<\/li>\n<li>Classe \u00e9nerg\u00e9tique :\u00a0<strong>A+++<\/strong><\/li>\n<li>Temp\u00e9rature de l'air ext\u00e9rieur :\u00a0<strong>De -35 \u00e0 40\u00b0C<\/strong><\/li>\n<li>Plage de temp\u00e9rature du mode de chauffage :\u00a0<strong>30 \u00e0 60\u00b0C<\/strong><\/li>\n<li>Niveau de bruit interne :\u00a0<strong>jusqu'\u00e0\u00a0<\/strong><strong>35 dB(A)<\/strong><\/li>\n<li>Niveau sonore des \u00e9quipements ext\u00e9rieurs :\u00a0<strong>jusqu'\u00e0\u00a0<\/strong><strong>63 dB(A)<\/strong><\/li>\n<li>Poids du dispositif d'entr\u00e9e :\u00a0<strong>58 kg<\/strong><\/li>\n<li>Poids de l'unit\u00e9 ext\u00e9rieure :\u00a0<strong>164 kg<\/strong><\/li>\n<li>Dimensions de l'unit\u00e9 int\u00e9rieure (longueur, largeur, hauteur) :\u00a0<strong>550x430x800 mm<\/strong><\/li>\n<li>Dimensions de l'unit\u00e9 ext\u00e9rieure (longueur, largeur, hauteur) :\u00a0<strong>1200x430x1550 mm<\/strong><\/li>\n<\/ul>","protected":false},"excerpt":{"rendered":"<p><strong>Pompe \u00e0 chaleur air\/eau Weston Climate SPLIT inverter 30kW. <\/strong>Fonctions : mode chauffage, mode eau chaude, mode refroidissement, modes chauffage et eau chaude, modes refroidissement et eau chaude.<\/p>\n<p>Surface recommand\u00e9e (pour une bonne isolation) : jusqu'\u00e0 550 m2<\/p>\n<p><strong>D\u00e9lai de livraison jusqu'\u00e0 5 jours ouvrables.<\/strong><\/p>","protected":false},"featured_media":10389,"template":"","meta":[],"product_brand":[],"product_cat":[63,64],"product_tag":[],"class_list":{"0":"post-3820","1":"product","2":"type-product","3":"status-publish","4":"has-post-thumbnail","6":"product_cat-soojuspumbad","7":"product_cat-soojuspump-split","9":"first","10":"instock","11":"taxable","12":"shipping-taxable","13":"purchasable","14":"product-type-variable"},"_links":{"self":[{"href":"https:\/\/westonclimate.com\/fr\/wp-json\/wp\/v2\/product\/3820","targetHints":{"allow":["GET"]}}],"collection":[{"href":"https:\/\/westonclimate.com\/fr\/wp-json\/wp\/v2\/product"}],"about":[{"href":"https:\/\/westonclimate.com\/fr\/wp-json\/wp\/v2\/types\/product"}],"version-history":[{"count":7,"href":"https:\/\/westonclimate.com\/fr\/wp-json\/wp\/v2\/product\/3820\/revisions"}],"predecessor-version":[{"id":10390,"href":"https:\/\/westonclimate.com\/fr\/wp-json\/wp\/v2\/product\/3820\/revisions\/10390"}],"wp:featuredmedia":[{"embeddable":true,"href":"https:\/\/westonclimate.com\/fr\/wp-json\/wp\/v2\/media\/10389"}],"wp:attachment":[{"href":"https:\/\/westonclimate.com\/fr\/wp-json\/wp\/v2\/media?parent=3820"}],"wp:term":[{"taxonomy":"product_brand","embeddable":true,"href":"https:\/\/westonclimate.com\/fr\/wp-json\/wp\/v2\/product_brand?post=3820"},{"taxonomy":"product_cat","embeddable":true,"href":"https:\/\/westonclimate.com\/fr\/wp-json\/wp\/v2\/product_cat?post=3820"},{"taxonomy":"product_tag","embeddable":true,"href":"https:\/\/westonclimate.com\/fr\/wp-json\/wp\/v2\/product_tag?post=3820"}],"curies":[{"name":"wp","href":"https:\/\/api.w.org\/{rel}","templated":true}]}}