{"id":4293,"date":"2024-07-05T09:40:17","date_gmt":"2024-07-05T09:40:17","guid":{"rendered":"https:\/\/wmdcompany.eu\/?post_type=product&#038;p=4293"},"modified":"2026-01-16T13:44:38","modified_gmt":"2026-01-16T13:44:38","slug":"weston-climate-flex-seeria-100-180m3-soojustagastusega-ventilatsiooniseade","status":"publish","type":"product","link":"https:\/\/westonclimate.com\/fr\/tooted\/weston-climate-flex-series-100-180m3-unite-de-ventilation-a-recuperation-de-chaleur\/","title":{"rendered":"Unit\u00e9 de ventilation \u00e0 r\u00e9cup\u00e9ration de chaleur Weston Climate Flex series 100-180m3"},"content":{"rendered":"<p><strong>Caract\u00e9ristiques :<\/strong><\/p>\n<ul>\n<li>Conception compacte, adapt\u00e9e \u00e0 l'installation en plafond ou en mur<\/li>\n<li>La semaine derni\u00e8re, \u00e0 partir de l'\u00e9changeur de chaleur<\/li>\n<li>Pression statique \u00e9lev\u00e9e, moteur EC \u00e0 commutation \u00e9lectronique (BLDC) \u00e9conome en \u00e9nergie.<\/li>\n<li>Efficacit\u00e9 \u00e9nerg\u00e9tique jusqu'\u00e0 96%<\/li>\n<li>Int\u00e9gration standard du by-pass d'\u00e9t\u00e9<\/li>\n<li>Des performances exceptionnelles<\/li>\n<li>Mugav alumine hoolduspaneel &#8211; lihtne filtrihooldus<\/li>\n<li>Capteurs de temp\u00e9rature int\u00e9rieure et d'humidit\u00e9 relative<\/li>\n<li>Conformit\u00e9 : EU1253\/2014 ErP EcoDesign<\/li>\n<li>Madal energiatarve &#8211; A+ energiam\u00e4rgis<\/li>\n<\/ul>\n<p><strong>Fonctions de contr\u00f4le :<\/strong><\/p>\n<ul>\n<li>Syst\u00e8me de gestion int\u00e9gr\u00e9<\/li>\n<li>\u00c9cran tactile couleur HD 7 pouces avec affichage en temps r\u00e9el de la qualit\u00e9 de l'air int\u00e9rieur<\/li>\n<li>Gestion locale de la demande avec vitesse variable<\/li>\n<li>Connexion Modbus RS485 pour maison intelligente<\/li>\n<li>Capteurs de QAI (qualit\u00e9 de l'air int\u00e9rieur) CO2\/PM2.5\/vOCs\/TEMP\/RH<\/li>\n<li>Fonctionnement hebdomadaire propos\u00e9<\/li>\n<li>Commande de ventilateur s\u00e9par\u00e9e en option<\/li>\n<li>Connexion de plusieurs capteurs externes de CO2\/RH\/TEMP<\/li>\n<li>Connexion de plusieurs boosters externes<\/li>\n<li>Automatisation de l'entr\u00e9e\/Fusion\/IAQ<\/li>\n<li>Disponible avec t\u00e9l\u00e9commande<\/li>\n<li>Avis de lecture\/remplacement de l'inversion du filtre<\/li>\n<li>Param\u00e8tres complets du panneau de contr\u00f4le<\/li>\n<\/ul>\n<p><strong>Informations techniques :<\/strong><\/p>\n<ul>\n<li>Type de moteur de ventilation : EC<\/li>\n<li>D\u00e9bit d'air maximal (m3\/h) :\u00a0<strong><em>100@100Pa \/ 150@100Pa \/ 180@100Pa<\/em><\/strong><\/li>\n<li>Puissance nominale maximale :\u00a0<strong><em>230V-50Hz ; 50W ; 0.4A \/ 230V-50Hz ; 85W ; 0.6A \/ 230V-50Hz ; 105W ; 0.8A<\/em><\/strong><\/li>\n<li>Plage d'alimentation : 200-240 V ; 50\/60Hz<\/li>\n<li>Poids (kg) : 25<\/li>\n<li>Filtre : G4<\/li>\n<li>Filtre de puissance : G4, F8 (en option)<\/li>\n<li>Pression statique maximale (Pa) :\u00a0<strong><em>415 \/ 454 \/ 528<\/em><\/strong><\/li>\n<li>Type d'\u00e9changeur de chaleur : Contre-courant<\/li>\n<li>Efficacit\u00e9 \u00e9nerg\u00e9tique (%) :\u00a0<strong><em>85-96 \/ 80-96 \/ 77-96<\/em><\/strong><\/li>\n<li>Mat\u00e9riau d'isolation interne : mousse de poly\u00e9thyl\u00e8ne<\/li>\n<li>Mat\u00e9riau du corps : t\u00f4le d'acier rev\u00eatue<\/li>\n<li>Temp\u00e9rature de l'air transmis (C) : -25 \u00e0 +50<\/li>\n<li>Temp\u00e9rature de l'environnement de travail (C) : +5 \u00e0 +40<\/li>\n<li>Humidit\u00e9 relative de l'environnement de travail (%) : inf\u00e9rieure \u00e0 80<\/li>\n<li>Diam\u00e8tre du conduit d'air raccord\u00e9 (mm) : 125<\/li>\n<\/ul>","protected":false},"excerpt":{"rendered":"<p><a href=\"https:\/\/eprel.ec.europa.eu\/screen\/product\/residentialventilationunits\/2428081\" target=\"_blank\" rel=\"noopener\">Registre EPREL<\/a><\/p>\n<p><strong>Climat de Weston <\/strong><strong>S\u00e9rie Flex 100-180m3 unit\u00e9 de ventilation \u00e0 r\u00e9cup\u00e9ration de chaleur<\/strong> sont compacts et con\u00e7us pour une installation encastr\u00e9e ou non. Ils conviennent aux habitations priv\u00e9es de petite et moyenne taille, aux bureaux, aux salles de s\u00e9jour, aux salles de sport, aux \u00e9tablissements m\u00e9dicaux, aux magasins, aux h\u00f4tels, aux \u00e9tablissements d'enseignement, aux \u00e9tablissements de restauration, etc. L'\u00e9quipement a \u00e9t\u00e9 command\u00e9 et adapt\u00e9 aux exigences europ\u00e9ennes et scandinaves. La construction de l'unit\u00e9 est r\u00e9alis\u00e9e avec des mat\u00e9riaux de haute qualit\u00e9, qui garantissent le fonctionnement parfait et extr\u00eamement silencieux de la s\u00e9rie Flex. La technologie moderne garantit la fiabilit\u00e9 et la longue dur\u00e9e de vie de l'unit\u00e9. L'installation de la s\u00e9rie Flex est tr\u00e8s facile et \u00e0 la port\u00e9e de n'importe quel p\u00e8re ou femme de famille entreprenant.<\/p>\n<table style=\"border-collapse: collapse; width: 48pt;\" border=\"0\" width=\"64\" cellspacing=\"0\" cellpadding=\"0\">\n<tbody>\n<tr style=\"height: 15.0pt;\">\n<td style=\"height: 15.0pt; width: 48pt;\" width=\"64\" height=\"20\"><a href=\"https:\/\/westonclimate.com\/wp-content\/uploads\/2026\/01\/CE-Certificate-CS-SERIES-1.pdf\" target=\"_blank\" rel=\"noopener\"><img fetchpriority=\"high\" decoding=\"async\" class=\"alignnone size-medium wp-image-10923\" src=\"https:\/\/westonclimate.com\/wp-content\/uploads\/2024\/06\/CS-sert-213x300.png\" alt=\"\" width=\"213\" height=\"300\" srcset=\"https:\/\/westonclimate.com\/wp-content\/uploads\/2024\/06\/CS-sert-213x300.png 213w, https:\/\/westonclimate.com\/wp-content\/uploads\/2024\/06\/CS-sert-727x1024.png 727w, https:\/\/westonclimate.com\/wp-content\/uploads\/2024\/06\/CS-sert-768x1082.png 768w, https:\/\/westonclimate.com\/wp-content\/uploads\/2024\/06\/CS-sert-9x12.png 9w, https:\/\/westonclimate.com\/wp-content\/uploads\/2024\/06\/CS-sert-600x846.png 600w, https:\/\/westonclimate.com\/wp-content\/uploads\/2024\/06\/CS-sert.png 894w\" sizes=\"(max-width: 213px) 100vw, 213px\" \/><\/a><\/td>\n<\/tr>\n<\/tbody>\n<\/table>\n<p><strong>D\u00e9lai de livraison jusqu'\u00e0 45 jours ouvrables.<\/strong><\/p>","protected":false},"featured_media":5167,"template":"","meta":[],"product_brand":[],"product_cat":[121,35,88],"product_tag":[],"class_list":{"0":"post-4293","1":"product","2":"type-product","3":"status-publish","4":"has-post-thumbnail","6":"product_cat-laeventilatsioon","7":"product_cat-ventilatsiooniseadmed","8":"product_cat-allahindlus","10":"first","11":"instock","12":"taxable","13":"shipping-taxable","14":"purchasable","15":"product-type-variable","16":"has-default-attributes"},"_links":{"self":[{"href":"https:\/\/westonclimate.com\/fr\/wp-json\/wp\/v2\/product\/4293","targetHints":{"allow":["GET"]}}],"collection":[{"href":"https:\/\/westonclimate.com\/fr\/wp-json\/wp\/v2\/product"}],"about":[{"href":"https:\/\/westonclimate.com\/fr\/wp-json\/wp\/v2\/types\/product"}],"version-history":[{"count":13,"href":"https:\/\/westonclimate.com\/fr\/wp-json\/wp\/v2\/product\/4293\/revisions"}],"predecessor-version":[{"id":10955,"href":"https:\/\/westonclimate.com\/fr\/wp-json\/wp\/v2\/product\/4293\/revisions\/10955"}],"wp:featuredmedia":[{"embeddable":true,"href":"https:\/\/westonclimate.com\/fr\/wp-json\/wp\/v2\/media\/5167"}],"wp:attachment":[{"href":"https:\/\/westonclimate.com\/fr\/wp-json\/wp\/v2\/media?parent=4293"}],"wp:term":[{"taxonomy":"product_brand","embeddable":true,"href":"https:\/\/westonclimate.com\/fr\/wp-json\/wp\/v2\/product_brand?post=4293"},{"taxonomy":"product_cat","embeddable":true,"href":"https:\/\/westonclimate.com\/fr\/wp-json\/wp\/v2\/product_cat?post=4293"},{"taxonomy":"product_tag","embeddable":true,"href":"https:\/\/westonclimate.com\/fr\/wp-json\/wp\/v2\/product_tag?post=4293"}],"curies":[{"name":"wp","href":"https:\/\/api.w.org\/{rel}","templated":true}]}}