{"id":4359,"date":"2024-07-05T11:03:06","date_gmt":"2024-07-05T11:03:06","guid":{"rendered":"https:\/\/wmdcompany.eu\/?post_type=product&#038;p=4359"},"modified":"2025-12-14T14:51:59","modified_gmt":"2025-12-14T14:51:59","slug":"weston-climate-juhtpaneel-vk2-35-wifi-rakendus","status":"publish","type":"product","link":"https:\/\/westonclimate.com\/fr\/tooted\/weston-climate-control-panel-vk2-35-wifi-application\/","title":{"rendered":"Weston Climate control panel VK2-3.5\u201d (Wifi + app)"},"content":{"rendered":"<ul>\n<li>\u00c9cran de 3,5 pouces<\/li>\n<li>Wifi + gestion par application<\/li>\n<li>Contr\u00f4le ind\u00e9pendant du ventilateur<\/li>\n<li>Gestion des filtres avec minuterie et notification<\/li>\n<li>Travail hebdomadaire selon le calendrier<\/li>\n<li>Fonction de gain de ventilation<\/li>\n<\/ul>","protected":false},"excerpt":{"rendered":"<p>Weston Climate 3,5 tolline <strong>panneau de contr\u00f4le VK2<\/strong> (Wifi + application). Un syst\u00e8me de contr\u00f4le tr\u00e8s simple, compact et l\u00e9ger, facile \u00e0 ma\u00eetriser par tous.<span lang=\"ET\">.\u00a0<\/span><\/p>\n<p><strong>D\u00e9lai de livraison jusqu'\u00e0 45 jours ouvrables.<\/strong><\/p>","protected":false},"featured_media":4364,"template":"","meta":[],"product_brand":[],"product_cat":[35],"product_tag":[],"class_list":{"0":"post-4359","1":"product","2":"type-product","3":"status-publish","4":"has-post-thumbnail","6":"product_cat-ventilatsiooniseadmed","8":"first","9":"instock","10":"taxable","11":"shipping-taxable","12":"purchasable","13":"product-type-simple"},"_links":{"self":[{"href":"https:\/\/westonclimate.com\/fr\/wp-json\/wp\/v2\/product\/4359","targetHints":{"allow":["GET"]}}],"collection":[{"href":"https:\/\/westonclimate.com\/fr\/wp-json\/wp\/v2\/product"}],"about":[{"href":"https:\/\/westonclimate.com\/fr\/wp-json\/wp\/v2\/types\/product"}],"version-history":[{"count":6,"href":"https:\/\/westonclimate.com\/fr\/wp-json\/wp\/v2\/product\/4359\/revisions"}],"predecessor-version":[{"id":9325,"href":"https:\/\/westonclimate.com\/fr\/wp-json\/wp\/v2\/product\/4359\/revisions\/9325"}],"wp:featuredmedia":[{"embeddable":true,"href":"https:\/\/westonclimate.com\/fr\/wp-json\/wp\/v2\/media\/4364"}],"wp:attachment":[{"href":"https:\/\/westonclimate.com\/fr\/wp-json\/wp\/v2\/media?parent=4359"}],"wp:term":[{"taxonomy":"product_brand","embeddable":true,"href":"https:\/\/westonclimate.com\/fr\/wp-json\/wp\/v2\/product_brand?post=4359"},{"taxonomy":"product_cat","embeddable":true,"href":"https:\/\/westonclimate.com\/fr\/wp-json\/wp\/v2\/product_cat?post=4359"},{"taxonomy":"product_tag","embeddable":true,"href":"https:\/\/westonclimate.com\/fr\/wp-json\/wp\/v2\/product_tag?post=4359"}],"curies":[{"name":"wp","href":"https:\/\/api.w.org\/{rel}","templated":true}]}}