{"id":4984,"date":"2024-10-30T07:55:22","date_gmt":"2024-10-30T07:55:22","guid":{"rendered":"https:\/\/wmdcompany.eu\/?post_type=product&#038;p=4984"},"modified":"2025-11-16T00:01:16","modified_gmt":"2025-11-16T00:01:16","slug":"weston-climate-r32-monoblock-evi-inverter-ohk-vesi-soojuspump-230v-15kw","status":"publish","type":"product","link":"https:\/\/westonclimate.com\/fr\/tooted\/weston-climate-r32-monoblock-evi-inverter-ohc-water-heat-pump-230v-15kw\/","title":{"rendered":"WESTON CLIMATE R32 MONOBLOCK EVI Pompe \u00e0 chaleur air\/eau Inverter 230V 15kW"},"content":{"rendered":"<ul>\n<li>Tension d'alimentation :\u00a0<strong>220 &#8211; 230V<\/strong><\/li>\n<li>Classe \u00e9nerg\u00e9tique :\u00a0<strong>A+++<\/strong><\/li>\n<li>Capacit\u00e9 de chauffage nominale :\u00a0<strong>15 kW<\/strong><\/li>\n<li>Plage de capacit\u00e9 de chauffage :<strong>\u00a03,5 &#8211; 15 kW<\/strong><\/li>\n<li>Capacit\u00e9 de chauffage :\u00a0<strong>3,53 &#8211; 4,87\u00a0kW<\/strong><\/li>\n<li>COP :\u00a0<strong>jusqu'\u00e0 4,31 W\/W<\/strong><\/li>\n<li>Capacit\u00e9 de refroidissement :\u00a0<strong>13,3 kW<\/strong><\/li>\n<li>Puissance d'entr\u00e9e du refroidissement :\u00a0<strong>4,1<\/strong>\u00a0<strong>kW<\/strong><\/li>\n<li>EER :<strong>\u00a0jusqu'\u00e0 3,57 W\/W<\/strong><\/li>\n<li>D\u00e9bit d'eau :\u00a0<strong>2,6 m3\/h<\/strong><\/li>\n<li>Type de liquide de refroidissement :\u00a0<strong>R32<\/strong><\/li>\n<li>Temp\u00e9rature de l'air ext\u00e9rieur :\u00a0<strong>De -35 \u00e0 43\u00b0C<\/strong><\/li>\n<li>Poids de la pompe :\u00a0<strong>103 kg<\/strong><\/li>\n<li>Dimensions de la pompe (longueur, largeur, hauteur) :<strong>\u00a01127 \/ 475 \/ 960 mm<\/strong><\/li>\n<li>Poids de l'emballage :\u00a0<strong>120 kg<\/strong><\/li>\n<li>Dimensions de la pompe (longueur, largeur, hauteur) :<strong>\u00a01195 \/ 535 \/ 1110 mm<\/strong><\/li>\n<\/ul>","protected":false},"excerpt":{"rendered":"<p><strong>Pompe \u00e0 chaleur air\/eau Weston Climate R32 EVI Full DC Inverter 230V 15kW.<\/strong> Caract\u00e9ristiques : mode chauffage, mode refroidissement, mode eau chaude, commande par WiFi, commande par t\u00e9l\u00e9phone, SG ready, prise en charge des panneaux solaires (syst\u00e8me PV), compresseur Panasonic.<\/p>\n<p><strong>Pompe \u00e0 chaleur air\/eau Inverter 230V 15kW k<\/strong>met en place un syst\u00e8me de gestion durable de l'environnement <strong>Liquide de refroidissement R32<\/strong> et \u00e0 partir de -8\u00b0C, la technologie EVI entre en action, r\u00e9duisant de mani\u00e8re significative la consommation d'\u00e9nergie \u00e0 des temp\u00e9ratures inf\u00e9rieures \u00e0 z\u00e9ro, tant pour la production d'eau chaude que pour le chauffage. L'appareil fonctionne \u00e9galement de mani\u00e8re \u00e9conomique \u00e0 une temp\u00e9rature ambiante de -35\u00b0C et utilise la technologie DC inverter pour assurer un fonctionnement r\u00e9gulier et constant.<\/p>\n<p>Surface recommand\u00e9e (pour une bonne isolation) : jusqu'\u00e0 250 m2<\/p>","protected":false},"featured_media":10411,"template":"","meta":[],"product_brand":[],"product_cat":[117,116,63,114,65],"product_tag":[],"class_list":{"0":"post-4984","1":"product","2":"type-product","3":"status-publish","4":"has-post-thumbnail","6":"product_cat-monobloc-weston-r32-230","7":"product_cat-monobloc-weston-r32","8":"product_cat-soojuspumbad","9":"product_cat-monobloc-weston-climate","10":"product_cat-soojuspump-monobloc","12":"first","13":"instock","14":"taxable","15":"shipping-taxable","16":"purchasable","17":"product-type-simple"},"_links":{"self":[{"href":"https:\/\/westonclimate.com\/fr\/wp-json\/wp\/v2\/product\/4984","targetHints":{"allow":["GET"]}}],"collection":[{"href":"https:\/\/westonclimate.com\/fr\/wp-json\/wp\/v2\/product"}],"about":[{"href":"https:\/\/westonclimate.com\/fr\/wp-json\/wp\/v2\/types\/product"}],"version-history":[{"count":5,"href":"https:\/\/westonclimate.com\/fr\/wp-json\/wp\/v2\/product\/4984\/revisions"}],"predecessor-version":[{"id":10412,"href":"https:\/\/westonclimate.com\/fr\/wp-json\/wp\/v2\/product\/4984\/revisions\/10412"}],"wp:featuredmedia":[{"embeddable":true,"href":"https:\/\/westonclimate.com\/fr\/wp-json\/wp\/v2\/media\/10411"}],"wp:attachment":[{"href":"https:\/\/westonclimate.com\/fr\/wp-json\/wp\/v2\/media?parent=4984"}],"wp:term":[{"taxonomy":"product_brand","embeddable":true,"href":"https:\/\/westonclimate.com\/fr\/wp-json\/wp\/v2\/product_brand?post=4984"},{"taxonomy":"product_cat","embeddable":true,"href":"https:\/\/westonclimate.com\/fr\/wp-json\/wp\/v2\/product_cat?post=4984"},{"taxonomy":"product_tag","embeddable":true,"href":"https:\/\/westonclimate.com\/fr\/wp-json\/wp\/v2\/product_tag?post=4984"}],"curies":[{"name":"wp","href":"https:\/\/api.w.org\/{rel}","templated":true}]}}