{"id":5003,"date":"2024-10-30T07:55:21","date_gmt":"2024-10-30T07:55:21","guid":{"rendered":"https:\/\/wmdcompany.eu\/?post_type=product&#038;p=5003"},"modified":"2026-02-17T20:34:51","modified_gmt":"2026-02-17T20:34:51","slug":"weston-climate-r290-monoblock-evi-inverter-ohc-water-heat-pump-380v-22kw","status":"publish","type":"product","link":"https:\/\/westonclimate.com\/fr\/tooted\/weston-climate-r290-monoblock-evi-inverter-ohk-vesi-soojuspump-380v-22kw\/","title":{"rendered":"WESTON CLIMATE R290 MONOBLOCK EVI Pompe \u00e0 chaleur air\/eau Inverter 380V 22kW"},"content":{"rendered":"<ul>\n<li>Tension d'alimentation :\u00a0<strong>380 &#8211; 415V<\/strong><\/li>\n<li>Classe \u00e9nerg\u00e9tique :\u00a0<strong>A+++<\/strong><\/li>\n<li>Capacit\u00e9 de chauffage nominale :\u00a0<strong>22 kW<\/strong><\/li>\n<li>Plage de capacit\u00e9 de chauffage :\u00a0<strong>5-22 kW<\/strong><\/li>\n<li>Capacit\u00e9 de chauffage :\u00a0<strong>4,85 &#8211; 5,12 kW<\/strong><\/li>\n<li>COP :\u00a0<strong>jusqu'\u00e0 4,35 W\/W<\/strong><\/li>\n<li>Capacit\u00e9 de refroidissement :\u00a0<strong>15,03 kW<\/strong><\/li>\n<li>Puissance d'entr\u00e9e du refroidissement :\u00a0<strong>5,29 kW<\/strong><\/li>\n<li>EER :\u00a0<strong>jusqu'\u00e0 2,84 W\/W<\/strong><\/li>\n<li>Type de liquide de refroidissement :\u00a0<strong>R290<\/strong><\/li>\n<li>Temp\u00e9rature de l'air ext\u00e9rieur :\u00a0<strong>De -35 \u00e0 43\u00b0C<\/strong><\/li>\n<li>Temp\u00e9rature de l'eau en amont jusqu'\u00e0 :\u00a0<strong>75\u00b0C<\/strong><\/li>\n<li>Poids de la pompe :<strong> 139 kg<\/strong><\/li>\n<li>Dimensions de la pompe (longueur, largeur, hauteur) :<strong> 1205 \/ 475 \/ 1365 mm<\/strong><\/li>\n<li>Poids du colis :\u00a0<strong>164 kg<\/strong><\/li>\n<li>Dimensions de l'emballage (longueur, largeur, hauteur) :\u00a0<strong>1270 \/ 560 \/ 1510 mm<\/strong><\/li>\n<\/ul>","protected":false},"excerpt":{"rendered":"<p><strong>Pompe \u00e0 chaleur air\/eau Weston Climate R290 MONOBLOCK EVI Full DC Inverter 380V 22kW.<\/strong> Caract\u00e9ristiques : mode chauffage, mode refroidissement, mode eau chaude, contr\u00f4le WiFi, contr\u00f4le par t\u00e9l\u00e9phone, SG ready, support de panneau solaire (syst\u00e8me PV), compresseur GMCC, faible bruit.<\/p>\n<p>L'utilisation du liquide de refroidissement R290 permet de produire de l'eau \u00e0 haute temp\u00e9rature (jusqu'\u00e0 75\u00b0C) et, \u00e0 partir de -8\u00b0C, la technologie EVI est activ\u00e9e, ce qui r\u00e9duit consid\u00e9rablement la consommation d'\u00e9nergie \u00e0 des temp\u00e9ratures inf\u00e9rieures \u00e0 z\u00e9ro, tant pour la production d'eau chaude que pour le chauffage. L'unit\u00e9 fonctionne \u00e9galement de mani\u00e8re \u00e9conomique \u00e0 une temp\u00e9rature ambiante de -35\u00b0C et utilise la technologie DC inverter pour assurer un fonctionnement r\u00e9gulier et constant.<\/p>\n<p>Surface recommand\u00e9e (pour une bonne isolation) : jusqu'\u00e0 420 m2.<\/p>\n<table style=\"border-collapse: collapse; width: 144pt;\" border=\"0\" width=\"192\" cellspacing=\"0\" cellpadding=\"0\">\n<tbody>\n<tr style=\"height: 14.4pt;\">\n<td style=\"height: 14.4pt; width: 48pt;\" width=\"64\" height=\"19\"><a href=\"https:\/\/westonclimate.com\/wp-content\/uploads\/2026\/02\/CB-certification-3-phase-R290-heating-coolingdomestic-hot-water-heat-pump.pdf\" target=\"_blank\" rel=\"noopener\"><img fetchpriority=\"high\" decoding=\"async\" class=\"alignnone size-medium wp-image-11119\" src=\"https:\/\/westonclimate.com\/wp-content\/uploads\/2024\/10\/Cert_290_2-207x300.png\" alt=\"\" width=\"207\" height=\"300\" srcset=\"https:\/\/westonclimate.com\/wp-content\/uploads\/2024\/10\/Cert_290_2-207x300.png 207w, https:\/\/westonclimate.com\/wp-content\/uploads\/2024\/10\/Cert_290_2-707x1024.png 707w, https:\/\/westonclimate.com\/wp-content\/uploads\/2024\/10\/Cert_290_2-8x12.png 8w, https:\/\/westonclimate.com\/wp-content\/uploads\/2024\/10\/Cert_290_2-600x870.png 600w, https:\/\/westonclimate.com\/wp-content\/uploads\/2024\/10\/Cert_290_2.png 768w\" sizes=\"(max-width: 207px) 100vw, 207px\" \/><\/a><\/td>\n<td style=\"width: 48pt;\" width=\"64\"><a href=\"https:\/\/westonclimate.com\/wp-content\/uploads\/2026\/02\/ROHS-test-report-R290-heatingcooling-heat-pump.pdf\" target=\"_blank\" rel=\"noopener\"><img decoding=\"async\" class=\"alignnone size-medium wp-image-11121\" src=\"https:\/\/westonclimate.com\/wp-content\/uploads\/2024\/10\/Cert_290_4-221x300.png\" alt=\"\" width=\"221\" height=\"300\" srcset=\"https:\/\/westonclimate.com\/wp-content\/uploads\/2024\/10\/Cert_290_4-221x300.png 221w, https:\/\/westonclimate.com\/wp-content\/uploads\/2024\/10\/Cert_290_4-754x1024.png 754w, https:\/\/westonclimate.com\/wp-content\/uploads\/2024\/10\/Cert_290_4-768x1043.png 768w, https:\/\/westonclimate.com\/wp-content\/uploads\/2024\/10\/Cert_290_4-9x12.png 9w, https:\/\/westonclimate.com\/wp-content\/uploads\/2024\/10\/Cert_290_4-600x815.png 600w, https:\/\/westonclimate.com\/wp-content\/uploads\/2024\/10\/Cert_290_4.png 896w\" sizes=\"(max-width: 221px) 100vw, 221px\" \/><\/a><\/td>\n<td style=\"width: 48pt;\" width=\"64\"><a href=\"https:\/\/westonclimate.com\/wp-content\/uploads\/2026\/02\/The-CE-LVD-of-three-phase-R290-side-blow-heating-coolingdhw-heat-pump.pdf\" target=\"_blank\" rel=\"noopener\"><img decoding=\"async\" class=\"alignnone size-medium wp-image-11124\" src=\"https:\/\/westonclimate.com\/wp-content\/uploads\/2024\/10\/Cert_290_7-207x300.png\" alt=\"\" width=\"207\" height=\"300\" srcset=\"https:\/\/westonclimate.com\/wp-content\/uploads\/2024\/10\/Cert_290_7-207x300.png 207w, https:\/\/westonclimate.com\/wp-content\/uploads\/2024\/10\/Cert_290_7-708x1024.png 708w, https:\/\/westonclimate.com\/wp-content\/uploads\/2024\/10\/Cert_290_7-768x1111.png 768w, https:\/\/westonclimate.com\/wp-content\/uploads\/2024\/10\/Cert_290_7-8x12.png 8w, https:\/\/westonclimate.com\/wp-content\/uploads\/2024\/10\/Cert_290_7-600x868.png 600w, https:\/\/westonclimate.com\/wp-content\/uploads\/2024\/10\/Cert_290_7.png 811w\" sizes=\"(max-width: 207px) 100vw, 207px\" \/><\/a><\/td>\n<\/tr>\n<tr style=\"height: 14.4pt;\">\n<td style=\"height: 14.4pt;\" height=\"19\"><a href=\"https:\/\/westonclimate.com\/wp-content\/uploads\/2026\/02\/ERP-R290-heating-coolingdomestic-hot-water-heat-pump.pdf\" target=\"_blank\" rel=\"noopener\"><img loading=\"lazy\" decoding=\"async\" class=\"alignnone size-medium wp-image-11125\" src=\"https:\/\/westonclimate.com\/wp-content\/uploads\/2024\/10\/Cert_290_8-201x300.png\" alt=\"\" width=\"201\" height=\"300\" srcset=\"https:\/\/westonclimate.com\/wp-content\/uploads\/2024\/10\/Cert_290_8-201x300.png 201w, https:\/\/westonclimate.com\/wp-content\/uploads\/2024\/10\/Cert_290_8-685x1024.png 685w, https:\/\/westonclimate.com\/wp-content\/uploads\/2024\/10\/Cert_290_8-768x1149.png 768w, https:\/\/westonclimate.com\/wp-content\/uploads\/2024\/10\/Cert_290_8-8x12.png 8w, https:\/\/westonclimate.com\/wp-content\/uploads\/2024\/10\/Cert_290_8-600x897.png 600w, https:\/\/westonclimate.com\/wp-content\/uploads\/2024\/10\/Cert_290_8.png 779w\" sizes=\"(max-width: 201px) 100vw, 201px\" \/><\/a><\/td>\n<td><a href=\"https:\/\/westonclimate.com\/wp-content\/uploads\/2026\/02\/Energy_290_7.png\" target=\"_blank\" rel=\"noopener\"><img loading=\"lazy\" decoding=\"async\" class=\"alignnone size-medium wp-image-11173\" src=\"https:\/\/westonclimate.com\/wp-content\/uploads\/2026\/02\/Energy_290_7-155x300.png\" alt=\"\" width=\"155\" height=\"300\" srcset=\"https:\/\/westonclimate.com\/wp-content\/uploads\/2026\/02\/Energy_290_7-155x300.png 155w, https:\/\/westonclimate.com\/wp-content\/uploads\/2026\/02\/Energy_290_7-6x12.png 6w, https:\/\/westonclimate.com\/wp-content\/uploads\/2026\/02\/Energy_290_7.png 442w\" sizes=\"(max-width: 155px) 100vw, 155px\" \/><\/a><\/td>\n<td><a href=\"https:\/\/westonclimate.com\/wp-content\/uploads\/2026\/02\/curve_R290_2203N.pdf\" target=\"_blank\" rel=\"noopener\"><img loading=\"lazy\" decoding=\"async\" class=\"alignnone size-medium wp-image-11212\" src=\"https:\/\/westonclimate.com\/wp-content\/uploads\/2026\/02\/curv_R290_2203N-225x300.png\" alt=\"\" width=\"225\" height=\"300\" srcset=\"https:\/\/westonclimate.com\/wp-content\/uploads\/2026\/02\/curv_R290_2203N-225x300.png 225w, https:\/\/westonclimate.com\/wp-content\/uploads\/2026\/02\/curv_R290_2203N-766x1024.png 766w, https:\/\/westonclimate.com\/wp-content\/uploads\/2026\/02\/curv_R290_2203N-768x1026.png 768w, https:\/\/westonclimate.com\/wp-content\/uploads\/2026\/02\/curv_R290_2203N-9x12.png 9w, https:\/\/westonclimate.com\/wp-content\/uploads\/2026\/02\/curv_R290_2203N-600x802.png 600w, https:\/\/westonclimate.com\/wp-content\/uploads\/2026\/02\/curv_R290_2203N.png 836w\" sizes=\"(max-width: 225px) 100vw, 225px\" \/><\/a><\/td>\n<\/tr>\n<\/tbody>\n<\/table>\n<p>D\u00e9lai de livraison jusqu'\u00e0 45 jours ouvrables<\/p>","protected":false},"featured_media":10402,"template":"","meta":[],"product_brand":[],"product_cat":[120,115,63,114,65],"product_tag":[],"class_list":{"0":"post-5003","1":"product","2":"type-product","3":"status-publish","4":"has-post-thumbnail","6":"product_cat-monobloc-weston-r290-380","7":"product_cat-monobloc-weston-r290","8":"product_cat-soojuspumbad","9":"product_cat-monobloc-weston-climate","10":"product_cat-soojuspump-monobloc","12":"first","13":"instock","14":"taxable","15":"shipping-taxable","16":"purchasable","17":"product-type-simple"},"_links":{"self":[{"href":"https:\/\/westonclimate.com\/fr\/wp-json\/wp\/v2\/product\/5003","targetHints":{"allow":["GET"]}}],"collection":[{"href":"https:\/\/westonclimate.com\/fr\/wp-json\/wp\/v2\/product"}],"about":[{"href":"https:\/\/westonclimate.com\/fr\/wp-json\/wp\/v2\/types\/product"}],"version-history":[{"count":11,"href":"https:\/\/westonclimate.com\/fr\/wp-json\/wp\/v2\/product\/5003\/revisions"}],"predecessor-version":[{"id":11229,"href":"https:\/\/westonclimate.com\/fr\/wp-json\/wp\/v2\/product\/5003\/revisions\/11229"}],"wp:featuredmedia":[{"embeddable":true,"href":"https:\/\/westonclimate.com\/fr\/wp-json\/wp\/v2\/media\/10402"}],"wp:attachment":[{"href":"https:\/\/westonclimate.com\/fr\/wp-json\/wp\/v2\/media?parent=5003"}],"wp:term":[{"taxonomy":"product_brand","embeddable":true,"href":"https:\/\/westonclimate.com\/fr\/wp-json\/wp\/v2\/product_brand?post=5003"},{"taxonomy":"product_cat","embeddable":true,"href":"https:\/\/westonclimate.com\/fr\/wp-json\/wp\/v2\/product_cat?post=5003"},{"taxonomy":"product_tag","embeddable":true,"href":"https:\/\/westonclimate.com\/fr\/wp-json\/wp\/v2\/product_tag?post=5003"}],"curies":[{"name":"wp","href":"https:\/\/api.w.org\/{rel}","templated":true}]}}