{"id":6826,"date":"2025-04-10T13:41:17","date_gmt":"2025-04-10T13:41:17","guid":{"rendered":"https:\/\/wmdcompany.eu\/?post_type=product&#038;p=6826"},"modified":"2026-04-06T11:43:09","modified_gmt":"2026-04-06T11:43:09","slug":"jahutusseadme-siseosa-fan-coil","status":"publish","type":"product","link":"https:\/\/westonclimate.com\/fr\/tooted\/ventilateur-de-refroidissement-interne\/","title":{"rendered":"Partie murale interne de l'unit\u00e9 de refroidissement (ventilo-convecteur)"},"content":{"rendered":"","protected":false},"excerpt":{"rendered":"<p>Les cassettes de plafond et les modules muraux sont des dispositifs de refroidissement et de chauffage tr\u00e8s efficaces d\u00e9velopp\u00e9s par Weston Climate pour \u00eatre utilis\u00e9s avec des pompes \u00e0 chaleur monobloc.<\/p>\n<p>En ajoutant une cassette murale ou de plafond Weston Climate \u00e0 votre syst\u00e8me de chauffage, vous n'avez plus besoin d'installer une unit\u00e9 de refroidissement ou un climatiseur s\u00e9par\u00e9 dans vos pi\u00e8ces.<\/p>\n<ul>\n<li>Les cassettes de plafond et les modules muraux fonctionnent avec les pompes \u00e0 chaleur monobloc en mode refroidissement et en mode chauffage.<\/li>\n<li>L'\u00e9changeur de chaleur est un fluide circulant (eau, antigel, glycol) dans le syst\u00e8me de chauffage (pompe \u00e0 chaleur), et ces appareils ne n\u00e9cessitent pas de raccordement au gaz ou de remplissage de gaz, et les raccords de tuyauterie sont r\u00e9alis\u00e9s avec des mat\u00e9riaux conventionnels tels que l'Alupex. L'installation de l'\u00e9quipement peut \u00eatre r\u00e9alis\u00e9e avec succ\u00e8s par tous les installateurs qualifi\u00e9s dans le domaine de la plomberie.<\/li>\n<li>Les bo\u00eetes de plafond sont \u00e9quip\u00e9es de pompes \u00e0 condensat d'une hauteur de levage de plus de 10 m\u00e8tres.<\/li>\n<li>La temp\u00e9rature minimale de refroidissement est de +2\u2070C et la temp\u00e9rature maximale de chauffage est de 75\u2070C.<\/li>\n<\/ul>","protected":false},"featured_media":7554,"template":"","meta":[],"product_brand":[],"product_cat":[212,211,213],"product_tag":[],"class_list":{"0":"post-6826","1":"product","2":"type-product","3":"status-publish","4":"has-post-thumbnail","6":"product_cat-kute-ja-jahutus","7":"product_cat-lisaseadmed","8":"product_cat-seinale","10":"first","11":"instock","12":"taxable","13":"shipping-taxable","14":"purchasable","15":"product-type-variable"},"_links":{"self":[{"href":"https:\/\/westonclimate.com\/fr\/wp-json\/wp\/v2\/product\/6826","targetHints":{"allow":["GET"]}}],"collection":[{"href":"https:\/\/westonclimate.com\/fr\/wp-json\/wp\/v2\/product"}],"about":[{"href":"https:\/\/westonclimate.com\/fr\/wp-json\/wp\/v2\/types\/product"}],"version-history":[{"count":3,"href":"https:\/\/westonclimate.com\/fr\/wp-json\/wp\/v2\/product\/6826\/revisions"}],"predecessor-version":[{"id":11515,"href":"https:\/\/westonclimate.com\/fr\/wp-json\/wp\/v2\/product\/6826\/revisions\/11515"}],"wp:featuredmedia":[{"embeddable":true,"href":"https:\/\/westonclimate.com\/fr\/wp-json\/wp\/v2\/media\/7554"}],"wp:attachment":[{"href":"https:\/\/westonclimate.com\/fr\/wp-json\/wp\/v2\/media?parent=6826"}],"wp:term":[{"taxonomy":"product_brand","embeddable":true,"href":"https:\/\/westonclimate.com\/fr\/wp-json\/wp\/v2\/product_brand?post=6826"},{"taxonomy":"product_cat","embeddable":true,"href":"https:\/\/westonclimate.com\/fr\/wp-json\/wp\/v2\/product_cat?post=6826"},{"taxonomy":"product_tag","embeddable":true,"href":"https:\/\/westonclimate.com\/fr\/wp-json\/wp\/v2\/product_tag?post=6826"}],"curies":[{"name":"wp","href":"https:\/\/api.w.org\/{rel}","templated":true}]}}