{"id":6880,"date":"2025-04-12T08:24:41","date_gmt":"2025-04-12T08:24:41","guid":{"rendered":"https:\/\/wmdcompany.eu\/?post_type=product&#038;p=6880"},"modified":"2026-04-29T13:21:41","modified_gmt":"2026-04-29T13:21:41","slug":"fairy-jahutus-ja-kute-4-2-kw","status":"publish","type":"product","link":"https:\/\/westonclimate.com\/fr\/tooted\/refroidissement-des-fees-et-refroidisseur-4-2-kw\/","title":{"rendered":"FAIRY COOLING AND HEATING 4,2 kW"},"content":{"rendered":"<ul>\n<li><strong>PRINCIPALES CARACT\u00c9RISTIQUES DE LA POMPE \u00c0 CHALEUR \u00c0 AIR DE LA S\u00c9RIE NF :<\/strong>\n<ul>\n<li>classe \u00e9nerg\u00e9tique A+ ;<\/li>\n<li>Coefficient de performance saisonnier (SCOP) 4.2 ;<\/li>\n<li>compresseur puissant ;<\/li>\n<li>Plage de temp\u00e9rature de l'air ext\u00e9rieur pour le chauffage -25 \u00e0 +30\u00b0C ;<\/li>\n<li>plage de temp\u00e9rature de l'air ambiant pour le refroidissement -15 \u00e0 +50\u00b0C ;<\/li>\n<li>d\u00e9cong\u00e9lation intelligente.<\/li>\n<\/ul>\n<\/li>\n<li><strong>L'\u00c9QUIPEMENT PRINCIPAL :<\/strong>\n<ul>\n<li>sept vitesses des composants internes ;<\/li>\n<li>red\u00e9marrage automatique en cas de panne de courant ;<\/li>\n<li>filtres \u00e0 poussi\u00e8re lavables ;<\/li>\n<li>fonction turbo ;<\/li>\n<li>pr\u00e9chauffage intelligent du compresseur ;<\/li>\n<li>v\u00e9rifier la temp\u00e9rature souhait\u00e9e sur la t\u00e9l\u00e9commande, c'est-\u00e0-dire \u00e0 l'endroit o\u00f9 se trouvent les personnes ;<\/li>\n<li>de la minuterie ;<\/li>\n<li>doivent ;<\/li>\n<li>d\u00e9marrage \u00e0 basse tension ;<\/li>\n<li>verrouillage des enfants.<\/li>\n<\/ul>\n<\/li>\n<li><strong>\u00c9QUIPEMENT OPTIONNEL INCLUS DANS LE PRIX :<\/strong>\n<ul>\n<li>la possibilit\u00e9 de contr\u00f4ler l'appareil \u00e0 partir d'un dispositif intelligent ;<\/li>\n<li>ionisateur \u00e0 plasma ;<\/li>\n<li>\u00e9quipement nordicu ;<\/li>\n<li>Fonction de maintien \u00e0 +8\u00b0C ; mode d'\u00e9conomie d'\u00e9nergie ;<\/li>\n<li>mode veille.<\/li>\n<\/ul>\n<\/li>\n<\/ul>\n<p><strong>M\u00f5\u00f5dud (laius\/s\u00fcgavus\/k\u00f5rgus)mm, kaal (kg)<\/strong><\/p>\n<ul>\n<li>siseosa: 889xx212x294mm, kaal 11kg<\/li>\n<li>v\u00e4lisosa: 732x330x555, kaal 24kg<\/li>\n<\/ul>","protected":false},"excerpt":{"rendered":"<p><strong>Climatiseur \u00e0 pompe \u00e0 chaleur \u00e0 air Weston Climate Fairy Nordic-series (HEAT AND COOL 4.2 kW)<\/strong> sont con\u00e7us pour les rudes conditions nordiques. L'unit\u00e9 comprend un \u00e9quipement d'hiver nordique install\u00e9 en usine pour garantir la fiabilit\u00e9 dans les climats nordiques, tant pour le chauffage que pour le refroidissement. Option de commande par dispositif intelligent. <strong>L'appareil convient pour chauffer une surface de 24 \u00e0 85 m\u00b2 et pour refroidir une surface de 14 \u00e0 46 m\u00b2.<\/strong><\/p>","protected":false},"featured_media":7527,"template":"","meta":[],"product_brand":[],"product_cat":[126],"product_tag":[],"class_list":{"0":"post-6880","1":"product","2":"type-product","3":"status-publish","4":"has-post-thumbnail","6":"product_cat-konditsioneerid","8":"first","9":"instock","10":"taxable","11":"shipping-taxable","12":"purchasable","13":"product-type-simple"},"_links":{"self":[{"href":"https:\/\/westonclimate.com\/fr\/wp-json\/wp\/v2\/product\/6880","targetHints":{"allow":["GET"]}}],"collection":[{"href":"https:\/\/westonclimate.com\/fr\/wp-json\/wp\/v2\/product"}],"about":[{"href":"https:\/\/westonclimate.com\/fr\/wp-json\/wp\/v2\/types\/product"}],"version-history":[{"count":6,"href":"https:\/\/westonclimate.com\/fr\/wp-json\/wp\/v2\/product\/6880\/revisions"}],"predecessor-version":[{"id":11613,"href":"https:\/\/westonclimate.com\/fr\/wp-json\/wp\/v2\/product\/6880\/revisions\/11613"}],"wp:featuredmedia":[{"embeddable":true,"href":"https:\/\/westonclimate.com\/fr\/wp-json\/wp\/v2\/media\/7527"}],"wp:attachment":[{"href":"https:\/\/westonclimate.com\/fr\/wp-json\/wp\/v2\/media?parent=6880"}],"wp:term":[{"taxonomy":"product_brand","embeddable":true,"href":"https:\/\/westonclimate.com\/fr\/wp-json\/wp\/v2\/product_brand?post=6880"},{"taxonomy":"product_cat","embeddable":true,"href":"https:\/\/westonclimate.com\/fr\/wp-json\/wp\/v2\/product_cat?post=6880"},{"taxonomy":"product_tag","embeddable":true,"href":"https:\/\/westonclimate.com\/fr\/wp-json\/wp\/v2\/product_tag?post=6880"}],"curies":[{"name":"wp","href":"https:\/\/api.w.org\/{rel}","templated":true}]}}