{"id":6921,"date":"2025-04-28T16:28:46","date_gmt":"2025-04-28T16:28:46","guid":{"rendered":"https:\/\/wmdcompany.eu\/?post_type=product&#038;p=6921"},"modified":"2025-10-07T06:41:01","modified_gmt":"2025-10-07T06:41:01","slug":"mobiilne-jahutusseade-3-5kw","status":"publish","type":"product","link":"https:\/\/westonclimate.com\/fr\/tooted\/groupe-froid-mobile-3-5kw\/","title":{"rendered":"UNIT\u00c9 DE REFROIDISSEMENT MOBILE - 3.5KW"},"content":{"rendered":"<ul>\n<li>Conception compacte et \u00e9l\u00e9gante<\/li>\n<li>Capacit\u00e9 de refroidissement rapide jusqu'\u00e0 16\u00b0C<\/li>\n<li>T\u00e9l\u00e9commande o C<\/li>\n<li>3 en 1 : refroidissement, s\u00e9chage, ventilateur<\/li>\n<li>Contr\u00f4le \u00e9lectronique<\/li>\n<li>Minuterie de 24 heures<\/li>\n<li>Mode veille<\/li>\n<li>Red\u00e9marrage automatique<\/li>\n<li>Consommation d'\u00e9nergie en veille 1W<\/li>\n<li>Autodiagnostic<\/li>\n<li>Roues<\/li>\n<li>Accessoires Art. NSP1912A3<\/li>\n<li>Capacit\u00e9 de refroidissement<\/li>\n<li>D\u00e9bit d'air<\/li>\n<li>Niveau sonore<\/li>\n<li>Capacit\u00e9 de s\u00e9chage<\/li>\n<li>Dimensions (mm) 3,5 kw 360\/330\/300 49\/51\/53 1,8 L\/h, m\u00b3\/h, dB, 390x820x405 mm.<\/li>\n<\/ul>","protected":false},"excerpt":{"rendered":"<p>La glaci\u00e8re mobile Weston Climate utilise le r\u00e9frig\u00e9rant \u00e9cologique R290 (C3H8). L'avantage du gaz R290 par rapport aux r\u00e9frig\u00e9rants existants utilis\u00e9s dans les climatiseurs est son faible potentiel d'appauvrissement de la couche d'ozone (ODP) de z\u00e9ro et son tr\u00e8s faible potentiel de r\u00e9chauffement de la plan\u00e8te (GWP=3). Compar\u00e9 aux deux coefficients des gaz utilis\u00e9s jusqu'\u00e0 pr\u00e9sent, l'impact environnemental du gaz R290 est faible.<\/p>","protected":false},"featured_media":7613,"template":"","meta":[],"product_brand":[],"product_cat":[126],"product_tag":[],"class_list":{"0":"post-6921","1":"product","2":"type-product","3":"status-publish","4":"has-post-thumbnail","6":"product_cat-konditsioneerid","8":"first","9":"instock","10":"taxable","11":"shipping-taxable","12":"purchasable","13":"product-type-simple"},"_links":{"self":[{"href":"https:\/\/westonclimate.com\/fr\/wp-json\/wp\/v2\/product\/6921","targetHints":{"allow":["GET"]}}],"collection":[{"href":"https:\/\/westonclimate.com\/fr\/wp-json\/wp\/v2\/product"}],"about":[{"href":"https:\/\/westonclimate.com\/fr\/wp-json\/wp\/v2\/types\/product"}],"version-history":[{"count":9,"href":"https:\/\/westonclimate.com\/fr\/wp-json\/wp\/v2\/product\/6921\/revisions"}],"predecessor-version":[{"id":9433,"href":"https:\/\/westonclimate.com\/fr\/wp-json\/wp\/v2\/product\/6921\/revisions\/9433"}],"wp:featuredmedia":[{"embeddable":true,"href":"https:\/\/westonclimate.com\/fr\/wp-json\/wp\/v2\/media\/7613"}],"wp:attachment":[{"href":"https:\/\/westonclimate.com\/fr\/wp-json\/wp\/v2\/media?parent=6921"}],"wp:term":[{"taxonomy":"product_brand","embeddable":true,"href":"https:\/\/westonclimate.com\/fr\/wp-json\/wp\/v2\/product_brand?post=6921"},{"taxonomy":"product_cat","embeddable":true,"href":"https:\/\/westonclimate.com\/fr\/wp-json\/wp\/v2\/product_cat?post=6921"},{"taxonomy":"product_tag","embeddable":true,"href":"https:\/\/westonclimate.com\/fr\/wp-json\/wp\/v2\/product_tag?post=6921"}],"curies":[{"name":"wp","href":"https:\/\/api.w.org\/{rel}","templated":true}]}}