{"id":8804,"date":"2025-09-10T06:22:29","date_gmt":"2025-09-10T06:22:29","guid":{"rendered":"https:\/\/staging.westonclimate.ee\/?post_type=product&#038;p=8804"},"modified":"2026-05-06T12:17:29","modified_gmt":"2026-05-06T12:17:29","slug":"weston-climate-seinale-kinnitatav-soojustagastusega-ventilatsioonisusteem","status":"publish","type":"product","link":"https:\/\/westonclimate.com\/fr\/tooted\/systeme-de-ventilation-a-recuperation-de-chaleur-murale-weston-climate\/","title":{"rendered":"Syst\u00e8me de ventilation \u00e0 r\u00e9cup\u00e9ration de chaleur mural Weston Climate"},"content":{"rendered":"<p><strong>Caract\u00e9ristiques :<\/strong><\/p>\n<ul>\n<li><strong>Automatisation du cycle de l'air CO2 \/ PM2.5 \/ COV<\/strong><\/li>\n<li><strong>D\u00e9bit d'air :<\/strong> jusqu'\u00e0 150 m\u00b3\/h, efficacit\u00e9 \u00e9nerg\u00e9tique et fonctionnement silencieux<\/li>\n<li><strong>Chauffage int\u00e9gr\u00e9 :<\/strong>\u00a0200W (en option)<\/li>\n<li><strong>Un leadership intelligent :<\/strong>\u00a0fonction de minuterie<\/li>\n<li><strong>CO2\/PM2.5\/Humidit\u00e9\/Temp\u00e9rature\/COV<\/strong>\u00a0donn\u00e9es du capteur\u00a0<strong>affichage \u00e0 l'\u00e9cran<\/strong><\/li>\n<li><strong>CO2 \/ PM2.5 \/ VOC<\/strong>\u00a0param\u00e8tres\u00a0<strong>option de configuration<\/strong><\/li>\n<li><strong>Connexion WiFi et t\u00e9l\u00e9commande<\/strong>\u00a0par API<\/li>\n<li>Divers<strong>\u00a0les taux de ventilation<\/strong><\/li>\n<li><strong>Modes de contr\u00f4le automatique et manuel<\/strong><\/li>\n<li><strong>Contr\u00f4le de la dur\u00e9e de vie des filtres et notifications de nettoyage et de remplacement<\/strong><\/li>\n<li><strong>Temp\u00e9rature de fonctionnement<\/strong>Temp\u00e9rature d'utilisation : -35 \u00e0 +50\u00b0C<\/li>\n<li><strong>Temp\u00e9rature de l'air de sortie<\/strong>Temp\u00e9rature de fonctionnement : +5 \u00e0 +40\u00b0C<\/li>\n<li><strong>Diam\u00e8tre du tuyau de ventilation<\/strong>: 110mm<\/li>\n<\/ul>","protected":false},"excerpt":{"rendered":"<p><b>Un syst\u00e8me de ventilation simple, rapide et facile \u00e0 installer<\/b>, qui garantira un air frais et propre dans vos locaux tous les jours !<\/p>\n<p><strong>Appareil tr\u00e8s silencieux !<\/strong><\/p>\n<ul>\n<li><strong>Convient aussi bien aux espaces r\u00e9sidentiels qu'aux espaces industriels plus petits.<\/strong><\/li>\n<li>Deux s\u00e9ries : BG150N\/BG150N-F (avec option de chauffage int\u00e9gr\u00e9), BG150R\/BG150R-F (avec ventilateur d'isolation).<\/li>\n<li><strong>D\u00e9bit d'air maximal :<\/strong>\u00a0jusqu'\u00e0 150 m\u00b3\/h, efficacit\u00e9 \u00e9nerg\u00e9tique et fonctionnement silencieux.<\/li>\n<li><strong>La temp\u00e9rature de l'air ext\u00e9rieur reste comprise entre +5 \u00b0C et +40 \u00b0C.<\/strong>, selon le mode de fonctionnement - <strong>le chauffage, le refroidissement ou la ventilation.<\/strong> L'appareil assure un climat int\u00e9rieur confortable dans les climats froids et chauds. <strong>ajuster la temp\u00e9rature de l'air en fonction des besoins.<\/strong><\/li>\n<li><strong>L'appareil fonctionne \u00e0 des temp\u00e9ratures ext\u00e9rieures comprises entre -35 \u00b0C et +50 \u00b0C. <\/strong>\u00c0 des temp\u00e9ratures tr\u00e8s froides, de -35 \u00b0C \u00e0 -18 \u00b0C, <strong>un mod\u00e8le pr\u00e9chauff\u00e9 est n\u00e9cessaire<\/strong>. Il est important de savoir que l'appareil ne remplace pas le syst\u00e8me de chauffage.<\/li>\n<li><strong>Combinaison de filtres<\/strong>Filtres : pr\u00e9-filtre + charbon de bois + HEPA :\u00a0<strong>garantit un air pur et prot\u00e8ge la sant\u00e9\u00a0<\/strong>(inclus). Un filtre antiallergique est \u00e9galement disponible.<\/li>\n<li><strong>Facile \u00e0 installer<\/strong>\u00a0mur,\u00a0<strong>vitesse de ventilation r\u00e9glable<\/strong>\u00a0et\u00a0<strong>capteurs automatiques de qualit\u00e9 de l'air<\/strong>\u00a0(PM2.5, CO\u2082, COV) (inclus).<\/li>\n<li><strong>Un leadership intelligent<\/strong>\u00c9cran tactile couleur, fonction minuterie et connexion Wi-Fi avec une application intelligente.<\/li>\n<li><strong>Entretien facile<\/strong>Nettoyage et remplacement des filtres, le cas \u00e9ch\u00e9ant.<\/li>\n<\/ul>\n<p><b>Apportez de l'air pur et frais dans vos locaux !<\/b><\/p>","protected":false},"featured_media":8908,"template":"","meta":[],"product_brand":[],"product_cat":[124,35],"product_tag":[],"class_list":{"0":"post-8804","1":"product","2":"type-product","3":"status-publish","4":"has-post-thumbnail","6":"product_cat-lokaalsed","7":"product_cat-ventilatsiooniseadmed","9":"first","10":"instock","11":"taxable","12":"shipping-taxable","13":"purchasable","14":"product-type-variable","15":"has-default-attributes"},"_links":{"self":[{"href":"https:\/\/westonclimate.com\/fr\/wp-json\/wp\/v2\/product\/8804","targetHints":{"allow":["GET"]}}],"collection":[{"href":"https:\/\/westonclimate.com\/fr\/wp-json\/wp\/v2\/product"}],"about":[{"href":"https:\/\/westonclimate.com\/fr\/wp-json\/wp\/v2\/types\/product"}],"version-history":[{"count":7,"href":"https:\/\/westonclimate.com\/fr\/wp-json\/wp\/v2\/product\/8804\/revisions"}],"predecessor-version":[{"id":10171,"href":"https:\/\/westonclimate.com\/fr\/wp-json\/wp\/v2\/product\/8804\/revisions\/10171"}],"wp:featuredmedia":[{"embeddable":true,"href":"https:\/\/westonclimate.com\/fr\/wp-json\/wp\/v2\/media\/8908"}],"wp:attachment":[{"href":"https:\/\/westonclimate.com\/fr\/wp-json\/wp\/v2\/media?parent=8804"}],"wp:term":[{"taxonomy":"product_brand","embeddable":true,"href":"https:\/\/westonclimate.com\/fr\/wp-json\/wp\/v2\/product_brand?post=8804"},{"taxonomy":"product_cat","embeddable":true,"href":"https:\/\/westonclimate.com\/fr\/wp-json\/wp\/v2\/product_cat?post=8804"},{"taxonomy":"product_tag","embeddable":true,"href":"https:\/\/westonclimate.com\/fr\/wp-json\/wp\/v2\/product_tag?post=8804"}],"curies":[{"name":"wp","href":"https:\/\/api.w.org\/{rel}","templated":true}]}}