{"id":8974,"date":"2025-09-17T10:44:42","date_gmt":"2025-09-17T10:44:42","guid":{"rendered":"https:\/\/staging.westonclimate.ee\/?post_type=product&#038;p=8974"},"modified":"2026-01-30T17:10:43","modified_gmt":"2026-01-30T17:10:43","slug":"weston-climate-jbt-seeria-80l-akumulatsioonipaak","status":"publish","type":"product","link":"https:\/\/westonclimate.com\/fr\/tooted\/weston-climate-jbt-series-80l-accumulation-tank\/","title":{"rendered":"Weston Climate JBT Series 80L-1000L R\u00e9servoir d'accumulation"},"content":{"rendered":"<ul>\n<li>Capacit\u00e9 du r\u00e9servoir d'eau : 80 L<\/li>\n<li>Capacit\u00e9 r\u00e9elle du r\u00e9servoir int\u00e9rieur (90%) : \u226572 L<\/li>\n<li>Mat\u00e9riau du r\u00e9servoir int\u00e9rieur : SUS 304\/acier inoxydable.<\/li>\n<li>Esp\u00e9rance de vie : 55 ans<\/li>\n<li>Temp\u00e9rature de l'eau : maximum 95 \u00b0C<\/li>\n<li>Diam\u00e8tre int\u00e9rieur : 370 mm<\/li>\n<li>Diam\u00e8tre ext\u00e9rieur : 470 mm<\/li>\n<li>Poids net : 24 kg<\/li>\n<li>Poids brut (P.B.) : 28 kg<\/li>\n<li>Dimensions du produit : 470 \u00d7 850 mm<\/li>\n<li>Dimensions de l'emballage : 950 \u00d7 550 \u00d7 550 mm<\/li>\n<li>Pression de travail : 0,7 MPa<\/li>\n<li>Pression d'essai : 1,25 MPa<\/li>\n<\/ul>","protected":false},"excerpt":{"rendered":"<p><strong>Weston Climate JBT Series 80L-1000L R\u00e9servoir d'accumulation<\/strong>\u00a0est con\u00e7u comme un tampon entre la pompe \u00e0 chaleur et le syst\u00e8me de chauffage.<\/p>\n<p>Le r\u00e9servoir est compos\u00e9 de <strong>acier inoxydable<\/strong> (SUS 304).<\/p>\n<p><strong>Le produit a une dur\u00e9e de vie de plus de 55 ans.<\/strong> Le produit est garanti 10 ans.<\/p>\n<p>Le r\u00e9servoir est isol\u00e9 et recouvert d'une t\u00f4le d'acier peinte. Le r\u00e9servoir peut \u00eatre fix\u00e9 au mur et est con\u00e7u pour une temp\u00e9rature maximale de l'eau de 95 \u00b0C.<\/p>\n<p><strong data-start=\"653\" data-end=\"700\">80L DE PRODUIT EN STOCK ! <\/strong><strong data-start=\"653\" data-end=\"700\">HIND 351\u20ac +km.<\/strong><\/p>\n<p><strong data-start=\"653\" data-end=\"700\"> DEMANDEZ UNE OFFRE POUR D'AUTRES TAILLES !<\/strong><\/p>","protected":false},"featured_media":8976,"template":"","meta":[],"product_brand":[],"product_cat":[258,211],"product_tag":[],"class_list":{"0":"post-8974","1":"product","2":"type-product","3":"status-publish","4":"has-post-thumbnail","6":"product_cat-paagid-ja-boilerid","7":"product_cat-lisaseadmed","9":"first","10":"instock","11":"taxable","12":"shipping-taxable","13":"purchasable","14":"product-type-simple"},"_links":{"self":[{"href":"https:\/\/westonclimate.com\/fr\/wp-json\/wp\/v2\/product\/8974","targetHints":{"allow":["GET"]}}],"collection":[{"href":"https:\/\/westonclimate.com\/fr\/wp-json\/wp\/v2\/product"}],"about":[{"href":"https:\/\/westonclimate.com\/fr\/wp-json\/wp\/v2\/types\/product"}],"version-history":[{"count":6,"href":"https:\/\/westonclimate.com\/fr\/wp-json\/wp\/v2\/product\/8974\/revisions"}],"predecessor-version":[{"id":11015,"href":"https:\/\/westonclimate.com\/fr\/wp-json\/wp\/v2\/product\/8974\/revisions\/11015"}],"wp:featuredmedia":[{"embeddable":true,"href":"https:\/\/westonclimate.com\/fr\/wp-json\/wp\/v2\/media\/8976"}],"wp:attachment":[{"href":"https:\/\/westonclimate.com\/fr\/wp-json\/wp\/v2\/media?parent=8974"}],"wp:term":[{"taxonomy":"product_brand","embeddable":true,"href":"https:\/\/westonclimate.com\/fr\/wp-json\/wp\/v2\/product_brand?post=8974"},{"taxonomy":"product_cat","embeddable":true,"href":"https:\/\/westonclimate.com\/fr\/wp-json\/wp\/v2\/product_cat?post=8974"},{"taxonomy":"product_tag","embeddable":true,"href":"https:\/\/westonclimate.com\/fr\/wp-json\/wp\/v2\/product_tag?post=8974"}],"curies":[{"name":"wp","href":"https:\/\/api.w.org\/{rel}","templated":true}]}}