{"id":3532,"date":"2024-06-18T14:27:19","date_gmt":"2024-06-18T14:27:19","guid":{"rendered":"https:\/\/wmdcompany.eu\/?page_id=3532"},"modified":"2025-09-24T07:01:31","modified_gmt":"2025-09-24T07:01:31","slug":"muugitingimused","status":"publish","type":"page","link":"https:\/\/westonclimate.com\/it\/altri-termini-e-condizioni\/","title":{"rendered":"Condizioni di vendita"},"content":{"rendered":"<div data-elementor-type=\"wp-page\" data-elementor-id=\"3532\" class=\"elementor elementor-3532\" data-elementor-post-type=\"page\">\n\t\t\t\t<div class=\"elementor-element elementor-element-273dbb49 e-flex e-con-boxed wpr-particle-no wpr-jarallax-no wpr-parallax-no wpr-sticky-section-no wpr-equal-height-no e-con e-parent\" data-id=\"273dbb49\" data-element_type=\"container\" data-e-type=\"container\">\n\t\t\t\t\t<div class=\"e-con-inner\">\n\t\t\t\t<div class=\"elementor-element elementor-element-6e2af5c0 elementor-widget elementor-widget-text-editor\" data-id=\"6e2af5c0\" data-element_type=\"widget\" data-e-type=\"widget\" data-widget_type=\"text-editor.default\">\n\t\t\t\t<div class=\"elementor-widget-container\">\n\t\t\t\t\t\t\t\t\t<h1 id=\"veebipoe-m\u00fc\u00fcgitingimused\">Termini e condizioni di vendita<\/h1><p>Negozio online <a href=\"https:\/\/westonclimate.com\/it\/\" target=\"_blank\" rel=\"noopener\">www.westonclimate.com<\/a>\u00a0(di seguito denominato Negozio online) \u00e8 di propriet\u00e0 di O\u00dc WMD Company (codice di registrazione 16170164), con sede legale a Vabadust pst 174b, Tallinn, 10917 Harjumaa, Estonia.<\/p><p><strong><br \/>Validit\u00e0 del contratto di vendita, informazioni commerciali e sui prezzi<\/strong><\/p><p>I termini e le condizioni di vendita si applicano all'acquisto di merci dal Negozio online.<\/p><p>I prezzi dei prodotti venduti nel negozio online sono indicati con i prodotti stessi. Il prezzo \u00e8 soggetto a spese di consegna. Tutti i prezzi dei prodotti venduti nel negozio online sono espressi in euro.<\/p><p>Le spese di consegna dipendono dall'ubicazione dell'acquirente e dal metodo di consegna. Il costo della consegna viene visualizzato dall'acquirente al momento dell'ordine.<\/p><p>Le informazioni sulla merce sono riportate nel Negozio online direttamente accanto alla merce stessa.<\/p><p><strong><br \/>Effettuare un ordine<\/strong><\/p><p>Per ordinare, \u00e8 necessario aggiungere i prodotti desiderati al carrello. Per effettuare un ordine, \u00e8 necessario compilare i campi richiesti e selezionare la modalit\u00e0 di consegna appropriata. Sullo schermo viene visualizzato l'importo del contributo, che pu\u00f2 essere pagato in modo sicuro attraverso i seguenti metodi di pagamento:<\/p><ul><li><a href=\"https:\/\/maksekeskus.ee\/service\/kaardimaksed\/\" target=\"_blank\" rel=\"noopener\">Pagamenti con carta Visa\/Mastercard<\/a><\/li><li>Pagamenti bancari estoni: Swedbank, SEB, Luminor, LHV, Coop Pank, Citadele, Revolut, N26.<\/li><li>Carta regalo estone: Kniks<\/li><li><a href=\"https:\/\/maksekeskus.ee\/service\/maksa-hiljem-lahendused\/\" target=\"_blank\" rel=\"noopener\">Estonia soluzioni per il pagamento successivo<\/a>: Acquisto a rate Esto, Esto 3, Acquisto a rate Inbank<\/li><li>Pagamenti bancari lettoni: Swedbank, SEB, Citadele, Luminor, Revolut, N26.<\/li><li>Carta regalo lettone: Kniks<\/li><li><a href=\"https:\/\/maksekeskus.ee\/service\/maksa-hiljem-lahendused\/\" target=\"_blank\" rel=\"noopener\">La Lettonia pagher\u00e0 per le soluzioni successive<\/a>Rata bancaria<\/li><li>Pagamenti bancari in Lituania: Swedbank, SEB, Urbo, LKU, Citadele, \u0160iauliu, Luminor, Revolut, N26.<\/li><li>Carta regalo lituana: Kniks<\/li><li><a href=\"https:\/\/maksekeskus.ee\/service\/maksa-hiljem-lahendused\/\" target=\"_blank\" rel=\"noopener\">La Lituania pagher\u00e0 per le soluzioni successive<\/a>Rata bancaria<\/li><li>Pagamenti bancari in Finlandia: Nordea, Nordea Business, Danske Bank, OP Pohjola, Alandsbanken, Handelsbanken, S-Pankki, Oma S\u00e4\u00e4st\u00f6pankki, S\u00e4st\u00f6pankki, POP Pankki, Revolut, N26.<\/li><li>Carta regalo finlandese: Kniks<\/li><li>Apple Pay<\/li><\/ul><p>NB: Quando si paga con un bonifico bancario, assicurarsi di fare clic sul pulsante \u201eTorna al commerciante\u201c nella pagina della banca.<\/p><p>Pagamenti mediati da <a href=\"http:\/\/www.maksekeskus.ee\/\" target=\"_blank\" rel=\"noopener noreferrer\">Centro di pagamento AS<\/a>. Il pagamento avviene al di fuori del Negozio Online in un ambiente sicuro - nel caso di pagamento tramite bonifico bancario nell'ambiente sicuro della rispettiva banca e nel caso di pagamento tramite carta di credito nell'ambiente sicuro di Maksekeskus AS. Il Venditore non ha accesso ai dati bancari e della carta di credito del cliente. Il contratto entra in vigore a partire dalla data di ricezione dell'importo dovuto sul conto corrente del Negozio online.<\/p><p>Il titolare del negozio online \u00e8 il responsabile del trattamento dei dati personali e trasmette i dati personali necessari per l'esecuzione dei pagamenti all'incaricato del trattamento Maksekeskus AS.<\/p><p>Se la merce ordinata non pu\u00f2 essere consegnata a causa della scadenza del termine di consegna o per qualsiasi altro motivo, l'acquirente sar\u00e0 informato il prima possibile e il denaro pagato (comprese le spese di consegna) sar\u00e0 rimborsato immediatamente, ma non oltre 14 giorni dalla notifica.<\/p><p><strong><br \/>Consegna a<\/strong><\/p><p>La merce viene spedita in Estonia, Lettonia e Lituania.<\/p><p>Per il ritiro della merce, l'acquirente ha a disposizione le seguenti opzioni: corriere Venipak, macchine per il ritiro dei pacchi (Itella Smartpost, Omniva, DPD), la possibilit\u00e0 di ritirare personalmente la merce.<\/p><p>Le spese di spedizione sono a carico dell'acquirente e le informazioni sul prezzo corrispondente sono visualizzate con il metodo di spedizione.<\/p><p>Le spedizioni all'interno dell'Estonia arrivano solitamente alla destinazione indicata dall'acquirente entro 10 giorni lavorativi dall'entrata in vigore del contratto di vendita. Al di fuori dell'Estonia, la consegna avverr\u00e0 entro 10 giorni lavorativi.<\/p><p>In casi eccezionali, avete il diritto di ottenere la consegna della merce entro un massimo di 45 giorni di calendario.<\/p><p><strong><br \/>Diritto di recesso<\/strong><\/p><p>Dopo aver ricevuto l'ordine, l'acquirente ha il diritto di recedere dal contratto elettronico entro 14 giorni.<\/p><p>Il diritto di recesso non si applica se l'acquirente \u00e8 una persona giuridica.<\/p><p>Per esercitare il diritto di recesso di 14 giorni, la merce ordinata non pu\u00f2 essere utilizzata in modo diverso da quello necessario per accertare la natura, le caratteristiche e il funzionamento della merce, cos\u00ec come \u00e8 consentito per testare la merce in un negozio fisico.<\/p><p>Se i beni sono stati utilizzati per scopi diversi da quelli necessari ad accertare la natura, le caratteristiche e il funzionamento dei beni, o se i beni presentano segni di utilizzo o di usura, il Negozio online ha il diritto di ridurre il corrispettivo rimborsabile in funzione della riduzione del valore dei beni.<\/p><p>Per restituire la merce, \u00e8 necessario presentare un modulo di recesso, reperibile qui: <a href=\"https:\/\/westonclimate.com\/it\/5564-2\/\" target=\"_blank\" rel=\"noopener\"><em>Avviso di ritiro<\/em>\u00a0<\/a>e inviarlo a sales@westonclimate.com entro 14 giorni dal ricevimento della merce.<\/p><p>Le spese di restituzione della merce sono a carico dell'acquirente, a meno che il motivo della restituzione non sia che il prodotto da restituire non corrisponde a quello ordinato (ad esempio, prodotto sbagliato o difettoso).<\/p><p>L'acquirente deve restituire la merce entro 14 giorni dalla data della richiesta o fornire la prova di averla consegnata al vettore entro tale termine.<\/p><p>Al ricevimento della merce restituita, il negozio online restituir\u00e0 all'acquirente immediatamente, ma non oltre 14 giorni dal ricevimento del recesso, tutti i pagamenti ricevuti dall'acquirente in base al contratto.<\/p><p>Il negozio online pu\u00f2 rifiutarsi di effettuare un rimborso fino a quando non avr\u00e0 ricevuto i beni oggetto del contratto o fino a quando l'acquirente non avr\u00e0 fornito la prova di aver restituito i beni, a seconda di quale delle due condizioni si verifichi per prima.<\/p><p>Se l'acquirente ha scelto espressamente un metodo di consegna diverso da quello pi\u00f9 economico offerto dal Negozio online, quest'ultimo non \u00e8 tenuto a rimborsare al consumatore il costo che supera quello del metodo di consegna abituale.<\/p><p>Il negozio online ha il diritto di recedere dalla vendita e di richiedere all'acquirente la restituzione della merce se il prezzo della merce nel negozio online \u00e8 significativamente inferiore al prezzo di mercato della merce a causa di un errore.<\/p><p><strong><br \/>Diritto di presentare un reclamo<\/strong><\/p><p>Il negozio online \u00e8 responsabile della non conformit\u00e0 o del difetto della merce venduta all'acquirente, che esisteva gi\u00e0 al momento della consegna e che si manifester\u00e0 entro un massimo di due anni dalla consegna della merce all'acquirente.\u00a0<b data-stringify-type=\"bold\">Successivamente, per un periodo di 1 anno dalla consegna della merce all'acquirente, si presume che il difetto esistesse al momento della consegna. \u00c8 responsabilit\u00e0 del Negozio online confutare questa presunzione.<\/b><\/p><p>In caso di difetti, l'acquirente ha il diritto di contattare il negozio online entro e non oltre due mesi inviando un'e-mail a sales@westonclimate.com o chiamando il numero +372 5568 9584.<\/p><p>Il negozio online non \u00e8 responsabile per i difetti che si verificano dopo la consegna della merce all'acquirente.<\/p><p>Se la merce acquistata dal Negozio online presenta difetti di cui il Negozio online \u00e8 responsabile, il Negozio online riparer\u00e0 o sostituir\u00e0 la merce difettosa. Se non \u00e8 possibile riparare o sostituire la merce, il Negozio online rimborser\u00e0 all'acquirente tutte le spese per il contratto di vendita.<\/p><p>Il negozio online risponder\u00e0 al reclamo del consumatore per iscritto o in un formato riproducibile per iscritto entro 15 giorni.<\/p><p><strong><br \/>Marketing diretto e trattamento dei dati personali<\/strong><\/p><p>Il negozio online utilizza i dati personali forniti dall'acquirente solo per elaborare l'ordine e inviare la merce all'acquirente. Il negozio online trasmette i dati personali alle aziende che forniscono servizi di trasporto per la consegna della merce.<\/p><p>Il negozio online invia newsletter e offerte all'indirizzo e-mail dell'acquirente solo se quest'ultimo ha espresso il desiderio di riceverle inserendo il proprio indirizzo e-mail sul sito web e ha indicato il proprio desiderio di ricevere notifiche per posta diretta.<\/p><p>L'acquirente pu\u00f2 rinunciare a ricevere offerte e newsletter via e-mail in qualsiasi momento, comunicandolo via e-mail o seguendo le istruzioni contenute nell'e-mail contenente le offerte.<\/p><p><strong><br \/>Risoluzione delle controversie<\/strong><\/p><p>In caso di reclami da parte dell'acquirente in merito al Negozio online, questi devono essere inviati per e-mail a sales@westonclimate.com o per telefono al numero +372 5568 9584.<\/p><p>Se l'acquirente e il Negozio online non riescono a risolvere la controversia attraverso un accordo, l'acquirente pu\u00f2 rivolgersi al Comitato per le controversie dei consumatori. \u00c8 possibile leggere i termini e le condizioni della procedura e presentare una domanda a <a href=\"https:\/\/komisjon.ee\/et\/avalduse-esitamine\" target=\"_blank\" rel=\"noopener noreferrer\">qui<\/a>. La Commissione per le controversie dei consumatori \u00e8 competente a risolvere le controversie derivanti da un contratto stipulato tra l'acquirente e il Negozio online. L'esame del reclamo dell'acquirente da parte della Commissione \u00e8 gratuito.<\/p><p>L'acquirente pu\u00f2 rivolgersi alla piattaforma dell'Unione Europea per la risoluzione delle controversie dei consumatori. <a href=\"https:\/\/ec.europa.eu\/consumers\/odr\/main\/index.cfm?event=main.home2.show&amp;lng=ET\" target=\"_blank\" rel=\"noopener noreferrer\">verso<\/a>.<\/p>\t\t\t\t\t\t\t\t<\/div>\n\t\t\t\t<\/div>\n\t\t\t\t\t<\/div>\n\t\t\t\t<\/div>\n\t\t<div class=\"elementor-element elementor-element-02a245f e-flex e-con-boxed wpr-particle-no wpr-jarallax-no wpr-parallax-no wpr-sticky-section-no wpr-equal-height-no e-con e-parent\" data-id=\"02a245f\" data-element_type=\"container\" data-e-type=\"container\">\n\t\t\t\t\t<div class=\"e-con-inner\">\n\t\t\t\t<div class=\"elementor-element elementor-element-464fb6f elementor-widget elementor-widget-spacer\" data-id=\"464fb6f\" data-element_type=\"widget\" data-e-type=\"widget\" data-widget_type=\"spacer.default\">\n\t\t\t\t<div class=\"elementor-widget-container\">\n\t\t\t\t\t\t\t<div class=\"elementor-spacer\">\n\t\t\t<div class=\"elementor-spacer-inner\"><\/div>\n\t\t<\/div>\n\t\t\t\t\t\t<\/div>\n\t\t\t\t<\/div>\n\t\t\t\t\t<\/div>\n\t\t\t\t<\/div>\n\t\t\t\t<\/div>","protected":false},"excerpt":{"rendered":"<p>Veebipoe m\u00fc\u00fcgitingimused Veebipoe www.westonclimate.com\u00a0(edaspidi Veebipood) omanik on O\u00dc WMD Company (registrikood 16170164), asukohaga Vabadust pst 174b, Tallinn, 10917 Harjumaa, Eesti. M\u00fc\u00fcgilepingu kehtivus, kauba- ja hinnainfo M\u00fc\u00fcgitingimused kehtivad Veebipoest kaupade ostmisel. Veebipoes m\u00fc\u00fcdavate toodete hinnad on m\u00e4rgitud toodete juurde. Hinnale lisandub tasu kauba k\u00e4ttetoimetamise eest. K\u00f5ik veebipoes m\u00fc\u00fcdavate kaupade hinnad on eurodes. Kauba k\u00e4ttetoimetamise tasu s\u00f5ltub ostja asukohast ning k\u00e4ttetoimetamise viisist. K\u00e4ttetoimetamise tasu kuvatakse ostjale tellimuse vormistamisel. Teave kauba kohta on esitatud Veebipoes vahetult kauba juures. Tellimuse vormistamine Kauba tellimiseks tuleb lisada soovitud tooted ostukorvi. Tellimuse vormistamiseks tuleb t\u00e4ita n\u00f5utud andmev\u00e4ljad ning valida sobiv toodete kohaletoimetamise viis. Seej\u00e4rel kuvatakse ekraanile tasu suurus, mille saab tasuda turvaliselt l\u00e4bi j\u00e4rgnevate makseviiside: Visa\/Mastercard kaardimaksed Eesti pangamaksed: Swedbank, SEB, Luminor, LHV, Coop Pank, Citadele, Revolut, N26 Eesti kinkekaart: Kniks Eesti maksa hiljem lahendused: Esto j\u00e4relmaks, Esto 3, Inbank j\u00e4relmaks L\u00e4ti pangamaksed: Swedbank, SEB, Citadele, Luminor, Revolut, N26 L\u00e4ti kinkekaart: Kniks L\u00e4ti maksa hiljem lahendused: Inbank j\u00e4relmaks Leedu pangamaksed: Swedbank, SEB, Urbo, LKU, Citadele, \u0160iauliu, Luminor, Revolut, N26 Leedu kinkekaart: Kniks Leedu maksa hiljem lahendused: Inbank j\u00e4relmaks Soome pangamaksed: Nordea, Nordea Business, Danske Bank, OP Pohjola, Alandsbanken, Handelsbanken, S-Pankki, Oma S\u00e4\u00e4st\u00f6pankki, S\u00e4\u00e4st\u00f6pankki, POP Pankki, Revolut, N26 Soome kinkekaart: Kniks Apple Pay NB! Pangalingiga tasumisel vajutada kindlasti panga lehel nupule \u201eTagasi kaupmehe juurde\u201c. Makseid vahendab Maksekeskus AS. Tasumine toimub v\u00e4ljaspool Veebipoodi turvalises keskkonnas \u2013 pangalingiga tasumisel vastava panga turvalises keskkonnas ja krediitkaardiga tasumisel Maksekeskus AS turvalises keskkonnas. M\u00fc\u00fcjal puudub ligip\u00e4\u00e4s kliendi panga ja krediitkaardi andmetele. Leping j\u00f5ustub alates tasumisele kuuluva summa laekumisest Veebipoe arvelduskontole. Veebipoe omanik on isikuandmete vastutav t\u00f6\u00f6tleja ning edastab maksete teostamiseks vajalikud isikuandmed volitatud t\u00f6\u00f6tleja Maksekeskus AS-le. Kui tellitud kaupa ei ole v\u00f5imalik tarnida seoses kauba l\u00f5ppemisega v\u00f5i muul p\u00f5hjusel, teavitatakse sellest ostjat esimesel v\u00f5imalusel ning tagastatakse tasutud raha (sh kauba k\u00e4ttetoimetamise kulud) viivitamata, kuid mitte hiljem kui 14 p\u00e4eva jooksul teate saatmisest. Kohaletoimetamine Kaupu saadetakse j\u00e4rgmistesse riikidesse: Eesti, L\u00e4ti, Leedu. Kauba k\u00e4ttesaamiseks on ostjal j\u00e4rgnevad valikud: Venipak kuller, pakiautomaadid (Itella Smartpost, Omniva, DPD), ise kaubale j\u00e4rele tulemuse v\u00f5imalus. Kauba saatmiskulud kannab ostja ning vastav hinnainfo on kuvatud saatmisviisi juures. Eestisisesed saadetised j\u00f5uavad \u00fcldjuhul ostja m\u00e4\u00e4ratud sihtpunkti 10 t\u00f6\u00f6p\u00e4eva jooksul alates m\u00fc\u00fcgilepingu j\u00f5ustumisest. V\u00e4ljaspool Eestit toimub kohaletoimetamine 10 t\u00f6\u00f6p\u00e4eva jooksul. Erandlikel juhtumitel on \u00f5igus kaup kohale toimetada kuni 45 kalendrip\u00e4eva jooksul. Taganemis\u00f5igus P\u00e4rast tellimuse k\u00e4ttesaamist on ostjal \u00f5igus e-poes s\u00f5lmitud lepingust taganeda 14 p\u00e4eva jooksul. Taganemis\u00f5igus ei kohaldu, kui ostjaks on juriidiline isik. 14-p\u00e4evase tagastamis\u00f5iguse kasutamiseks ei tohi tellitud kaupa kasutada muul viisil kui on vajalik kauba olemuses, omadustes ja toimimises veendumiseks viisil nagu see on lubatud kauba testimiseks f\u00fc\u00fcsilises poes. Kui kaupa on kasutatud muuks otstarbeks kui on vajalik kauba olemuses, omadustes ja toimimises veendumiseks v\u00f5i sellel on kasutamise v\u00f5i kulumise m\u00e4rke, on Veebipoel \u00f5igus alandada tagastatavat tasu vastavalt kauba v\u00e4\u00e4rtuse v\u00e4henemisele. Kauba tagastamiseks tuleb esitada kauba ostmisest taganemise avaldus, mille vormi leiab siit: taganemisavaldus\u00a0ning saata see e-posti aadressile sales@westonclimate.com hiljemalt 14 p\u00e4eva jooksul kauba k\u00e4ttesaamisest. Kauba tagastamise kulud kannab ostja, v\u00e4lja arvatud juhul, kui tagastamise p\u00f5hjus seisneb asjaolus, et tagastamisele kuuluv toode ei vasta tellitule (nt vale v\u00f5i defektiga toode). Ostja peab kauba tagastama avalduse esitamisele j\u00e4rgneva 14 p\u00e4eva jooksul v\u00f5i esitama t\u00f5endi, et ta on eelnimetatud perioodi jooksul kauba \u00fcle andnud kauba vedajale. Veebipood tagastab tagastatava kauba k\u00e4ttesaamisel ostjale viivitamata, kuid mitte hiljem kui 14 p\u00e4eva m\u00f6\u00f6dumisel arvates taganemisavalduse saamisest, k\u00f5ik ostjalt lepingu alusel saadud tasud. Veebipood v\u00f5ib keelduda tagasimaksete tegemisest seni, kuni on lepingu esemeks oleva asja tagasi saanud v\u00f5i kuni ostja on esitanud t\u00f5endid, et on asja tagasi saatnud, s\u00f5ltuvalt sellest, kumb toimub varem. Kui ostja on s\u00f5naselgelt valinud Veebipoe pakutud k\u00f5ige odavamast tavap\u00e4rasest asja k\u00e4ttetoimetamise viisist erineva k\u00e4ttetoimetamise viisi, ei pea Veebipood tarbijale tagastama kulu, mis \u00fcletab tavap\u00e4rase k\u00e4ttetoimetamise viisiga seotud kulu. Veebipoel on \u00f5igus taganeda m\u00fc\u00fcgitehingust ning n\u00f5uda ostjalt tagasi kaup, kui kauba hind veebipoes on eksituse t\u00f5ttu m\u00e4rgitud oluliselt alla kauba turuhinna. Pretensiooni esitamise \u00f5igus Veebipood vastutab ostjale m\u00fc\u00fcdud kauba lepingutingimustele mittevastavuse v\u00f5i puuduse eest, mis oli olemas juba asja \u00fcleandmise hetkel ning mis ilmneb kuni kahe aasta jooksul, alates kauba \u00fcleandmisest ostjale.\u00a0Sellest 1 aasta jooksul alates asja \u00fcleandmisest ostjale eeldatakse, et puudus oli olemas juba asja \u00fcleandmise ajal. Vastava eelduse \u00fcmberl\u00fckkamine on Veebipoe kohustus. Ostjal on \u00f5igus puuduse ilmnemisel p\u00f6\u00f6rduda hiljemalt kahe kuu jooksul veebipoe poole, saates e-kirja aadressile sales@westonclimate.com v\u00f5i helistada telefonil: +372 5568 9584. Veebipood ei vastuta puuduste eest, mis on tekkinud p\u00e4rast kauba \u00fcleandmist ostjale. Kui Veebipoest ostetud kaubal on puudused, mille eest Veebipood vastutab, parandab v\u00f5i asendab Veebipood puudusega kauba. Kui kaupa ei ole v\u00f5imalik parandada ega asendada, tagastab Veebipood ostjale k\u00f5ik m\u00fc\u00fcgilepinguga kaasnenud tasud. Veebipood vastab tarbija esitatud kaebusele kirjalikult v\u00f5i kirjalikku taasesitamist v\u00f5imaldavas vormis 15 p\u00e4eva jooksul. Otseturustus ja isikuandmete t\u00f6\u00f6tlemine Veebipood kasutab ostja poolt sisestatud isikuandmeid ainult tellimuse t\u00f6\u00f6tlemiseks ning kauba ostjale saatmiseks. Veebipood edastab isikuandmeid veoteenust pakkuvale ettev\u00f5tetele selleks, et kohale toimetada kaupa. Veebipood saadab ostjale uudiskirju ning pakkumisi ostja e-maili aadressile ainult juhul, kui ostja on selleks avaldanud soovi sisestades veebilehel e-kirja aadressi ning andnud teada oma soovist otsepostituse teadete saamiseks. Ostjal on igal ajal v\u00f5imalik loobuda e-postile saadetavatest pakkumistest ja uudiskirjadest andes sellest meile teada e-kirja teel v\u00f5i j\u00e4rgides pakkumisi sisaldava e-kirjas toodud juhiseid. Vaidluste lahendamine Kui ostjal on Veebipoe osas pretensioone, tuleb need saata e-kirja aadressile sales@westonclimate.com v\u00f5i helistada telefonil: +372 5568 9584. Kui ostja ja Veebipood ei suuda lahendada vaidlust kokkuleppe teel, siis on ostjal v\u00f5imalik p\u00f6\u00f6rduda Tarbijavaidluste komisjoni poole. Menetlustingimustega saab tutvuda ning avaldust esitada siin. Tarbijavaidluste komisjoni p\u00e4devuses on lahendada ostja ja Veebipoe vahel s\u00f5lmitud lepingust tulenevaid vaidlusi. Ostja kaebuse l\u00e4bivaatamine komisjonis on tasuta. Ostja v\u00f5ib p\u00f6\u00f6rduda Euroopa Liidu tarbijavaidlusi lahendava platvormi poole.<\/p>","protected":false},"author":8,"featured_media":0,"parent":0,"menu_order":0,"comment_status":"closed","ping_status":"closed","template":"","meta":{"footnotes":""},"class_list":["post-3532","page","type-page","status-publish","hentry"],"_links":{"self":[{"href":"https:\/\/westonclimate.com\/it\/wp-json\/wp\/v2\/pages\/3532","targetHints":{"allow":["GET"]}}],"collection":[{"href":"https:\/\/westonclimate.com\/it\/wp-json\/wp\/v2\/pages"}],"about":[{"href":"https:\/\/westonclimate.com\/it\/wp-json\/wp\/v2\/types\/page"}],"author":[{"embeddable":true,"href":"https:\/\/westonclimate.com\/it\/wp-json\/wp\/v2\/users\/8"}],"replies":[{"embeddable":true,"href":"https:\/\/westonclimate.com\/it\/wp-json\/wp\/v2\/comments?post=3532"}],"version-history":[{"count":32,"href":"https:\/\/westonclimate.com\/it\/wp-json\/wp\/v2\/pages\/3532\/revisions"}],"predecessor-version":[{"id":9187,"href":"https:\/\/westonclimate.com\/it\/wp-json\/wp\/v2\/pages\/3532\/revisions\/9187"}],"wp:attachment":[{"href":"https:\/\/westonclimate.com\/it\/wp-json\/wp\/v2\/media?parent=3532"}],"curies":[{"name":"wp","href":"https:\/\/api.w.org\/{rel}","templated":true}]}}