{"id":5564,"date":"2025-02-12T17:49:33","date_gmt":"2025-02-12T17:49:33","guid":{"rendered":"https:\/\/staging.wmdcompany.eu\/?page_id=5564"},"modified":"2025-07-29T19:29:44","modified_gmt":"2025-07-29T19:29:44","slug":"5564-2","status":"publish","type":"page","link":"https:\/\/westonclimate.com\/it\/5564-2\/","title":{"rendered":"Restituzione e cambio"},"content":{"rendered":"<div data-elementor-type=\"wp-page\" data-elementor-id=\"5564\" class=\"elementor elementor-5564\" data-elementor-post-type=\"page\">\n\t\t\t\t<div class=\"elementor-element elementor-element-3ab0f04d e-flex e-con-boxed wpr-particle-no wpr-jarallax-no wpr-parallax-no wpr-sticky-section-no wpr-equal-height-no e-con e-parent\" data-id=\"3ab0f04d\" data-element_type=\"container\" data-e-type=\"container\">\n\t\t\t\t\t<div class=\"e-con-inner\">\n\t\t\t\t<div class=\"elementor-element elementor-element-5755247d elementor-widget elementor-widget-text-editor\" data-id=\"5755247d\" data-element_type=\"widget\" data-e-type=\"widget\" data-widget_type=\"text-editor.default\">\n\t\t\t\t<div class=\"elementor-widget-container\">\n\t\t\t\t\t\t\t\t\t<h1>Restituzione e cambio<\/h1><p><strong><br \/>WMD Company O\u00dc condizioni di restituzione<br \/><\/strong><br \/>La restituzione della merce ai centri di copertura WMD Company O\u00dc \u00e8 soggetta alle regole seguenti:<\/p><p>1. Il cliente deve informare preventivamente l'agente\/venditore che ha venduto la merce del desiderio di restituirla*. La restituzione della merce \u00e8 soggetta al consenso preventivo del venditore.<br \/>2. La merce da restituire deve essere accompagnata da un modulo di restituzione debitamente compilato.<br \/>3. La merce da restituire deve essere priva di segni di installazione, intatta e nell'imballaggio originale (apparecchiature, accessori, ad es. controller). La merce danneggiata dal cliente non pu\u00f2 essere restituita.<br \/>4. Le merci di dimensioni speciali*** e le merci ordinate come ordine speciale per il cliente non saranno restituite.<br \/>5. La merce consegnata al cliente dopo 3 mesi dalla data di consegna non potr\u00e0 essere acquistata.<br \/>6. La restituzione della merce \u00e8 a rischio e spese dell'acquirente.<\/p><p><strong>Condizioni per il rimborso delle merci:<\/strong><\/p><p>100% del prezzo di acquisto della merce, se il motivo della restituzione \u00e8 un errore da parte di WMD Company O\u00dc e la non conformit\u00e0 della merce ai termini del contratto deve essere notificata entro 60 giorni dalla consegna della merce al cliente;<\/p><p>80% del prezzo di acquisto della merce** in magazzino, a meno che il rimborso non sia dovuto a un errore da parte di WMD Company O\u00dc e il rimborso venga effettuato entro 30 giorni dalla consegna della merce al cliente;<\/p><p>60% del prezzo di acquisto della merce in magazzino** secondo la fattura di acquisto, a meno che il rimborso non sia dovuto a un errore da parte di WMD Company O\u00dc e che il rimborso venga effettuato entro 31 giorni - 6 mesi dalla consegna della merce al cliente.<\/p><p>*Merce - qualsiasi merce acquistata da WMD Company O\u00dc.<br \/>**laokaup - merce standard acquistata da WMD Company O\u00dc, che non viene prodotta o ordinata secondo i disegni e le dimensioni del cliente e che pu\u00f2 essere utilizzata per diversi edifici e oggetti.<br \/>***Merce personalizzate - merci acquistate da WMD Company O\u00dc che sono chiaramente personalizzate.<br \/>possono essere realizzati o ordinati in base alle dimensioni e ai disegni del cliente, e il cui utilizzo \u00e8.<br \/>per un altro edificio o struttura non \u00e8 possibile o comporta costi aggiuntivi.<\/p>\t\t\t\t\t\t\t\t<\/div>\n\t\t\t\t<\/div>\n\t\t\t\t\t<\/div>\n\t\t\t\t<\/div>\n\t\t<div class=\"elementor-element elementor-element-3fa745c e-flex e-con-boxed wpr-particle-no wpr-jarallax-no wpr-parallax-no wpr-sticky-section-no wpr-equal-height-no e-con e-parent\" data-id=\"3fa745c\" data-element_type=\"container\" data-e-type=\"container\">\n\t\t\t\t\t<div class=\"e-con-inner\">\n\t\t\t\t<div class=\"elementor-element elementor-element-a61bf8d elementor-widget elementor-widget-shortcode\" data-id=\"a61bf8d\" data-element_type=\"widget\" data-e-type=\"widget\" data-widget_type=\"shortcode.default\">\n\t\t\t\t<div class=\"elementor-widget-container\">\n\t\t\t\t\t\t\t<div class=\"elementor-shortcode\">\n<div class=\"wpcf7 no-js\" id=\"wpcf7-f6102-o1\" lang=\"et\" dir=\"ltr\" data-wpcf7-id=\"6102\">\n<div class=\"screen-reader-response\"><p role=\"status\" aria-live=\"polite\" aria-atomic=\"true\"><\/p> <ul><\/ul><\/div>\n<form action=\"\/it\/wp-json\/wp\/v2\/pages\/5564#wpcf7-f6102-o1\" method=\"post\" class=\"wpcf7-form init\" aria-label=\"Modulo di contatto\" novalidate=\"novalidate\" data-status=\"init\" data-trp-original-action=\"\/it\/wp-json\/wp\/v2\/pages\/5564#wpcf7-f6102-o1\">\n<fieldset class=\"hidden-fields-container\"><input type=\"hidden\" name=\"_wpcf7\" value=\"6102\" \/><input type=\"hidden\" name=\"_wpcf7_version\" value=\"6.1.5\" \/><input type=\"hidden\" name=\"_wpcf7_locale\" value=\"et\" \/><input type=\"hidden\" name=\"_wpcf7_unit_tag\" value=\"wpcf7-f6102-o1\" \/><input type=\"hidden\" name=\"_wpcf7_container_post\" value=\"0\" \/><input type=\"hidden\" name=\"_wpcf7_posted_data_hash\" value=\"\" \/><input type=\"hidden\" name=\"_wpcf7_recaptcha_response\" value=\"\" \/>\n<\/fieldset>\n<fieldset>\n\t<legend>Dettagli del cliente\n\t<\/legend>\n\t<div>\n\t\t<p><label>Nome della societ\u00e0<br \/>\n<span class=\"wpcf7-form-control-wrap\" data-name=\"company-name\"><input size=\"40\" maxlength=\"400\" class=\"wpcf7-form-control wpcf7-text\" aria-invalid=\"false\" value=\"\" type=\"text\" name=\"company-name\" \/><\/span> <\/label><br \/>\n<label>Nome del rimpatriato<br \/>\n<span class=\"wpcf7-form-control-wrap\" data-name=\"returnee\"><input size=\"40\" maxlength=\"400\" class=\"wpcf7-form-control wpcf7-text\" aria-invalid=\"false\" value=\"\" type=\"text\" name=\"returnee\" \/><\/span><\/label><br \/>\n<label>Telefono<br \/>\n<span class=\"wpcf7-form-control-wrap\" data-name=\"phone\"><input size=\"40\" maxlength=\"400\" class=\"wpcf7-form-control wpcf7-tel wpcf7-text wpcf7-validates-as-tel\" aria-invalid=\"false\" value=\"\" type=\"tel\" name=\"phone\" \/><\/span><\/label>\n\t\t<\/p>\n\t<\/div>\n<\/fieldset>\n<fieldset>\n\t<legend>Dati del prodotto\n\t<\/legend>\n\t<div>\n\t\t<p><label>Nome del prodotto<br \/>\n<span class=\"wpcf7-form-control-wrap\" data-name=\"product-name\"><input size=\"40\" maxlength=\"400\" class=\"wpcf7-form-control wpcf7-text\" aria-invalid=\"false\" value=\"\" type=\"text\" name=\"product-name\" \/><\/span><\/label><br \/>\n<label>Quantit\u00e0<br \/>\n<span class=\"wpcf7-form-control-wrap\" data-name=\"amount\"><input class=\"wpcf7-form-control wpcf7-number wpcf7-validates-as-number\" aria-invalid=\"false\" value=\"\" type=\"number\" name=\"amount\" \/><\/span><\/label><br \/>\n<label>Ordine\/fattura d'acquisto\/bollettino di consegna n.<br \/>\n<span class=\"wpcf7-form-control-wrap\" data-name=\"order-info\"><input size=\"40\" maxlength=\"400\" class=\"wpcf7-form-control wpcf7-text\" aria-invalid=\"false\" value=\"\" type=\"text\" name=\"order-info\" \/><\/span><\/label>\n\t\t<\/p>\n\t<\/div>\n<\/fieldset>\n<fieldset>\n\t<legend>Motivo della restituzione\n\t<\/legend>\n\t<p><span class=\"wpcf7-form-control-wrap\" data-name=\"reason\"><span class=\"wpcf7-form-control wpcf7-checkbox\"><span class=\"wpcf7-list-item first\"><label><input type=\"checkbox\" name=\"reason[]\" value=\"Ekslikult tellitud toode\" \/><span class=\"wpcf7-list-item-label\">Prodotto ordinato per errore<\/span><\/label><\/span><span class=\"wpcf7-list-item\"><label><input type=\"checkbox\" name=\"reason[]\" value=\"Defektne kaup\" \/><span class=\"wpcf7-list-item-label\">Prodotti difettosi<\/span><\/label><\/span><span class=\"wpcf7-list-item\"><label><input type=\"checkbox\" name=\"reason[]\" value=\"Valesti saadetud\" \/><span class=\"wpcf7-list-item-label\">Inviato in modo errato<\/span><\/label><\/span><span class=\"wpcf7-list-item last\"><label><input type=\"checkbox\" name=\"reason[]\" value=\"Muu\" \/><span class=\"wpcf7-list-item-label\">Altro<\/span><\/label><\/span><\/span><\/span><br \/>\n<span class=\"wpcf7-form-control-wrap\" data-name=\"reason-explain\"><textarea cols=\"40\" rows=\"10\" maxlength=\"2000\" class=\"wpcf7-form-control wpcf7-textarea\" aria-invalid=\"false\" placeholder=\"Spiegazione\" name=\"reason-explain\"><\/textarea><\/span>\n\t<\/p>\n<\/fieldset>\n<fieldset>\n\t<legend>Richiesta del cliente\n\t<\/legend>\n\t<p><span class=\"wpcf7-form-control-wrap\" data-name=\"customerwants\"><span class=\"wpcf7-form-control wpcf7-radio\"><span class=\"wpcf7-list-item first\"><label><input type=\"radio\" name=\"customerwants\" value=\"Soovime h\u00fcvitusarvet\" \/><span class=\"wpcf7-list-item-label\">Desideriamo una fattura di compensazione<\/span><\/label><\/span><span class=\"wpcf7-list-item last\"><label><input type=\"radio\" name=\"customerwants\" value=\"Soovime uut toodet\" \/><span class=\"wpcf7-list-item-label\">Vogliamo un nuovo prodotto<\/span><\/label><\/span><\/span><\/span>\n\t<\/p>\n<\/fieldset>\n<p><input class=\"wpcf7-form-control wpcf7-submit has-spinner\" type=\"submit\" value=\"Inviare a\" \/>\n<\/p><div class=\"wpcf7-response-output\" aria-hidden=\"true\"><\/div>\n<input type=\"hidden\" name=\"trp-form-language\" value=\"it\"\/><\/form>\n<\/div>\n<\/div>\n\t\t\t\t\t\t<\/div>\n\t\t\t\t<\/div>\n\t\t\t\t\t<\/div>\n\t\t\t\t<\/div>\n\t\t\t\t<\/div>","protected":false},"excerpt":{"rendered":"<p>Tagastamine ja vahetus WMD Company O\u00dc tagastustingimusedKauba tagastamine WMD Company O\u00dc katusekeskustesse toimub allolevate reeglite kohaselt: 1. Kauba* tagastamise soovist peab klient eelnevalt teavitama kauba m\u00fc\u00fcnud esindust\/m\u00fc\u00fcjat. Kauba tagastamise eelduseks on m\u00fc\u00fcja eelnev sellekohane\u00a0 n\u00f5usolek.2. Tagastatavale kaubale peab olema lisatud n\u00f5uetekohaselt t\u00e4idetud tagastusleht.3. Tagastatav kaup peab olema paigaldusj\u00e4lgedeta, terve ja\u00a0 originaalpakendis (seadmed, lisatarvikud, nt. kontrollerid). Kliendi poolt rikutud kaup tagastamisele ei kuulu.4. Erim\u00f5\u00f5dulist kaupa*** ja kliendile eritellimusena tellitud kaupa tagasi ei osteta.5. Kaupu, mille \u00fcleandmisest kliendile on m\u00f6\u00f6dunud 3 kuud tagasi ei osteta.6. Kauba tagastamine toimub ostja vastutusel ja kulul. Kauba h\u00fcvitamistingimused: 100% kauba ostuhinnast, kui\u00a0 tagastamise p\u00f5hjuseks on WMD Company O\u00dc poolne eksimus ning kauba lepingutingimustele mittevastavusest teavitatakse 60 p\u00e4eva jooksul alates kauba tarnest kliendile; 80% laokauba** ostuhinnast, kui tagastus ei tulene WMD Company O\u00dc poolsest eksimusest ning tagastus toimub 30 p\u00e4eva jooksul alates kauba tarnest kliendile; 60% laokauba** ostuhinnast vastavalt ostuarvele, kui tagastus ei tulene WMD Company O\u00dc poolsest eksimusest ning tagastus toimub 31 p\u00e4eva \u2013 6 kuu jooksul alates kauba tarnest kliendile. *kaup \u2013 mis iganes WMD Company O\u00dc -st ostetud kaup.**laokaup \u2013 WMD Company O\u00dc -st ostetud standardne kaup, mis ei ole toodetud ega tellitud kliendipoolsete\u00a0 jooniste ja m\u00f5\u00f5tude alusel ning mida on v\u00f5imalik kasutada erinevate hoonete ja objektide tarbeks.***erim\u00f5\u00f5duline kaup \u2013 WMD Company O\u00dc -st ostetud kaup,\u00a0 mis on selgelt personaliseeritudehk valmistatud v\u00f5i tellitud kliendipoolseid m\u00f5\u00f5tmeid ja jooniseid j\u00e4rgides ning mille kasutamineteise hoone v\u00f5i objekti tarbeks ei ole v\u00f5imalik v\u00f5i tekitab lisakulutusi.<\/p>","protected":false},"author":8,"featured_media":0,"parent":0,"menu_order":0,"comment_status":"closed","ping_status":"closed","template":"","meta":{"footnotes":""},"class_list":["post-5564","page","type-page","status-publish","hentry"],"_links":{"self":[{"href":"https:\/\/westonclimate.com\/it\/wp-json\/wp\/v2\/pages\/5564","targetHints":{"allow":["GET"]}}],"collection":[{"href":"https:\/\/westonclimate.com\/it\/wp-json\/wp\/v2\/pages"}],"about":[{"href":"https:\/\/westonclimate.com\/it\/wp-json\/wp\/v2\/types\/page"}],"author":[{"embeddable":true,"href":"https:\/\/westonclimate.com\/it\/wp-json\/wp\/v2\/users\/8"}],"replies":[{"embeddable":true,"href":"https:\/\/westonclimate.com\/it\/wp-json\/wp\/v2\/comments?post=5564"}],"version-history":[{"count":33,"href":"https:\/\/westonclimate.com\/it\/wp-json\/wp\/v2\/pages\/5564\/revisions"}],"predecessor-version":[{"id":8149,"href":"https:\/\/westonclimate.com\/it\/wp-json\/wp\/v2\/pages\/5564\/revisions\/8149"}],"wp:attachment":[{"href":"https:\/\/westonclimate.com\/it\/wp-json\/wp\/v2\/media?parent=5564"}],"curies":[{"name":"wp","href":"https:\/\/api.w.org\/{rel}","templated":true}]}}