{"id":5579,"date":"2025-02-13T12:11:16","date_gmt":"2025-02-13T12:11:16","guid":{"rendered":"https:\/\/staging.wmdcompany.eu\/?page_id=5579"},"modified":"2026-04-07T14:39:32","modified_gmt":"2026-04-07T14:39:32","slug":"la-maggior-parte-delle-aziende-wmd-o","status":"publish","type":"page","link":"https:\/\/westonclimate.com\/it\/meist-wmd-company-ou\/","title":{"rendered":"Chi siamo - WMD Company O\u00dc"},"content":{"rendered":"<div data-elementor-type=\"wp-page\" data-elementor-id=\"5579\" class=\"elementor elementor-5579\" data-elementor-post-type=\"page\">\n\t\t\t\t<div class=\"elementor-element elementor-element-711df678 e-flex e-con-boxed wpr-particle-no wpr-jarallax-no wpr-parallax-no wpr-sticky-section-no wpr-equal-height-no e-con e-parent\" data-id=\"711df678\" data-element_type=\"container\" data-e-type=\"container\">\n\t\t\t\t\t<div class=\"e-con-inner\">\n\t\t\t\t<div class=\"elementor-element elementor-element-21778d0f elementor-widget elementor-widget-text-editor\" data-id=\"21778d0f\" data-element_type=\"widget\" data-e-type=\"widget\" data-widget_type=\"text-editor.default\">\n\t\t\t\t<div class=\"elementor-widget-container\">\n\t\t\t\t\t\t\t\t\t<h1>Chi siamo - WMD Company O\u00dc<\/h1><p class=\"whitespace-normal break-words\"><strong>WMD Company O\u00dc<\/strong> \u00e8 un'azienda di vendita e produzione registrata in Estonia, con una lunga esperienza nella cogenerazione con diversi produttori leader di apparecchiature per il condizionamento e il riscaldamento in tutto il mondo: Le apparecchiature offerte da WMD Company sono prodotte secondo le specifiche tecniche approvate dall'azienda e sono conformi ai severi requisiti dell'UE, hanno un basso livello di rumorosit\u00e0 e un'elevata efficienza energetica.<br \/>WMD Company O\u00dc ha anche uffici a Cracovia, in Polonia, e a Valencia, in Spagna, dove lavora a stretto contatto con i clienti e i distributori di queste regioni. L'azienda ha un'esperienza di vendita di attrezzature in Europa centrale dal 2008 e tutte le attrezzature offerte sono state ben accolte nel mercato tedesco; siamo entrati nel mercato spagnolo nel 2025 e i prodotti vi hanno gi\u00e0 trovato un posto fisso.<\/p><p class=\"text-xl font-bold text-text-100 mt-1 -mb-0.5\"><strong>Pompe di calore<\/strong><\/p><p class=\"whitespace-normal break-words\">Nelle pompe di calore aria-acqua utilizziamo refrigeranti ecologici ed efficienti R32 e R290. Le pompe di calore aria-acqua sono dotate di connettivit\u00e0 SG e PV (pannello solare e smart grid) e funzionano in modo efficiente anche a temperature dell'aria ambiente di -35\u00b0C. Tutte le unit\u00e0 sono testate prima della consegna e vengono sottoposte a un ciclo di test di tre giorni a bassa temperatura (-42\u2070C) in fabbrica. La maggior parte delle apparecchiature viene prodotta in base ai desideri e alle esigenze del cliente, come un \u201eabito su misura\u201d, garantendo un'elevata efficienza e un funzionamento senza problemi per tutta la durata dell'apparecchiatura. La qualit\u00e0 e l'efficienza delle pompe di calore sono garantite dal marchio riconosciuto WESTON CLIMATE.<\/p><p class=\"text-xl font-bold text-text-100 mt-1 -mb-0.5\"><strong>Apparecchiature di ventilazione<\/strong><\/p><p class=\"whitespace-normal break-words\">Le unit\u00e0 di trattamento dell'aria sono dotate di scambiatori di calore brevettati ad alta efficienza con un'efficienza media di recupero del calore di 97% e una durata... <strong>almeno 15 anni.\u00a0<\/strong>Le unit\u00e0 di ventilazione HPERV\/Westonclimate sono dotate di una pompa di calore ad aria miniaturizzata che si aggiunge allo scambiatore di calore ad alta efficienza per garantire un'efficienza energetica ancora pi\u00f9 elevata (COP 6,0) e riuniscono diverse funzioni importanti in un'unica unit\u00e0: <strong>ventilazione, preriscaldamento, raffreddamento e asciugatura.<\/strong><\/p><p><strong>Installazione<\/strong><\/p><p>Offriamo sistemi di ventilazione e climatizzazione con installazione. L'installazione viene eseguita in conformit\u00e0 ai requisiti tecnici del progetto e alle norme vigenti, garantendo il corretto funzionamento degli impianti e l'efficienza energetica per gli anni a venire.<\/p><p class=\"text-xl font-bold text-text-100 mt-1 -mb-0.5\"><strong>Marchio WESTON CLIMATE<\/strong><\/p><p class=\"whitespace-normal break-words\">I prodotti forniti al mercato europeo sono raggruppati sotto un unico marchio - WESTON CLIMATE - in modo che i nostri clienti attuali e futuri possano orientarsi meglio sulla qualit\u00e0 dei prodotti. Tutte le attrezzature offerte in Europa sono prodotte dalla societ\u00e0 WMD secondo le specifiche tecniche dei clienti pi\u00f9 esigenti, che rispettano rigorosamente le condizioni naturali e i requisiti dei Paesi nordici, garantendo cos\u00ec un'elevata qualit\u00e0 e longevit\u00e0 delle attrezzature.<\/p><p class=\"whitespace-normal break-words\">I prodotti WESTON CLIMATE sono registrati nel registro EPREL, dove si trova l'elenco delle apparecchiature energetiche autorizzate per il mercato dell'UE:<\/p><ul><li><a href=\"https:\/\/eprel.ec.europa.eu\/screen\/product\/spaceheaters\" target=\"_blank\" rel=\"noopener nofollow noreferrer\">Pompe di calore EPREL<\/a><\/li><li><a href=\"https:\/\/eprel.ec.europa.eu\/screen\/product\/residentialventilationunits\" target=\"_blank\" rel=\"noopener nofollow noreferrer\">Apparecchiature di ventilazione EPREL<\/a><\/li><\/ul><p>La qualit\u00e0 delle apparecchiature offerte da WESTON CLIMATE \u00e8 confermata anche dall'estensione dei periodi di garanzia:<\/p><ul><li>Apparecchiature di condizionamento e ventilazione: 7 anni<\/li><li>Per le pompe di circolazione: 10 anni<\/li><li>Per i compressori: 2 anni<\/li><\/ul><p class=\"whitespace-normal break-words\">In WESTON CLIMATE, gli ingegneri sviluppano costantemente nuovi prodotti e migliorano le apparecchiature esistenti.<\/p><p class=\"whitespace-normal break-words\">La qualit\u00e0 del prodotto, la rapidit\u00e0 di consegna, la soddisfazione del cliente e il tempo di attivit\u00e0 pi\u00f9 lungo possibile sono le nostre principali priorit\u00e0. Le apparecchiature WESTON CLIMATE vengono prodotte su ordinazione, sito per sito, in base alle esigenze e ai requisiti specifici del cliente. Il tempo medio di consegna degli ordini \u00e8 compreso tra 35 e 65 giorni lavorativi, a seconda della complessit\u00e0 e della quantit\u00e0 dell'apparecchiatura ordinata. Per tutti i prodotti in stock (standard), \u00e8 possibile offrire un tempo di consegna compreso tra 3 e 10 giorni lavorativi.<\/p><p>Chiedere sempre <a href=\"https:\/\/westonclimate.com\/it\/ha-fiutato-lofferta\/\" target=\"_blank\" rel=\"noopener\">offerta personalizzata<\/a>, garantendo che anche i desideri dei clienti pi\u00f9 esigenti vengano soddisfatti.<\/p><p><strong>Entrate a far parte della rete di partner WESTON CLIMATE<\/strong><\/p><p class=\"whitespace-normal break-words\">Diventate un rivenditore WESTON CLIMATE e fate crescere la vostra attivit\u00e0: fornite ai vostri clienti soluzioni di ventilazione e condizionamento dell'aria efficienti dal punto di vista energetico e di alta qualit\u00e0, rafforzate la vostra attivit\u00e0 grazie a un'assistenza tecnica professionale e a una solida partnership. Per saperne di pi\u00f9 <a href=\"https:\/\/westonclimate.com\/it\/ulteriore-installazione\/\" target=\"_blank\" rel=\"noopener\">QUI<\/a>!<\/p><p class=\"whitespace-normal break-words\">\u00a0<\/p><p>\u00a0<\/p><p><img fetchpriority=\"high\" decoding=\"async\" class=\"alignnone wp-image-11518 size-large\" src=\"https:\/\/westonclimate.com\/wp-content\/uploads\/2026\/04\/WestonClimate_AA_2026-1-1024x256.jpg\" alt=\"\" width=\"800\" height=\"200\" srcset=\"https:\/\/westonclimate.com\/wp-content\/uploads\/2026\/04\/WestonClimate_AA_2026-1-1024x256.jpg 1024w, https:\/\/westonclimate.com\/wp-content\/uploads\/2026\/04\/WestonClimate_AA_2026-1-300x75.jpg 300w, https:\/\/westonclimate.com\/wp-content\/uploads\/2026\/04\/WestonClimate_AA_2026-1-768x192.jpg 768w, https:\/\/westonclimate.com\/wp-content\/uploads\/2026\/04\/WestonClimate_AA_2026-1-18x5.jpg 18w, https:\/\/westonclimate.com\/wp-content\/uploads\/2026\/04\/WestonClimate_AA_2026-1-600x150.jpg 600w, https:\/\/westonclimate.com\/wp-content\/uploads\/2026\/04\/WestonClimate_AA_2026-1.jpg 1167w\" sizes=\"(max-width: 800px) 100vw, 800px\" \/><\/p>\t\t\t\t\t\t\t\t<\/div>\n\t\t\t\t<\/div>\n\t\t\t\t\t<\/div>\n\t\t\t\t<\/div>\n\t\t<div class=\"elementor-element elementor-element-a94cd76 e-flex e-con-boxed wpr-particle-no wpr-jarallax-no wpr-parallax-no wpr-sticky-section-no wpr-equal-height-no e-con e-parent\" data-id=\"a94cd76\" data-element_type=\"container\" data-e-type=\"container\">\n\t\t\t\t\t<div class=\"e-con-inner\">\n\t\t\t\t<div class=\"elementor-element elementor-element-0b7c330 elementor-widget elementor-widget-spacer\" data-id=\"0b7c330\" data-element_type=\"widget\" data-e-type=\"widget\" data-widget_type=\"spacer.default\">\n\t\t\t\t<div class=\"elementor-widget-container\">\n\t\t\t\t\t\t\t<div class=\"elementor-spacer\">\n\t\t\t<div class=\"elementor-spacer-inner\"><\/div>\n\t\t<\/div>\n\t\t\t\t\t\t<\/div>\n\t\t\t\t<\/div>\n\t\t\t\t\t<\/div>\n\t\t\t\t<\/div>\n\t\t\t\t<\/div>","protected":false},"excerpt":{"rendered":"<p>Meist \u2013 WMD Company O\u00dc WMD Company O\u00dc on Eestis registreeritud m\u00fc\u00fcgi- ja tootmisettev\u00f5te, millel on pikaajaline koostootmiskogemus mitme juhtiva kliima- ja k\u00fctteseadmete tootjaga \u00fcle maailma: Holtop, Airwoods, JNOD, AOKOL, Lonky, Airhorse. WMD Company poolt pakutavad seadmed toodetakse ettev\u00f5tte poolt kinnitatud tehniliste tingimuste alusel ja need vastavad rangetele EU-s kehtivatele n\u00f5uetele, seadmetel on madal m\u00fcratase ning k\u00f5rge energeetiline efektiivsus.Ettev\u00f5te WMD Company O\u00dc omab esindust ka Poolas Krakowis ja Hispaanias, Valencias, kus teeme tihedat koost\u00f6\u00f6d nende regioonide klientide ja edasim\u00fc\u00fcjatega. Ettev\u00f5ttel on seadmete m\u00fc\u00fcgikogemus Kesk-Euroopas alates 2008. aastast ning k\u00f5ik pakutavad seadmed on ka Saksa turul h\u00e4sti vastu v\u00f5etud, Hispaania turule sisenesime 2025. aastal ja tooted on juba leidnud seal endale kindla koha. Soojuspumbad \u00d5hk-vesi soojuspumpades kasutame looduss\u00f5bralikke ja efektiivseid k\u00fclmaaineid R32 ja R290. \u00d5hksoojuspumbad on varustatud SG ja PV (p\u00e4ikesepaneelide ja nutiv\u00f5rgu) \u00fchendusvalmidusega ning need seadmed t\u00f6\u00f6tavad efektiivselt ka -35\u00b0C v\u00e4lis\u00f5hutemperatuuril. K\u00f5ik seadmed on enne tarnet kontrollitud ja l\u00e4bivad tehases madalal temperatuuril (-42\u2070C) kolmep\u00e4evase katsets\u00fckli.\u00a0Valdavalt toodetakse seadmed objektip\u00f5hiselt, koosk\u00f5las tellija soovide ning vajadustega nagu \u201er\u00e4tsepa\u00fclikond\u201d, mis tagab seadmete suure efektiivsuse ning t\u00f5rgeteta t\u00f6\u00f6 kogu seadme kasutusaja jooksul. Soojuspumpade kvaliteedi ja efektiivsuse tagab tunnustatud kaubam\u00e4rk WESTON CLIMATE. Ventilatsiooniseadmed Ventilatsiooniseadmed on varustatud k\u00f5rge efektiivsusega patenteeritud soojusvahetitega, mille soojustagastuse kasutegur on keskmiselt 97% ja eluiga v\u00e4hemalt 15 aastat.\u00a0Ventilatsiooniseadmetel koondnimetusega HPERV\/Westonclimate on \u00fcliefektiivsele soojusvahetile lisatud miniatuurne \u00f5hksoojuspump, mis tagab veelgi k\u00f5rgema\u00a0 energiaefektiivsuse (COP 6,0) ning need ventilatsiooniseadmed omavad mitut olulist funktsiooni \u00fches seadmes: ventilatsioon, eelk\u00fcte, jahutus ja kuivatus. Paigaldus Ventilatsiooni- ja kliimaseadmeid pakume koos paigaldusega. Paigaldus toimub vastavalt projekti tehnilistele n\u00f5uetele ja kehtivatele standarditele, tagades s\u00fcsteemide korrektse toimimise ja energiat\u00f5husa t\u00f6\u00f6 aastateks. WESTON CLIMATE kaubam\u00e4rk Euroopa turule tarnitavad tooted on koondatud \u00fchtse kaubam\u00e4rgi alla \u2013 WESTON CLIMATE, et meie praegustel ja tulevastel klientidel oleks v\u00f5imalik paremini orienteeruda toodete kvaliteedis. K\u00f5ik Euroopas pakutavad seadmed on toodetud WMD Company poolt esitatud n\u00f5udlikele klientidele sobivate tehniliste n\u00f5udmiste alusel, mis j\u00e4rgivad rangelt p\u00f5hjamaade looduslikke tingimusi ning sellest tulenevaid n\u00f5udeid ning tagavad seadmetele k\u00f5rge kvaliteedi ja l\u00e4bi selle ka pikaealisuse. WESTON CLIMATE tooted on registreeritud EPREL registris, kust leiate EU turule lubatud energeetika seadmete loetelu: EPREL soojuspumbad EPREL ventilatsiooniseadmed WESTON CLIMATE pakutavate seadmete kvaliteeti kinnitavad ka pikendatud garantiiajad: Kliima- ja ventilatsiooniseadmetele: 7 aastat Tsirkulatsioonipumpadele: 10 aastat Kompressoritele: 2 aastat WESTON CLIMATE tootmistes tegelevad insenerid pidevalt uute toodete v\u00e4ljat\u00f6\u00f6tamise ning olemasolevate seadmete t\u00e4iustamisega. Meile on esmat\u00e4htis toote kvaliteet, kiire tarne, kliendi rahulolu ja seadmete v\u00f5imalikult pikk t\u00f5rgeteta kasutusaeg. WESTON CLIMATE seadmed toodetakse tellimuste alusel, objekti p\u00f5hiselt ja v\u00f5ttes aluseks kliendi vajadused ning erisoovid. Tellimuste keskmine tarneaeg on 35 kuni 65 t\u00f6\u00f6p\u00e4eva, mis s\u00f5ltub tellitud seadmete keerukusest ja kogusest. K\u00f5ikidele laokaupale (standard tooted) on v\u00f5imalik pakkuda tarneaega 3 kuni 10 t\u00f6\u00f6p\u00e4eva. K\u00fcsi alati personaalset pakkumist, mis garanteerib ka k\u00f5ige n\u00f5udlikuma kliendi soovide t\u00e4itumise. Liitu WESTON CLIMATE partnerite v\u00f5rgustikuga Tule WESTON CLIMATE edasim\u00fc\u00fcjaks ja kasvata oma \u00e4ri \u2013 paku oma klientidele energiat\u00f5husaid ja kvaliteetseid ventilatsiooni- ja kliimalahendusi, tugevda oma \u00e4ri l\u00e4bi professionaalse tehnilise toe ja kindla partnerluse. Loe t\u00e4iendavalt SIIT! \u00a0 \u00a0<\/p>","protected":false},"author":8,"featured_media":0,"parent":0,"menu_order":0,"comment_status":"closed","ping_status":"closed","template":"","meta":{"footnotes":""},"class_list":["post-5579","page","type-page","status-publish","hentry"],"_links":{"self":[{"href":"https:\/\/westonclimate.com\/it\/wp-json\/wp\/v2\/pages\/5579","targetHints":{"allow":["GET"]}}],"collection":[{"href":"https:\/\/westonclimate.com\/it\/wp-json\/wp\/v2\/pages"}],"about":[{"href":"https:\/\/westonclimate.com\/it\/wp-json\/wp\/v2\/types\/page"}],"author":[{"embeddable":true,"href":"https:\/\/westonclimate.com\/it\/wp-json\/wp\/v2\/users\/8"}],"replies":[{"embeddable":true,"href":"https:\/\/westonclimate.com\/it\/wp-json\/wp\/v2\/comments?post=5579"}],"version-history":[{"count":83,"href":"https:\/\/westonclimate.com\/it\/wp-json\/wp\/v2\/pages\/5579\/revisions"}],"predecessor-version":[{"id":11521,"href":"https:\/\/westonclimate.com\/it\/wp-json\/wp\/v2\/pages\/5579\/revisions\/11521"}],"wp:attachment":[{"href":"https:\/\/westonclimate.com\/it\/wp-json\/wp\/v2\/media?parent=5579"}],"curies":[{"name":"wp","href":"https:\/\/api.w.org\/{rel}","templated":true}]}}