{"id":11044,"date":"2026-02-04T11:17:43","date_gmt":"2026-02-04T11:17:43","guid":{"rendered":"https:\/\/westonclimate.com\/?post_type=product&#038;p=11044"},"modified":"2026-02-16T18:22:36","modified_gmt":"2026-02-16T18:22:36","slug":"weston-climate-ohukuivati-ja-soojustagastusega-ventilatsiooniseade-350m3-h-ja-500m3-h","status":"publish","type":"product","link":"https:\/\/westonclimate.com\/it\/tooted\/deumidificatore-e-sistema-di-ventilazione-a-recupero-di-calore-weston-climate-350m3-h-e-500m3-h\/","title":{"rendered":"Deumidificatore d'aria e unit\u00e0 di ventilazione a recupero di calore WESTON CLIMATE 350m3\/h e 500m3\/h"},"content":{"rendered":"<p><strong>Caratteristiche:<\/strong><\/p>\n<ul>\n<li>Tensione di alimentazione: 220 V<\/li>\n<li>Potenza: 380 W<\/li>\n<li>Flusso d'aria: 350 m\u00b3\/h e 500 m\u00b3\/h<\/li>\n<li>Compressore: Panasonic<\/li>\n<li>Pressione: 255 Pa e 265 Pa<\/li>\n<li>Essiccazione ad aria: 33 l\/24 h e 58 l\/24 h<\/li>\n<li>Efficienza di recupero del calore: 68-73% e 66-71%<\/li>\n<li>Livello di rumore: 43-49 dB(A) e 45-53 dB(A).<\/li>\n<li>Filtri: prefiltro + filtro a carboni attivi, HEPA H13 (opzionale)<\/li>\n<li>Scarico automatico della condensa: s\u00ec (pompa dell'acqua incorporata)<\/li>\n<li>M\u00f5\u00f5dud: 0,7&#215;0,396\u00d70,888m; 0,7&#215;0,562\u00d70,888m<\/li>\n<li>Peso: 59 kg, 79 kg<\/li>\n<\/ul>\n<p>&nbsp;<\/p>\n<ul>\n<li><b>Descrizione delle caratteristiche<\/b><\/li>\n<\/ul>\n<p data-start=\"0\" data-end=\"681\">- Pompa di condensa automatica incorporata con sensore di livello laser per lo scarico automatico della condensa.<br data-start=\"140\" data-end=\"143\" \/>- Due modalit\u00e0 di funzionamento: modalit\u00e0 di regolazione del calore e modalit\u00e0 di deumidificazione<br data-start=\"209\" data-end=\"212\" \/>- Il sistema passa automaticamente da una modalit\u00e0 all'altra in base al livello di umidit\u00e0 impostato.<br data-start=\"301\" data-end=\"304\" \/>- Design compatto, adatto all'installazione a soffitto o a incasso<br data-start=\"376\" data-end=\"379\" \/>- Scambiatore di calore ad alta efficienza con recupero di calore per una ventilazione efficiente dal punto di vista energetico<br data-start=\"466\" data-end=\"469\" \/>- Funzionamento silenzioso, adatto all'uso residenziale<br data-start=\"513\" data-end=\"516\" \/>- Progettato per un funzionamento continuo con prestazioni stabili<br data-start=\"561\" data-end=\"564\" \/>- Sportello di manutenzione per facilitare la manutenzione e la sostituzione del filtro<br data-start=\"618\" data-end=\"621\" \/>- Conformit\u00e0 alla direttiva sulla progettazione ecocompatibile UE 1253\/2014 ErP.<\/p>\n<p data-start=\"683\" data-end=\"1793\" data-is-last-node=\"\" data-is-only-node=\"\"><strong data-start=\"683\" data-end=\"707\">Funzioni di controllo<\/strong><br data-start=\"707\" data-end=\"710\" \/>- Sistema di controllo integrato con display LCD che visualizza in tempo reale PM2,5, VOC, temperatura, umidit\u00e0 e altri indicatori di qualit\u00e0 dell'aria interna (IAQ).<br data-start=\"856\" data-end=\"859\" \/>- Controllo locale e remoto: supporta le modalit\u00e0 manuale, automatica, timer e deumidificazione; la modalit\u00e0 automatica regola la velocit\u00e0 della ventola in base al livello di PM2,5.<br data-start=\"1025\" data-end=\"1028\" \/>- Connessione Modbus RS485, compatibile con i sistemi smart home; l'indirizzo del dispositivo pu\u00f2 essere impostato tra 1-254.<br data-start=\"1130\" data-end=\"1133\" \/>- Sensori IAQ incorporati (PM2,5, VOC, temperatura, umidit\u00e0), sensore CO\u2082 come opzione<br data-start=\"1225\" data-end=\"1228\" \/>- Programmazione settimanale con un massimo di 28 periodi di tempo configurabili per impostare la velocit\u00e0 del ventilatore e le modalit\u00e0 operative<br data-start=\"1337\" data-end=\"1340\" \/>- Controllo separato di aria fresca e deumidificazione con controllo intelligente del compressore (funzione antigelo e protezione da alta e bassa pressione).<br data-start=\"1483\" data-end=\"1486\" \/>- Possibilit\u00e0 di collegare sensori e accessori esterni (valvole, ESP, generatori di ioni negativi, ecc.)<br data-start=\"1591\" data-end=\"1594\" \/>- Controllo remoto tramite l'app Tuya Smart, oltre a pulsanti locali e funzione di blocco parentale<br data-start=\"1684\" data-end=\"1687\" \/>- Monitoraggio della durata del filtro con opzione di promemoria per la sostituzione e impostazione dell'intervallo di manutenzione<\/p>","protected":false},"excerpt":{"rendered":"<p data-start=\"279\" data-end=\"618\">Efficiente e affidabile <strong>deumidificatore d'aria e ventilazione a recupero di calore rispettivamente 350 e 500m3\/h<\/strong>, assicura che i vostri locali <strong data-start=\"361\" data-end=\"424\">aria fresca, livelli di umidit\u00e0 ottimali e un clima interno piacevole.<\/strong>.<\/p>\n<p data-start=\"279\" data-end=\"618\"><strong>Il dispositivo \u00e8 installato verticalmente<\/strong>, adatto a spazi abitativi, uffici e piccoli locali commerciali in cui l'efficienza energetica e la silenziosit\u00e0 sono importanti.<\/p>\n<p data-start=\"620\" data-end=\"844\">Il dispositivo si collega <strong data-start=\"634\" data-end=\"686\">deumidificazione e ventilazione a recupero di calore<\/strong>, contribuendo a prevenire danni da umidit\u00e0, muffa e funghi. Se necessario, pu\u00f2 essere utilizzato <strong data-start=\"772\" data-end=\"801\">Solo modalit\u00e0 di deumidificazione<\/strong>, per eliminare rapidamente l'umidit\u00e0 in eccesso.<\/p>\n<p data-start=\"846\" data-end=\"1076\">Filtraggio multistadio con <strong data-start=\"880\" data-end=\"931\">con filtro a carboni attivi e filtro HEPA H13 opzionale<\/strong> garantisce un'aria interna pulita e sana. Incorporato <strong data-start=\"981\" data-end=\"1015\">scarico automatico della condensa<\/strong> rende l'apparecchio comodo da usare e riduce al minimo la manutenzione.<\/p>\n<p data-start=\"1078\" data-end=\"1223\">Gestione basata sul dispositivo <strong data-start=\"1103\" data-end=\"1146\">automazione interna e modalit\u00e0 di funzionamento<\/strong>, garantendo <strong data-start=\"1156\" data-end=\"1190\">lavoro stabile e affidabile<\/strong>.<\/p>\n<table style=\"border-collapse: collapse; width: 48pt;\" border=\"0\" width=\"64\" cellspacing=\"0\" cellpadding=\"0\">\n<tbody>\n<tr style=\"height: 14.4pt;\">\n<td style=\"height: 14.4pt; width: 48pt;\" width=\"64\" height=\"19\"><a href=\"https:\/\/westonclimate.com\/wp-content\/uploads\/2026\/02\/emc-certificate.pdf\" target=\"_blank\" rel=\"noopener\"><img fetchpriority=\"high\" decoding=\"async\" class=\"alignnone size-medium wp-image-11099\" src=\"https:\/\/westonclimate.com\/wp-content\/uploads\/2026\/02\/Cert_2.0-210x300.png\" alt=\"\" width=\"210\" height=\"300\" srcset=\"https:\/\/westonclimate.com\/wp-content\/uploads\/2026\/02\/Cert_2.0-210x300.png 210w, https:\/\/westonclimate.com\/wp-content\/uploads\/2026\/02\/Cert_2.0-717x1024.png 717w, https:\/\/westonclimate.com\/wp-content\/uploads\/2026\/02\/Cert_2.0-768x1097.png 768w, https:\/\/westonclimate.com\/wp-content\/uploads\/2026\/02\/Cert_2.0-8x12.png 8w, https:\/\/westonclimate.com\/wp-content\/uploads\/2026\/02\/Cert_2.0-600x857.png 600w, https:\/\/westonclimate.com\/wp-content\/uploads\/2026\/02\/Cert_2.0.png 812w\" sizes=\"(max-width: 210px) 100vw, 210px\" \/><\/a><\/td>\n<\/tr>\n<\/tbody>\n<\/table>","protected":false},"featured_media":11035,"template":"","meta":[],"product_brand":[],"product_cat":[122,35],"product_tag":[],"class_list":{"0":"post-11044","1":"product","2":"type-product","3":"status-publish","4":"has-post-thumbnail","6":"product_cat-vertikaalsed","7":"product_cat-ventilatsiooniseadmed","9":"first","10":"instock","11":"taxable","12":"shipping-taxable","13":"purchasable","14":"product-type-variable"},"_links":{"self":[{"href":"https:\/\/westonclimate.com\/it\/wp-json\/wp\/v2\/product\/11044","targetHints":{"allow":["GET"]}}],"collection":[{"href":"https:\/\/westonclimate.com\/it\/wp-json\/wp\/v2\/product"}],"about":[{"href":"https:\/\/westonclimate.com\/it\/wp-json\/wp\/v2\/types\/product"}],"version-history":[{"count":10,"href":"https:\/\/westonclimate.com\/it\/wp-json\/wp\/v2\/product\/11044\/revisions"}],"predecessor-version":[{"id":11100,"href":"https:\/\/westonclimate.com\/it\/wp-json\/wp\/v2\/product\/11044\/revisions\/11100"}],"wp:featuredmedia":[{"embeddable":true,"href":"https:\/\/westonclimate.com\/it\/wp-json\/wp\/v2\/media\/11035"}],"wp:attachment":[{"href":"https:\/\/westonclimate.com\/it\/wp-json\/wp\/v2\/media?parent=11044"}],"wp:term":[{"taxonomy":"product_brand","embeddable":true,"href":"https:\/\/westonclimate.com\/it\/wp-json\/wp\/v2\/product_brand?post=11044"},{"taxonomy":"product_cat","embeddable":true,"href":"https:\/\/westonclimate.com\/it\/wp-json\/wp\/v2\/product_cat?post=11044"},{"taxonomy":"product_tag","embeddable":true,"href":"https:\/\/westonclimate.com\/it\/wp-json\/wp\/v2\/product_tag?post=11044"}],"curies":[{"name":"wp","href":"https:\/\/api.w.org\/{rel}","templated":true}]}}