{"id":11274,"date":"2026-02-24T16:31:41","date_gmt":"2026-02-24T16:31:41","guid":{"rendered":"https:\/\/westonclimate.com\/?post_type=product&#038;p=11274"},"modified":"2026-02-25T08:13:54","modified_gmt":"2026-02-25T08:13:54","slug":"weston-climate-180mm-4m-pompa-di-circolazione-acqua-calda-3fix-auto-25w-g2-g1-2","status":"publish","type":"product","link":"https:\/\/westonclimate.com\/it\/tooted\/weston-climate-180mm-4m-kuuma-vee-tsirkulatsioonipump-3fix-auto-25w-g2-%e2%86%92-g1-2\/","title":{"rendered":"Weston Climate 180mm 4m pompa di circolazione acqua calda 3fix\/Auto 25W G2\u2019\u2019 \u2192 G1.2\u2019\u2019"},"content":{"rendered":"<ul>\n<li data-start=\"1028\" data-end=\"1051\">Altezza di sollevamento: fino a 4 m<\/li>\n<li data-start=\"1054\" data-end=\"1092\">Portata (L\/min): fino a 45 L\/min<\/li>\n<li>Modalit\u00e0 operative: 3 modalit\u00e0 a velocit\u00e0 fissa e automatica<\/li>\n<li data-start=\"1095\" data-end=\"1109\">Potenza: 25W<\/li>\n<li data-start=\"1112\" data-end=\"1131\">Lunghezza di installazione: 180 mm<\/li>\n<li data-start=\"1134\" data-end=\"1166\">Voltage\/frequency: 220-250V\/50-60Hz<\/li>\n<li data-start=\"1169\" data-end=\"1212\">Grado di protezione: IP44<\/li>\n<li data-start=\"1237\" data-end=\"1252\">Vuoto: G2\u2019\u2019<\/li>\n<li data-start=\"1255\" data-end=\"1280\">Transizione: G2\u2019\u2019 \u2192 G1.2\u2019\u2019<\/li>\n<\/ul>","protected":false},"excerpt":{"rendered":"<p data-start=\"181\" data-end=\"458\">La pompa di circolazione Weston Climate da 180 mm \u00e8 una soluzione affidabile e a risparmio energetico per il riscaldamento o la circolazione dell'acqua calda sanitaria. L'unit\u00e0 \u00e8 adatta all'uso in case private, condomini e impianti di riscaldamento pi\u00f9 piccoli, dove sono richiesti un flusso d'acqua stabile e un'altezza di sollevamento fino a 4 metri.<\/p>\n<p data-start=\"460\" data-end=\"685\">Clima di Weston <strong>180mm 4m pompa di circolazione acqua calda 3fix\/Auto 25W G2\u2019\u2019 \u2192 G1.2\u2019\u2019 <\/strong>\u00e8 dotato di tre velocit\u00e0 fisse e di una modalit\u00e0 automatica, che consente di adattare il funzionamento in base alle esigenze del sistema. La modalit\u00e0 automatica ottimizza il carico di lavoro e contribuisce a ridurre il consumo energetico e a prolungare la durata dell'unit\u00e0.<\/p>\n<p data-start=\"687\" data-end=\"885\">Con una lunghezza di installazione di 180 mm, la pompa \u00e8 adatta sia per impianti nuovi che per quelli esistenti. La classe di protezione IP44 garantisce un funzionamento sicuro nelle normali condizioni del locale caldaia.<\/p>\n<p data-start=\"887\" data-end=\"994\">Grazie alla connessione G2\u2019\u2019 e all'adattatore G2\u2019\u2019 \u2192 G1,2\u2019\u2019 in dotazione, l'installazione \u00e8 facile e universale.<\/p>","protected":false},"featured_media":11276,"template":"","meta":[],"product_brand":[],"product_cat":[67,294],"product_tag":[],"class_list":{"0":"post-11274","1":"product","2":"type-product","3":"status-publish","4":"has-post-thumbnail","6":"product_cat-tsirkulatsioonipumbad","7":"product_cat-weston-climate","9":"first","10":"instock","11":"taxable","12":"shipping-taxable","13":"purchasable","14":"product-type-simple"},"_links":{"self":[{"href":"https:\/\/westonclimate.com\/it\/wp-json\/wp\/v2\/product\/11274","targetHints":{"allow":["GET"]}}],"collection":[{"href":"https:\/\/westonclimate.com\/it\/wp-json\/wp\/v2\/product"}],"about":[{"href":"https:\/\/westonclimate.com\/it\/wp-json\/wp\/v2\/types\/product"}],"version-history":[{"count":1,"href":"https:\/\/westonclimate.com\/it\/wp-json\/wp\/v2\/product\/11274\/revisions"}],"predecessor-version":[{"id":11277,"href":"https:\/\/westonclimate.com\/it\/wp-json\/wp\/v2\/product\/11274\/revisions\/11277"}],"wp:featuredmedia":[{"embeddable":true,"href":"https:\/\/westonclimate.com\/it\/wp-json\/wp\/v2\/media\/11276"}],"wp:attachment":[{"href":"https:\/\/westonclimate.com\/it\/wp-json\/wp\/v2\/media?parent=11274"}],"wp:term":[{"taxonomy":"product_brand","embeddable":true,"href":"https:\/\/westonclimate.com\/it\/wp-json\/wp\/v2\/product_brand?post=11274"},{"taxonomy":"product_cat","embeddable":true,"href":"https:\/\/westonclimate.com\/it\/wp-json\/wp\/v2\/product_cat?post=11274"},{"taxonomy":"product_tag","embeddable":true,"href":"https:\/\/westonclimate.com\/it\/wp-json\/wp\/v2\/product_tag?post=11274"}],"curies":[{"name":"wp","href":"https:\/\/api.w.org\/{rel}","templated":true}]}}